{"id":1937,"date":"2024-01-26T15:55:27","date_gmt":"2024-01-26T07:55:27","guid":{"rendered":"https:\/\/tmay.com\/?post_type=product&#038;p=1937"},"modified":"2024-03-07T16:35:52","modified_gmt":"2024-03-07T08:35:52","slug":"electroshock-physical-therapy-equipment-electric-stimulator-massage-electrotherapy-beauty-equipment-with-heating-tm-502b-2","status":"publish","type":"product","link":"https:\/\/tmay.com\/de\/produkt\/electroshock-physical-therapy-equipment-electric-stimulator-massage-electrotherapy-beauty-equipment-with-heating-tm-502b-2\/","title":{"rendered":"Elektroschockger\u00e4t Physiotherapieger\u00e4t Elektrostimulator Massage Elektrotherapie Sch\u00f6nheitsger\u00e4t mit Heizung TM-502B"},"content":{"rendered":"<p><img fetchpriority=\"high\" decoding=\"async\" class=\"aligncenter size-full wp-image-136\" src=\"https:\/\/tmay.com\/wp-content\/uploads\/2023\/11\/\u633a\u7f8e1-\u8be6\u60c5\u9875_01.jpg\" alt=\"home use cryolipolisis 360 cool body sculpt machines fat freezing For Belly Fat Removal with Best Price\" width=\"750\" height=\"367\" title=\"\" srcset=\"https:\/\/tmay.com\/wp-content\/uploads\/2023\/11\/\u633a\u7f8e1-\u8be6\u60c5\u9875_01.jpg 750w, https:\/\/tmay.com\/wp-content\/uploads\/2023\/11\/\u633a\u7f8e1-\u8be6\u60c5\u9875_01-300x147.jpg 300w, https:\/\/tmay.com\/wp-content\/uploads\/2023\/11\/\u633a\u7f8e1-\u8be6\u60c5\u9875_01-600x294.jpg 600w\" sizes=\"(max-width: 750px) 100vw, 750px\" \/><\/p>\n<div class=\"text-content\"><\/div>\n<div><span style=\"color: #7693a3; font-size: 16px;\">Theory<\/span><\/div>\n<div>\n<div class=\"text-content\" data-spm-anchor-id=\"a2700.wholesale.0.i83.3e3331f7ZzaYo0\"><span data-spm-anchor-id=\"a2700.wholesale.0.i80.3e3331f7ZzaYo0\">This instrument is the combination of the high-tech biotechnologies and intelligent technologies, which chooses the distinguished<br \/>\nand professional prescriptions, together with the unique combination concepts, and adopts the particular frequency-scanning electric circuit design according to the human body&#8217;s biological theories and the electronic project theories. This program integrates with the weight-losing, body-beautifying, breast building, toxin draining and health-keeping. There are over 30 kinds of the compound computer prescriptions and 10 channels of impulse output, which is specially designed for the entire obesity,local obesity, drooping breast and hip, loose skin and other various aches. Its super combination of the frequency and make the nursing process more perfect and more professional.<\/span><\/div>\n<\/div>\n<div class=\"text-content\"><\/div>\n<div><span style=\"color: #7693a3; font-size: 16px;\">Specification<\/span><\/div>\n<table>\n<tbody>\n<tr>\n<td>Power<\/td>\n<td>75W<\/td>\n<\/tr>\n<tr>\n<td>Electric stimulation frequency<\/td>\n<td>100-500Hz<\/td>\n<\/tr>\n<tr>\n<td>Electric stimuulator power<\/td>\n<td>0-40Ma<\/td>\n<\/tr>\n<tr>\n<td>Type<\/td>\n<td>Button control micro current slimming machine<\/td>\n<\/tr>\n<tr>\n<td>Pads<\/td>\n<td>20pcs body pads+2pcs breast pads<\/td>\n<\/tr>\n<tr>\n<td>Voltage<\/td>\n<td>110V-240V<\/td>\n<\/tr>\n<\/tbody>\n<\/table>\n<div><\/div>\n<div><\/div>\n<p><img decoding=\"async\" class=\"aligncenter size-full wp-image-1948 lazyload\" data-src=\"https:\/\/tmay.com\/wp-content\/uploads\/2024\/01\/0-3.jpg\" alt=\"\" width=\"1000\" height=\"1000\" title=\"\" data-srcset=\"https:\/\/tmay.com\/wp-content\/uploads\/2024\/01\/0-3.jpg 1000w, https:\/\/tmay.com\/wp-content\/uploads\/2024\/01\/0-3-300x300.jpg 300w, https:\/\/tmay.com\/wp-content\/uploads\/2024\/01\/0-3-150x150.jpg 150w, https:\/\/tmay.com\/wp-content\/uploads\/2024\/01\/0-3-768x768.jpg 768w, https:\/\/tmay.com\/wp-content\/uploads\/2024\/01\/0-3-144x144.jpg 144w, https:\/\/tmay.com\/wp-content\/uploads\/2024\/01\/0-3-600x600.jpg 600w, https:\/\/tmay.com\/wp-content\/uploads\/2024\/01\/0-3-100x100.jpg 100w\" data-sizes=\"(max-width: 1000px) 100vw, 1000px\" src=\"data:image\/svg+xml;base64,PHN2ZyB3aWR0aD0iMSIgaGVpZ2h0PSIxIiB4bWxucz0iaHR0cDovL3d3dy53My5vcmcvMjAwMC9zdmciPjwvc3ZnPg==\" style=\"--smush-placeholder-width: 1000px; --smush-placeholder-aspect-ratio: 1000\/1000;\" \/> <img decoding=\"async\" class=\"aligncenter size-full wp-image-1949 lazyload\" data-src=\"https:\/\/tmay.com\/wp-content\/uploads\/2024\/01\/15-4.jpg\" alt=\"\" width=\"1000\" height=\"1000\" title=\"\" data-srcset=\"https:\/\/tmay.com\/wp-content\/uploads\/2024\/01\/15-4.jpg 1000w, https:\/\/tmay.com\/wp-content\/uploads\/2024\/01\/15-4-300x300.jpg 300w, https:\/\/tmay.com\/wp-content\/uploads\/2024\/01\/15-4-150x150.jpg 150w, https:\/\/tmay.com\/wp-content\/uploads\/2024\/01\/15-4-768x768.jpg 768w, https:\/\/tmay.com\/wp-content\/uploads\/2024\/01\/15-4-144x144.jpg 144w, https:\/\/tmay.com\/wp-content\/uploads\/2024\/01\/15-4-600x600.jpg 600w, https:\/\/tmay.com\/wp-content\/uploads\/2024\/01\/15-4-100x100.jpg 100w\" data-sizes=\"(max-width: 1000px) 100vw, 1000px\" src=\"data:image\/svg+xml;base64,PHN2ZyB3aWR0aD0iMSIgaGVpZ2h0PSIxIiB4bWxucz0iaHR0cDovL3d3dy53My5vcmcvMjAwMC9zdmciPjwvc3ZnPg==\" style=\"--smush-placeholder-width: 1000px; --smush-placeholder-aspect-ratio: 1000\/1000;\" \/> <img decoding=\"async\" class=\"aligncenter size-full wp-image-1950 lazyload\" data-src=\"https:\/\/tmay.com\/wp-content\/uploads\/2024\/01\/15-5.jpg\" alt=\"\" width=\"1000\" height=\"1000\" title=\"\" data-srcset=\"https:\/\/tmay.com\/wp-content\/uploads\/2024\/01\/15-5.jpg 1000w, https:\/\/tmay.com\/wp-content\/uploads\/2024\/01\/15-5-300x300.jpg 300w, https:\/\/tmay.com\/wp-content\/uploads\/2024\/01\/15-5-150x150.jpg 150w, https:\/\/tmay.com\/wp-content\/uploads\/2024\/01\/15-5-768x768.jpg 768w, https:\/\/tmay.com\/wp-content\/uploads\/2024\/01\/15-5-144x144.jpg 144w, https:\/\/tmay.com\/wp-content\/uploads\/2024\/01\/15-5-600x600.jpg 600w, https:\/\/tmay.com\/wp-content\/uploads\/2024\/01\/15-5-100x100.jpg 100w\" data-sizes=\"(max-width: 1000px) 100vw, 1000px\" src=\"data:image\/svg+xml;base64,PHN2ZyB3aWR0aD0iMSIgaGVpZ2h0PSIxIiB4bWxucz0iaHR0cDovL3d3dy53My5vcmcvMjAwMC9zdmciPjwvc3ZnPg==\" style=\"--smush-placeholder-width: 1000px; --smush-placeholder-aspect-ratio: 1000\/1000;\" \/> <img decoding=\"async\" class=\"aligncenter size-full wp-image-1951 lazyload\" data-src=\"https:\/\/tmay.com\/wp-content\/uploads\/2024\/01\/45-6.jpg\" alt=\"\" width=\"1000\" height=\"1000\" title=\"\" data-srcset=\"https:\/\/tmay.com\/wp-content\/uploads\/2024\/01\/45-6.jpg 1000w, https:\/\/tmay.com\/wp-content\/uploads\/2024\/01\/45-6-300x300.jpg 300w, https:\/\/tmay.com\/wp-content\/uploads\/2024\/01\/45-6-150x150.jpg 150w, https:\/\/tmay.com\/wp-content\/uploads\/2024\/01\/45-6-768x768.jpg 768w, https:\/\/tmay.com\/wp-content\/uploads\/2024\/01\/45-6-144x144.jpg 144w, https:\/\/tmay.com\/wp-content\/uploads\/2024\/01\/45-6-600x600.jpg 600w, https:\/\/tmay.com\/wp-content\/uploads\/2024\/01\/45-6-100x100.jpg 100w\" data-sizes=\"(max-width: 1000px) 100vw, 1000px\" src=\"data:image\/svg+xml;base64,PHN2ZyB3aWR0aD0iMSIgaGVpZ2h0PSIxIiB4bWxucz0iaHR0cDovL3d3dy53My5vcmcvMjAwMC9zdmciPjwvc3ZnPg==\" style=\"--smush-placeholder-width: 1000px; --smush-placeholder-aspect-ratio: 1000\/1000;\" \/> <img decoding=\"async\" class=\"aligncenter size-full wp-image-1952 lazyload\" data-src=\"https:\/\/tmay.com\/wp-content\/uploads\/2024\/01\/45-7.jpg\" alt=\"\" width=\"1000\" height=\"1000\" title=\"\" data-srcset=\"https:\/\/tmay.com\/wp-content\/uploads\/2024\/01\/45-7.jpg 1000w, https:\/\/tmay.com\/wp-content\/uploads\/2024\/01\/45-7-300x300.jpg 300w, https:\/\/tmay.com\/wp-content\/uploads\/2024\/01\/45-7-150x150.jpg 150w, https:\/\/tmay.com\/wp-content\/uploads\/2024\/01\/45-7-768x768.jpg 768w, https:\/\/tmay.com\/wp-content\/uploads\/2024\/01\/45-7-144x144.jpg 144w, https:\/\/tmay.com\/wp-content\/uploads\/2024\/01\/45-7-600x600.jpg 600w, https:\/\/tmay.com\/wp-content\/uploads\/2024\/01\/45-7-100x100.jpg 100w\" data-sizes=\"(max-width: 1000px) 100vw, 1000px\" src=\"data:image\/svg+xml;base64,PHN2ZyB3aWR0aD0iMSIgaGVpZ2h0PSIxIiB4bWxucz0iaHR0cDovL3d3dy53My5vcmcvMjAwMC9zdmciPjwvc3ZnPg==\" style=\"--smush-placeholder-width: 1000px; --smush-placeholder-aspect-ratio: 1000\/1000;\" \/> <img decoding=\"async\" class=\"aligncenter size-full wp-image-1953 lazyload\" data-src=\"https:\/\/tmay.com\/wp-content\/uploads\/2024\/01\/90-6.jpg\" alt=\"\" width=\"1000\" height=\"1000\" title=\"\" data-srcset=\"https:\/\/tmay.com\/wp-content\/uploads\/2024\/01\/90-6.jpg 1000w, https:\/\/tmay.com\/wp-content\/uploads\/2024\/01\/90-6-300x300.jpg 300w, https:\/\/tmay.com\/wp-content\/uploads\/2024\/01\/90-6-150x150.jpg 150w, https:\/\/tmay.com\/wp-content\/uploads\/2024\/01\/90-6-768x768.jpg 768w, https:\/\/tmay.com\/wp-content\/uploads\/2024\/01\/90-6-144x144.jpg 144w, https:\/\/tmay.com\/wp-content\/uploads\/2024\/01\/90-6-600x600.jpg 600w, https:\/\/tmay.com\/wp-content\/uploads\/2024\/01\/90-6-100x100.jpg 100w\" data-sizes=\"(max-width: 1000px) 100vw, 1000px\" src=\"data:image\/svg+xml;base64,PHN2ZyB3aWR0aD0iMSIgaGVpZ2h0PSIxIiB4bWxucz0iaHR0cDovL3d3dy53My5vcmcvMjAwMC9zdmciPjwvc3ZnPg==\" style=\"--smush-placeholder-width: 1000px; --smush-placeholder-aspect-ratio: 1000\/1000;\" \/> <img decoding=\"async\" class=\"aligncenter size-full wp-image-1954 lazyload\" data-src=\"https:\/\/tmay.com\/wp-content\/uploads\/2024\/01\/90-7.jpg\" alt=\"\" width=\"1000\" height=\"1000\" title=\"\" data-srcset=\"https:\/\/tmay.com\/wp-content\/uploads\/2024\/01\/90-7.jpg 1000w, https:\/\/tmay.com\/wp-content\/uploads\/2024\/01\/90-7-300x300.jpg 300w, https:\/\/tmay.com\/wp-content\/uploads\/2024\/01\/90-7-150x150.jpg 150w, https:\/\/tmay.com\/wp-content\/uploads\/2024\/01\/90-7-768x768.jpg 768w, https:\/\/tmay.com\/wp-content\/uploads\/2024\/01\/90-7-144x144.jpg 144w, https:\/\/tmay.com\/wp-content\/uploads\/2024\/01\/90-7-600x600.jpg 600w, https:\/\/tmay.com\/wp-content\/uploads\/2024\/01\/90-7-100x100.jpg 100w\" data-sizes=\"(max-width: 1000px) 100vw, 1000px\" src=\"data:image\/svg+xml;base64,PHN2ZyB3aWR0aD0iMSIgaGVpZ2h0PSIxIiB4bWxucz0iaHR0cDovL3d3dy53My5vcmcvMjAwMC9zdmciPjwvc3ZnPg==\" style=\"--smush-placeholder-width: 1000px; --smush-placeholder-aspect-ratio: 1000\/1000;\" \/> <img decoding=\"async\" class=\"aligncenter size-full wp-image-1955 lazyload\" data-src=\"https:\/\/tmay.com\/wp-content\/uploads\/2024\/01\/165-4.jpg\" alt=\"\" width=\"1000\" height=\"1000\" title=\"\" data-srcset=\"https:\/\/tmay.com\/wp-content\/uploads\/2024\/01\/165-4.jpg 1000w, https:\/\/tmay.com\/wp-content\/uploads\/2024\/01\/165-4-300x300.jpg 300w, https:\/\/tmay.com\/wp-content\/uploads\/2024\/01\/165-4-150x150.jpg 150w, https:\/\/tmay.com\/wp-content\/uploads\/2024\/01\/165-4-768x768.jpg 768w, https:\/\/tmay.com\/wp-content\/uploads\/2024\/01\/165-4-144x144.jpg 144w, https:\/\/tmay.com\/wp-content\/uploads\/2024\/01\/165-4-600x600.jpg 600w, https:\/\/tmay.com\/wp-content\/uploads\/2024\/01\/165-4-100x100.jpg 100w\" data-sizes=\"(max-width: 1000px) 100vw, 1000px\" src=\"data:image\/svg+xml;base64,PHN2ZyB3aWR0aD0iMSIgaGVpZ2h0PSIxIiB4bWxucz0iaHR0cDovL3d3dy53My5vcmcvMjAwMC9zdmciPjwvc3ZnPg==\" style=\"--smush-placeholder-width: 1000px; --smush-placeholder-aspect-ratio: 1000\/1000;\" \/> <img decoding=\"async\" class=\"aligncenter size-full wp-image-1956 lazyload\" data-src=\"https:\/\/tmay.com\/wp-content\/uploads\/2024\/01\/180-3.jpg\" alt=\"\" width=\"1000\" height=\"1000\" title=\"\" data-srcset=\"https:\/\/tmay.com\/wp-content\/uploads\/2024\/01\/180-3.jpg 1000w, https:\/\/tmay.com\/wp-content\/uploads\/2024\/01\/180-3-300x300.jpg 300w, https:\/\/tmay.com\/wp-content\/uploads\/2024\/01\/180-3-150x150.jpg 150w, https:\/\/tmay.com\/wp-content\/uploads\/2024\/01\/180-3-768x768.jpg 768w, https:\/\/tmay.com\/wp-content\/uploads\/2024\/01\/180-3-144x144.jpg 144w, https:\/\/tmay.com\/wp-content\/uploads\/2024\/01\/180-3-600x600.jpg 600w, https:\/\/tmay.com\/wp-content\/uploads\/2024\/01\/180-3-100x100.jpg 100w\" data-sizes=\"(max-width: 1000px) 100vw, 1000px\" src=\"data:image\/svg+xml;base64,PHN2ZyB3aWR0aD0iMSIgaGVpZ2h0PSIxIiB4bWxucz0iaHR0cDovL3d3dy53My5vcmcvMjAwMC9zdmciPjwvc3ZnPg==\" style=\"--smush-placeholder-width: 1000px; --smush-placeholder-aspect-ratio: 1000\/1000;\" \/> <img decoding=\"async\" class=\"aligncenter size-full wp-image-1957 lazyload\" data-src=\"https:\/\/tmay.com\/wp-content\/uploads\/2024\/01\/195-2.jpg\" alt=\"\" width=\"1000\" height=\"1000\" title=\"\" data-srcset=\"https:\/\/tmay.com\/wp-content\/uploads\/2024\/01\/195-2.jpg 1000w, https:\/\/tmay.com\/wp-content\/uploads\/2024\/01\/195-2-300x300.jpg 300w, https:\/\/tmay.com\/wp-content\/uploads\/2024\/01\/195-2-150x150.jpg 150w, https:\/\/tmay.com\/wp-content\/uploads\/2024\/01\/195-2-768x768.jpg 768w, https:\/\/tmay.com\/wp-content\/uploads\/2024\/01\/195-2-144x144.jpg 144w, https:\/\/tmay.com\/wp-content\/uploads\/2024\/01\/195-2-600x600.jpg 600w, https:\/\/tmay.com\/wp-content\/uploads\/2024\/01\/195-2-100x100.jpg 100w\" data-sizes=\"(max-width: 1000px) 100vw, 1000px\" src=\"data:image\/svg+xml;base64,PHN2ZyB3aWR0aD0iMSIgaGVpZ2h0PSIxIiB4bWxucz0iaHR0cDovL3d3dy53My5vcmcvMjAwMC9zdmciPjwvc3ZnPg==\" style=\"--smush-placeholder-width: 1000px; --smush-placeholder-aspect-ratio: 1000\/1000;\" \/><img decoding=\"async\" class=\"aligncenter size-full wp-image-140 lazyload\" data-src=\"https:\/\/tmay.com\/wp-content\/uploads\/2023\/11\/\u633a\u7f8e1-\u8be6\u60c5\u9875_16.jpg\" alt=\"Cryolipolisis 360\" width=\"750\" height=\"954\" title=\"\" data-srcset=\"https:\/\/tmay.com\/wp-content\/uploads\/2023\/11\/\u633a\u7f8e1-\u8be6\u60c5\u9875_16.jpg 750w, https:\/\/tmay.com\/wp-content\/uploads\/2023\/11\/\u633a\u7f8e1-\u8be6\u60c5\u9875_16-236x300.jpg 236w, https:\/\/tmay.com\/wp-content\/uploads\/2023\/11\/\u633a\u7f8e1-\u8be6\u60c5\u9875_16-600x763.jpg 600w\" data-sizes=\"(max-width: 750px) 100vw, 750px\" src=\"data:image\/svg+xml;base64,PHN2ZyB3aWR0aD0iMSIgaGVpZ2h0PSIxIiB4bWxucz0iaHR0cDovL3d3dy53My5vcmcvMjAwMC9zdmciPjwvc3ZnPg==\" style=\"--smush-placeholder-width: 750px; --smush-placeholder-aspect-ratio: 750\/954;\" \/> <img decoding=\"async\" class=\"aligncenter size-full wp-image-141 lazyload\" data-src=\"https:\/\/tmay.com\/wp-content\/uploads\/2023\/11\/\u633a\u7f8e1-\u8be6\u60c5\u9875_17.jpg\" alt=\"Cryolipolysis Machine\" width=\"750\" height=\"544\" title=\"\" data-srcset=\"https:\/\/tmay.com\/wp-content\/uploads\/2023\/11\/\u633a\u7f8e1-\u8be6\u60c5\u9875_17.jpg 750w, https:\/\/tmay.com\/wp-content\/uploads\/2023\/11\/\u633a\u7f8e1-\u8be6\u60c5\u9875_17-300x218.jpg 300w, https:\/\/tmay.com\/wp-content\/uploads\/2023\/11\/\u633a\u7f8e1-\u8be6\u60c5\u9875_17-600x435.jpg 600w\" data-sizes=\"(max-width: 750px) 100vw, 750px\" src=\"data:image\/svg+xml;base64,PHN2ZyB3aWR0aD0iMSIgaGVpZ2h0PSIxIiB4bWxucz0iaHR0cDovL3d3dy53My5vcmcvMjAwMC9zdmciPjwvc3ZnPg==\" style=\"--smush-placeholder-width: 750px; --smush-placeholder-aspect-ratio: 750\/544;\" \/> <img decoding=\"async\" class=\"aligncenter size-full wp-image-142 lazyload\" data-src=\"https:\/\/tmay.com\/wp-content\/uploads\/2023\/11\/\u633a\u7f8e1-\u8be6\u60c5\u9875_18.jpg\" alt=\"Cool Body Sculpt Machines Fat Freezing\" width=\"750\" height=\"734\" title=\"\" data-srcset=\"https:\/\/tmay.com\/wp-content\/uploads\/2023\/11\/\u633a\u7f8e1-\u8be6\u60c5\u9875_18.jpg 750w, https:\/\/tmay.com\/wp-content\/uploads\/2023\/11\/\u633a\u7f8e1-\u8be6\u60c5\u9875_18-300x294.jpg 300w, https:\/\/tmay.com\/wp-content\/uploads\/2023\/11\/\u633a\u7f8e1-\u8be6\u60c5\u9875_18-600x587.jpg 600w\" data-sizes=\"(max-width: 750px) 100vw, 750px\" src=\"data:image\/svg+xml;base64,PHN2ZyB3aWR0aD0iMSIgaGVpZ2h0PSIxIiB4bWxucz0iaHR0cDovL3d3dy53My5vcmcvMjAwMC9zdmciPjwvc3ZnPg==\" style=\"--smush-placeholder-width: 750px; --smush-placeholder-aspect-ratio: 750\/734;\" \/> <img decoding=\"async\" class=\"aligncenter size-full wp-image-143 lazyload\" data-src=\"https:\/\/tmay.com\/wp-content\/uploads\/2023\/11\/\u633a\u7f8e1-\u8be6\u60c5\u9875_19.jpg\" alt=\"\" width=\"750\" height=\"488\" title=\"\" data-srcset=\"https:\/\/tmay.com\/wp-content\/uploads\/2023\/11\/\u633a\u7f8e1-\u8be6\u60c5\u9875_19.jpg 750w, https:\/\/tmay.com\/wp-content\/uploads\/2023\/11\/\u633a\u7f8e1-\u8be6\u60c5\u9875_19-300x195.jpg 300w, https:\/\/tmay.com\/wp-content\/uploads\/2023\/11\/\u633a\u7f8e1-\u8be6\u60c5\u9875_19-600x390.jpg 600w\" data-sizes=\"(max-width: 750px) 100vw, 750px\" src=\"data:image\/svg+xml;base64,PHN2ZyB3aWR0aD0iMSIgaGVpZ2h0PSIxIiB4bWxucz0iaHR0cDovL3d3dy53My5vcmcvMjAwMC9zdmciPjwvc3ZnPg==\" style=\"--smush-placeholder-width: 750px; --smush-placeholder-aspect-ratio: 750\/488;\" \/> <img decoding=\"async\" class=\"aligncenter size-full wp-image-144 lazyload\" data-src=\"https:\/\/tmay.com\/wp-content\/uploads\/2023\/11\/\u633a\u7f8e1-\u8be6\u60c5\u9875_20.jpg\" alt=\"\" width=\"750\" height=\"540\" title=\"\" data-srcset=\"https:\/\/tmay.com\/wp-content\/uploads\/2023\/11\/\u633a\u7f8e1-\u8be6\u60c5\u9875_20.jpg 750w, https:\/\/tmay.com\/wp-content\/uploads\/2023\/11\/\u633a\u7f8e1-\u8be6\u60c5\u9875_20-300x216.jpg 300w, https:\/\/tmay.com\/wp-content\/uploads\/2023\/11\/\u633a\u7f8e1-\u8be6\u60c5\u9875_20-600x432.jpg 600w\" data-sizes=\"(max-width: 750px) 100vw, 750px\" src=\"data:image\/svg+xml;base64,PHN2ZyB3aWR0aD0iMSIgaGVpZ2h0PSIxIiB4bWxucz0iaHR0cDovL3d3dy53My5vcmcvMjAwMC9zdmciPjwvc3ZnPg==\" style=\"--smush-placeholder-width: 750px; --smush-placeholder-aspect-ratio: 750\/540;\" \/><\/p>","protected":false},"excerpt":{"rendered":"<ul>\n<li>Dispel the accumulation fat which is in the waist, hip, belly and thigh, strengthen theactivity of the local muscle in order to shape the beauty of the body;<\/li>\n<li>Strengthen the organization cells, promote the metabolism ,dispel the waste and toxin of the metabolism;<\/li>\n<li>Dredge the tissue and venation, recycle the lymph and promote the circulation of blood;<\/li>\n<li>Relax the muscles ,ease the ache, drain the aches caused by the working fatigue and so on.<\/li>\n<\/ul>","protected":false},"featured_media":1952,"comment_status":"open","ping_status":"closed","template":"","meta":{"site-sidebar-layout":"default","site-content-layout":"","ast-site-content-layout":"default","site-content-style":"default","site-sidebar-style":"default","ast-global-header-display":"","ast-banner-title-visibility":"","ast-main-header-display":"","ast-hfb-above-header-display":"","ast-hfb-below-header-display":"","ast-hfb-mobile-header-display":"","site-post-title":"","ast-breadcrumbs-content":"","ast-featured-img":"","footer-sml-layout":"","ast-disable-related-posts":"","theme-transparent-header-meta":"default","adv-header-id-meta":"","stick-header-meta":"","header-above-stick-meta":"","header-main-stick-meta":"","header-below-stick-meta":"","astra-migrate-meta-layouts":"set","ast-page-background-enabled":"default","ast-page-background-meta":{"desktop":{"background-color":"var(--ast-global-color-4)","background-image":"","background-repeat":"repeat","background-position":"center center","background-size":"auto","background-attachment":"scroll","background-type":"","background-media":"","overlay-type":"","overlay-color":"","overlay-opacity":"","overlay-gradient":""},"tablet":{"background-color":"","background-image":"","background-repeat":"repeat","background-position":"center center","background-size":"auto","background-attachment":"scroll","background-type":"","background-media":"","overlay-type":"","overlay-color":"","overlay-opacity":"","overlay-gradient":""},"mobile":{"background-color":"","background-image":"","background-repeat":"repeat","background-position":"center center","background-size":"auto","background-attachment":"scroll","background-type":"","background-media":"","overlay-type":"","overlay-color":"","overlay-opacity":"","overlay-gradient":""}},"ast-content-background-meta":{"desktop":{"background-color":"var(--ast-global-color-5)","background-image":"","background-repeat":"repeat","background-position":"center center","background-size":"auto","background-attachment":"scroll","background-type":"","background-media":"","overlay-type":"","overlay-color":"","overlay-opacity":"","overlay-gradient":""},"tablet":{"background-color":"var(--ast-global-color-5)","background-image":"","background-repeat":"repeat","background-position":"center center","background-size":"auto","background-attachment":"scroll","background-type":"","background-media":"","overlay-type":"","overlay-color":"","overlay-opacity":"","overlay-gradient":""},"mobile":{"background-color":"var(--ast-global-color-5)","background-image":"","background-repeat":"repeat","background-position":"center center","background-size":"auto","background-attachment":"scroll","background-type":"","background-media":"","overlay-type":"","overlay-color":"","overlay-opacity":"","overlay-gradient":""}}},"product_brand":[],"product_cat":[36],"product_tag":[73],"class_list":{"0":"post-1937","1":"product","2":"type-product","3":"status-publish","4":"has-post-thumbnail","6":"product_cat-electric-muscle-stimulator","7":"product_tag-electric-muscle-stimulation","8":"desktop-align-left","9":"tablet-align-left","10":"mobile-align-left","12":"first","13":"instock","14":"shipping-taxable","15":"product-type-simple"},"_links":{"self":[{"href":"https:\/\/tmay.com\/de\/wp-json\/wp\/v2\/product\/1937","targetHints":{"allow":["GET"]}}],"collection":[{"href":"https:\/\/tmay.com\/de\/wp-json\/wp\/v2\/product"}],"about":[{"href":"https:\/\/tmay.com\/de\/wp-json\/wp\/v2\/types\/product"}],"replies":[{"embeddable":true,"href":"https:\/\/tmay.com\/de\/wp-json\/wp\/v2\/comments?post=1937"}],"version-history":[{"count":3,"href":"https:\/\/tmay.com\/de\/wp-json\/wp\/v2\/product\/1937\/revisions"}],"predecessor-version":[{"id":2225,"href":"https:\/\/tmay.com\/de\/wp-json\/wp\/v2\/product\/1937\/revisions\/2225"}],"wp:featuredmedia":[{"embeddable":true,"href":"https:\/\/tmay.com\/de\/wp-json\/wp\/v2\/media\/1952"}],"wp:attachment":[{"href":"https:\/\/tmay.com\/de\/wp-json\/wp\/v2\/media?parent=1937"}],"wp:term":[{"taxonomy":"product_brand","embeddable":true,"href":"https:\/\/tmay.com\/de\/wp-json\/wp\/v2\/product_brand?post=1937"},{"taxonomy":"product_cat","embeddable":true,"href":"https:\/\/tmay.com\/de\/wp-json\/wp\/v2\/product_cat?post=1937"},{"taxonomy":"product_tag","embeddable":true,"href":"https:\/\/tmay.com\/de\/wp-json\/wp\/v2\/product_tag?post=1937"}],"curies":[{"name":"wp","href":"https:\/\/api.w.org\/{rel}","templated":true}]}}