{"id":3416,"date":"2024-07-02T17:22:57","date_gmt":"2024-07-02T09:22:57","guid":{"rendered":"https:\/\/tmay.com\/?post_type=product&#038;p=3416"},"modified":"2024-07-02T17:31:27","modified_gmt":"2024-07-02T09:31:27","slug":"emt1-ems-pelvic-floor-chair-estimulador-muscular-profesional-weight-loss-machine-ems-for-beauty-equipment","status":"publish","type":"product","link":"https:\/\/tmay.com\/de\/produkt\/emt1-ems-pelvic-floor-chair-estimulador-muscular-profesional-weight-loss-machine-ems-for-beauty-equipment\/","title":{"rendered":"EMT1 Ems Beckenboden Stuhl estimulador muscular profesional Gewichtsverlust Maschine ems f\u00fcr Sch\u00f6nheit Ausr\u00fcstung"},"content":{"rendered":"<p style=\"text-align: left;\"><img fetchpriority=\"high\" decoding=\"async\" class=\"aligncenter size-full wp-image-136\" src=\"https:\/\/tmay.com\/wp-content\/uploads\/2023\/11\/\u633a\u7f8e1-\u8be6\u60c5\u9875_01.jpg\" alt=\"home use cryolipolisis 360 cool body sculpt machines fat freezing For Belly Fat Removal with Best Price\" width=\"750\" height=\"367\" title=\"\" srcset=\"https:\/\/tmay.com\/wp-content\/uploads\/2023\/11\/\u633a\u7f8e1-\u8be6\u60c5\u9875_01.jpg 750w, https:\/\/tmay.com\/wp-content\/uploads\/2023\/11\/\u633a\u7f8e1-\u8be6\u60c5\u9875_01-300x147.jpg 300w, https:\/\/tmay.com\/wp-content\/uploads\/2023\/11\/\u633a\u7f8e1-\u8be6\u60c5\u9875_01-600x294.jpg 600w\" sizes=\"(max-width: 750px) 100vw, 750px\" \/><\/p>\n<p><img decoding=\"async\" class=\"aligncenter size-full wp-image-3417 lazyload\" data-src=\"https:\/\/tmay.com\/wp-content\/uploads\/2024\/07\/0-15.webp\" alt=\"EMS (electric muscle stimulator)\" width=\"1000\" height=\"1000\" title=\"\" data-srcset=\"https:\/\/tmay.com\/wp-content\/uploads\/2024\/07\/0-15.webp 1000w, https:\/\/tmay.com\/wp-content\/uploads\/2024\/07\/0-15-300x300.webp 300w, https:\/\/tmay.com\/wp-content\/uploads\/2024\/07\/0-15-150x150.webp 150w, https:\/\/tmay.com\/wp-content\/uploads\/2024\/07\/0-15-768x768.webp 768w, https:\/\/tmay.com\/wp-content\/uploads\/2024\/07\/0-15-12x12.webp 12w, https:\/\/tmay.com\/wp-content\/uploads\/2024\/07\/0-15-144x144.webp 144w, https:\/\/tmay.com\/wp-content\/uploads\/2024\/07\/0-15-600x600.webp 600w, https:\/\/tmay.com\/wp-content\/uploads\/2024\/07\/0-15-100x100.webp 100w\" data-sizes=\"(max-width: 1000px) 100vw, 1000px\" src=\"data:image\/svg+xml;base64,PHN2ZyB3aWR0aD0iMSIgaGVpZ2h0PSIxIiB4bWxucz0iaHR0cDovL3d3dy53My5vcmcvMjAwMC9zdmciPjwvc3ZnPg==\" style=\"--smush-placeholder-width: 1000px; --smush-placeholder-aspect-ratio: 1000\/1000;\" \/> <img decoding=\"async\" class=\"aligncenter size-full wp-image-3418 lazyload\" data-src=\"https:\/\/tmay.com\/wp-content\/uploads\/2024\/07\/15-6.webp\" alt=\"EMS (electric muscle stimulator)\" width=\"1000\" height=\"1000\" title=\"\" data-srcset=\"https:\/\/tmay.com\/wp-content\/uploads\/2024\/07\/15-6.webp 1000w, https:\/\/tmay.com\/wp-content\/uploads\/2024\/07\/15-6-300x300.webp 300w, https:\/\/tmay.com\/wp-content\/uploads\/2024\/07\/15-6-150x150.webp 150w, https:\/\/tmay.com\/wp-content\/uploads\/2024\/07\/15-6-768x768.webp 768w, https:\/\/tmay.com\/wp-content\/uploads\/2024\/07\/15-6-12x12.webp 12w, https:\/\/tmay.com\/wp-content\/uploads\/2024\/07\/15-6-144x144.webp 144w, https:\/\/tmay.com\/wp-content\/uploads\/2024\/07\/15-6-600x600.webp 600w, https:\/\/tmay.com\/wp-content\/uploads\/2024\/07\/15-6-100x100.webp 100w\" data-sizes=\"(max-width: 1000px) 100vw, 1000px\" src=\"data:image\/svg+xml;base64,PHN2ZyB3aWR0aD0iMSIgaGVpZ2h0PSIxIiB4bWxucz0iaHR0cDovL3d3dy53My5vcmcvMjAwMC9zdmciPjwvc3ZnPg==\" style=\"--smush-placeholder-width: 1000px; --smush-placeholder-aspect-ratio: 1000\/1000;\" \/> <img decoding=\"async\" class=\"aligncenter size-full wp-image-3419 lazyload\" data-src=\"https:\/\/tmay.com\/wp-content\/uploads\/2024\/07\/15-7.webp\" alt=\"EMS (electric muscle stimulator)\" width=\"1000\" height=\"1000\" title=\"\" data-srcset=\"https:\/\/tmay.com\/wp-content\/uploads\/2024\/07\/15-7.webp 1000w, https:\/\/tmay.com\/wp-content\/uploads\/2024\/07\/15-7-300x300.webp 300w, https:\/\/tmay.com\/wp-content\/uploads\/2024\/07\/15-7-150x150.webp 150w, https:\/\/tmay.com\/wp-content\/uploads\/2024\/07\/15-7-768x768.webp 768w, https:\/\/tmay.com\/wp-content\/uploads\/2024\/07\/15-7-12x12.webp 12w, https:\/\/tmay.com\/wp-content\/uploads\/2024\/07\/15-7-144x144.webp 144w, https:\/\/tmay.com\/wp-content\/uploads\/2024\/07\/15-7-600x600.webp 600w, https:\/\/tmay.com\/wp-content\/uploads\/2024\/07\/15-7-100x100.webp 100w\" data-sizes=\"(max-width: 1000px) 100vw, 1000px\" src=\"data:image\/svg+xml;base64,PHN2ZyB3aWR0aD0iMSIgaGVpZ2h0PSIxIiB4bWxucz0iaHR0cDovL3d3dy53My5vcmcvMjAwMC9zdmciPjwvc3ZnPg==\" style=\"--smush-placeholder-width: 1000px; --smush-placeholder-aspect-ratio: 1000\/1000;\" \/> <img decoding=\"async\" class=\"aligncenter size-full wp-image-3420 lazyload\" data-src=\"https:\/\/tmay.com\/wp-content\/uploads\/2024\/07\/45-32.webp\" alt=\"EMS (electric muscle stimulator)\" width=\"1000\" height=\"1000\" title=\"\" data-srcset=\"https:\/\/tmay.com\/wp-content\/uploads\/2024\/07\/45-32.webp 1000w, https:\/\/tmay.com\/wp-content\/uploads\/2024\/07\/45-32-300x300.webp 300w, https:\/\/tmay.com\/wp-content\/uploads\/2024\/07\/45-32-150x150.webp 150w, https:\/\/tmay.com\/wp-content\/uploads\/2024\/07\/45-32-768x768.webp 768w, https:\/\/tmay.com\/wp-content\/uploads\/2024\/07\/45-32-12x12.webp 12w, https:\/\/tmay.com\/wp-content\/uploads\/2024\/07\/45-32-144x144.webp 144w, https:\/\/tmay.com\/wp-content\/uploads\/2024\/07\/45-32-600x600.webp 600w, https:\/\/tmay.com\/wp-content\/uploads\/2024\/07\/45-32-100x100.webp 100w\" data-sizes=\"(max-width: 1000px) 100vw, 1000px\" src=\"data:image\/svg+xml;base64,PHN2ZyB3aWR0aD0iMSIgaGVpZ2h0PSIxIiB4bWxucz0iaHR0cDovL3d3dy53My5vcmcvMjAwMC9zdmciPjwvc3ZnPg==\" style=\"--smush-placeholder-width: 1000px; --smush-placeholder-aspect-ratio: 1000\/1000;\" \/> <img decoding=\"async\" class=\"aligncenter size-full wp-image-3421 lazyload\" data-src=\"https:\/\/tmay.com\/wp-content\/uploads\/2024\/07\/45-33.webp\" alt=\"EMS (electric muscle stimulator)\" width=\"1000\" height=\"1000\" title=\"\" data-srcset=\"https:\/\/tmay.com\/wp-content\/uploads\/2024\/07\/45-33.webp 1000w, https:\/\/tmay.com\/wp-content\/uploads\/2024\/07\/45-33-300x300.webp 300w, https:\/\/tmay.com\/wp-content\/uploads\/2024\/07\/45-33-150x150.webp 150w, https:\/\/tmay.com\/wp-content\/uploads\/2024\/07\/45-33-768x768.webp 768w, https:\/\/tmay.com\/wp-content\/uploads\/2024\/07\/45-33-12x12.webp 12w, https:\/\/tmay.com\/wp-content\/uploads\/2024\/07\/45-33-144x144.webp 144w, https:\/\/tmay.com\/wp-content\/uploads\/2024\/07\/45-33-600x600.webp 600w, https:\/\/tmay.com\/wp-content\/uploads\/2024\/07\/45-33-100x100.webp 100w\" data-sizes=\"(max-width: 1000px) 100vw, 1000px\" src=\"data:image\/svg+xml;base64,PHN2ZyB3aWR0aD0iMSIgaGVpZ2h0PSIxIiB4bWxucz0iaHR0cDovL3d3dy53My5vcmcvMjAwMC9zdmciPjwvc3ZnPg==\" style=\"--smush-placeholder-width: 1000px; --smush-placeholder-aspect-ratio: 1000\/1000;\" \/> <img decoding=\"async\" class=\"aligncenter size-full wp-image-3422 lazyload\" data-src=\"https:\/\/tmay.com\/wp-content\/uploads\/2024\/07\/90-26.webp\" alt=\"EMS (electric muscle stimulator)\" width=\"1000\" height=\"1000\" title=\"\" data-srcset=\"https:\/\/tmay.com\/wp-content\/uploads\/2024\/07\/90-26.webp 1000w, https:\/\/tmay.com\/wp-content\/uploads\/2024\/07\/90-26-300x300.webp 300w, https:\/\/tmay.com\/wp-content\/uploads\/2024\/07\/90-26-150x150.webp 150w, https:\/\/tmay.com\/wp-content\/uploads\/2024\/07\/90-26-768x768.webp 768w, https:\/\/tmay.com\/wp-content\/uploads\/2024\/07\/90-26-12x12.webp 12w, https:\/\/tmay.com\/wp-content\/uploads\/2024\/07\/90-26-144x144.webp 144w, https:\/\/tmay.com\/wp-content\/uploads\/2024\/07\/90-26-600x600.webp 600w, https:\/\/tmay.com\/wp-content\/uploads\/2024\/07\/90-26-100x100.webp 100w\" data-sizes=\"(max-width: 1000px) 100vw, 1000px\" src=\"data:image\/svg+xml;base64,PHN2ZyB3aWR0aD0iMSIgaGVpZ2h0PSIxIiB4bWxucz0iaHR0cDovL3d3dy53My5vcmcvMjAwMC9zdmciPjwvc3ZnPg==\" style=\"--smush-placeholder-width: 1000px; --smush-placeholder-aspect-ratio: 1000\/1000;\" \/> <img decoding=\"async\" class=\"aligncenter size-full wp-image-3423 lazyload\" data-src=\"https:\/\/tmay.com\/wp-content\/uploads\/2024\/07\/90-27.webp\" alt=\"EMS (electric muscle stimulator)\" width=\"1000\" height=\"1000\" title=\"\" data-srcset=\"https:\/\/tmay.com\/wp-content\/uploads\/2024\/07\/90-27.webp 1000w, https:\/\/tmay.com\/wp-content\/uploads\/2024\/07\/90-27-300x300.webp 300w, https:\/\/tmay.com\/wp-content\/uploads\/2024\/07\/90-27-150x150.webp 150w, https:\/\/tmay.com\/wp-content\/uploads\/2024\/07\/90-27-768x768.webp 768w, https:\/\/tmay.com\/wp-content\/uploads\/2024\/07\/90-27-12x12.webp 12w, https:\/\/tmay.com\/wp-content\/uploads\/2024\/07\/90-27-144x144.webp 144w, https:\/\/tmay.com\/wp-content\/uploads\/2024\/07\/90-27-600x600.webp 600w, https:\/\/tmay.com\/wp-content\/uploads\/2024\/07\/90-27-100x100.webp 100w\" data-sizes=\"(max-width: 1000px) 100vw, 1000px\" src=\"data:image\/svg+xml;base64,PHN2ZyB3aWR0aD0iMSIgaGVpZ2h0PSIxIiB4bWxucz0iaHR0cDovL3d3dy53My5vcmcvMjAwMC9zdmciPjwvc3ZnPg==\" style=\"--smush-placeholder-width: 1000px; --smush-placeholder-aspect-ratio: 1000\/1000;\" \/> <img decoding=\"async\" class=\"aligncenter size-full wp-image-3424 lazyload\" data-src=\"https:\/\/tmay.com\/wp-content\/uploads\/2024\/07\/165-22.webp\" alt=\"EMS (electric muscle stimulator)\" width=\"1000\" height=\"1000\" title=\"\" data-srcset=\"https:\/\/tmay.com\/wp-content\/uploads\/2024\/07\/165-22.webp 1000w, https:\/\/tmay.com\/wp-content\/uploads\/2024\/07\/165-22-300x300.webp 300w, https:\/\/tmay.com\/wp-content\/uploads\/2024\/07\/165-22-150x150.webp 150w, https:\/\/tmay.com\/wp-content\/uploads\/2024\/07\/165-22-768x768.webp 768w, https:\/\/tmay.com\/wp-content\/uploads\/2024\/07\/165-22-12x12.webp 12w, https:\/\/tmay.com\/wp-content\/uploads\/2024\/07\/165-22-144x144.webp 144w, https:\/\/tmay.com\/wp-content\/uploads\/2024\/07\/165-22-600x600.webp 600w, https:\/\/tmay.com\/wp-content\/uploads\/2024\/07\/165-22-100x100.webp 100w\" data-sizes=\"(max-width: 1000px) 100vw, 1000px\" src=\"data:image\/svg+xml;base64,PHN2ZyB3aWR0aD0iMSIgaGVpZ2h0PSIxIiB4bWxucz0iaHR0cDovL3d3dy53My5vcmcvMjAwMC9zdmciPjwvc3ZnPg==\" style=\"--smush-placeholder-width: 1000px; --smush-placeholder-aspect-ratio: 1000\/1000;\" \/> <img decoding=\"async\" class=\"aligncenter size-full wp-image-3425 lazyload\" data-src=\"https:\/\/tmay.com\/wp-content\/uploads\/2024\/07\/180-11.webp\" alt=\"EMS (electric muscle stimulator)\" width=\"1000\" height=\"1000\" title=\"\" data-srcset=\"https:\/\/tmay.com\/wp-content\/uploads\/2024\/07\/180-11.webp 1000w, https:\/\/tmay.com\/wp-content\/uploads\/2024\/07\/180-11-300x300.webp 300w, https:\/\/tmay.com\/wp-content\/uploads\/2024\/07\/180-11-150x150.webp 150w, https:\/\/tmay.com\/wp-content\/uploads\/2024\/07\/180-11-768x768.webp 768w, https:\/\/tmay.com\/wp-content\/uploads\/2024\/07\/180-11-12x12.webp 12w, https:\/\/tmay.com\/wp-content\/uploads\/2024\/07\/180-11-144x144.webp 144w, https:\/\/tmay.com\/wp-content\/uploads\/2024\/07\/180-11-600x600.webp 600w, https:\/\/tmay.com\/wp-content\/uploads\/2024\/07\/180-11-100x100.webp 100w\" data-sizes=\"(max-width: 1000px) 100vw, 1000px\" src=\"data:image\/svg+xml;base64,PHN2ZyB3aWR0aD0iMSIgaGVpZ2h0PSIxIiB4bWxucz0iaHR0cDovL3d3dy53My5vcmcvMjAwMC9zdmciPjwvc3ZnPg==\" style=\"--smush-placeholder-width: 1000px; --smush-placeholder-aspect-ratio: 1000\/1000;\" \/> <img decoding=\"async\" class=\"aligncenter size-full wp-image-3426 lazyload\" data-src=\"https:\/\/tmay.com\/wp-content\/uploads\/2024\/07\/195-3.webp\" alt=\"EMS (electric muscle stimulator)\" width=\"1000\" height=\"1000\" title=\"\" data-srcset=\"https:\/\/tmay.com\/wp-content\/uploads\/2024\/07\/195-3.webp 1000w, https:\/\/tmay.com\/wp-content\/uploads\/2024\/07\/195-3-300x300.webp 300w, https:\/\/tmay.com\/wp-content\/uploads\/2024\/07\/195-3-150x150.webp 150w, https:\/\/tmay.com\/wp-content\/uploads\/2024\/07\/195-3-768x768.webp 768w, https:\/\/tmay.com\/wp-content\/uploads\/2024\/07\/195-3-12x12.webp 12w, https:\/\/tmay.com\/wp-content\/uploads\/2024\/07\/195-3-144x144.webp 144w, https:\/\/tmay.com\/wp-content\/uploads\/2024\/07\/195-3-600x600.webp 600w, https:\/\/tmay.com\/wp-content\/uploads\/2024\/07\/195-3-100x100.webp 100w\" data-sizes=\"(max-width: 1000px) 100vw, 1000px\" src=\"data:image\/svg+xml;base64,PHN2ZyB3aWR0aD0iMSIgaGVpZ2h0PSIxIiB4bWxucz0iaHR0cDovL3d3dy53My5vcmcvMjAwMC9zdmciPjwvc3ZnPg==\" style=\"--smush-placeholder-width: 1000px; --smush-placeholder-aspect-ratio: 1000\/1000;\" \/><\/p>\n<p><img decoding=\"async\" class=\"aligncenter size-full wp-image-141 lazyload\" data-src=\"https:\/\/tmay.com\/wp-content\/uploads\/2023\/11\/\u633a\u7f8e1-\u8be6\u60c5\u9875_17.jpg\" alt=\"Cryolipolysis Machine\" width=\"750\" height=\"544\" title=\"\" data-srcset=\"https:\/\/tmay.com\/wp-content\/uploads\/2023\/11\/\u633a\u7f8e1-\u8be6\u60c5\u9875_17.jpg 750w, https:\/\/tmay.com\/wp-content\/uploads\/2023\/11\/\u633a\u7f8e1-\u8be6\u60c5\u9875_17-300x218.jpg 300w, https:\/\/tmay.com\/wp-content\/uploads\/2023\/11\/\u633a\u7f8e1-\u8be6\u60c5\u9875_17-600x435.jpg 600w\" data-sizes=\"(max-width: 750px) 100vw, 750px\" src=\"data:image\/svg+xml;base64,PHN2ZyB3aWR0aD0iMSIgaGVpZ2h0PSIxIiB4bWxucz0iaHR0cDovL3d3dy53My5vcmcvMjAwMC9zdmciPjwvc3ZnPg==\" style=\"--smush-placeholder-width: 750px; --smush-placeholder-aspect-ratio: 750\/544;\" \/> <img decoding=\"async\" class=\"aligncenter size-full wp-image-142 lazyload\" data-src=\"https:\/\/tmay.com\/wp-content\/uploads\/2023\/11\/\u633a\u7f8e1-\u8be6\u60c5\u9875_18.jpg\" alt=\"Cool Body Sculpt Machines Fat Freezing\" width=\"750\" height=\"734\" title=\"\" data-srcset=\"https:\/\/tmay.com\/wp-content\/uploads\/2023\/11\/\u633a\u7f8e1-\u8be6\u60c5\u9875_18.jpg 750w, https:\/\/tmay.com\/wp-content\/uploads\/2023\/11\/\u633a\u7f8e1-\u8be6\u60c5\u9875_18-300x294.jpg 300w, https:\/\/tmay.com\/wp-content\/uploads\/2023\/11\/\u633a\u7f8e1-\u8be6\u60c5\u9875_18-600x587.jpg 600w\" data-sizes=\"(max-width: 750px) 100vw, 750px\" src=\"data:image\/svg+xml;base64,PHN2ZyB3aWR0aD0iMSIgaGVpZ2h0PSIxIiB4bWxucz0iaHR0cDovL3d3dy53My5vcmcvMjAwMC9zdmciPjwvc3ZnPg==\" style=\"--smush-placeholder-width: 750px; --smush-placeholder-aspect-ratio: 750\/734;\" \/> <img decoding=\"async\" class=\"aligncenter size-full wp-image-143 lazyload\" data-src=\"https:\/\/tmay.com\/wp-content\/uploads\/2023\/11\/\u633a\u7f8e1-\u8be6\u60c5\u9875_19.jpg\" alt=\"\" width=\"750\" height=\"488\" title=\"\" data-srcset=\"https:\/\/tmay.com\/wp-content\/uploads\/2023\/11\/\u633a\u7f8e1-\u8be6\u60c5\u9875_19.jpg 750w, https:\/\/tmay.com\/wp-content\/uploads\/2023\/11\/\u633a\u7f8e1-\u8be6\u60c5\u9875_19-300x195.jpg 300w, https:\/\/tmay.com\/wp-content\/uploads\/2023\/11\/\u633a\u7f8e1-\u8be6\u60c5\u9875_19-600x390.jpg 600w\" data-sizes=\"(max-width: 750px) 100vw, 750px\" src=\"data:image\/svg+xml;base64,PHN2ZyB3aWR0aD0iMSIgaGVpZ2h0PSIxIiB4bWxucz0iaHR0cDovL3d3dy53My5vcmcvMjAwMC9zdmciPjwvc3ZnPg==\" style=\"--smush-placeholder-width: 750px; --smush-placeholder-aspect-ratio: 750\/488;\" \/> <img decoding=\"async\" class=\"aligncenter size-full wp-image-144 lazyload\" data-src=\"https:\/\/tmay.com\/wp-content\/uploads\/2023\/11\/\u633a\u7f8e1-\u8be6\u60c5\u9875_20.jpg\" alt=\"\" width=\"750\" height=\"540\" title=\"\" data-srcset=\"https:\/\/tmay.com\/wp-content\/uploads\/2023\/11\/\u633a\u7f8e1-\u8be6\u60c5\u9875_20.jpg 750w, https:\/\/tmay.com\/wp-content\/uploads\/2023\/11\/\u633a\u7f8e1-\u8be6\u60c5\u9875_20-300x216.jpg 300w, https:\/\/tmay.com\/wp-content\/uploads\/2023\/11\/\u633a\u7f8e1-\u8be6\u60c5\u9875_20-600x432.jpg 600w\" data-sizes=\"(max-width: 750px) 100vw, 750px\" src=\"data:image\/svg+xml;base64,PHN2ZyB3aWR0aD0iMSIgaGVpZ2h0PSIxIiB4bWxucz0iaHR0cDovL3d3dy53My5vcmcvMjAwMC9zdmciPjwvc3ZnPg==\" style=\"--smush-placeholder-width: 750px; --smush-placeholder-aspect-ratio: 750\/540;\" \/><\/p>","protected":false},"excerpt":{"rendered":"","protected":false},"featured_media":3418,"comment_status":"open","ping_status":"closed","template":"","meta":{"site-sidebar-layout":"default","site-content-layout":"","ast-site-content-layout":"default","site-content-style":"default","site-sidebar-style":"default","ast-global-header-display":"","ast-banner-title-visibility":"","ast-main-header-display":"","ast-hfb-above-header-display":"","ast-hfb-below-header-display":"","ast-hfb-mobile-header-display":"","site-post-title":"","ast-breadcrumbs-content":"","ast-featured-img":"","footer-sml-layout":"","ast-disable-related-posts":"","theme-transparent-header-meta":"default","adv-header-id-meta":"","stick-header-meta":"","header-above-stick-meta":"","header-main-stick-meta":"","header-below-stick-meta":"","astra-migrate-meta-layouts":"set","ast-page-background-enabled":"default","ast-page-background-meta":{"desktop":{"background-color":"var(--ast-global-color-4)","background-image":"","background-repeat":"repeat","background-position":"center center","background-size":"auto","background-attachment":"scroll","background-type":"","background-media":"","overlay-type":"","overlay-color":"","overlay-opacity":"","overlay-gradient":""},"tablet":{"background-color":"","background-image":"","background-repeat":"repeat","background-position":"center center","background-size":"auto","background-attachment":"scroll","background-type":"","background-media":"","overlay-type":"","overlay-color":"","overlay-opacity":"","overlay-gradient":""},"mobile":{"background-color":"","background-image":"","background-repeat":"repeat","background-position":"center center","background-size":"auto","background-attachment":"scroll","background-type":"","background-media":"","overlay-type":"","overlay-color":"","overlay-opacity":"","overlay-gradient":""}},"ast-content-background-meta":{"desktop":{"background-color":"var(--ast-global-color-5)","background-image":"","background-repeat":"repeat","background-position":"center center","background-size":"auto","background-attachment":"scroll","background-type":"","background-media":"","overlay-type":"","overlay-color":"","overlay-opacity":"","overlay-gradient":""},"tablet":{"background-color":"var(--ast-global-color-5)","background-image":"","background-repeat":"repeat","background-position":"center center","background-size":"auto","background-attachment":"scroll","background-type":"","background-media":"","overlay-type":"","overlay-color":"","overlay-opacity":"","overlay-gradient":""},"mobile":{"background-color":"var(--ast-global-color-5)","background-image":"","background-repeat":"repeat","background-position":"center center","background-size":"auto","background-attachment":"scroll","background-type":"","background-media":"","overlay-type":"","overlay-color":"","overlay-opacity":"","overlay-gradient":""}}},"product_brand":[],"product_cat":[46],"product_tag":[115],"class_list":{"0":"post-3416","1":"product","2":"type-product","3":"status-publish","4":"has-post-thumbnail","6":"product_cat-ems-sculpting-machine","7":"product_tag-ems-electric-muscle-stimulator","8":"desktop-align-left","9":"tablet-align-left","10":"mobile-align-left","12":"first","13":"instock","14":"shipping-taxable","15":"product-type-simple"},"_links":{"self":[{"href":"https:\/\/tmay.com\/de\/wp-json\/wp\/v2\/product\/3416","targetHints":{"allow":["GET"]}}],"collection":[{"href":"https:\/\/tmay.com\/de\/wp-json\/wp\/v2\/product"}],"about":[{"href":"https:\/\/tmay.com\/de\/wp-json\/wp\/v2\/types\/product"}],"replies":[{"embeddable":true,"href":"https:\/\/tmay.com\/de\/wp-json\/wp\/v2\/comments?post=3416"}],"version-history":[{"count":2,"href":"https:\/\/tmay.com\/de\/wp-json\/wp\/v2\/product\/3416\/revisions"}],"predecessor-version":[{"id":3428,"href":"https:\/\/tmay.com\/de\/wp-json\/wp\/v2\/product\/3416\/revisions\/3428"}],"wp:featuredmedia":[{"embeddable":true,"href":"https:\/\/tmay.com\/de\/wp-json\/wp\/v2\/media\/3418"}],"wp:attachment":[{"href":"https:\/\/tmay.com\/de\/wp-json\/wp\/v2\/media?parent=3416"}],"wp:term":[{"taxonomy":"product_brand","embeddable":true,"href":"https:\/\/tmay.com\/de\/wp-json\/wp\/v2\/product_brand?post=3416"},{"taxonomy":"product_cat","embeddable":true,"href":"https:\/\/tmay.com\/de\/wp-json\/wp\/v2\/product_cat?post=3416"},{"taxonomy":"product_tag","embeddable":true,"href":"https:\/\/tmay.com\/de\/wp-json\/wp\/v2\/product_tag?post=3416"}],"curies":[{"name":"wp","href":"https:\/\/api.w.org\/{rel}","templated":true}]}}