{"id":412,"date":"2023-12-11T10:11:07","date_gmt":"2023-12-11T02:11:07","guid":{"rendered":"https:\/\/tingamy.com\/?post_type=product&#038;p=412"},"modified":"2024-03-07T16:57:24","modified_gmt":"2024-03-07T08:57:24","slug":"vacuum-cavitation-system-slimming-cryolipolysis-cryo-fat-freeze-liposuction-machine","status":"publish","type":"product","link":"https:\/\/tmay.com\/de\/produkt\/vacuum-cavitation-system-slimming-cryolipolysis-cryo-fat-freeze-liposuction-machine\/","title":{"rendered":"Vakuum Kavitation System abnehmen Kryolipolyse Kryo Fett einfrieren Liposuktion Maschine"},"content":{"rendered":"<p><img fetchpriority=\"high\" decoding=\"async\" class=\"aligncenter wp-image-136 size-full\" src=\"http:\/\/tingamy.com\/wp-content\/uploads\/2023\/11\/\u633a\u7f8e1-\u8be6\u60c5\u9875_01.jpg\" alt=\"\" width=\"750\" height=\"367\" title=\"\" srcset=\"https:\/\/tmay.com\/wp-content\/uploads\/2023\/11\/\u633a\u7f8e1-\u8be6\u60c5\u9875_01.jpg 750w, https:\/\/tmay.com\/wp-content\/uploads\/2023\/11\/\u633a\u7f8e1-\u8be6\u60c5\u9875_01-300x147.jpg 300w, https:\/\/tmay.com\/wp-content\/uploads\/2023\/11\/\u633a\u7f8e1-\u8be6\u60c5\u9875_01-600x294.jpg 600w\" sizes=\"(max-width: 750px) 100vw, 750px\" \/><img decoding=\"async\" class=\"aligncenter size-full wp-image-421 lazyload\" data-src=\"http:\/\/tingamy.com\/wp-content\/uploads\/2023\/12\/\u4e3b\u56fe_002.webp\" alt=\"\" width=\"797\" height=\"800\" title=\"\" data-srcset=\"https:\/\/tmay.com\/wp-content\/uploads\/2023\/12\/\u4e3b\u56fe_002.webp 797w, https:\/\/tmay.com\/wp-content\/uploads\/2023\/12\/\u4e3b\u56fe_002-300x300.webp 300w, https:\/\/tmay.com\/wp-content\/uploads\/2023\/12\/\u4e3b\u56fe_002-150x150.webp 150w, https:\/\/tmay.com\/wp-content\/uploads\/2023\/12\/\u4e3b\u56fe_002-768x771.webp 768w, https:\/\/tmay.com\/wp-content\/uploads\/2023\/12\/\u4e3b\u56fe_002-600x602.webp 600w, https:\/\/tmay.com\/wp-content\/uploads\/2023\/12\/\u4e3b\u56fe_002-100x100.webp 100w\" data-sizes=\"(max-width: 797px) 100vw, 797px\" src=\"data:image\/svg+xml;base64,PHN2ZyB3aWR0aD0iMSIgaGVpZ2h0PSIxIiB4bWxucz0iaHR0cDovL3d3dy53My5vcmcvMjAwMC9zdmciPjwvc3ZnPg==\" style=\"--smush-placeholder-width: 797px; --smush-placeholder-aspect-ratio: 797\/800;\" \/> <img decoding=\"async\" class=\"aligncenter size-full wp-image-422 lazyload\" data-src=\"http:\/\/tingamy.com\/wp-content\/uploads\/2023\/12\/\u4e3b\u56fe_003-3.webp\" alt=\"\" width=\"1000\" height=\"1000\" title=\"\" data-srcset=\"https:\/\/tmay.com\/wp-content\/uploads\/2023\/12\/\u4e3b\u56fe_003-3.webp 1000w, https:\/\/tmay.com\/wp-content\/uploads\/2023\/12\/\u4e3b\u56fe_003-3-300x300.webp 300w, https:\/\/tmay.com\/wp-content\/uploads\/2023\/12\/\u4e3b\u56fe_003-3-150x150.webp 150w, https:\/\/tmay.com\/wp-content\/uploads\/2023\/12\/\u4e3b\u56fe_003-3-768x768.webp 768w, https:\/\/tmay.com\/wp-content\/uploads\/2023\/12\/\u4e3b\u56fe_003-3-600x600.webp 600w, https:\/\/tmay.com\/wp-content\/uploads\/2023\/12\/\u4e3b\u56fe_003-3-100x100.webp 100w\" data-sizes=\"(max-width: 1000px) 100vw, 1000px\" src=\"data:image\/svg+xml;base64,PHN2ZyB3aWR0aD0iMSIgaGVpZ2h0PSIxIiB4bWxucz0iaHR0cDovL3d3dy53My5vcmcvMjAwMC9zdmciPjwvc3ZnPg==\" style=\"--smush-placeholder-width: 1000px; --smush-placeholder-aspect-ratio: 1000\/1000;\" \/> <img decoding=\"async\" class=\"aligncenter size-full wp-image-423 lazyload\" data-src=\"http:\/\/tingamy.com\/wp-content\/uploads\/2023\/12\/\u4e3b\u56fe_004-3.webp\" alt=\"\" width=\"1000\" height=\"1000\" title=\"\" data-srcset=\"https:\/\/tmay.com\/wp-content\/uploads\/2023\/12\/\u4e3b\u56fe_004-3.webp 1000w, https:\/\/tmay.com\/wp-content\/uploads\/2023\/12\/\u4e3b\u56fe_004-3-300x300.webp 300w, https:\/\/tmay.com\/wp-content\/uploads\/2023\/12\/\u4e3b\u56fe_004-3-150x150.webp 150w, https:\/\/tmay.com\/wp-content\/uploads\/2023\/12\/\u4e3b\u56fe_004-3-768x768.webp 768w, https:\/\/tmay.com\/wp-content\/uploads\/2023\/12\/\u4e3b\u56fe_004-3-600x600.webp 600w, https:\/\/tmay.com\/wp-content\/uploads\/2023\/12\/\u4e3b\u56fe_004-3-100x100.webp 100w\" data-sizes=\"(max-width: 1000px) 100vw, 1000px\" src=\"data:image\/svg+xml;base64,PHN2ZyB3aWR0aD0iMSIgaGVpZ2h0PSIxIiB4bWxucz0iaHR0cDovL3d3dy53My5vcmcvMjAwMC9zdmciPjwvc3ZnPg==\" style=\"--smush-placeholder-width: 1000px; --smush-placeholder-aspect-ratio: 1000\/1000;\" \/> <img decoding=\"async\" class=\"aligncenter size-full wp-image-424 lazyload\" data-src=\"http:\/\/tingamy.com\/wp-content\/uploads\/2023\/12\/\u4e3b\u56fe_005-3.webp\" alt=\"\" width=\"1000\" height=\"1000\" title=\"\" data-srcset=\"https:\/\/tmay.com\/wp-content\/uploads\/2023\/12\/\u4e3b\u56fe_005-3.webp 1000w, https:\/\/tmay.com\/wp-content\/uploads\/2023\/12\/\u4e3b\u56fe_005-3-300x300.webp 300w, https:\/\/tmay.com\/wp-content\/uploads\/2023\/12\/\u4e3b\u56fe_005-3-150x150.webp 150w, https:\/\/tmay.com\/wp-content\/uploads\/2023\/12\/\u4e3b\u56fe_005-3-768x768.webp 768w, https:\/\/tmay.com\/wp-content\/uploads\/2023\/12\/\u4e3b\u56fe_005-3-600x600.webp 600w, https:\/\/tmay.com\/wp-content\/uploads\/2023\/12\/\u4e3b\u56fe_005-3-100x100.webp 100w\" data-sizes=\"(max-width: 1000px) 100vw, 1000px\" src=\"data:image\/svg+xml;base64,PHN2ZyB3aWR0aD0iMSIgaGVpZ2h0PSIxIiB4bWxucz0iaHR0cDovL3d3dy53My5vcmcvMjAwMC9zdmciPjwvc3ZnPg==\" style=\"--smush-placeholder-width: 1000px; --smush-placeholder-aspect-ratio: 1000\/1000;\" \/> <img decoding=\"async\" class=\"aligncenter size-full wp-image-425 lazyload\" data-src=\"http:\/\/tingamy.com\/wp-content\/uploads\/2023\/12\/\u4e3b\u56fe_006-3.webp\" alt=\"\" width=\"1000\" height=\"1200\" title=\"\" data-srcset=\"https:\/\/tmay.com\/wp-content\/uploads\/2023\/12\/\u4e3b\u56fe_006-3.webp 1000w, https:\/\/tmay.com\/wp-content\/uploads\/2023\/12\/\u4e3b\u56fe_006-3-250x300.webp 250w, https:\/\/tmay.com\/wp-content\/uploads\/2023\/12\/\u4e3b\u56fe_006-3-853x1024.webp 853w, https:\/\/tmay.com\/wp-content\/uploads\/2023\/12\/\u4e3b\u56fe_006-3-768x922.webp 768w, https:\/\/tmay.com\/wp-content\/uploads\/2023\/12\/\u4e3b\u56fe_006-3-600x720.webp 600w\" data-sizes=\"(max-width: 1000px) 100vw, 1000px\" src=\"data:image\/svg+xml;base64,PHN2ZyB3aWR0aD0iMSIgaGVpZ2h0PSIxIiB4bWxucz0iaHR0cDovL3d3dy53My5vcmcvMjAwMC9zdmciPjwvc3ZnPg==\" style=\"--smush-placeholder-width: 1000px; --smush-placeholder-aspect-ratio: 1000\/1200;\" \/> <img decoding=\"async\" class=\"aligncenter size-full wp-image-426 lazyload\" data-src=\"http:\/\/tingamy.com\/wp-content\/uploads\/2023\/12\/\u4e3b\u56fe_007-2.webp\" alt=\"\" width=\"600\" height=\"594\" title=\"\" data-srcset=\"https:\/\/tmay.com\/wp-content\/uploads\/2023\/12\/\u4e3b\u56fe_007-2.webp 600w, https:\/\/tmay.com\/wp-content\/uploads\/2023\/12\/\u4e3b\u56fe_007-2-300x297.webp 300w, https:\/\/tmay.com\/wp-content\/uploads\/2023\/12\/\u4e3b\u56fe_007-2-150x150.webp 150w, https:\/\/tmay.com\/wp-content\/uploads\/2023\/12\/\u4e3b\u56fe_007-2-100x100.webp 100w\" data-sizes=\"(max-width: 600px) 100vw, 600px\" src=\"data:image\/svg+xml;base64,PHN2ZyB3aWR0aD0iMSIgaGVpZ2h0PSIxIiB4bWxucz0iaHR0cDovL3d3dy53My5vcmcvMjAwMC9zdmciPjwvc3ZnPg==\" style=\"--smush-placeholder-width: 600px; --smush-placeholder-aspect-ratio: 600\/594;\" \/> <img decoding=\"async\" class=\"aligncenter size-full wp-image-420 lazyload\" data-src=\"http:\/\/tingamy.com\/wp-content\/uploads\/2023\/12\/\u8be6\u60c5_012.webp\" alt=\"\" width=\"1441\" height=\"1920\" title=\"\" data-srcset=\"https:\/\/tmay.com\/wp-content\/uploads\/2023\/12\/\u8be6\u60c5_012.webp 1441w, https:\/\/tmay.com\/wp-content\/uploads\/2023\/12\/\u8be6\u60c5_012-225x300.webp 225w, https:\/\/tmay.com\/wp-content\/uploads\/2023\/12\/\u8be6\u60c5_012-769x1024.webp 769w, https:\/\/tmay.com\/wp-content\/uploads\/2023\/12\/\u8be6\u60c5_012-768x1023.webp 768w, https:\/\/tmay.com\/wp-content\/uploads\/2023\/12\/\u8be6\u60c5_012-1153x1536.webp 1153w, https:\/\/tmay.com\/wp-content\/uploads\/2023\/12\/\u8be6\u60c5_012-1320x1759.webp 1320w, https:\/\/tmay.com\/wp-content\/uploads\/2023\/12\/\u8be6\u60c5_012-600x799.webp 600w\" data-sizes=\"(max-width: 1441px) 100vw, 1441px\" src=\"data:image\/svg+xml;base64,PHN2ZyB3aWR0aD0iMSIgaGVpZ2h0PSIxIiB4bWxucz0iaHR0cDovL3d3dy53My5vcmcvMjAwMC9zdmciPjwvc3ZnPg==\" style=\"--smush-placeholder-width: 1441px; --smush-placeholder-aspect-ratio: 1441\/1920;\" \/> <img decoding=\"async\" class=\"aligncenter size-full wp-image-419 lazyload\" data-src=\"http:\/\/tingamy.com\/wp-content\/uploads\/2023\/12\/\u8be6\u60c5_011.webp\" alt=\"\" width=\"1441\" height=\"1920\" title=\"\" data-srcset=\"https:\/\/tmay.com\/wp-content\/uploads\/2023\/12\/\u8be6\u60c5_011.webp 1441w, https:\/\/tmay.com\/wp-content\/uploads\/2023\/12\/\u8be6\u60c5_011-225x300.webp 225w, https:\/\/tmay.com\/wp-content\/uploads\/2023\/12\/\u8be6\u60c5_011-769x1024.webp 769w, https:\/\/tmay.com\/wp-content\/uploads\/2023\/12\/\u8be6\u60c5_011-768x1023.webp 768w, https:\/\/tmay.com\/wp-content\/uploads\/2023\/12\/\u8be6\u60c5_011-1153x1536.webp 1153w, https:\/\/tmay.com\/wp-content\/uploads\/2023\/12\/\u8be6\u60c5_011-1320x1759.webp 1320w, https:\/\/tmay.com\/wp-content\/uploads\/2023\/12\/\u8be6\u60c5_011-600x799.webp 600w\" data-sizes=\"(max-width: 1441px) 100vw, 1441px\" src=\"data:image\/svg+xml;base64,PHN2ZyB3aWR0aD0iMSIgaGVpZ2h0PSIxIiB4bWxucz0iaHR0cDovL3d3dy53My5vcmcvMjAwMC9zdmciPjwvc3ZnPg==\" style=\"--smush-placeholder-width: 1441px; --smush-placeholder-aspect-ratio: 1441\/1920;\" \/> <img decoding=\"async\" class=\"aligncenter size-full wp-image-418 lazyload\" data-src=\"http:\/\/tingamy.com\/wp-content\/uploads\/2023\/12\/\u8be6\u60c5_010-1.webp\" alt=\"\" width=\"1441\" height=\"1920\" title=\"\" data-srcset=\"https:\/\/tmay.com\/wp-content\/uploads\/2023\/12\/\u8be6\u60c5_010-1.webp 1441w, https:\/\/tmay.com\/wp-content\/uploads\/2023\/12\/\u8be6\u60c5_010-1-225x300.webp 225w, https:\/\/tmay.com\/wp-content\/uploads\/2023\/12\/\u8be6\u60c5_010-1-769x1024.webp 769w, https:\/\/tmay.com\/wp-content\/uploads\/2023\/12\/\u8be6\u60c5_010-1-768x1023.webp 768w, https:\/\/tmay.com\/wp-content\/uploads\/2023\/12\/\u8be6\u60c5_010-1-1153x1536.webp 1153w, https:\/\/tmay.com\/wp-content\/uploads\/2023\/12\/\u8be6\u60c5_010-1-1320x1759.webp 1320w, https:\/\/tmay.com\/wp-content\/uploads\/2023\/12\/\u8be6\u60c5_010-1-600x799.webp 600w\" data-sizes=\"(max-width: 1441px) 100vw, 1441px\" src=\"data:image\/svg+xml;base64,PHN2ZyB3aWR0aD0iMSIgaGVpZ2h0PSIxIiB4bWxucz0iaHR0cDovL3d3dy53My5vcmcvMjAwMC9zdmciPjwvc3ZnPg==\" style=\"--smush-placeholder-width: 1441px; --smush-placeholder-aspect-ratio: 1441\/1920;\" \/><\/p>\n<p><img decoding=\"async\" class=\"aligncenter wp-image-137 size-full lazyload\" data-src=\"http:\/\/tingamy.com\/wp-content\/uploads\/2023\/11\/\u633a\u7f8e1-\u8be6\u60c5\u9875_13.jpg\" alt=\"\" width=\"750\" height=\"1314\" title=\"\" data-srcset=\"https:\/\/tmay.com\/wp-content\/uploads\/2023\/11\/\u633a\u7f8e1-\u8be6\u60c5\u9875_13.jpg 750w, https:\/\/tmay.com\/wp-content\/uploads\/2023\/11\/\u633a\u7f8e1-\u8be6\u60c5\u9875_13-171x300.jpg 171w, https:\/\/tmay.com\/wp-content\/uploads\/2023\/11\/\u633a\u7f8e1-\u8be6\u60c5\u9875_13-584x1024.jpg 584w, https:\/\/tmay.com\/wp-content\/uploads\/2023\/11\/\u633a\u7f8e1-\u8be6\u60c5\u9875_13-600x1051.jpg 600w\" data-sizes=\"(max-width: 750px) 100vw, 750px\" src=\"data:image\/svg+xml;base64,PHN2ZyB3aWR0aD0iMSIgaGVpZ2h0PSIxIiB4bWxucz0iaHR0cDovL3d3dy53My5vcmcvMjAwMC9zdmciPjwvc3ZnPg==\" style=\"--smush-placeholder-width: 750px; --smush-placeholder-aspect-ratio: 750\/1314;\" \/><img decoding=\"async\" class=\"aligncenter wp-image-138 size-full lazyload\" data-src=\"http:\/\/tingamy.com\/wp-content\/uploads\/2023\/11\/\u633a\u7f8e1-\u8be6\u60c5\u9875_14.jpg\" alt=\"\" width=\"750\" height=\"888\" title=\"\" data-srcset=\"https:\/\/tmay.com\/wp-content\/uploads\/2023\/11\/\u633a\u7f8e1-\u8be6\u60c5\u9875_14.jpg 750w, https:\/\/tmay.com\/wp-content\/uploads\/2023\/11\/\u633a\u7f8e1-\u8be6\u60c5\u9875_14-253x300.jpg 253w, https:\/\/tmay.com\/wp-content\/uploads\/2023\/11\/\u633a\u7f8e1-\u8be6\u60c5\u9875_14-600x710.jpg 600w\" data-sizes=\"(max-width: 750px) 100vw, 750px\" src=\"data:image\/svg+xml;base64,PHN2ZyB3aWR0aD0iMSIgaGVpZ2h0PSIxIiB4bWxucz0iaHR0cDovL3d3dy53My5vcmcvMjAwMC9zdmciPjwvc3ZnPg==\" style=\"--smush-placeholder-width: 750px; --smush-placeholder-aspect-ratio: 750\/888;\" \/><\/p>\n<p><img decoding=\"async\" class=\"aligncenter wp-image-139 size-full lazyload\" data-src=\"http:\/\/tingamy.com\/wp-content\/uploads\/2023\/11\/\u633a\u7f8e1-\u8be6\u60c5\u9875_15.jpg\" alt=\"\" width=\"750\" height=\"624\" title=\"\" data-srcset=\"https:\/\/tmay.com\/wp-content\/uploads\/2023\/11\/\u633a\u7f8e1-\u8be6\u60c5\u9875_15.jpg 750w, https:\/\/tmay.com\/wp-content\/uploads\/2023\/11\/\u633a\u7f8e1-\u8be6\u60c5\u9875_15-300x250.jpg 300w, https:\/\/tmay.com\/wp-content\/uploads\/2023\/11\/\u633a\u7f8e1-\u8be6\u60c5\u9875_15-600x499.jpg 600w\" data-sizes=\"(max-width: 750px) 100vw, 750px\" src=\"data:image\/svg+xml;base64,PHN2ZyB3aWR0aD0iMSIgaGVpZ2h0PSIxIiB4bWxucz0iaHR0cDovL3d3dy53My5vcmcvMjAwMC9zdmciPjwvc3ZnPg==\" style=\"--smush-placeholder-width: 750px; --smush-placeholder-aspect-ratio: 750\/624;\" \/><\/p>\n<p><img decoding=\"async\" class=\"aligncenter wp-image-140 size-full lazyload\" data-src=\"http:\/\/tingamy.com\/wp-content\/uploads\/2023\/11\/\u633a\u7f8e1-\u8be6\u60c5\u9875_16.jpg\" alt=\"\" width=\"750\" height=\"954\" title=\"\" data-srcset=\"https:\/\/tmay.com\/wp-content\/uploads\/2023\/11\/\u633a\u7f8e1-\u8be6\u60c5\u9875_16.jpg 750w, https:\/\/tmay.com\/wp-content\/uploads\/2023\/11\/\u633a\u7f8e1-\u8be6\u60c5\u9875_16-236x300.jpg 236w, https:\/\/tmay.com\/wp-content\/uploads\/2023\/11\/\u633a\u7f8e1-\u8be6\u60c5\u9875_16-600x763.jpg 600w\" data-sizes=\"(max-width: 750px) 100vw, 750px\" src=\"data:image\/svg+xml;base64,PHN2ZyB3aWR0aD0iMSIgaGVpZ2h0PSIxIiB4bWxucz0iaHR0cDovL3d3dy53My5vcmcvMjAwMC9zdmciPjwvc3ZnPg==\" style=\"--smush-placeholder-width: 750px; --smush-placeholder-aspect-ratio: 750\/954;\" \/><img decoding=\"async\" class=\"aligncenter wp-image-141 size-full lazyload\" data-src=\"http:\/\/tingamy.com\/wp-content\/uploads\/2023\/11\/\u633a\u7f8e1-\u8be6\u60c5\u9875_17.jpg\" alt=\"\" width=\"750\" height=\"544\" title=\"\" data-srcset=\"https:\/\/tmay.com\/wp-content\/uploads\/2023\/11\/\u633a\u7f8e1-\u8be6\u60c5\u9875_17.jpg 750w, https:\/\/tmay.com\/wp-content\/uploads\/2023\/11\/\u633a\u7f8e1-\u8be6\u60c5\u9875_17-300x218.jpg 300w, https:\/\/tmay.com\/wp-content\/uploads\/2023\/11\/\u633a\u7f8e1-\u8be6\u60c5\u9875_17-600x435.jpg 600w\" data-sizes=\"(max-width: 750px) 100vw, 750px\" src=\"data:image\/svg+xml;base64,PHN2ZyB3aWR0aD0iMSIgaGVpZ2h0PSIxIiB4bWxucz0iaHR0cDovL3d3dy53My5vcmcvMjAwMC9zdmciPjwvc3ZnPg==\" style=\"--smush-placeholder-width: 750px; --smush-placeholder-aspect-ratio: 750\/544;\" \/><img decoding=\"async\" class=\"aligncenter wp-image-142 size-full lazyload\" data-src=\"http:\/\/tingamy.com\/wp-content\/uploads\/2023\/11\/\u633a\u7f8e1-\u8be6\u60c5\u9875_18.jpg\" alt=\"\" width=\"750\" height=\"734\" title=\"\" data-srcset=\"https:\/\/tmay.com\/wp-content\/uploads\/2023\/11\/\u633a\u7f8e1-\u8be6\u60c5\u9875_18.jpg 750w, https:\/\/tmay.com\/wp-content\/uploads\/2023\/11\/\u633a\u7f8e1-\u8be6\u60c5\u9875_18-300x294.jpg 300w, https:\/\/tmay.com\/wp-content\/uploads\/2023\/11\/\u633a\u7f8e1-\u8be6\u60c5\u9875_18-600x587.jpg 600w\" data-sizes=\"(max-width: 750px) 100vw, 750px\" src=\"data:image\/svg+xml;base64,PHN2ZyB3aWR0aD0iMSIgaGVpZ2h0PSIxIiB4bWxucz0iaHR0cDovL3d3dy53My5vcmcvMjAwMC9zdmciPjwvc3ZnPg==\" style=\"--smush-placeholder-width: 750px; --smush-placeholder-aspect-ratio: 750\/734;\" \/><img decoding=\"async\" class=\"aligncenter size-full wp-image-143 lazyload\" data-src=\"http:\/\/tingamy.com\/wp-content\/uploads\/2023\/11\/\u633a\u7f8e1-\u8be6\u60c5\u9875_19.jpg\" alt=\"\" width=\"750\" height=\"488\" title=\"\" data-srcset=\"https:\/\/tmay.com\/wp-content\/uploads\/2023\/11\/\u633a\u7f8e1-\u8be6\u60c5\u9875_19.jpg 750w, https:\/\/tmay.com\/wp-content\/uploads\/2023\/11\/\u633a\u7f8e1-\u8be6\u60c5\u9875_19-300x195.jpg 300w, https:\/\/tmay.com\/wp-content\/uploads\/2023\/11\/\u633a\u7f8e1-\u8be6\u60c5\u9875_19-600x390.jpg 600w\" data-sizes=\"(max-width: 750px) 100vw, 750px\" src=\"data:image\/svg+xml;base64,PHN2ZyB3aWR0aD0iMSIgaGVpZ2h0PSIxIiB4bWxucz0iaHR0cDovL3d3dy53My5vcmcvMjAwMC9zdmciPjwvc3ZnPg==\" style=\"--smush-placeholder-width: 750px; --smush-placeholder-aspect-ratio: 750\/488;\" \/><img decoding=\"async\" class=\"aligncenter size-full wp-image-144 lazyload\" data-src=\"http:\/\/tingamy.com\/wp-content\/uploads\/2023\/11\/\u633a\u7f8e1-\u8be6\u60c5\u9875_20.jpg\" alt=\"\" width=\"750\" height=\"540\" title=\"\" data-srcset=\"https:\/\/tmay.com\/wp-content\/uploads\/2023\/11\/\u633a\u7f8e1-\u8be6\u60c5\u9875_20.jpg 750w, https:\/\/tmay.com\/wp-content\/uploads\/2023\/11\/\u633a\u7f8e1-\u8be6\u60c5\u9875_20-300x216.jpg 300w, https:\/\/tmay.com\/wp-content\/uploads\/2023\/11\/\u633a\u7f8e1-\u8be6\u60c5\u9875_20-600x432.jpg 600w\" data-sizes=\"(max-width: 750px) 100vw, 750px\" src=\"data:image\/svg+xml;base64,PHN2ZyB3aWR0aD0iMSIgaGVpZ2h0PSIxIiB4bWxucz0iaHR0cDovL3d3dy53My5vcmcvMjAwMC9zdmciPjwvc3ZnPg==\" style=\"--smush-placeholder-width: 750px; --smush-placeholder-aspect-ratio: 750\/540;\" \/><\/p>\n<p>&nbsp;<\/p>","protected":false},"excerpt":{"rendered":"<div class=\"module_title\">\n<div class=\"product-title-container\" data-aplus-ae=\"x1_121da332\" data-spm-anchor-id=\"a2700.wholesale.0.i0.47697038sew0ov\" data-aplus-clk=\"x24_409b6ddc\">\n<ul>\n<li><strong>All-in-One L\u00f6sung zum Abnehmen<\/strong>: Unser fortschrittliches Ger\u00e4t integriert Vakuumkavitation, Kryolipolyse und Fettabsaugungstechnologien f\u00fcr ein umfassendes und effektives Schlankheitserlebnis.<\/li>\n<li><strong>Gezielte Fettreduktion mit Kryolipolyse<\/strong>: Erleben Sie eine gezielte Fettreduzierung durch die fortschrittliche Kryolipolyse, eine nicht-invasive Technologie, die hartn\u00e4ckige Fettzellen einfriert und beseitigt und so f\u00fcr ein geformtes Aussehen sorgt.<\/li>\n<li><strong>Kavitation f\u00fcr Fettabbau<\/strong>: Nutzen Sie die Kavitationstechnologie, um Fettzellen zu zerst\u00f6ren und so eine effektive Gewichtsabnahme und K\u00f6rperkonturierung f\u00fcr eine straffere und definiertere Silhouette zu erreichen.<\/li>\n<li><strong>Liposuktion f\u00fcr pr\u00e4zise Ergebnisse<\/strong>: Der Einsatz der Fettabsaugungstechnologie sorgt f\u00fcr pr\u00e4zise Ergebnisse, die zu einer effektiven K\u00f6rperformung und zum Verlust von Zentimetern in bestimmten Bereichen beitragen.<\/li>\n<li><strong>Leistung auf professionellem Niveau<\/strong>: Unser Abnehmsystem wurde f\u00fcr eine professionelle Leistung entwickelt und eignet sich daher f\u00fcr Sch\u00f6nheitskliniken und Profis, die ein fortschrittliches und vielseitiges Abnehmger\u00e4t suchen.<\/li>\n<\/ul>\n<\/div>\n<\/div>","protected":false},"featured_media":421,"comment_status":"open","ping_status":"closed","template":"","meta":{"site-sidebar-layout":"default","site-content-layout":"","ast-site-content-layout":"default","site-content-style":"default","site-sidebar-style":"default","ast-global-header-display":"","ast-banner-title-visibility":"","ast-main-header-display":"","ast-hfb-above-header-display":"","ast-hfb-below-header-display":"","ast-hfb-mobile-header-display":"","site-post-title":"","ast-breadcrumbs-content":"","ast-featured-img":"","footer-sml-layout":"","ast-disable-related-posts":"","theme-transparent-header-meta":"default","adv-header-id-meta":"","stick-header-meta":"","header-above-stick-meta":"","header-main-stick-meta":"","header-below-stick-meta":"","astra-migrate-meta-layouts":"set","ast-page-background-enabled":"default","ast-page-background-meta":{"desktop":{"background-color":"var(--ast-global-color-4)","background-image":"","background-repeat":"repeat","background-position":"center center","background-size":"auto","background-attachment":"scroll","background-type":"","background-media":"","overlay-type":"","overlay-color":"","overlay-opacity":"","overlay-gradient":""},"tablet":{"background-color":"","background-image":"","background-repeat":"repeat","background-position":"center center","background-size":"auto","background-attachment":"scroll","background-type":"","background-media":"","overlay-type":"","overlay-color":"","overlay-opacity":"","overlay-gradient":""},"mobile":{"background-color":"","background-image":"","background-repeat":"repeat","background-position":"center center","background-size":"auto","background-attachment":"scroll","background-type":"","background-media":"","overlay-type":"","overlay-color":"","overlay-opacity":"","overlay-gradient":""}},"ast-content-background-meta":{"desktop":{"background-color":"var(--ast-global-color-5)","background-image":"","background-repeat":"repeat","background-position":"center center","background-size":"auto","background-attachment":"scroll","background-type":"","background-media":"","overlay-type":"","overlay-color":"","overlay-opacity":"","overlay-gradient":""},"tablet":{"background-color":"var(--ast-global-color-5)","background-image":"","background-repeat":"repeat","background-position":"center center","background-size":"auto","background-attachment":"scroll","background-type":"","background-media":"","overlay-type":"","overlay-color":"","overlay-opacity":"","overlay-gradient":""},"mobile":{"background-color":"var(--ast-global-color-5)","background-image":"","background-repeat":"repeat","background-position":"center center","background-size":"auto","background-attachment":"scroll","background-type":"","background-media":"","overlay-type":"","overlay-color":"","overlay-opacity":"","overlay-gradient":""}}},"product_brand":[],"product_cat":[23],"product_tag":[24],"class_list":{"0":"post-412","1":"product","2":"type-product","3":"status-publish","4":"has-post-thumbnail","6":"product_cat-cryolipolysis-fat-freezing","7":"product_tag-cryolipolysis-fat-freezing","8":"desktop-align-left","9":"tablet-align-left","10":"mobile-align-left","12":"first","13":"instock","14":"shipping-taxable","15":"product-type-simple"},"_links":{"self":[{"href":"https:\/\/tmay.com\/de\/wp-json\/wp\/v2\/product\/412","targetHints":{"allow":["GET"]}}],"collection":[{"href":"https:\/\/tmay.com\/de\/wp-json\/wp\/v2\/product"}],"about":[{"href":"https:\/\/tmay.com\/de\/wp-json\/wp\/v2\/types\/product"}],"replies":[{"embeddable":true,"href":"https:\/\/tmay.com\/de\/wp-json\/wp\/v2\/comments?post=412"}],"version-history":[{"count":1,"href":"https:\/\/tmay.com\/de\/wp-json\/wp\/v2\/product\/412\/revisions"}],"predecessor-version":[{"id":2507,"href":"https:\/\/tmay.com\/de\/wp-json\/wp\/v2\/product\/412\/revisions\/2507"}],"wp:featuredmedia":[{"embeddable":true,"href":"https:\/\/tmay.com\/de\/wp-json\/wp\/v2\/media\/421"}],"wp:attachment":[{"href":"https:\/\/tmay.com\/de\/wp-json\/wp\/v2\/media?parent=412"}],"wp:term":[{"taxonomy":"product_brand","embeddable":true,"href":"https:\/\/tmay.com\/de\/wp-json\/wp\/v2\/product_brand?post=412"},{"taxonomy":"product_cat","embeddable":true,"href":"https:\/\/tmay.com\/de\/wp-json\/wp\/v2\/product_cat?post=412"},{"taxonomy":"product_tag","embeddable":true,"href":"https:\/\/tmay.com\/de\/wp-json\/wp\/v2\/product_tag?post=412"}],"curies":[{"name":"wp","href":"https:\/\/api.w.org\/{rel}","templated":true}]}}