{"id":1909,"date":"2024-01-26T15:36:12","date_gmt":"2024-01-26T07:36:12","guid":{"rendered":"https:\/\/tmay.com\/?post_type=product&#038;p=1909"},"modified":"2024-03-07T16:36:20","modified_gmt":"2024-03-07T08:36:20","slug":"new-rf-vacuum-skin-tightening-roller-machine-vacuum-roller-slimming-machine-for-body-face-vacuum-roller-rf-machine","status":"publish","type":"product","link":"https:\/\/tmay.com\/es\/producto\/new-rf-vacuum-skin-tightening-roller-machine-vacuum-roller-slimming-machine-for-body-face-vacuum-roller-rf-machine\/","title":{"rendered":"Nueva m\u00e1quina Rf de estiramiento de la piel con rodillo de vac\u00edo M\u00e1quina de adelgazamiento con rodillo de vac\u00edo para el cuerpo M\u00e1quina Rf de estiramiento de la piel con rodillo de vac\u00edo"},"content":{"rendered":"<p><img fetchpriority=\"high\" decoding=\"async\" class=\"aligncenter size-full wp-image-136\" src=\"https:\/\/tmay.com\/wp-content\/uploads\/2023\/11\/\u633a\u7f8e1-\u8be6\u60c5\u9875_01.jpg\" alt=\"home use cryolipolisis 360 cool body sculpt machines fat freezing For Belly Fat Removal with Best Price\" width=\"750\" height=\"367\" title=\"\" srcset=\"https:\/\/tmay.com\/wp-content\/uploads\/2023\/11\/\u633a\u7f8e1-\u8be6\u60c5\u9875_01.jpg 750w, https:\/\/tmay.com\/wp-content\/uploads\/2023\/11\/\u633a\u7f8e1-\u8be6\u60c5\u9875_01-300x147.jpg 300w, https:\/\/tmay.com\/wp-content\/uploads\/2023\/11\/\u633a\u7f8e1-\u8be6\u60c5\u9875_01-600x294.jpg 600w\" sizes=\"(max-width: 750px) 100vw, 750px\" \/><\/p>\n<p><b><span style=\"color: #7693a3;\">Especificaci\u00f3n<\/span><\/b><\/p>\n<table class=\"hight-light-first-column all magic-12\">\n<tbody>\n<tr>\n<td colspan=\"1\" rowspan=\"1\">\n<div class=\"magic-13\" data-spm-anchor-id=\"a2700.wholesale.0.i69.304f33b6pWGSAc\">System<\/div>\n<\/td>\n<td colspan=\"1\" rowspan=\"1\">\n<div class=\"magic-14\">Vacuum RF + Cavitatoin<\/div>\n<\/td>\n<\/tr>\n<tr>\n<td colspan=\"1\" rowspan=\"1\">\n<div class=\"magic-13\">Potencia<\/div>\n<\/td>\n<td colspan=\"1\" rowspan=\"1\">\n<div class=\"magic-14\">600w<\/div>\n<\/td>\n<\/tr>\n<tr>\n<td colspan=\"1\" rowspan=\"1\">\n<div class=\"magic-13\">Touch screen<\/div>\n<\/td>\n<td colspan=\"1\" rowspan=\"1\">\n<div class=\"magic-14\">8 inch<\/div>\n<\/td>\n<\/tr>\n<tr>\n<td colspan=\"1\" rowspan=\"1\">\n<div class=\"magic-13\">Tensi\u00f3n<\/div>\n<\/td>\n<td colspan=\"1\" rowspan=\"1\">\n<div class=\"magic-14\">110\/240V 50-60Hz<\/div>\n<\/td>\n<\/tr>\n<tr>\n<td colspan=\"1\" rowspan=\"1\">\n<div class=\"magic-13\">Gross weight<\/div>\n<\/td>\n<td colspan=\"1\" rowspan=\"1\">\n<div class=\"magic-14\">47kg<\/div>\n<\/td>\n<\/tr>\n<tr>\n<td colspan=\"1\" rowspan=\"1\">\n<div class=\"magic-13\">Package size<\/div>\n<\/td>\n<td colspan=\"1\" rowspan=\"1\">\n<div class=\"magic-14\">65*51*66cm<\/div>\n<\/td>\n<\/tr>\n<tr>\n<td colspan=\"2\" rowspan=\"1\">\n<div class=\"magic-15\"><b>Large vacuum rf roller<\/b><\/div>\n<\/td>\n<\/tr>\n<tr>\n<td colspan=\"1\" rowspan=\"1\">\n<div class=\"magic-13\">Red light wavelength<\/div>\n<\/td>\n<td colspan=\"1\" rowspan=\"1\">\n<div class=\"magic-14\">700nm<\/div>\n<\/td>\n<\/tr>\n<tr>\n<td colspan=\"1\" rowspan=\"1\">\n<div class=\"magic-13\">Green light wavelength<\/div>\n<\/td>\n<td colspan=\"1\" rowspan=\"1\">\n<div class=\"magic-14\">560nm<\/div>\n<\/td>\n<\/tr>\n<tr>\n<td colspan=\"1\" rowspan=\"1\">\n<div class=\"magic-13\">Blue light wavelength<\/div>\n<\/td>\n<td colspan=\"1\" rowspan=\"1\">\n<div class=\"magic-14\">490nm<\/div>\n<\/td>\n<\/tr>\n<tr>\n<td colspan=\"1\" rowspan=\"1\">\n<div class=\"magic-13\">Vacuum pressure<\/div>\n<\/td>\n<td colspan=\"1\" rowspan=\"1\">\n<div class=\"magic-14\">120kpa<\/div>\n<\/td>\n<\/tr>\n<tr>\n<td colspan=\"1\" rowspan=\"1\">\n<div class=\"magic-13\">RF frequency<\/div>\n<\/td>\n<td colspan=\"1\" rowspan=\"1\">\n<div class=\"magic-14\">1Mhz<\/div>\n<\/td>\n<\/tr>\n<tr>\n<td colspan=\"1\" rowspan=\"1\">\n<div class=\"magic-13\">Roller speed<\/div>\n<\/td>\n<td colspan=\"1\" rowspan=\"1\">\n<div class=\"magic-14\">60r\/min<\/div>\n<\/td>\n<\/tr>\n<tr>\n<td colspan=\"2\" rowspan=\"1\">\n<div class=\"magic-15\"><b>Medium vacuum rf roller<\/b><\/div>\n<\/td>\n<\/tr>\n<tr>\n<td colspan=\"1\" rowspan=\"1\">\n<div class=\"magic-13\">Vacuum pressure<\/div>\n<\/td>\n<td colspan=\"1\" rowspan=\"1\">\n<div class=\"magic-14\">120kpa<\/div>\n<\/td>\n<\/tr>\n<tr>\n<td colspan=\"1\" rowspan=\"1\">\n<div class=\"magic-13\">RF frequency<\/div>\n<\/td>\n<td colspan=\"1\" rowspan=\"1\">\n<div class=\"magic-14\">1Mhz<\/div>\n<\/td>\n<\/tr>\n<tr>\n<td colspan=\"1\" rowspan=\"1\">\n<div class=\"magic-13\">Roller speed<\/div>\n<\/td>\n<td colspan=\"1\" rowspan=\"1\">\n<div class=\"magic-14\">60r\/min<\/div>\n<\/td>\n<\/tr>\n<tr>\n<td colspan=\"2\" rowspan=\"1\">\n<div class=\"magic-15\"><b>Multipolar rf\/Vacuum rf\/Face rf<\/b><\/div>\n<\/td>\n<\/tr>\n<tr>\n<td colspan=\"1\" rowspan=\"1\">\n<div class=\"magic-13\">RF frequency<\/div>\n<\/td>\n<td colspan=\"1\" rowspan=\"1\">\n<div class=\"magic-14\">1-5Mhz<\/div>\n<\/td>\n<\/tr>\n<tr>\n<td colspan=\"2\" rowspan=\"1\">\n<div class=\"magic-15\"><b>Cavitation<\/b><\/div>\n<\/td>\n<\/tr>\n<tr>\n<td colspan=\"1\" rowspan=\"1\">\n<div class=\"magic-18\">Frequency<\/div>\n<\/td>\n<td colspan=\"1\" rowspan=\"1\">\n<div class=\"magic-19\">40Khz<\/div>\n<\/td>\n<\/tr>\n<\/tbody>\n<\/table>\n<p><img decoding=\"async\" class=\"aligncenter size-full wp-image-1910 lazyload\" data-src=\"https:\/\/tmay.com\/wp-content\/uploads\/2024\/01\/0-1.jpg\" alt=\"\" width=\"1000\" height=\"1000\" title=\"\" data-srcset=\"https:\/\/tmay.com\/wp-content\/uploads\/2024\/01\/0-1.jpg 1000w, https:\/\/tmay.com\/wp-content\/uploads\/2024\/01\/0-1-300x300.jpg 300w, https:\/\/tmay.com\/wp-content\/uploads\/2024\/01\/0-1-150x150.jpg 150w, https:\/\/tmay.com\/wp-content\/uploads\/2024\/01\/0-1-768x768.jpg 768w, https:\/\/tmay.com\/wp-content\/uploads\/2024\/01\/0-1-144x144.jpg 144w, https:\/\/tmay.com\/wp-content\/uploads\/2024\/01\/0-1-600x600.jpg 600w, https:\/\/tmay.com\/wp-content\/uploads\/2024\/01\/0-1-100x100.jpg 100w\" data-sizes=\"(max-width: 1000px) 100vw, 1000px\" src=\"data:image\/svg+xml;base64,PHN2ZyB3aWR0aD0iMSIgaGVpZ2h0PSIxIiB4bWxucz0iaHR0cDovL3d3dy53My5vcmcvMjAwMC9zdmciPjwvc3ZnPg==\" style=\"--smush-placeholder-width: 1000px; --smush-placeholder-aspect-ratio: 1000\/1000;\" \/> <img decoding=\"async\" class=\"aligncenter size-full wp-image-1911 lazyload\" data-src=\"https:\/\/tmay.com\/wp-content\/uploads\/2024\/01\/15.jpg\" alt=\"\" width=\"1000\" height=\"1000\" title=\"\" data-srcset=\"https:\/\/tmay.com\/wp-content\/uploads\/2024\/01\/15.jpg 1000w, https:\/\/tmay.com\/wp-content\/uploads\/2024\/01\/15-300x300.jpg 300w, https:\/\/tmay.com\/wp-content\/uploads\/2024\/01\/15-150x150.jpg 150w, https:\/\/tmay.com\/wp-content\/uploads\/2024\/01\/15-768x768.jpg 768w, https:\/\/tmay.com\/wp-content\/uploads\/2024\/01\/15-144x144.jpg 144w, https:\/\/tmay.com\/wp-content\/uploads\/2024\/01\/15-600x600.jpg 600w, https:\/\/tmay.com\/wp-content\/uploads\/2024\/01\/15-100x100.jpg 100w\" data-sizes=\"(max-width: 1000px) 100vw, 1000px\" src=\"data:image\/svg+xml;base64,PHN2ZyB3aWR0aD0iMSIgaGVpZ2h0PSIxIiB4bWxucz0iaHR0cDovL3d3dy53My5vcmcvMjAwMC9zdmciPjwvc3ZnPg==\" style=\"--smush-placeholder-width: 1000px; --smush-placeholder-aspect-ratio: 1000\/1000;\" \/> <img decoding=\"async\" class=\"aligncenter size-full wp-image-1912 lazyload\" data-src=\"https:\/\/tmay.com\/wp-content\/uploads\/2024\/01\/15-1.jpg\" alt=\"\" width=\"1000\" height=\"1000\" title=\"\" data-srcset=\"https:\/\/tmay.com\/wp-content\/uploads\/2024\/01\/15-1.jpg 1000w, https:\/\/tmay.com\/wp-content\/uploads\/2024\/01\/15-1-300x300.jpg 300w, https:\/\/tmay.com\/wp-content\/uploads\/2024\/01\/15-1-150x150.jpg 150w, https:\/\/tmay.com\/wp-content\/uploads\/2024\/01\/15-1-768x768.jpg 768w, https:\/\/tmay.com\/wp-content\/uploads\/2024\/01\/15-1-144x144.jpg 144w, https:\/\/tmay.com\/wp-content\/uploads\/2024\/01\/15-1-600x600.jpg 600w, https:\/\/tmay.com\/wp-content\/uploads\/2024\/01\/15-1-100x100.jpg 100w\" data-sizes=\"(max-width: 1000px) 100vw, 1000px\" src=\"data:image\/svg+xml;base64,PHN2ZyB3aWR0aD0iMSIgaGVpZ2h0PSIxIiB4bWxucz0iaHR0cDovL3d3dy53My5vcmcvMjAwMC9zdmciPjwvc3ZnPg==\" style=\"--smush-placeholder-width: 1000px; --smush-placeholder-aspect-ratio: 1000\/1000;\" \/> <img decoding=\"async\" class=\"aligncenter size-full wp-image-1913 lazyload\" data-src=\"https:\/\/tmay.com\/wp-content\/uploads\/2024\/01\/45-2.jpg\" alt=\"\" width=\"1000\" height=\"1000\" title=\"\" data-srcset=\"https:\/\/tmay.com\/wp-content\/uploads\/2024\/01\/45-2.jpg 1000w, https:\/\/tmay.com\/wp-content\/uploads\/2024\/01\/45-2-300x300.jpg 300w, https:\/\/tmay.com\/wp-content\/uploads\/2024\/01\/45-2-150x150.jpg 150w, https:\/\/tmay.com\/wp-content\/uploads\/2024\/01\/45-2-768x768.jpg 768w, https:\/\/tmay.com\/wp-content\/uploads\/2024\/01\/45-2-144x144.jpg 144w, https:\/\/tmay.com\/wp-content\/uploads\/2024\/01\/45-2-600x600.jpg 600w, https:\/\/tmay.com\/wp-content\/uploads\/2024\/01\/45-2-100x100.jpg 100w\" data-sizes=\"(max-width: 1000px) 100vw, 1000px\" src=\"data:image\/svg+xml;base64,PHN2ZyB3aWR0aD0iMSIgaGVpZ2h0PSIxIiB4bWxucz0iaHR0cDovL3d3dy53My5vcmcvMjAwMC9zdmciPjwvc3ZnPg==\" style=\"--smush-placeholder-width: 1000px; --smush-placeholder-aspect-ratio: 1000\/1000;\" \/> <img decoding=\"async\" class=\"aligncenter size-full wp-image-1914 lazyload\" data-src=\"https:\/\/tmay.com\/wp-content\/uploads\/2024\/01\/45-3.jpg\" alt=\"\" width=\"1000\" height=\"1000\" title=\"\" data-srcset=\"https:\/\/tmay.com\/wp-content\/uploads\/2024\/01\/45-3.jpg 1000w, https:\/\/tmay.com\/wp-content\/uploads\/2024\/01\/45-3-300x300.jpg 300w, https:\/\/tmay.com\/wp-content\/uploads\/2024\/01\/45-3-150x150.jpg 150w, https:\/\/tmay.com\/wp-content\/uploads\/2024\/01\/45-3-768x768.jpg 768w, https:\/\/tmay.com\/wp-content\/uploads\/2024\/01\/45-3-144x144.jpg 144w, https:\/\/tmay.com\/wp-content\/uploads\/2024\/01\/45-3-600x600.jpg 600w, https:\/\/tmay.com\/wp-content\/uploads\/2024\/01\/45-3-100x100.jpg 100w\" data-sizes=\"(max-width: 1000px) 100vw, 1000px\" src=\"data:image\/svg+xml;base64,PHN2ZyB3aWR0aD0iMSIgaGVpZ2h0PSIxIiB4bWxucz0iaHR0cDovL3d3dy53My5vcmcvMjAwMC9zdmciPjwvc3ZnPg==\" style=\"--smush-placeholder-width: 1000px; --smush-placeholder-aspect-ratio: 1000\/1000;\" \/> <img decoding=\"async\" class=\"aligncenter size-full wp-image-1915 lazyload\" data-src=\"https:\/\/tmay.com\/wp-content\/uploads\/2024\/01\/90-2.jpg\" alt=\"\" width=\"1000\" height=\"1000\" title=\"\" data-srcset=\"https:\/\/tmay.com\/wp-content\/uploads\/2024\/01\/90-2.jpg 1000w, https:\/\/tmay.com\/wp-content\/uploads\/2024\/01\/90-2-300x300.jpg 300w, https:\/\/tmay.com\/wp-content\/uploads\/2024\/01\/90-2-150x150.jpg 150w, https:\/\/tmay.com\/wp-content\/uploads\/2024\/01\/90-2-768x768.jpg 768w, https:\/\/tmay.com\/wp-content\/uploads\/2024\/01\/90-2-144x144.jpg 144w, https:\/\/tmay.com\/wp-content\/uploads\/2024\/01\/90-2-600x600.jpg 600w, https:\/\/tmay.com\/wp-content\/uploads\/2024\/01\/90-2-100x100.jpg 100w\" data-sizes=\"(max-width: 1000px) 100vw, 1000px\" src=\"data:image\/svg+xml;base64,PHN2ZyB3aWR0aD0iMSIgaGVpZ2h0PSIxIiB4bWxucz0iaHR0cDovL3d3dy53My5vcmcvMjAwMC9zdmciPjwvc3ZnPg==\" style=\"--smush-placeholder-width: 1000px; --smush-placeholder-aspect-ratio: 1000\/1000;\" \/> <img decoding=\"async\" class=\"aligncenter size-full wp-image-1916 lazyload\" data-src=\"https:\/\/tmay.com\/wp-content\/uploads\/2024\/01\/90-3.jpg\" alt=\"\" width=\"1000\" height=\"1000\" title=\"\" data-srcset=\"https:\/\/tmay.com\/wp-content\/uploads\/2024\/01\/90-3.jpg 1000w, https:\/\/tmay.com\/wp-content\/uploads\/2024\/01\/90-3-300x300.jpg 300w, https:\/\/tmay.com\/wp-content\/uploads\/2024\/01\/90-3-150x150.jpg 150w, https:\/\/tmay.com\/wp-content\/uploads\/2024\/01\/90-3-768x768.jpg 768w, https:\/\/tmay.com\/wp-content\/uploads\/2024\/01\/90-3-144x144.jpg 144w, https:\/\/tmay.com\/wp-content\/uploads\/2024\/01\/90-3-600x600.jpg 600w, https:\/\/tmay.com\/wp-content\/uploads\/2024\/01\/90-3-100x100.jpg 100w\" data-sizes=\"(max-width: 1000px) 100vw, 1000px\" src=\"data:image\/svg+xml;base64,PHN2ZyB3aWR0aD0iMSIgaGVpZ2h0PSIxIiB4bWxucz0iaHR0cDovL3d3dy53My5vcmcvMjAwMC9zdmciPjwvc3ZnPg==\" style=\"--smush-placeholder-width: 1000px; --smush-placeholder-aspect-ratio: 1000\/1000;\" \/> <img decoding=\"async\" class=\"aligncenter size-full wp-image-1917 lazyload\" data-src=\"https:\/\/tmay.com\/wp-content\/uploads\/2024\/01\/165-2.jpg\" alt=\"\" width=\"1000\" height=\"1000\" title=\"\" data-srcset=\"https:\/\/tmay.com\/wp-content\/uploads\/2024\/01\/165-2.jpg 1000w, https:\/\/tmay.com\/wp-content\/uploads\/2024\/01\/165-2-300x300.jpg 300w, https:\/\/tmay.com\/wp-content\/uploads\/2024\/01\/165-2-150x150.jpg 150w, https:\/\/tmay.com\/wp-content\/uploads\/2024\/01\/165-2-768x768.jpg 768w, https:\/\/tmay.com\/wp-content\/uploads\/2024\/01\/165-2-144x144.jpg 144w, https:\/\/tmay.com\/wp-content\/uploads\/2024\/01\/165-2-600x600.jpg 600w, https:\/\/tmay.com\/wp-content\/uploads\/2024\/01\/165-2-100x100.jpg 100w\" data-sizes=\"(max-width: 1000px) 100vw, 1000px\" src=\"data:image\/svg+xml;base64,PHN2ZyB3aWR0aD0iMSIgaGVpZ2h0PSIxIiB4bWxucz0iaHR0cDovL3d3dy53My5vcmcvMjAwMC9zdmciPjwvc3ZnPg==\" style=\"--smush-placeholder-width: 1000px; --smush-placeholder-aspect-ratio: 1000\/1000;\" \/> <img decoding=\"async\" class=\"aligncenter size-full wp-image-1918 lazyload\" data-src=\"https:\/\/tmay.com\/wp-content\/uploads\/2024\/01\/180-1.jpg\" alt=\"\" width=\"1000\" height=\"1000\" title=\"\" data-srcset=\"https:\/\/tmay.com\/wp-content\/uploads\/2024\/01\/180-1.jpg 1000w, https:\/\/tmay.com\/wp-content\/uploads\/2024\/01\/180-1-300x300.jpg 300w, https:\/\/tmay.com\/wp-content\/uploads\/2024\/01\/180-1-150x150.jpg 150w, https:\/\/tmay.com\/wp-content\/uploads\/2024\/01\/180-1-768x768.jpg 768w, https:\/\/tmay.com\/wp-content\/uploads\/2024\/01\/180-1-144x144.jpg 144w, https:\/\/tmay.com\/wp-content\/uploads\/2024\/01\/180-1-600x600.jpg 600w, https:\/\/tmay.com\/wp-content\/uploads\/2024\/01\/180-1-100x100.jpg 100w\" data-sizes=\"(max-width: 1000px) 100vw, 1000px\" src=\"data:image\/svg+xml;base64,PHN2ZyB3aWR0aD0iMSIgaGVpZ2h0PSIxIiB4bWxucz0iaHR0cDovL3d3dy53My5vcmcvMjAwMC9zdmciPjwvc3ZnPg==\" style=\"--smush-placeholder-width: 1000px; --smush-placeholder-aspect-ratio: 1000\/1000;\" \/> <img decoding=\"async\" class=\"aligncenter size-full wp-image-1919 lazyload\" data-src=\"https:\/\/tmay.com\/wp-content\/uploads\/2024\/01\/195.jpg\" alt=\"\" width=\"1000\" height=\"1000\" title=\"\" data-srcset=\"https:\/\/tmay.com\/wp-content\/uploads\/2024\/01\/195.jpg 1000w, https:\/\/tmay.com\/wp-content\/uploads\/2024\/01\/195-300x300.jpg 300w, https:\/\/tmay.com\/wp-content\/uploads\/2024\/01\/195-150x150.jpg 150w, https:\/\/tmay.com\/wp-content\/uploads\/2024\/01\/195-768x768.jpg 768w, https:\/\/tmay.com\/wp-content\/uploads\/2024\/01\/195-144x144.jpg 144w, https:\/\/tmay.com\/wp-content\/uploads\/2024\/01\/195-600x600.jpg 600w, https:\/\/tmay.com\/wp-content\/uploads\/2024\/01\/195-100x100.jpg 100w\" data-sizes=\"(max-width: 1000px) 100vw, 1000px\" src=\"data:image\/svg+xml;base64,PHN2ZyB3aWR0aD0iMSIgaGVpZ2h0PSIxIiB4bWxucz0iaHR0cDovL3d3dy53My5vcmcvMjAwMC9zdmciPjwvc3ZnPg==\" style=\"--smush-placeholder-width: 1000px; --smush-placeholder-aspect-ratio: 1000\/1000;\" \/><\/p>\n<p><img decoding=\"async\" class=\"aligncenter size-full wp-image-140 lazyload\" data-src=\"https:\/\/tmay.com\/wp-content\/uploads\/2023\/11\/\u633a\u7f8e1-\u8be6\u60c5\u9875_16.jpg\" alt=\"Cryolipolisis 360\" width=\"750\" height=\"954\" title=\"\" data-srcset=\"https:\/\/tmay.com\/wp-content\/uploads\/2023\/11\/\u633a\u7f8e1-\u8be6\u60c5\u9875_16.jpg 750w, https:\/\/tmay.com\/wp-content\/uploads\/2023\/11\/\u633a\u7f8e1-\u8be6\u60c5\u9875_16-236x300.jpg 236w, https:\/\/tmay.com\/wp-content\/uploads\/2023\/11\/\u633a\u7f8e1-\u8be6\u60c5\u9875_16-600x763.jpg 600w\" data-sizes=\"(max-width: 750px) 100vw, 750px\" src=\"data:image\/svg+xml;base64,PHN2ZyB3aWR0aD0iMSIgaGVpZ2h0PSIxIiB4bWxucz0iaHR0cDovL3d3dy53My5vcmcvMjAwMC9zdmciPjwvc3ZnPg==\" style=\"--smush-placeholder-width: 750px; --smush-placeholder-aspect-ratio: 750\/954;\" \/> <img decoding=\"async\" class=\"aligncenter size-full wp-image-141 lazyload\" data-src=\"https:\/\/tmay.com\/wp-content\/uploads\/2023\/11\/\u633a\u7f8e1-\u8be6\u60c5\u9875_17.jpg\" alt=\"Cryolipolysis Machine\" width=\"750\" height=\"544\" title=\"\" data-srcset=\"https:\/\/tmay.com\/wp-content\/uploads\/2023\/11\/\u633a\u7f8e1-\u8be6\u60c5\u9875_17.jpg 750w, https:\/\/tmay.com\/wp-content\/uploads\/2023\/11\/\u633a\u7f8e1-\u8be6\u60c5\u9875_17-300x218.jpg 300w, https:\/\/tmay.com\/wp-content\/uploads\/2023\/11\/\u633a\u7f8e1-\u8be6\u60c5\u9875_17-600x435.jpg 600w\" data-sizes=\"(max-width: 750px) 100vw, 750px\" src=\"data:image\/svg+xml;base64,PHN2ZyB3aWR0aD0iMSIgaGVpZ2h0PSIxIiB4bWxucz0iaHR0cDovL3d3dy53My5vcmcvMjAwMC9zdmciPjwvc3ZnPg==\" style=\"--smush-placeholder-width: 750px; --smush-placeholder-aspect-ratio: 750\/544;\" \/> <img decoding=\"async\" class=\"aligncenter size-full wp-image-142 lazyload\" data-src=\"https:\/\/tmay.com\/wp-content\/uploads\/2023\/11\/\u633a\u7f8e1-\u8be6\u60c5\u9875_18.jpg\" alt=\"Cool Body Sculpt Machines Fat Freezing\" width=\"750\" height=\"734\" title=\"\" data-srcset=\"https:\/\/tmay.com\/wp-content\/uploads\/2023\/11\/\u633a\u7f8e1-\u8be6\u60c5\u9875_18.jpg 750w, https:\/\/tmay.com\/wp-content\/uploads\/2023\/11\/\u633a\u7f8e1-\u8be6\u60c5\u9875_18-300x294.jpg 300w, https:\/\/tmay.com\/wp-content\/uploads\/2023\/11\/\u633a\u7f8e1-\u8be6\u60c5\u9875_18-600x587.jpg 600w\" data-sizes=\"(max-width: 750px) 100vw, 750px\" src=\"data:image\/svg+xml;base64,PHN2ZyB3aWR0aD0iMSIgaGVpZ2h0PSIxIiB4bWxucz0iaHR0cDovL3d3dy53My5vcmcvMjAwMC9zdmciPjwvc3ZnPg==\" style=\"--smush-placeholder-width: 750px; --smush-placeholder-aspect-ratio: 750\/734;\" \/> <img decoding=\"async\" class=\"aligncenter size-full wp-image-143 lazyload\" data-src=\"https:\/\/tmay.com\/wp-content\/uploads\/2023\/11\/\u633a\u7f8e1-\u8be6\u60c5\u9875_19.jpg\" alt=\"\" width=\"750\" height=\"488\" title=\"\" data-srcset=\"https:\/\/tmay.com\/wp-content\/uploads\/2023\/11\/\u633a\u7f8e1-\u8be6\u60c5\u9875_19.jpg 750w, https:\/\/tmay.com\/wp-content\/uploads\/2023\/11\/\u633a\u7f8e1-\u8be6\u60c5\u9875_19-300x195.jpg 300w, https:\/\/tmay.com\/wp-content\/uploads\/2023\/11\/\u633a\u7f8e1-\u8be6\u60c5\u9875_19-600x390.jpg 600w\" data-sizes=\"(max-width: 750px) 100vw, 750px\" src=\"data:image\/svg+xml;base64,PHN2ZyB3aWR0aD0iMSIgaGVpZ2h0PSIxIiB4bWxucz0iaHR0cDovL3d3dy53My5vcmcvMjAwMC9zdmciPjwvc3ZnPg==\" style=\"--smush-placeholder-width: 750px; --smush-placeholder-aspect-ratio: 750\/488;\" \/> <img decoding=\"async\" class=\"aligncenter size-full wp-image-144 lazyload\" data-src=\"https:\/\/tmay.com\/wp-content\/uploads\/2023\/11\/\u633a\u7f8e1-\u8be6\u60c5\u9875_20.jpg\" alt=\"\" width=\"750\" height=\"540\" title=\"\" data-srcset=\"https:\/\/tmay.com\/wp-content\/uploads\/2023\/11\/\u633a\u7f8e1-\u8be6\u60c5\u9875_20.jpg 750w, https:\/\/tmay.com\/wp-content\/uploads\/2023\/11\/\u633a\u7f8e1-\u8be6\u60c5\u9875_20-300x216.jpg 300w, https:\/\/tmay.com\/wp-content\/uploads\/2023\/11\/\u633a\u7f8e1-\u8be6\u60c5\u9875_20-600x432.jpg 600w\" data-sizes=\"(max-width: 750px) 100vw, 750px\" src=\"data:image\/svg+xml;base64,PHN2ZyB3aWR0aD0iMSIgaGVpZ2h0PSIxIiB4bWxucz0iaHR0cDovL3d3dy53My5vcmcvMjAwMC9zdmciPjwvc3ZnPg==\" style=\"--smush-placeholder-width: 750px; --smush-placeholder-aspect-ratio: 750\/540;\" \/><\/p>","protected":false},"excerpt":{"rendered":"<ol>\n<li><strong>RF Technology:<\/strong>\n<ul>\n<li>Utilizes Radio Frequency energy to stimulate collagen production.<\/li>\n<li>Promotes skin tightening, wrinkle reduction, and overall rejuvenation.<\/li>\n<\/ul>\n<\/li>\n<li><strong>Vacuum Roller Technology:<\/strong>\n<ul>\n<li>Integrates vacuum suction and roller massage for effective body contouring.<\/li>\n<li>Enhances lymphatic drainage and reduces the appearance of cellulite.<\/li>\n<\/ul>\n<\/li>\n<li><strong>Versatile Applications:<\/strong>\n<ul>\n<li>Suitable for both facial and body treatments.<\/li>\n<li>Addresses skin laxity, cellulite, and promotes a more contoured appearance.<\/li>\n<\/ul>\n<\/li>\n<\/ol>","protected":false},"featured_media":1912,"comment_status":"open","ping_status":"closed","template":"","meta":{"site-sidebar-layout":"default","site-content-layout":"","ast-site-content-layout":"default","site-content-style":"default","site-sidebar-style":"default","ast-global-header-display":"","ast-banner-title-visibility":"","ast-main-header-display":"","ast-hfb-above-header-display":"","ast-hfb-below-header-display":"","ast-hfb-mobile-header-display":"","site-post-title":"","ast-breadcrumbs-content":"","ast-featured-img":"","footer-sml-layout":"","ast-disable-related-posts":"","theme-transparent-header-meta":"default","adv-header-id-meta":"","stick-header-meta":"","header-above-stick-meta":"","header-main-stick-meta":"","header-below-stick-meta":"","astra-migrate-meta-layouts":"set","ast-page-background-enabled":"default","ast-page-background-meta":{"desktop":{"background-color":"var(--ast-global-color-4)","background-image":"","background-repeat":"repeat","background-position":"center center","background-size":"auto","background-attachment":"scroll","background-type":"","background-media":"","overlay-type":"","overlay-color":"","overlay-opacity":"","overlay-gradient":""},"tablet":{"background-color":"","background-image":"","background-repeat":"repeat","background-position":"center center","background-size":"auto","background-attachment":"scroll","background-type":"","background-media":"","overlay-type":"","overlay-color":"","overlay-opacity":"","overlay-gradient":""},"mobile":{"background-color":"","background-image":"","background-repeat":"repeat","background-position":"center center","background-size":"auto","background-attachment":"scroll","background-type":"","background-media":"","overlay-type":"","overlay-color":"","overlay-opacity":"","overlay-gradient":""}},"ast-content-background-meta":{"desktop":{"background-color":"var(--ast-global-color-5)","background-image":"","background-repeat":"repeat","background-position":"center center","background-size":"auto","background-attachment":"scroll","background-type":"","background-media":"","overlay-type":"","overlay-color":"","overlay-opacity":"","overlay-gradient":""},"tablet":{"background-color":"var(--ast-global-color-5)","background-image":"","background-repeat":"repeat","background-position":"center center","background-size":"auto","background-attachment":"scroll","background-type":"","background-media":"","overlay-type":"","overlay-color":"","overlay-opacity":"","overlay-gradient":""},"mobile":{"background-color":"var(--ast-global-color-5)","background-image":"","background-repeat":"repeat","background-position":"center center","background-size":"auto","background-attachment":"scroll","background-type":"","background-media":"","overlay-type":"","overlay-color":"","overlay-opacity":"","overlay-gradient":""}}},"product_brand":[],"product_cat":[31],"product_tag":[32],"class_list":{"0":"post-1909","1":"product","2":"type-product","3":"status-publish","4":"has-post-thumbnail","6":"product_cat-cavitation-rf-machine","7":"product_tag-cavitation-rf-machine","8":"desktop-align-left","9":"tablet-align-left","10":"mobile-align-left","12":"first","13":"instock","14":"shipping-taxable","15":"product-type-simple"},"_links":{"self":[{"href":"https:\/\/tmay.com\/es\/wp-json\/wp\/v2\/product\/1909","targetHints":{"allow":["GET"]}}],"collection":[{"href":"https:\/\/tmay.com\/es\/wp-json\/wp\/v2\/product"}],"about":[{"href":"https:\/\/tmay.com\/es\/wp-json\/wp\/v2\/types\/product"}],"replies":[{"embeddable":true,"href":"https:\/\/tmay.com\/es\/wp-json\/wp\/v2\/comments?post=1909"}],"version-history":[{"count":3,"href":"https:\/\/tmay.com\/es\/wp-json\/wp\/v2\/product\/1909\/revisions"}],"predecessor-version":[{"id":2326,"href":"https:\/\/tmay.com\/es\/wp-json\/wp\/v2\/product\/1909\/revisions\/2326"}],"wp:featuredmedia":[{"embeddable":true,"href":"https:\/\/tmay.com\/es\/wp-json\/wp\/v2\/media\/1912"}],"wp:attachment":[{"href":"https:\/\/tmay.com\/es\/wp-json\/wp\/v2\/media?parent=1909"}],"wp:term":[{"taxonomy":"product_brand","embeddable":true,"href":"https:\/\/tmay.com\/es\/wp-json\/wp\/v2\/product_brand?post=1909"},{"taxonomy":"product_cat","embeddable":true,"href":"https:\/\/tmay.com\/es\/wp-json\/wp\/v2\/product_cat?post=1909"},{"taxonomy":"product_tag","embeddable":true,"href":"https:\/\/tmay.com\/es\/wp-json\/wp\/v2\/product_tag?post=1909"}],"curies":[{"name":"wp","href":"https:\/\/api.w.org\/{rel}","templated":true}]}}