{"id":2133,"date":"2024-01-29T15:10:34","date_gmt":"2024-01-29T07:10:34","guid":{"rendered":"https:\/\/tmay.com\/?post_type=product&#038;p=2133"},"modified":"2024-03-07T16:33:27","modified_gmt":"2024-03-07T08:33:27","slug":"hot-selling-2024-laser-hair-removal-portable-3-wavelength-755-1064-808-diode-laser-hair-removal-machine","status":"publish","type":"product","link":"https:\/\/tmay.com\/es\/producto\/hot-selling-2024-laser-hair-removal-portable-3-wavelength-755-1064-808-diode-laser-hair-removal-machine\/","title":{"rendered":"Venta caliente 2024 depilaci\u00f3n l\u00e1ser port\u00e1til 3 longitud de onda 755 1064 808 diodo l\u00e1ser depilaci\u00f3n m\u00e1quina"},"content":{"rendered":"<p><img fetchpriority=\"high\" decoding=\"async\" class=\"aligncenter size-full wp-image-136\" src=\"https:\/\/tmay.com\/wp-content\/uploads\/2023\/11\/\u633a\u7f8e1-\u8be6\u60c5\u9875_01.jpg\" alt=\"home use cryolipolisis 360 cool body sculpt machines fat freezing For Belly Fat Removal with Best Price\" width=\"750\" height=\"367\" title=\"\" srcset=\"https:\/\/tmay.com\/wp-content\/uploads\/2023\/11\/\u633a\u7f8e1-\u8be6\u60c5\u9875_01.jpg 750w, https:\/\/tmay.com\/wp-content\/uploads\/2023\/11\/\u633a\u7f8e1-\u8be6\u60c5\u9875_01-300x147.jpg 300w, https:\/\/tmay.com\/wp-content\/uploads\/2023\/11\/\u633a\u7f8e1-\u8be6\u60c5\u9875_01-600x294.jpg 600w\" sizes=\"(max-width: 750px) 100vw, 750px\" \/><\/p>\n<p><span style=\"color: #7693a3;\"><b data-spm-anchor-id=\"a2700.wholesale.0.i86.74b31d64rlLNL9\">How it works?<\/b><\/span><\/p>\n<p><span data-spm-anchor-id=\"a2700.wholesale.0.i89.74b31d64rlLNL9\">The Laser hair removal method is unlike any other laser hair removal treatment. Featuring its exclusive 3D technology, it combines the three most effective laser wavelengths into a single applicator, simultaneously targeting different tissue depths and anatomical structures within the hair follicle.<br \/>\n* The Alexandrite 755nm \u2013 This wavelength is used to target an extensive range of hair colors and types, including thin hair and hair that is light in color, and can even address embedded hair.<\/span><\/p>\n<p>* The SPEED 810nm\/808nm\u2013 This wavelength is used for darker skin types, and targets the deep hair follicle. It has a moderate tissue penetration depth to treat areas like the arms, legs, cheeks, and chin.<\/p>\n<p>* YAG 1064\u2013 The YAG 1064 is the most penetrative wavelength, and is ideal for treating embedded hairs, like those that can occur in the armpits and pubic area, and targets the deepest parts of the follicle for the most effective laser hair removal treatment possible.<\/p>\n<p>By combining the absorption and penetration levels of different wavelengths, along with extended treatment coverage, increased comfort and low maintenance requirements, Soprano Titanium is the safest and most efficient hair removal treatment available today.<\/p>\n<div class=\"J_module\">\n<div class=\"detail-decorate-json-renderer-container\">\n<div class=\"magic-0\">\n<div class=\"magic-1\" data-spm-anchor-id=\"a2700.wholesale.0.i83.4d8b6be2TSP5ZS\">\n<div class=\"magic-2\">\n<div class=\"magic-3\">\n<p><b><span style=\"color: #7693a3;\" data-spm-anchor-id=\"a2700.wholesale.0.i84.4d8b6be2TSP5ZS\">Especificaci\u00f3n<\/span><\/b><\/p>\n<table>\n<thead>\n<tr>\n<td>Display<\/td>\n<td>10 inch touch screen<\/td>\n<\/tr>\n<\/thead>\n<tbody>\n<tr>\n<td>Longitud de onda<\/td>\n<td>808nm\/Triple wavelength:808,755,1064nm<\/td>\n<\/tr>\n<tr>\n<td>Frequency<\/td>\n<td>1-10Hz<\/td>\n<\/tr>\n<tr>\n<td>Energy<\/td>\n<td>1-50J\/cm\u00b2<\/td>\n<\/tr>\n<tr>\n<td>Laser shot<\/td>\n<td>20 millions shots<\/td>\n<\/tr>\n<tr>\n<td>Cooling system<\/td>\n<td>Water+Air cooling<\/td>\n<\/tr>\n<tr>\n<td>Tensi\u00f3n<\/td>\n<td>110V-240V<\/td>\n<\/tr>\n<\/tbody>\n<\/table>\n<p><img decoding=\"async\" class=\"aligncenter size-full wp-image-2139 lazyload\" data-src=\"https:\/\/tmay.com\/wp-content\/uploads\/2024\/01\/\u4e3b\u56fe_004-34.webp\" alt=\"\" width=\"1000\" height=\"1000\" title=\"\" data-srcset=\"https:\/\/tmay.com\/wp-content\/uploads\/2024\/01\/\u4e3b\u56fe_004-34.webp 1000w, https:\/\/tmay.com\/wp-content\/uploads\/2024\/01\/\u4e3b\u56fe_004-34-300x300.webp 300w, https:\/\/tmay.com\/wp-content\/uploads\/2024\/01\/\u4e3b\u56fe_004-34-150x150.webp 150w, https:\/\/tmay.com\/wp-content\/uploads\/2024\/01\/\u4e3b\u56fe_004-34-768x768.webp 768w, https:\/\/tmay.com\/wp-content\/uploads\/2024\/01\/\u4e3b\u56fe_004-34-144x144.webp 144w, https:\/\/tmay.com\/wp-content\/uploads\/2024\/01\/\u4e3b\u56fe_004-34-600x600.webp 600w, https:\/\/tmay.com\/wp-content\/uploads\/2024\/01\/\u4e3b\u56fe_004-34-100x100.webp 100w\" data-sizes=\"(max-width: 1000px) 100vw, 1000px\" src=\"data:image\/svg+xml;base64,PHN2ZyB3aWR0aD0iMSIgaGVpZ2h0PSIxIiB4bWxucz0iaHR0cDovL3d3dy53My5vcmcvMjAwMC9zdmciPjwvc3ZnPg==\" style=\"--smush-placeholder-width: 1000px; --smush-placeholder-aspect-ratio: 1000\/1000;\" \/> <img decoding=\"async\" class=\"aligncenter size-full wp-image-2138 lazyload\" data-src=\"https:\/\/tmay.com\/wp-content\/uploads\/2024\/01\/\u4e3b\u56fe_003-35.webp\" alt=\"\" width=\"1000\" height=\"1000\" title=\"\" data-srcset=\"https:\/\/tmay.com\/wp-content\/uploads\/2024\/01\/\u4e3b\u56fe_003-35.webp 1000w, https:\/\/tmay.com\/wp-content\/uploads\/2024\/01\/\u4e3b\u56fe_003-35-300x300.webp 300w, https:\/\/tmay.com\/wp-content\/uploads\/2024\/01\/\u4e3b\u56fe_003-35-150x150.webp 150w, https:\/\/tmay.com\/wp-content\/uploads\/2024\/01\/\u4e3b\u56fe_003-35-768x768.webp 768w, https:\/\/tmay.com\/wp-content\/uploads\/2024\/01\/\u4e3b\u56fe_003-35-144x144.webp 144w, https:\/\/tmay.com\/wp-content\/uploads\/2024\/01\/\u4e3b\u56fe_003-35-600x600.webp 600w, https:\/\/tmay.com\/wp-content\/uploads\/2024\/01\/\u4e3b\u56fe_003-35-100x100.webp 100w\" data-sizes=\"(max-width: 1000px) 100vw, 1000px\" src=\"data:image\/svg+xml;base64,PHN2ZyB3aWR0aD0iMSIgaGVpZ2h0PSIxIiB4bWxucz0iaHR0cDovL3d3dy53My5vcmcvMjAwMC9zdmciPjwvc3ZnPg==\" style=\"--smush-placeholder-width: 1000px; --smush-placeholder-aspect-ratio: 1000\/1000;\" \/> <img decoding=\"async\" class=\"aligncenter size-full wp-image-2137 lazyload\" data-src=\"https:\/\/tmay.com\/wp-content\/uploads\/2024\/01\/\u4e3b\u56fe_001-29.webp\" alt=\"\" width=\"1000\" height=\"1000\" title=\"\" data-srcset=\"https:\/\/tmay.com\/wp-content\/uploads\/2024\/01\/\u4e3b\u56fe_001-29.webp 1000w, https:\/\/tmay.com\/wp-content\/uploads\/2024\/01\/\u4e3b\u56fe_001-29-300x300.webp 300w, https:\/\/tmay.com\/wp-content\/uploads\/2024\/01\/\u4e3b\u56fe_001-29-150x150.webp 150w, https:\/\/tmay.com\/wp-content\/uploads\/2024\/01\/\u4e3b\u56fe_001-29-768x768.webp 768w, https:\/\/tmay.com\/wp-content\/uploads\/2024\/01\/\u4e3b\u56fe_001-29-144x144.webp 144w, https:\/\/tmay.com\/wp-content\/uploads\/2024\/01\/\u4e3b\u56fe_001-29-600x600.webp 600w, https:\/\/tmay.com\/wp-content\/uploads\/2024\/01\/\u4e3b\u56fe_001-29-100x100.webp 100w\" data-sizes=\"(max-width: 1000px) 100vw, 1000px\" src=\"data:image\/svg+xml;base64,PHN2ZyB3aWR0aD0iMSIgaGVpZ2h0PSIxIiB4bWxucz0iaHR0cDovL3d3dy53My5vcmcvMjAwMC9zdmciPjwvc3ZnPg==\" style=\"--smush-placeholder-width: 1000px; --smush-placeholder-aspect-ratio: 1000\/1000;\" \/> <img decoding=\"async\" class=\"aligncenter size-full wp-image-2140 lazyload\" data-src=\"https:\/\/tmay.com\/wp-content\/uploads\/2024\/01\/\u4e3b\u56fe_005-33.webp\" alt=\"\" width=\"1000\" height=\"1000\" title=\"\" data-srcset=\"https:\/\/tmay.com\/wp-content\/uploads\/2024\/01\/\u4e3b\u56fe_005-33.webp 1000w, https:\/\/tmay.com\/wp-content\/uploads\/2024\/01\/\u4e3b\u56fe_005-33-300x300.webp 300w, https:\/\/tmay.com\/wp-content\/uploads\/2024\/01\/\u4e3b\u56fe_005-33-150x150.webp 150w, https:\/\/tmay.com\/wp-content\/uploads\/2024\/01\/\u4e3b\u56fe_005-33-768x768.webp 768w, https:\/\/tmay.com\/wp-content\/uploads\/2024\/01\/\u4e3b\u56fe_005-33-144x144.webp 144w, https:\/\/tmay.com\/wp-content\/uploads\/2024\/01\/\u4e3b\u56fe_005-33-600x600.webp 600w, https:\/\/tmay.com\/wp-content\/uploads\/2024\/01\/\u4e3b\u56fe_005-33-100x100.webp 100w\" data-sizes=\"(max-width: 1000px) 100vw, 1000px\" src=\"data:image\/svg+xml;base64,PHN2ZyB3aWR0aD0iMSIgaGVpZ2h0PSIxIiB4bWxucz0iaHR0cDovL3d3dy53My5vcmcvMjAwMC9zdmciPjwvc3ZnPg==\" style=\"--smush-placeholder-width: 1000px; --smush-placeholder-aspect-ratio: 1000\/1000;\" \/> <img decoding=\"async\" class=\"aligncenter size-full wp-image-2141 lazyload\" data-src=\"https:\/\/tmay.com\/wp-content\/uploads\/2024\/01\/\u4e3b\u56fe_006-32.webp\" alt=\"\" width=\"1000\" height=\"1000\" title=\"\" data-srcset=\"https:\/\/tmay.com\/wp-content\/uploads\/2024\/01\/\u4e3b\u56fe_006-32.webp 1000w, https:\/\/tmay.com\/wp-content\/uploads\/2024\/01\/\u4e3b\u56fe_006-32-300x300.webp 300w, https:\/\/tmay.com\/wp-content\/uploads\/2024\/01\/\u4e3b\u56fe_006-32-150x150.webp 150w, https:\/\/tmay.com\/wp-content\/uploads\/2024\/01\/\u4e3b\u56fe_006-32-768x768.webp 768w, https:\/\/tmay.com\/wp-content\/uploads\/2024\/01\/\u4e3b\u56fe_006-32-144x144.webp 144w, https:\/\/tmay.com\/wp-content\/uploads\/2024\/01\/\u4e3b\u56fe_006-32-600x600.webp 600w, https:\/\/tmay.com\/wp-content\/uploads\/2024\/01\/\u4e3b\u56fe_006-32-100x100.webp 100w\" data-sizes=\"(max-width: 1000px) 100vw, 1000px\" src=\"data:image\/svg+xml;base64,PHN2ZyB3aWR0aD0iMSIgaGVpZ2h0PSIxIiB4bWxucz0iaHR0cDovL3d3dy53My5vcmcvMjAwMC9zdmciPjwvc3ZnPg==\" style=\"--smush-placeholder-width: 1000px; --smush-placeholder-aspect-ratio: 1000\/1000;\" \/> <img decoding=\"async\" class=\"aligncenter size-full wp-image-2142 lazyload\" data-src=\"https:\/\/tmay.com\/wp-content\/uploads\/2024\/01\/\u4e3b\u56fe_007-23.webp\" alt=\"\" width=\"960\" height=\"948\" title=\"\" data-srcset=\"https:\/\/tmay.com\/wp-content\/uploads\/2024\/01\/\u4e3b\u56fe_007-23.webp 960w, https:\/\/tmay.com\/wp-content\/uploads\/2024\/01\/\u4e3b\u56fe_007-23-300x296.webp 300w, https:\/\/tmay.com\/wp-content\/uploads\/2024\/01\/\u4e3b\u56fe_007-23-768x758.webp 768w, https:\/\/tmay.com\/wp-content\/uploads\/2024\/01\/\u4e3b\u56fe_007-23-600x593.webp 600w, https:\/\/tmay.com\/wp-content\/uploads\/2024\/01\/\u4e3b\u56fe_007-23-100x100.webp 100w\" data-sizes=\"(max-width: 960px) 100vw, 960px\" src=\"data:image\/svg+xml;base64,PHN2ZyB3aWR0aD0iMSIgaGVpZ2h0PSIxIiB4bWxucz0iaHR0cDovL3d3dy53My5vcmcvMjAwMC9zdmciPjwvc3ZnPg==\" style=\"--smush-placeholder-width: 960px; --smush-placeholder-aspect-ratio: 960\/948;\" \/> <img decoding=\"async\" class=\"aligncenter size-full wp-image-2136 lazyload\" data-src=\"https:\/\/tmay.com\/wp-content\/uploads\/2024\/01\/\u8be6\u60c5_004-26.webp\" alt=\"\" width=\"960\" height=\"720\" title=\"\" data-srcset=\"https:\/\/tmay.com\/wp-content\/uploads\/2024\/01\/\u8be6\u60c5_004-26.webp 960w, https:\/\/tmay.com\/wp-content\/uploads\/2024\/01\/\u8be6\u60c5_004-26-300x225.webp 300w, https:\/\/tmay.com\/wp-content\/uploads\/2024\/01\/\u8be6\u60c5_004-26-768x576.webp 768w, https:\/\/tmay.com\/wp-content\/uploads\/2024\/01\/\u8be6\u60c5_004-26-600x450.webp 600w\" data-sizes=\"(max-width: 960px) 100vw, 960px\" src=\"data:image\/svg+xml;base64,PHN2ZyB3aWR0aD0iMSIgaGVpZ2h0PSIxIiB4bWxucz0iaHR0cDovL3d3dy53My5vcmcvMjAwMC9zdmciPjwvc3ZnPg==\" style=\"--smush-placeholder-width: 960px; --smush-placeholder-aspect-ratio: 960\/720;\" \/> <img decoding=\"async\" class=\"aligncenter size-full wp-image-2135 lazyload\" data-src=\"https:\/\/tmay.com\/wp-content\/uploads\/2024\/01\/\u8be6\u60c5_002-27.webp\" alt=\"\" width=\"750\" height=\"1000\" title=\"\" data-srcset=\"https:\/\/tmay.com\/wp-content\/uploads\/2024\/01\/\u8be6\u60c5_002-27.webp 750w, https:\/\/tmay.com\/wp-content\/uploads\/2024\/01\/\u8be6\u60c5_002-27-225x300.webp 225w, https:\/\/tmay.com\/wp-content\/uploads\/2024\/01\/\u8be6\u60c5_002-27-600x800.webp 600w\" data-sizes=\"(max-width: 750px) 100vw, 750px\" src=\"data:image\/svg+xml;base64,PHN2ZyB3aWR0aD0iMSIgaGVpZ2h0PSIxIiB4bWxucz0iaHR0cDovL3d3dy53My5vcmcvMjAwMC9zdmciPjwvc3ZnPg==\" style=\"--smush-placeholder-width: 750px; --smush-placeholder-aspect-ratio: 750\/1000;\" \/> <img decoding=\"async\" class=\"aligncenter size-full wp-image-2134 lazyload\" data-src=\"https:\/\/tmay.com\/wp-content\/uploads\/2024\/01\/\u8be6\u60c5_001-25.webp\" alt=\"\" width=\"1000\" height=\"1000\" title=\"\" data-srcset=\"https:\/\/tmay.com\/wp-content\/uploads\/2024\/01\/\u8be6\u60c5_001-25.webp 1000w, https:\/\/tmay.com\/wp-content\/uploads\/2024\/01\/\u8be6\u60c5_001-25-300x300.webp 300w, https:\/\/tmay.com\/wp-content\/uploads\/2024\/01\/\u8be6\u60c5_001-25-150x150.webp 150w, https:\/\/tmay.com\/wp-content\/uploads\/2024\/01\/\u8be6\u60c5_001-25-768x768.webp 768w, https:\/\/tmay.com\/wp-content\/uploads\/2024\/01\/\u8be6\u60c5_001-25-144x144.webp 144w, https:\/\/tmay.com\/wp-content\/uploads\/2024\/01\/\u8be6\u60c5_001-25-600x600.webp 600w, https:\/\/tmay.com\/wp-content\/uploads\/2024\/01\/\u8be6\u60c5_001-25-100x100.webp 100w\" data-sizes=\"(max-width: 1000px) 100vw, 1000px\" src=\"data:image\/svg+xml;base64,PHN2ZyB3aWR0aD0iMSIgaGVpZ2h0PSIxIiB4bWxucz0iaHR0cDovL3d3dy53My5vcmcvMjAwMC9zdmciPjwvc3ZnPg==\" style=\"--smush-placeholder-width: 1000px; --smush-placeholder-aspect-ratio: 1000\/1000;\" \/><img decoding=\"async\" class=\"aligncenter size-full wp-image-141 lazyload\" data-src=\"https:\/\/tmay.com\/wp-content\/uploads\/2023\/11\/\u633a\u7f8e1-\u8be6\u60c5\u9875_17.jpg\" alt=\"Cryolipolysis Machine\" width=\"750\" height=\"544\" title=\"\" data-srcset=\"https:\/\/tmay.com\/wp-content\/uploads\/2023\/11\/\u633a\u7f8e1-\u8be6\u60c5\u9875_17.jpg 750w, https:\/\/tmay.com\/wp-content\/uploads\/2023\/11\/\u633a\u7f8e1-\u8be6\u60c5\u9875_17-300x218.jpg 300w, https:\/\/tmay.com\/wp-content\/uploads\/2023\/11\/\u633a\u7f8e1-\u8be6\u60c5\u9875_17-600x435.jpg 600w\" data-sizes=\"(max-width: 750px) 100vw, 750px\" src=\"data:image\/svg+xml;base64,PHN2ZyB3aWR0aD0iMSIgaGVpZ2h0PSIxIiB4bWxucz0iaHR0cDovL3d3dy53My5vcmcvMjAwMC9zdmciPjwvc3ZnPg==\" style=\"--smush-placeholder-width: 750px; --smush-placeholder-aspect-ratio: 750\/544;\" \/> <img decoding=\"async\" class=\"aligncenter size-full wp-image-142 lazyload\" data-src=\"https:\/\/tmay.com\/wp-content\/uploads\/2023\/11\/\u633a\u7f8e1-\u8be6\u60c5\u9875_18.jpg\" alt=\"Cool Body Sculpt Machines Fat Freezing\" width=\"750\" height=\"734\" title=\"\" data-srcset=\"https:\/\/tmay.com\/wp-content\/uploads\/2023\/11\/\u633a\u7f8e1-\u8be6\u60c5\u9875_18.jpg 750w, https:\/\/tmay.com\/wp-content\/uploads\/2023\/11\/\u633a\u7f8e1-\u8be6\u60c5\u9875_18-300x294.jpg 300w, https:\/\/tmay.com\/wp-content\/uploads\/2023\/11\/\u633a\u7f8e1-\u8be6\u60c5\u9875_18-600x587.jpg 600w\" data-sizes=\"(max-width: 750px) 100vw, 750px\" src=\"data:image\/svg+xml;base64,PHN2ZyB3aWR0aD0iMSIgaGVpZ2h0PSIxIiB4bWxucz0iaHR0cDovL3d3dy53My5vcmcvMjAwMC9zdmciPjwvc3ZnPg==\" style=\"--smush-placeholder-width: 750px; --smush-placeholder-aspect-ratio: 750\/734;\" \/> <img decoding=\"async\" class=\"aligncenter size-full wp-image-143 lazyload\" data-src=\"https:\/\/tmay.com\/wp-content\/uploads\/2023\/11\/\u633a\u7f8e1-\u8be6\u60c5\u9875_19.jpg\" alt=\"\" width=\"750\" height=\"488\" title=\"\" data-srcset=\"https:\/\/tmay.com\/wp-content\/uploads\/2023\/11\/\u633a\u7f8e1-\u8be6\u60c5\u9875_19.jpg 750w, https:\/\/tmay.com\/wp-content\/uploads\/2023\/11\/\u633a\u7f8e1-\u8be6\u60c5\u9875_19-300x195.jpg 300w, https:\/\/tmay.com\/wp-content\/uploads\/2023\/11\/\u633a\u7f8e1-\u8be6\u60c5\u9875_19-600x390.jpg 600w\" data-sizes=\"(max-width: 750px) 100vw, 750px\" src=\"data:image\/svg+xml;base64,PHN2ZyB3aWR0aD0iMSIgaGVpZ2h0PSIxIiB4bWxucz0iaHR0cDovL3d3dy53My5vcmcvMjAwMC9zdmciPjwvc3ZnPg==\" style=\"--smush-placeholder-width: 750px; --smush-placeholder-aspect-ratio: 750\/488;\" \/> <img decoding=\"async\" class=\"aligncenter size-full wp-image-144 lazyload\" data-src=\"https:\/\/tmay.com\/wp-content\/uploads\/2023\/11\/\u633a\u7f8e1-\u8be6\u60c5\u9875_20.jpg\" alt=\"\" width=\"750\" height=\"540\" title=\"\" data-srcset=\"https:\/\/tmay.com\/wp-content\/uploads\/2023\/11\/\u633a\u7f8e1-\u8be6\u60c5\u9875_20.jpg 750w, https:\/\/tmay.com\/wp-content\/uploads\/2023\/11\/\u633a\u7f8e1-\u8be6\u60c5\u9875_20-300x216.jpg 300w, https:\/\/tmay.com\/wp-content\/uploads\/2023\/11\/\u633a\u7f8e1-\u8be6\u60c5\u9875_20-600x432.jpg 600w\" data-sizes=\"(max-width: 750px) 100vw, 750px\" src=\"data:image\/svg+xml;base64,PHN2ZyB3aWR0aD0iMSIgaGVpZ2h0PSIxIiB4bWxucz0iaHR0cDovL3d3dy53My5vcmcvMjAwMC9zdmciPjwvc3ZnPg==\" style=\"--smush-placeholder-width: 750px; --smush-placeholder-aspect-ratio: 750\/540;\" \/><\/p>\n<\/div>\n<\/div>\n<\/div>\n<\/div>\n<\/div>\n<\/div>","protected":false},"excerpt":{"rendered":"<p>How it works? The Laser hair removal method is unlike any other laser hair removal treatment. Featuring its exclusive 3D technology, it combines the three most effective laser wavelengths into a single applicator, simultaneously targeting different tissue depths and anatomical structures within the hair follicle. * The Alexandrite 755nm \u2013 This wavelength is used to [&hellip;]<\/p>\n","protected":false},"featured_media":2139,"comment_status":"open","ping_status":"closed","template":"","meta":{"site-sidebar-layout":"default","site-content-layout":"","ast-site-content-layout":"default","site-content-style":"default","site-sidebar-style":"default","ast-global-header-display":"","ast-banner-title-visibility":"","ast-main-header-display":"","ast-hfb-above-header-display":"","ast-hfb-below-header-display":"","ast-hfb-mobile-header-display":"","site-post-title":"","ast-breadcrumbs-content":"","ast-featured-img":"","footer-sml-layout":"","ast-disable-related-posts":"","theme-transparent-header-meta":"default","adv-header-id-meta":"","stick-header-meta":"","header-above-stick-meta":"","header-main-stick-meta":"","header-below-stick-meta":"","astra-migrate-meta-layouts":"set","ast-page-background-enabled":"default","ast-page-background-meta":{"desktop":{"background-color":"var(--ast-global-color-4)","background-image":"","background-repeat":"repeat","background-position":"center center","background-size":"auto","background-attachment":"scroll","background-type":"","background-media":"","overlay-type":"","overlay-color":"","overlay-opacity":"","overlay-gradient":""},"tablet":{"background-color":"","background-image":"","background-repeat":"repeat","background-position":"center center","background-size":"auto","background-attachment":"scroll","background-type":"","background-media":"","overlay-type":"","overlay-color":"","overlay-opacity":"","overlay-gradient":""},"mobile":{"background-color":"","background-image":"","background-repeat":"repeat","background-position":"center center","background-size":"auto","background-attachment":"scroll","background-type":"","background-media":"","overlay-type":"","overlay-color":"","overlay-opacity":"","overlay-gradient":""}},"ast-content-background-meta":{"desktop":{"background-color":"var(--ast-global-color-5)","background-image":"","background-repeat":"repeat","background-position":"center center","background-size":"auto","background-attachment":"scroll","background-type":"","background-media":"","overlay-type":"","overlay-color":"","overlay-opacity":"","overlay-gradient":""},"tablet":{"background-color":"var(--ast-global-color-5)","background-image":"","background-repeat":"repeat","background-position":"center center","background-size":"auto","background-attachment":"scroll","background-type":"","background-media":"","overlay-type":"","overlay-color":"","overlay-opacity":"","overlay-gradient":""},"mobile":{"background-color":"var(--ast-global-color-5)","background-image":"","background-repeat":"repeat","background-position":"center center","background-size":"auto","background-attachment":"scroll","background-type":"","background-media":"","overlay-type":"","overlay-color":"","overlay-opacity":"","overlay-gradient":""}}},"product_brand":[],"product_cat":[38,40],"product_tag":[76,100],"class_list":{"0":"post-2133","1":"product","2":"type-product","3":"status-publish","4":"has-post-thumbnail","6":"product_cat-laser-machine","7":"product_cat-808nm-diode-laser","8":"product_tag-808nm-diode-laser","9":"product_tag-laser-machine","10":"desktop-align-left","11":"tablet-align-left","12":"mobile-align-left","14":"first","15":"instock","16":"shipping-taxable","17":"product-type-simple"},"_links":{"self":[{"href":"https:\/\/tmay.com\/es\/wp-json\/wp\/v2\/product\/2133","targetHints":{"allow":["GET"]}}],"collection":[{"href":"https:\/\/tmay.com\/es\/wp-json\/wp\/v2\/product"}],"about":[{"href":"https:\/\/tmay.com\/es\/wp-json\/wp\/v2\/types\/product"}],"replies":[{"embeddable":true,"href":"https:\/\/tmay.com\/es\/wp-json\/wp\/v2\/comments?post=2133"}],"version-history":[{"count":3,"href":"https:\/\/tmay.com\/es\/wp-json\/wp\/v2\/product\/2133\/revisions"}],"predecessor-version":[{"id":2221,"href":"https:\/\/tmay.com\/es\/wp-json\/wp\/v2\/product\/2133\/revisions\/2221"}],"wp:featuredmedia":[{"embeddable":true,"href":"https:\/\/tmay.com\/es\/wp-json\/wp\/v2\/media\/2139"}],"wp:attachment":[{"href":"https:\/\/tmay.com\/es\/wp-json\/wp\/v2\/media?parent=2133"}],"wp:term":[{"taxonomy":"product_brand","embeddable":true,"href":"https:\/\/tmay.com\/es\/wp-json\/wp\/v2\/product_brand?post=2133"},{"taxonomy":"product_cat","embeddable":true,"href":"https:\/\/tmay.com\/es\/wp-json\/wp\/v2\/product_cat?post=2133"},{"taxonomy":"product_tag","embeddable":true,"href":"https:\/\/tmay.com\/es\/wp-json\/wp\/v2\/product_tag?post=2133"}],"curies":[{"name":"wp","href":"https:\/\/api.w.org\/{rel}","templated":true}]}}