{"id":2347,"date":"2024-02-29T14:26:08","date_gmt":"2024-02-29T06:26:08","guid":{"rendered":"https:\/\/tmay.com\/?post_type=product&#038;p=2347"},"modified":"2024-06-12T17:10:23","modified_gmt":"2024-06-12T09:10:23","slug":"cet-ret-rf-tecar-terapia-448k-rf-machine-monopolar-rf-skin-tightening-machine-weight-loss-rf-needle-portable-cet-tecar-therapy","status":"publish","type":"product","link":"https:\/\/tmay.com\/es\/producto\/cet-ret-rf-tecar-terapia-448k-rf-machine-monopolar-rf-skin-tightening-machine-weight-loss-rf-needle-portable-cet-tecar-therapy\/","title":{"rendered":"cet ret rf tecar terapia 448k M\u00e1quina de Rf Monopolar Rf M\u00e1quina de estiramiento de la piel M\u00e1quina de p\u00e9rdida de peso Aguja de Rf Port\u00e1til Cet Tecar Terapia"},"content":{"rendered":"<p><img fetchpriority=\"high\" decoding=\"async\" class=\"aligncenter size-full wp-image-136\" src=\"https:\/\/tmay.com\/wp-content\/uploads\/2023\/11\/\u633a\u7f8e1-\u8be6\u60c5\u9875_01.jpg\" alt=\"home use cryolipolisis 360 cool body sculpt machines fat freezing For Belly Fat Removal with Best Price\" width=\"750\" height=\"367\" title=\"\" srcset=\"https:\/\/tmay.com\/wp-content\/uploads\/2023\/11\/\u633a\u7f8e1-\u8be6\u60c5\u9875_01.jpg 750w, https:\/\/tmay.com\/wp-content\/uploads\/2023\/11\/\u633a\u7f8e1-\u8be6\u60c5\u9875_01-300x147.jpg 300w, https:\/\/tmay.com\/wp-content\/uploads\/2023\/11\/\u633a\u7f8e1-\u8be6\u60c5\u9875_01-600x294.jpg 600w\" sizes=\"(max-width: 750px) 100vw, 750px\" \/><\/p>\n<p><img decoding=\"async\" class=\"aligncenter size-full wp-image-2348 lazyload\" data-src=\"https:\/\/tmay.com\/wp-content\/uploads\/2024\/02\/0.jpg\" alt=\"\" width=\"1000\" height=\"1000\" title=\"\" data-srcset=\"https:\/\/tmay.com\/wp-content\/uploads\/2024\/02\/0.jpg 1000w, https:\/\/tmay.com\/wp-content\/uploads\/2024\/02\/0-300x300.jpg 300w, https:\/\/tmay.com\/wp-content\/uploads\/2024\/02\/0-150x150.jpg 150w, https:\/\/tmay.com\/wp-content\/uploads\/2024\/02\/0-768x768.jpg 768w, https:\/\/tmay.com\/wp-content\/uploads\/2024\/02\/0-144x144.jpg 144w, https:\/\/tmay.com\/wp-content\/uploads\/2024\/02\/0-600x600.jpg 600w, https:\/\/tmay.com\/wp-content\/uploads\/2024\/02\/0-100x100.jpg 100w\" data-sizes=\"(max-width: 1000px) 100vw, 1000px\" src=\"data:image\/svg+xml;base64,PHN2ZyB3aWR0aD0iMSIgaGVpZ2h0PSIxIiB4bWxucz0iaHR0cDovL3d3dy53My5vcmcvMjAwMC9zdmciPjwvc3ZnPg==\" style=\"--smush-placeholder-width: 1000px; --smush-placeholder-aspect-ratio: 1000\/1000;\" \/> <img decoding=\"async\" class=\"aligncenter size-full wp-image-2349 lazyload\" data-src=\"https:\/\/tmay.com\/wp-content\/uploads\/2024\/02\/20.jpg\" alt=\"\" width=\"1000\" height=\"1000\" title=\"\" data-srcset=\"https:\/\/tmay.com\/wp-content\/uploads\/2024\/02\/20.jpg 1000w, https:\/\/tmay.com\/wp-content\/uploads\/2024\/02\/20-300x300.jpg 300w, https:\/\/tmay.com\/wp-content\/uploads\/2024\/02\/20-150x150.jpg 150w, https:\/\/tmay.com\/wp-content\/uploads\/2024\/02\/20-768x768.jpg 768w, https:\/\/tmay.com\/wp-content\/uploads\/2024\/02\/20-144x144.jpg 144w, https:\/\/tmay.com\/wp-content\/uploads\/2024\/02\/20-600x600.jpg 600w, https:\/\/tmay.com\/wp-content\/uploads\/2024\/02\/20-100x100.jpg 100w\" data-sizes=\"(max-width: 1000px) 100vw, 1000px\" src=\"data:image\/svg+xml;base64,PHN2ZyB3aWR0aD0iMSIgaGVpZ2h0PSIxIiB4bWxucz0iaHR0cDovL3d3dy53My5vcmcvMjAwMC9zdmciPjwvc3ZnPg==\" style=\"--smush-placeholder-width: 1000px; --smush-placeholder-aspect-ratio: 1000\/1000;\" \/> <img decoding=\"async\" class=\"aligncenter size-full wp-image-2350 lazyload\" data-src=\"https:\/\/tmay.com\/wp-content\/uploads\/2024\/02\/20-1.jpg\" alt=\"\" width=\"1000\" height=\"1000\" title=\"\" data-srcset=\"https:\/\/tmay.com\/wp-content\/uploads\/2024\/02\/20-1.jpg 1000w, https:\/\/tmay.com\/wp-content\/uploads\/2024\/02\/20-1-300x300.jpg 300w, https:\/\/tmay.com\/wp-content\/uploads\/2024\/02\/20-1-150x150.jpg 150w, https:\/\/tmay.com\/wp-content\/uploads\/2024\/02\/20-1-768x768.jpg 768w, https:\/\/tmay.com\/wp-content\/uploads\/2024\/02\/20-1-144x144.jpg 144w, https:\/\/tmay.com\/wp-content\/uploads\/2024\/02\/20-1-600x600.jpg 600w, https:\/\/tmay.com\/wp-content\/uploads\/2024\/02\/20-1-100x100.jpg 100w\" data-sizes=\"(max-width: 1000px) 100vw, 1000px\" src=\"data:image\/svg+xml;base64,PHN2ZyB3aWR0aD0iMSIgaGVpZ2h0PSIxIiB4bWxucz0iaHR0cDovL3d3dy53My5vcmcvMjAwMC9zdmciPjwvc3ZnPg==\" style=\"--smush-placeholder-width: 1000px; --smush-placeholder-aspect-ratio: 1000\/1000;\" \/> <img decoding=\"async\" class=\"aligncenter size-full wp-image-2351 lazyload\" data-src=\"https:\/\/tmay.com\/wp-content\/uploads\/2024\/02\/45.jpg\" alt=\"\" width=\"1000\" height=\"1000\" title=\"\" data-srcset=\"https:\/\/tmay.com\/wp-content\/uploads\/2024\/02\/45.jpg 1000w, https:\/\/tmay.com\/wp-content\/uploads\/2024\/02\/45-300x300.jpg 300w, https:\/\/tmay.com\/wp-content\/uploads\/2024\/02\/45-150x150.jpg 150w, https:\/\/tmay.com\/wp-content\/uploads\/2024\/02\/45-768x768.jpg 768w, https:\/\/tmay.com\/wp-content\/uploads\/2024\/02\/45-144x144.jpg 144w, https:\/\/tmay.com\/wp-content\/uploads\/2024\/02\/45-600x600.jpg 600w, https:\/\/tmay.com\/wp-content\/uploads\/2024\/02\/45-100x100.jpg 100w\" data-sizes=\"(max-width: 1000px) 100vw, 1000px\" src=\"data:image\/svg+xml;base64,PHN2ZyB3aWR0aD0iMSIgaGVpZ2h0PSIxIiB4bWxucz0iaHR0cDovL3d3dy53My5vcmcvMjAwMC9zdmciPjwvc3ZnPg==\" style=\"--smush-placeholder-width: 1000px; --smush-placeholder-aspect-ratio: 1000\/1000;\" \/> <img decoding=\"async\" class=\"aligncenter size-full wp-image-2352 lazyload\" data-src=\"https:\/\/tmay.com\/wp-content\/uploads\/2024\/02\/45-1.jpg\" alt=\"\" width=\"1000\" height=\"1000\" title=\"\" data-srcset=\"https:\/\/tmay.com\/wp-content\/uploads\/2024\/02\/45-1.jpg 1000w, https:\/\/tmay.com\/wp-content\/uploads\/2024\/02\/45-1-300x300.jpg 300w, https:\/\/tmay.com\/wp-content\/uploads\/2024\/02\/45-1-150x150.jpg 150w, https:\/\/tmay.com\/wp-content\/uploads\/2024\/02\/45-1-768x768.jpg 768w, https:\/\/tmay.com\/wp-content\/uploads\/2024\/02\/45-1-144x144.jpg 144w, https:\/\/tmay.com\/wp-content\/uploads\/2024\/02\/45-1-600x600.jpg 600w, https:\/\/tmay.com\/wp-content\/uploads\/2024\/02\/45-1-100x100.jpg 100w\" data-sizes=\"(max-width: 1000px) 100vw, 1000px\" src=\"data:image\/svg+xml;base64,PHN2ZyB3aWR0aD0iMSIgaGVpZ2h0PSIxIiB4bWxucz0iaHR0cDovL3d3dy53My5vcmcvMjAwMC9zdmciPjwvc3ZnPg==\" style=\"--smush-placeholder-width: 1000px; --smush-placeholder-aspect-ratio: 1000\/1000;\" \/> <img decoding=\"async\" class=\"aligncenter size-full wp-image-2353 lazyload\" data-src=\"https:\/\/tmay.com\/wp-content\/uploads\/2024\/02\/90.jpg\" alt=\"\" width=\"1000\" height=\"1000\" title=\"\" data-srcset=\"https:\/\/tmay.com\/wp-content\/uploads\/2024\/02\/90.jpg 1000w, https:\/\/tmay.com\/wp-content\/uploads\/2024\/02\/90-300x300.jpg 300w, https:\/\/tmay.com\/wp-content\/uploads\/2024\/02\/90-150x150.jpg 150w, https:\/\/tmay.com\/wp-content\/uploads\/2024\/02\/90-768x768.jpg 768w, https:\/\/tmay.com\/wp-content\/uploads\/2024\/02\/90-144x144.jpg 144w, https:\/\/tmay.com\/wp-content\/uploads\/2024\/02\/90-600x600.jpg 600w, https:\/\/tmay.com\/wp-content\/uploads\/2024\/02\/90-100x100.jpg 100w\" data-sizes=\"(max-width: 1000px) 100vw, 1000px\" src=\"data:image\/svg+xml;base64,PHN2ZyB3aWR0aD0iMSIgaGVpZ2h0PSIxIiB4bWxucz0iaHR0cDovL3d3dy53My5vcmcvMjAwMC9zdmciPjwvc3ZnPg==\" style=\"--smush-placeholder-width: 1000px; --smush-placeholder-aspect-ratio: 1000\/1000;\" \/> <img decoding=\"async\" class=\"aligncenter size-full wp-image-2354 lazyload\" data-src=\"https:\/\/tmay.com\/wp-content\/uploads\/2024\/02\/90-1.jpg\" alt=\"\" width=\"1000\" height=\"1000\" title=\"\" data-srcset=\"https:\/\/tmay.com\/wp-content\/uploads\/2024\/02\/90-1.jpg 1000w, https:\/\/tmay.com\/wp-content\/uploads\/2024\/02\/90-1-300x300.jpg 300w, https:\/\/tmay.com\/wp-content\/uploads\/2024\/02\/90-1-150x150.jpg 150w, https:\/\/tmay.com\/wp-content\/uploads\/2024\/02\/90-1-768x768.jpg 768w, https:\/\/tmay.com\/wp-content\/uploads\/2024\/02\/90-1-144x144.jpg 144w, https:\/\/tmay.com\/wp-content\/uploads\/2024\/02\/90-1-600x600.jpg 600w, https:\/\/tmay.com\/wp-content\/uploads\/2024\/02\/90-1-100x100.jpg 100w\" data-sizes=\"(max-width: 1000px) 100vw, 1000px\" src=\"data:image\/svg+xml;base64,PHN2ZyB3aWR0aD0iMSIgaGVpZ2h0PSIxIiB4bWxucz0iaHR0cDovL3d3dy53My5vcmcvMjAwMC9zdmciPjwvc3ZnPg==\" style=\"--smush-placeholder-width: 1000px; --smush-placeholder-aspect-ratio: 1000\/1000;\" \/> <img decoding=\"async\" class=\"aligncenter size-full wp-image-2355 lazyload\" data-src=\"https:\/\/tmay.com\/wp-content\/uploads\/2024\/02\/165.jpg\" alt=\"\" width=\"1000\" height=\"1000\" title=\"\" data-srcset=\"https:\/\/tmay.com\/wp-content\/uploads\/2024\/02\/165.jpg 1000w, https:\/\/tmay.com\/wp-content\/uploads\/2024\/02\/165-300x300.jpg 300w, https:\/\/tmay.com\/wp-content\/uploads\/2024\/02\/165-150x150.jpg 150w, https:\/\/tmay.com\/wp-content\/uploads\/2024\/02\/165-768x768.jpg 768w, https:\/\/tmay.com\/wp-content\/uploads\/2024\/02\/165-144x144.jpg 144w, https:\/\/tmay.com\/wp-content\/uploads\/2024\/02\/165-600x600.jpg 600w, https:\/\/tmay.com\/wp-content\/uploads\/2024\/02\/165-100x100.jpg 100w\" data-sizes=\"(max-width: 1000px) 100vw, 1000px\" src=\"data:image\/svg+xml;base64,PHN2ZyB3aWR0aD0iMSIgaGVpZ2h0PSIxIiB4bWxucz0iaHR0cDovL3d3dy53My5vcmcvMjAwMC9zdmciPjwvc3ZnPg==\" style=\"--smush-placeholder-width: 1000px; --smush-placeholder-aspect-ratio: 1000\/1000;\" \/> <img decoding=\"async\" class=\"aligncenter size-full wp-image-2356 lazyload\" data-src=\"https:\/\/tmay.com\/wp-content\/uploads\/2024\/02\/165-1.jpg\" alt=\"\" width=\"1000\" height=\"1000\" title=\"\" data-srcset=\"https:\/\/tmay.com\/wp-content\/uploads\/2024\/02\/165-1.jpg 1000w, https:\/\/tmay.com\/wp-content\/uploads\/2024\/02\/165-1-300x300.jpg 300w, https:\/\/tmay.com\/wp-content\/uploads\/2024\/02\/165-1-150x150.jpg 150w, https:\/\/tmay.com\/wp-content\/uploads\/2024\/02\/165-1-768x768.jpg 768w, https:\/\/tmay.com\/wp-content\/uploads\/2024\/02\/165-1-144x144.jpg 144w, https:\/\/tmay.com\/wp-content\/uploads\/2024\/02\/165-1-600x600.jpg 600w, https:\/\/tmay.com\/wp-content\/uploads\/2024\/02\/165-1-100x100.jpg 100w\" data-sizes=\"(max-width: 1000px) 100vw, 1000px\" src=\"data:image\/svg+xml;base64,PHN2ZyB3aWR0aD0iMSIgaGVpZ2h0PSIxIiB4bWxucz0iaHR0cDovL3d3dy53My5vcmcvMjAwMC9zdmciPjwvc3ZnPg==\" style=\"--smush-placeholder-width: 1000px; --smush-placeholder-aspect-ratio: 1000\/1000;\" \/> <img decoding=\"async\" class=\"aligncenter size-full wp-image-2357 lazyload\" data-src=\"https:\/\/tmay.com\/wp-content\/uploads\/2024\/02\/180.jpg\" alt=\"\" width=\"1000\" height=\"1000\" title=\"\" data-srcset=\"https:\/\/tmay.com\/wp-content\/uploads\/2024\/02\/180.jpg 1000w, https:\/\/tmay.com\/wp-content\/uploads\/2024\/02\/180-300x300.jpg 300w, https:\/\/tmay.com\/wp-content\/uploads\/2024\/02\/180-150x150.jpg 150w, https:\/\/tmay.com\/wp-content\/uploads\/2024\/02\/180-768x768.jpg 768w, https:\/\/tmay.com\/wp-content\/uploads\/2024\/02\/180-144x144.jpg 144w, https:\/\/tmay.com\/wp-content\/uploads\/2024\/02\/180-600x600.jpg 600w, https:\/\/tmay.com\/wp-content\/uploads\/2024\/02\/180-100x100.jpg 100w\" data-sizes=\"(max-width: 1000px) 100vw, 1000px\" src=\"data:image\/svg+xml;base64,PHN2ZyB3aWR0aD0iMSIgaGVpZ2h0PSIxIiB4bWxucz0iaHR0cDovL3d3dy53My5vcmcvMjAwMC9zdmciPjwvc3ZnPg==\" style=\"--smush-placeholder-width: 1000px; --smush-placeholder-aspect-ratio: 1000\/1000;\" \/><\/p>\n<div class=\"magic-3\">\n<p><img decoding=\"async\" class=\"aligncenter size-full wp-image-141 lazyload\" data-src=\"https:\/\/tmay.com\/wp-content\/uploads\/2023\/11\/\u633a\u7f8e1-\u8be6\u60c5\u9875_17.jpg\" alt=\"Cryolipolysis Machine\" width=\"750\" height=\"544\" title=\"\" data-srcset=\"https:\/\/tmay.com\/wp-content\/uploads\/2023\/11\/\u633a\u7f8e1-\u8be6\u60c5\u9875_17.jpg 750w, https:\/\/tmay.com\/wp-content\/uploads\/2023\/11\/\u633a\u7f8e1-\u8be6\u60c5\u9875_17-300x218.jpg 300w, https:\/\/tmay.com\/wp-content\/uploads\/2023\/11\/\u633a\u7f8e1-\u8be6\u60c5\u9875_17-600x435.jpg 600w\" data-sizes=\"(max-width: 750px) 100vw, 750px\" src=\"data:image\/svg+xml;base64,PHN2ZyB3aWR0aD0iMSIgaGVpZ2h0PSIxIiB4bWxucz0iaHR0cDovL3d3dy53My5vcmcvMjAwMC9zdmciPjwvc3ZnPg==\" style=\"--smush-placeholder-width: 750px; --smush-placeholder-aspect-ratio: 750\/544;\" \/> <img decoding=\"async\" class=\"aligncenter size-full wp-image-142 lazyload\" data-src=\"https:\/\/tmay.com\/wp-content\/uploads\/2023\/11\/\u633a\u7f8e1-\u8be6\u60c5\u9875_18.jpg\" alt=\"Cool Body Sculpt Machines Fat Freezing\" width=\"750\" height=\"734\" title=\"\" data-srcset=\"https:\/\/tmay.com\/wp-content\/uploads\/2023\/11\/\u633a\u7f8e1-\u8be6\u60c5\u9875_18.jpg 750w, https:\/\/tmay.com\/wp-content\/uploads\/2023\/11\/\u633a\u7f8e1-\u8be6\u60c5\u9875_18-300x294.jpg 300w, https:\/\/tmay.com\/wp-content\/uploads\/2023\/11\/\u633a\u7f8e1-\u8be6\u60c5\u9875_18-600x587.jpg 600w\" data-sizes=\"(max-width: 750px) 100vw, 750px\" src=\"data:image\/svg+xml;base64,PHN2ZyB3aWR0aD0iMSIgaGVpZ2h0PSIxIiB4bWxucz0iaHR0cDovL3d3dy53My5vcmcvMjAwMC9zdmciPjwvc3ZnPg==\" style=\"--smush-placeholder-width: 750px; --smush-placeholder-aspect-ratio: 750\/734;\" \/> <img decoding=\"async\" class=\"aligncenter size-full wp-image-143 lazyload\" data-src=\"https:\/\/tmay.com\/wp-content\/uploads\/2023\/11\/\u633a\u7f8e1-\u8be6\u60c5\u9875_19.jpg\" alt=\"\" width=\"750\" height=\"488\" title=\"\" data-srcset=\"https:\/\/tmay.com\/wp-content\/uploads\/2023\/11\/\u633a\u7f8e1-\u8be6\u60c5\u9875_19.jpg 750w, https:\/\/tmay.com\/wp-content\/uploads\/2023\/11\/\u633a\u7f8e1-\u8be6\u60c5\u9875_19-300x195.jpg 300w, https:\/\/tmay.com\/wp-content\/uploads\/2023\/11\/\u633a\u7f8e1-\u8be6\u60c5\u9875_19-600x390.jpg 600w\" data-sizes=\"(max-width: 750px) 100vw, 750px\" src=\"data:image\/svg+xml;base64,PHN2ZyB3aWR0aD0iMSIgaGVpZ2h0PSIxIiB4bWxucz0iaHR0cDovL3d3dy53My5vcmcvMjAwMC9zdmciPjwvc3ZnPg==\" style=\"--smush-placeholder-width: 750px; --smush-placeholder-aspect-ratio: 750\/488;\" \/> <img decoding=\"async\" class=\"aligncenter size-full wp-image-144 lazyload\" data-src=\"https:\/\/tmay.com\/wp-content\/uploads\/2023\/11\/\u633a\u7f8e1-\u8be6\u60c5\u9875_20.jpg\" alt=\"\" width=\"750\" height=\"540\" title=\"\" data-srcset=\"https:\/\/tmay.com\/wp-content\/uploads\/2023\/11\/\u633a\u7f8e1-\u8be6\u60c5\u9875_20.jpg 750w, https:\/\/tmay.com\/wp-content\/uploads\/2023\/11\/\u633a\u7f8e1-\u8be6\u60c5\u9875_20-300x216.jpg 300w, https:\/\/tmay.com\/wp-content\/uploads\/2023\/11\/\u633a\u7f8e1-\u8be6\u60c5\u9875_20-600x432.jpg 600w\" data-sizes=\"(max-width: 750px) 100vw, 750px\" src=\"data:image\/svg+xml;base64,PHN2ZyB3aWR0aD0iMSIgaGVpZ2h0PSIxIiB4bWxucz0iaHR0cDovL3d3dy53My5vcmcvMjAwMC9zdmciPjwvc3ZnPg==\" style=\"--smush-placeholder-width: 750px; --smush-placeholder-aspect-ratio: 750\/540;\" \/><\/p>\n<\/div>","protected":false},"excerpt":{"rendered":"<ol>\n<li style=\"list-style-type: none;\">\n<ol>\n<li><strong>CET RET RF Tecar Terapia:<\/strong> Refers to a type of radiofrequency therapy known as Capacitive Electric Transfer (CET) and Resistive Electric Transfer (RET), often used for tissue stimulation and healing.<\/li>\n<li><strong>448K RF Machine:<\/strong> Indicates that the machine operates at a frequency of 448 kilohertz, which is commonly used in RF therapy for various skin and body treatments.<\/li>\n<li><strong>Monopolar RF Skin Tightening Machine:<\/strong> Specifies that the machine utilizes monopolar radiofrequency technology for skin tightening purposes. Monopolar RF delivers RF energy deep into the skin&#8217;s layers to stimulate collagen production and improve skin elasticity.<\/li>\n<li><strong>Weight Loss RF Needle:<\/strong> Suggests the inclusion of needles for RF therapy, possibly for targeted treatment areas to aid in weight loss.<\/li>\n<li><strong>Portable:<\/strong> Indicates that the machine is designed to be easily movable and convenient for various settings.<\/li>\n<li><strong>CET Tecar Therapy:<\/strong> Refers to Capacitive and Resistive Energy Transfer (TECAR) therapy, which involves the use of radiofrequency energy for pain relief, tissue healing, and rehabilitation.<\/li>\n<\/ol>\n<\/li>\n<\/ol>","protected":false},"featured_media":2352,"comment_status":"open","ping_status":"closed","template":"","meta":{"site-sidebar-layout":"default","site-content-layout":"","ast-site-content-layout":"default","site-content-style":"default","site-sidebar-style":"default","ast-global-header-display":"","ast-banner-title-visibility":"","ast-main-header-display":"","ast-hfb-above-header-display":"","ast-hfb-below-header-display":"","ast-hfb-mobile-header-display":"","site-post-title":"","ast-breadcrumbs-content":"","ast-featured-img":"","footer-sml-layout":"","ast-disable-related-posts":"","theme-transparent-header-meta":"default","adv-header-id-meta":"","stick-header-meta":"","header-above-stick-meta":"","header-main-stick-meta":"","header-below-stick-meta":"","astra-migrate-meta-layouts":"set","ast-page-background-enabled":"default","ast-page-background-meta":{"desktop":{"background-color":"var(--ast-global-color-4)","background-image":"","background-repeat":"repeat","background-position":"center center","background-size":"auto","background-attachment":"scroll","background-type":"","background-media":"","overlay-type":"","overlay-color":"","overlay-opacity":"","overlay-gradient":""},"tablet":{"background-color":"","background-image":"","background-repeat":"repeat","background-position":"center center","background-size":"auto","background-attachment":"scroll","background-type":"","background-media":"","overlay-type":"","overlay-color":"","overlay-opacity":"","overlay-gradient":""},"mobile":{"background-color":"","background-image":"","background-repeat":"repeat","background-position":"center center","background-size":"auto","background-attachment":"scroll","background-type":"","background-media":"","overlay-type":"","overlay-color":"","overlay-opacity":"","overlay-gradient":""}},"ast-content-background-meta":{"desktop":{"background-color":"var(--ast-global-color-5)","background-image":"","background-repeat":"repeat","background-position":"center center","background-size":"auto","background-attachment":"scroll","background-type":"","background-media":"","overlay-type":"","overlay-color":"","overlay-opacity":"","overlay-gradient":""},"tablet":{"background-color":"var(--ast-global-color-5)","background-image":"","background-repeat":"repeat","background-position":"center center","background-size":"auto","background-attachment":"scroll","background-type":"","background-media":"","overlay-type":"","overlay-color":"","overlay-opacity":"","overlay-gradient":""},"mobile":{"background-color":"var(--ast-global-color-5)","background-image":"","background-repeat":"repeat","background-position":"center center","background-size":"auto","background-attachment":"scroll","background-type":"","background-media":"","overlay-type":"","overlay-color":"","overlay-opacity":"","overlay-gradient":""}}},"product_brand":[],"product_cat":[19],"product_tag":[85],"class_list":{"0":"post-2347","1":"product","2":"type-product","3":"status-publish","4":"has-post-thumbnail","6":"product_cat-hot-sale","7":"product_tag-new-machine","8":"desktop-align-left","9":"tablet-align-left","10":"mobile-align-left","12":"first","13":"instock","14":"shipping-taxable","15":"product-type-simple"},"_links":{"self":[{"href":"https:\/\/tmay.com\/es\/wp-json\/wp\/v2\/product\/2347","targetHints":{"allow":["GET"]}}],"collection":[{"href":"https:\/\/tmay.com\/es\/wp-json\/wp\/v2\/product"}],"about":[{"href":"https:\/\/tmay.com\/es\/wp-json\/wp\/v2\/types\/product"}],"replies":[{"embeddable":true,"href":"https:\/\/tmay.com\/es\/wp-json\/wp\/v2\/comments?post=2347"}],"version-history":[{"count":1,"href":"https:\/\/tmay.com\/es\/wp-json\/wp\/v2\/product\/2347\/revisions"}],"predecessor-version":[{"id":2358,"href":"https:\/\/tmay.com\/es\/wp-json\/wp\/v2\/product\/2347\/revisions\/2358"}],"wp:featuredmedia":[{"embeddable":true,"href":"https:\/\/tmay.com\/es\/wp-json\/wp\/v2\/media\/2352"}],"wp:attachment":[{"href":"https:\/\/tmay.com\/es\/wp-json\/wp\/v2\/media?parent=2347"}],"wp:term":[{"taxonomy":"product_brand","embeddable":true,"href":"https:\/\/tmay.com\/es\/wp-json\/wp\/v2\/product_brand?post=2347"},{"taxonomy":"product_cat","embeddable":true,"href":"https:\/\/tmay.com\/es\/wp-json\/wp\/v2\/product_cat?post=2347"},{"taxonomy":"product_tag","embeddable":true,"href":"https:\/\/tmay.com\/es\/wp-json\/wp\/v2\/product_tag?post=2347"}],"curies":[{"name":"wp","href":"https:\/\/api.w.org\/{rel}","templated":true}]}}