{"id":3127,"date":"2024-06-20T17:02:48","date_gmt":"2024-06-20T09:02:48","guid":{"rendered":"https:\/\/tmay.com\/?post_type=product&#038;p=3127"},"modified":"2024-06-20T17:05:42","modified_gmt":"2024-06-20T09:05:42","slug":"tm-930d-cryo-ems-body-sculpting-machine-with-roller-massage-no-vacuum-cryolipolysis-cavitation-cellulite-reduction-technology","status":"publish","type":"product","link":"https:\/\/tmay.com\/es\/producto\/tm-930d-cryo-ems-body-sculpting-machine-with-roller-massage-no-vacuum-cryolipolysis-cavitation-cellulite-reduction-technology\/","title":{"rendered":"TM-930D M\u00e1quina de musculaci\u00f3n criog\u00e9nica EMS con masaje de rodillos Tecnolog\u00eda de reducci\u00f3n de celulitis por cavitaci\u00f3n criolip\u00f3lisis sin vac\u00edo"},"content":{"rendered":"<p style=\"text-align: left;\"><img fetchpriority=\"high\" decoding=\"async\" class=\"aligncenter size-full wp-image-136\" src=\"https:\/\/tmay.com\/wp-content\/uploads\/2023\/11\/\u633a\u7f8e1-\u8be6\u60c5\u9875_01.jpg\" alt=\"home use cryolipolisis 360 cool body sculpt machines fat freezing For Belly Fat Removal with Best Price\" width=\"750\" height=\"367\" title=\"\" srcset=\"https:\/\/tmay.com\/wp-content\/uploads\/2023\/11\/\u633a\u7f8e1-\u8be6\u60c5\u9875_01.jpg 750w, https:\/\/tmay.com\/wp-content\/uploads\/2023\/11\/\u633a\u7f8e1-\u8be6\u60c5\u9875_01-300x147.jpg 300w, https:\/\/tmay.com\/wp-content\/uploads\/2023\/11\/\u633a\u7f8e1-\u8be6\u60c5\u9875_01-600x294.jpg 600w\" sizes=\"(max-width: 750px) 100vw, 750px\" \/><\/p>\n<p><img decoding=\"async\" class=\"aligncenter size-full wp-image-3128 lazyload\" data-src=\"https:\/\/tmay.com\/wp-content\/uploads\/2024\/06\/0-10.webp\" alt=\"\" width=\"1000\" height=\"1000\" title=\"\" data-srcset=\"https:\/\/tmay.com\/wp-content\/uploads\/2024\/06\/0-10.webp 1000w, https:\/\/tmay.com\/wp-content\/uploads\/2024\/06\/0-10-300x300.webp 300w, https:\/\/tmay.com\/wp-content\/uploads\/2024\/06\/0-10-150x150.webp 150w, https:\/\/tmay.com\/wp-content\/uploads\/2024\/06\/0-10-768x768.webp 768w, https:\/\/tmay.com\/wp-content\/uploads\/2024\/06\/0-10-144x144.webp 144w, https:\/\/tmay.com\/wp-content\/uploads\/2024\/06\/0-10-600x600.webp 600w, https:\/\/tmay.com\/wp-content\/uploads\/2024\/06\/0-10-100x100.webp 100w\" data-sizes=\"(max-width: 1000px) 100vw, 1000px\" src=\"data:image\/svg+xml;base64,PHN2ZyB3aWR0aD0iMSIgaGVpZ2h0PSIxIiB4bWxucz0iaHR0cDovL3d3dy53My5vcmcvMjAwMC9zdmciPjwvc3ZnPg==\" style=\"--smush-placeholder-width: 1000px; --smush-placeholder-aspect-ratio: 1000\/1000;\" \/> <img decoding=\"async\" class=\"aligncenter size-full wp-image-3129 lazyload\" data-src=\"https:\/\/tmay.com\/wp-content\/uploads\/2024\/06\/20-13.webp\" alt=\"\" width=\"1000\" height=\"1000\" title=\"\" data-srcset=\"https:\/\/tmay.com\/wp-content\/uploads\/2024\/06\/20-13.webp 1000w, https:\/\/tmay.com\/wp-content\/uploads\/2024\/06\/20-13-300x300.webp 300w, https:\/\/tmay.com\/wp-content\/uploads\/2024\/06\/20-13-150x150.webp 150w, https:\/\/tmay.com\/wp-content\/uploads\/2024\/06\/20-13-768x768.webp 768w, https:\/\/tmay.com\/wp-content\/uploads\/2024\/06\/20-13-144x144.webp 144w, https:\/\/tmay.com\/wp-content\/uploads\/2024\/06\/20-13-600x600.webp 600w, https:\/\/tmay.com\/wp-content\/uploads\/2024\/06\/20-13-100x100.webp 100w\" data-sizes=\"(max-width: 1000px) 100vw, 1000px\" src=\"data:image\/svg+xml;base64,PHN2ZyB3aWR0aD0iMSIgaGVpZ2h0PSIxIiB4bWxucz0iaHR0cDovL3d3dy53My5vcmcvMjAwMC9zdmciPjwvc3ZnPg==\" style=\"--smush-placeholder-width: 1000px; --smush-placeholder-aspect-ratio: 1000\/1000;\" \/> <img decoding=\"async\" class=\"aligncenter size-full wp-image-3130 lazyload\" data-src=\"https:\/\/tmay.com\/wp-content\/uploads\/2024\/06\/20-14.webp\" alt=\"\" width=\"1000\" height=\"1000\" title=\"\" data-srcset=\"https:\/\/tmay.com\/wp-content\/uploads\/2024\/06\/20-14.webp 1000w, https:\/\/tmay.com\/wp-content\/uploads\/2024\/06\/20-14-300x300.webp 300w, https:\/\/tmay.com\/wp-content\/uploads\/2024\/06\/20-14-150x150.webp 150w, https:\/\/tmay.com\/wp-content\/uploads\/2024\/06\/20-14-768x768.webp 768w, https:\/\/tmay.com\/wp-content\/uploads\/2024\/06\/20-14-144x144.webp 144w, https:\/\/tmay.com\/wp-content\/uploads\/2024\/06\/20-14-600x600.webp 600w, https:\/\/tmay.com\/wp-content\/uploads\/2024\/06\/20-14-100x100.webp 100w\" data-sizes=\"(max-width: 1000px) 100vw, 1000px\" src=\"data:image\/svg+xml;base64,PHN2ZyB3aWR0aD0iMSIgaGVpZ2h0PSIxIiB4bWxucz0iaHR0cDovL3d3dy53My5vcmcvMjAwMC9zdmciPjwvc3ZnPg==\" style=\"--smush-placeholder-width: 1000px; --smush-placeholder-aspect-ratio: 1000\/1000;\" \/> <img decoding=\"async\" class=\"aligncenter size-full wp-image-3131 lazyload\" data-src=\"https:\/\/tmay.com\/wp-content\/uploads\/2024\/06\/45-20.webp\" alt=\"\" width=\"1000\" height=\"1000\" title=\"\" data-srcset=\"https:\/\/tmay.com\/wp-content\/uploads\/2024\/06\/45-20.webp 1000w, https:\/\/tmay.com\/wp-content\/uploads\/2024\/06\/45-20-300x300.webp 300w, https:\/\/tmay.com\/wp-content\/uploads\/2024\/06\/45-20-150x150.webp 150w, https:\/\/tmay.com\/wp-content\/uploads\/2024\/06\/45-20-768x768.webp 768w, https:\/\/tmay.com\/wp-content\/uploads\/2024\/06\/45-20-144x144.webp 144w, https:\/\/tmay.com\/wp-content\/uploads\/2024\/06\/45-20-600x600.webp 600w, https:\/\/tmay.com\/wp-content\/uploads\/2024\/06\/45-20-100x100.webp 100w\" data-sizes=\"(max-width: 1000px) 100vw, 1000px\" src=\"data:image\/svg+xml;base64,PHN2ZyB3aWR0aD0iMSIgaGVpZ2h0PSIxIiB4bWxucz0iaHR0cDovL3d3dy53My5vcmcvMjAwMC9zdmciPjwvc3ZnPg==\" style=\"--smush-placeholder-width: 1000px; --smush-placeholder-aspect-ratio: 1000\/1000;\" \/> <img decoding=\"async\" class=\"aligncenter size-full wp-image-3132 lazyload\" data-src=\"https:\/\/tmay.com\/wp-content\/uploads\/2024\/06\/45-21.webp\" alt=\"\" width=\"1000\" height=\"1000\" title=\"\" data-srcset=\"https:\/\/tmay.com\/wp-content\/uploads\/2024\/06\/45-21.webp 1000w, https:\/\/tmay.com\/wp-content\/uploads\/2024\/06\/45-21-300x300.webp 300w, https:\/\/tmay.com\/wp-content\/uploads\/2024\/06\/45-21-150x150.webp 150w, https:\/\/tmay.com\/wp-content\/uploads\/2024\/06\/45-21-768x768.webp 768w, https:\/\/tmay.com\/wp-content\/uploads\/2024\/06\/45-21-144x144.webp 144w, https:\/\/tmay.com\/wp-content\/uploads\/2024\/06\/45-21-600x600.webp 600w, https:\/\/tmay.com\/wp-content\/uploads\/2024\/06\/45-21-100x100.webp 100w\" data-sizes=\"(max-width: 1000px) 100vw, 1000px\" src=\"data:image\/svg+xml;base64,PHN2ZyB3aWR0aD0iMSIgaGVpZ2h0PSIxIiB4bWxucz0iaHR0cDovL3d3dy53My5vcmcvMjAwMC9zdmciPjwvc3ZnPg==\" style=\"--smush-placeholder-width: 1000px; --smush-placeholder-aspect-ratio: 1000\/1000;\" \/> <img decoding=\"async\" class=\"aligncenter size-full wp-image-3133 lazyload\" data-src=\"https:\/\/tmay.com\/wp-content\/uploads\/2024\/06\/90-17.webp\" alt=\"\" width=\"1000\" height=\"1000\" title=\"\" data-srcset=\"https:\/\/tmay.com\/wp-content\/uploads\/2024\/06\/90-17.webp 1000w, https:\/\/tmay.com\/wp-content\/uploads\/2024\/06\/90-17-300x300.webp 300w, https:\/\/tmay.com\/wp-content\/uploads\/2024\/06\/90-17-150x150.webp 150w, https:\/\/tmay.com\/wp-content\/uploads\/2024\/06\/90-17-768x768.webp 768w, https:\/\/tmay.com\/wp-content\/uploads\/2024\/06\/90-17-144x144.webp 144w, https:\/\/tmay.com\/wp-content\/uploads\/2024\/06\/90-17-600x600.webp 600w, https:\/\/tmay.com\/wp-content\/uploads\/2024\/06\/90-17-100x100.webp 100w\" data-sizes=\"(max-width: 1000px) 100vw, 1000px\" src=\"data:image\/svg+xml;base64,PHN2ZyB3aWR0aD0iMSIgaGVpZ2h0PSIxIiB4bWxucz0iaHR0cDovL3d3dy53My5vcmcvMjAwMC9zdmciPjwvc3ZnPg==\" style=\"--smush-placeholder-width: 1000px; --smush-placeholder-aspect-ratio: 1000\/1000;\" \/> <img decoding=\"async\" class=\"aligncenter size-full wp-image-3134 lazyload\" data-src=\"https:\/\/tmay.com\/wp-content\/uploads\/2024\/06\/90-18.webp\" alt=\"\" width=\"1000\" height=\"1000\" title=\"\" data-srcset=\"https:\/\/tmay.com\/wp-content\/uploads\/2024\/06\/90-18.webp 1000w, https:\/\/tmay.com\/wp-content\/uploads\/2024\/06\/90-18-300x300.webp 300w, https:\/\/tmay.com\/wp-content\/uploads\/2024\/06\/90-18-150x150.webp 150w, https:\/\/tmay.com\/wp-content\/uploads\/2024\/06\/90-18-768x768.webp 768w, https:\/\/tmay.com\/wp-content\/uploads\/2024\/06\/90-18-144x144.webp 144w, https:\/\/tmay.com\/wp-content\/uploads\/2024\/06\/90-18-600x600.webp 600w, https:\/\/tmay.com\/wp-content\/uploads\/2024\/06\/90-18-100x100.webp 100w\" data-sizes=\"(max-width: 1000px) 100vw, 1000px\" src=\"data:image\/svg+xml;base64,PHN2ZyB3aWR0aD0iMSIgaGVpZ2h0PSIxIiB4bWxucz0iaHR0cDovL3d3dy53My5vcmcvMjAwMC9zdmciPjwvc3ZnPg==\" style=\"--smush-placeholder-width: 1000px; --smush-placeholder-aspect-ratio: 1000\/1000;\" \/> <img decoding=\"async\" class=\"aligncenter size-full wp-image-3135 lazyload\" data-src=\"https:\/\/tmay.com\/wp-content\/uploads\/2024\/06\/165-17.webp\" alt=\"\" width=\"1000\" height=\"1000\" title=\"\" data-srcset=\"https:\/\/tmay.com\/wp-content\/uploads\/2024\/06\/165-17.webp 1000w, https:\/\/tmay.com\/wp-content\/uploads\/2024\/06\/165-17-300x300.webp 300w, https:\/\/tmay.com\/wp-content\/uploads\/2024\/06\/165-17-150x150.webp 150w, https:\/\/tmay.com\/wp-content\/uploads\/2024\/06\/165-17-768x768.webp 768w, https:\/\/tmay.com\/wp-content\/uploads\/2024\/06\/165-17-144x144.webp 144w, https:\/\/tmay.com\/wp-content\/uploads\/2024\/06\/165-17-600x600.webp 600w, https:\/\/tmay.com\/wp-content\/uploads\/2024\/06\/165-17-100x100.webp 100w\" data-sizes=\"(max-width: 1000px) 100vw, 1000px\" src=\"data:image\/svg+xml;base64,PHN2ZyB3aWR0aD0iMSIgaGVpZ2h0PSIxIiB4bWxucz0iaHR0cDovL3d3dy53My5vcmcvMjAwMC9zdmciPjwvc3ZnPg==\" style=\"--smush-placeholder-width: 1000px; --smush-placeholder-aspect-ratio: 1000\/1000;\" \/><\/p>\n<p><img decoding=\"async\" class=\"aligncenter size-full wp-image-141 lazyload\" data-src=\"https:\/\/tmay.com\/wp-content\/uploads\/2023\/11\/\u633a\u7f8e1-\u8be6\u60c5\u9875_17.jpg\" alt=\"Cryolipolysis Machine\" width=\"750\" height=\"544\" title=\"\" data-srcset=\"https:\/\/tmay.com\/wp-content\/uploads\/2023\/11\/\u633a\u7f8e1-\u8be6\u60c5\u9875_17.jpg 750w, https:\/\/tmay.com\/wp-content\/uploads\/2023\/11\/\u633a\u7f8e1-\u8be6\u60c5\u9875_17-300x218.jpg 300w, https:\/\/tmay.com\/wp-content\/uploads\/2023\/11\/\u633a\u7f8e1-\u8be6\u60c5\u9875_17-600x435.jpg 600w\" data-sizes=\"(max-width: 750px) 100vw, 750px\" src=\"data:image\/svg+xml;base64,PHN2ZyB3aWR0aD0iMSIgaGVpZ2h0PSIxIiB4bWxucz0iaHR0cDovL3d3dy53My5vcmcvMjAwMC9zdmciPjwvc3ZnPg==\" style=\"--smush-placeholder-width: 750px; --smush-placeholder-aspect-ratio: 750\/544;\" \/> <img decoding=\"async\" class=\"aligncenter size-full wp-image-142 lazyload\" data-src=\"https:\/\/tmay.com\/wp-content\/uploads\/2023\/11\/\u633a\u7f8e1-\u8be6\u60c5\u9875_18.jpg\" alt=\"Cool Body Sculpt Machines Fat Freezing\" width=\"750\" height=\"734\" title=\"\" data-srcset=\"https:\/\/tmay.com\/wp-content\/uploads\/2023\/11\/\u633a\u7f8e1-\u8be6\u60c5\u9875_18.jpg 750w, https:\/\/tmay.com\/wp-content\/uploads\/2023\/11\/\u633a\u7f8e1-\u8be6\u60c5\u9875_18-300x294.jpg 300w, https:\/\/tmay.com\/wp-content\/uploads\/2023\/11\/\u633a\u7f8e1-\u8be6\u60c5\u9875_18-600x587.jpg 600w\" data-sizes=\"(max-width: 750px) 100vw, 750px\" src=\"data:image\/svg+xml;base64,PHN2ZyB3aWR0aD0iMSIgaGVpZ2h0PSIxIiB4bWxucz0iaHR0cDovL3d3dy53My5vcmcvMjAwMC9zdmciPjwvc3ZnPg==\" style=\"--smush-placeholder-width: 750px; --smush-placeholder-aspect-ratio: 750\/734;\" \/> <img decoding=\"async\" class=\"aligncenter size-full wp-image-143 lazyload\" data-src=\"https:\/\/tmay.com\/wp-content\/uploads\/2023\/11\/\u633a\u7f8e1-\u8be6\u60c5\u9875_19.jpg\" alt=\"\" width=\"750\" height=\"488\" title=\"\" data-srcset=\"https:\/\/tmay.com\/wp-content\/uploads\/2023\/11\/\u633a\u7f8e1-\u8be6\u60c5\u9875_19.jpg 750w, https:\/\/tmay.com\/wp-content\/uploads\/2023\/11\/\u633a\u7f8e1-\u8be6\u60c5\u9875_19-300x195.jpg 300w, https:\/\/tmay.com\/wp-content\/uploads\/2023\/11\/\u633a\u7f8e1-\u8be6\u60c5\u9875_19-600x390.jpg 600w\" data-sizes=\"(max-width: 750px) 100vw, 750px\" src=\"data:image\/svg+xml;base64,PHN2ZyB3aWR0aD0iMSIgaGVpZ2h0PSIxIiB4bWxucz0iaHR0cDovL3d3dy53My5vcmcvMjAwMC9zdmciPjwvc3ZnPg==\" style=\"--smush-placeholder-width: 750px; --smush-placeholder-aspect-ratio: 750\/488;\" \/> <img decoding=\"async\" class=\"aligncenter size-full wp-image-144 lazyload\" data-src=\"https:\/\/tmay.com\/wp-content\/uploads\/2023\/11\/\u633a\u7f8e1-\u8be6\u60c5\u9875_20.jpg\" alt=\"\" width=\"750\" height=\"540\" title=\"\" data-srcset=\"https:\/\/tmay.com\/wp-content\/uploads\/2023\/11\/\u633a\u7f8e1-\u8be6\u60c5\u9875_20.jpg 750w, https:\/\/tmay.com\/wp-content\/uploads\/2023\/11\/\u633a\u7f8e1-\u8be6\u60c5\u9875_20-300x216.jpg 300w, https:\/\/tmay.com\/wp-content\/uploads\/2023\/11\/\u633a\u7f8e1-\u8be6\u60c5\u9875_20-600x432.jpg 600w\" data-sizes=\"(max-width: 750px) 100vw, 750px\" src=\"data:image\/svg+xml;base64,PHN2ZyB3aWR0aD0iMSIgaGVpZ2h0PSIxIiB4bWxucz0iaHR0cDovL3d3dy53My5vcmcvMjAwMC9zdmciPjwvc3ZnPg==\" style=\"--smush-placeholder-width: 750px; --smush-placeholder-aspect-ratio: 750\/540;\" \/><\/p>","protected":false},"excerpt":{"rendered":"","protected":false},"featured_media":3129,"comment_status":"open","ping_status":"closed","template":"","meta":{"site-sidebar-layout":"default","site-content-layout":"","ast-site-content-layout":"default","site-content-style":"default","site-sidebar-style":"default","ast-global-header-display":"","ast-banner-title-visibility":"","ast-main-header-display":"","ast-hfb-above-header-display":"","ast-hfb-below-header-display":"","ast-hfb-mobile-header-display":"","site-post-title":"","ast-breadcrumbs-content":"","ast-featured-img":"","footer-sml-layout":"","ast-disable-related-posts":"","theme-transparent-header-meta":"default","adv-header-id-meta":"","stick-header-meta":"","header-above-stick-meta":"","header-main-stick-meta":"","header-below-stick-meta":"","astra-migrate-meta-layouts":"set","ast-page-background-enabled":"default","ast-page-background-meta":{"desktop":{"background-color":"var(--ast-global-color-4)","background-image":"","background-repeat":"repeat","background-position":"center center","background-size":"auto","background-attachment":"scroll","background-type":"","background-media":"","overlay-type":"","overlay-color":"","overlay-opacity":"","overlay-gradient":""},"tablet":{"background-color":"","background-image":"","background-repeat":"repeat","background-position":"center center","background-size":"auto","background-attachment":"scroll","background-type":"","background-media":"","overlay-type":"","overlay-color":"","overlay-opacity":"","overlay-gradient":""},"mobile":{"background-color":"","background-image":"","background-repeat":"repeat","background-position":"center center","background-size":"auto","background-attachment":"scroll","background-type":"","background-media":"","overlay-type":"","overlay-color":"","overlay-opacity":"","overlay-gradient":""}},"ast-content-background-meta":{"desktop":{"background-color":"var(--ast-global-color-5)","background-image":"","background-repeat":"repeat","background-position":"center center","background-size":"auto","background-attachment":"scroll","background-type":"","background-media":"","overlay-type":"","overlay-color":"","overlay-opacity":"","overlay-gradient":""},"tablet":{"background-color":"var(--ast-global-color-5)","background-image":"","background-repeat":"repeat","background-position":"center center","background-size":"auto","background-attachment":"scroll","background-type":"","background-media":"","overlay-type":"","overlay-color":"","overlay-opacity":"","overlay-gradient":""},"mobile":{"background-color":"var(--ast-global-color-5)","background-image":"","background-repeat":"repeat","background-position":"center center","background-size":"auto","background-attachment":"scroll","background-type":"","background-media":"","overlay-type":"","overlay-color":"","overlay-opacity":"","overlay-gradient":""}}},"product_brand":[],"product_cat":[23],"product_tag":[111,85],"class_list":{"0":"post-3127","1":"product","2":"type-product","3":"status-publish","4":"has-post-thumbnail","6":"product_cat-cryolipolysis-fat-freezing","7":"product_tag-cryolipolysis-fat-freezing-machine","8":"product_tag-new-machine","9":"desktop-align-left","10":"tablet-align-left","11":"mobile-align-left","13":"first","14":"instock","15":"shipping-taxable","16":"product-type-simple"},"_links":{"self":[{"href":"https:\/\/tmay.com\/es\/wp-json\/wp\/v2\/product\/3127","targetHints":{"allow":["GET"]}}],"collection":[{"href":"https:\/\/tmay.com\/es\/wp-json\/wp\/v2\/product"}],"about":[{"href":"https:\/\/tmay.com\/es\/wp-json\/wp\/v2\/types\/product"}],"replies":[{"embeddable":true,"href":"https:\/\/tmay.com\/es\/wp-json\/wp\/v2\/comments?post=3127"}],"version-history":[{"count":1,"href":"https:\/\/tmay.com\/es\/wp-json\/wp\/v2\/product\/3127\/revisions"}],"predecessor-version":[{"id":3136,"href":"https:\/\/tmay.com\/es\/wp-json\/wp\/v2\/product\/3127\/revisions\/3136"}],"wp:featuredmedia":[{"embeddable":true,"href":"https:\/\/tmay.com\/es\/wp-json\/wp\/v2\/media\/3129"}],"wp:attachment":[{"href":"https:\/\/tmay.com\/es\/wp-json\/wp\/v2\/media?parent=3127"}],"wp:term":[{"taxonomy":"product_brand","embeddable":true,"href":"https:\/\/tmay.com\/es\/wp-json\/wp\/v2\/product_brand?post=3127"},{"taxonomy":"product_cat","embeddable":true,"href":"https:\/\/tmay.com\/es\/wp-json\/wp\/v2\/product_cat?post=3127"},{"taxonomy":"product_tag","embeddable":true,"href":"https:\/\/tmay.com\/es\/wp-json\/wp\/v2\/product_tag?post=3127"}],"curies":[{"name":"wp","href":"https:\/\/api.w.org\/{rel}","templated":true}]}}