{"id":503,"date":"2023-12-18T09:59:20","date_gmt":"2023-12-18T01:59:20","guid":{"rendered":"https:\/\/tingamy.com\/?post_type=product&#038;p=503"},"modified":"2024-03-07T16:55:40","modified_gmt":"2024-03-07T08:55:40","slug":"portable-liposuction-cryotherapy-cavitation-criolipolisys-slimming-home-device-body-shaping-fat-freezing-machine-tm-908","status":"publish","type":"product","link":"https:\/\/tmay.com\/es\/producto\/portable-liposuction-cryotherapy-cavitation-criolipolisys-slimming-home-device-body-shaping-fat-freezing-machine-tm-908\/","title":{"rendered":"liposucci\u00f3n port\u00e1til crioterapia cavitaci\u00f3n criolipolisys adelgazamiento dispositivo casero cuerpo modelado m\u00e1quina de congelaci\u00f3n de grasa TM-908"},"content":{"rendered":"<p>&nbsp;<\/p>\n<p><img fetchpriority=\"high\" decoding=\"async\" class=\"aligncenter size-full wp-image-136\" src=\"https:\/\/tmay.com\/wp-content\/uploads\/2023\/11\/\u633a\u7f8e1-\u8be6\u60c5\u9875_01.jpg\" alt=\"\u5bb6\u7528\u51b7\u51bb\u6eb6\u8102 360 \u5ea6\u9177\u5851\u8eab\u673a\u8102\u80aa\u51b7\u51bb\u53bb\u9664\u8179\u90e8\u8102\u80aa\u6700\u4f18\u60e0\u4ef7\u683c\" width=\"750\" height=\"367\" title=\"\" srcset=\"https:\/\/tmay.com\/wp-content\/uploads\/2023\/11\/\u633a\u7f8e1-\u8be6\u60c5\u9875_01.jpg 750w, https:\/\/tmay.com\/wp-content\/uploads\/2023\/11\/\u633a\u7f8e1-\u8be6\u60c5\u9875_01-300x147.jpg 300w, https:\/\/tmay.com\/wp-content\/uploads\/2023\/11\/\u633a\u7f8e1-\u8be6\u60c5\u9875_01-600x294.jpg 600w\" sizes=\"(max-width: 750px) 100vw, 750px\" \/><img decoding=\"async\" class=\"aligncenter size-full wp-image-1766 lazyload\" data-src=\"https:\/\/tmay.com\/wp-content\/uploads\/2023\/12\/0-10.jpg\" alt=\"\" width=\"1000\" height=\"1000\" title=\"\" data-srcset=\"https:\/\/tmay.com\/wp-content\/uploads\/2023\/12\/0-10.jpg 1000w, https:\/\/tmay.com\/wp-content\/uploads\/2023\/12\/0-10-300x300.jpg 300w, https:\/\/tmay.com\/wp-content\/uploads\/2023\/12\/0-10-150x150.jpg 150w, https:\/\/tmay.com\/wp-content\/uploads\/2023\/12\/0-10-768x768.jpg 768w, https:\/\/tmay.com\/wp-content\/uploads\/2023\/12\/0-10-144x144.jpg 144w, https:\/\/tmay.com\/wp-content\/uploads\/2023\/12\/0-10-600x600.jpg 600w, https:\/\/tmay.com\/wp-content\/uploads\/2023\/12\/0-10-100x100.jpg 100w\" data-sizes=\"(max-width: 1000px) 100vw, 1000px\" src=\"data:image\/svg+xml;base64,PHN2ZyB3aWR0aD0iMSIgaGVpZ2h0PSIxIiB4bWxucz0iaHR0cDovL3d3dy53My5vcmcvMjAwMC9zdmciPjwvc3ZnPg==\" style=\"--smush-placeholder-width: 1000px; --smush-placeholder-aspect-ratio: 1000\/1000;\" \/> <img decoding=\"async\" class=\"aligncenter size-full wp-image-1767 lazyload\" data-src=\"https:\/\/tmay.com\/wp-content\/uploads\/2023\/12\/15-10.jpg\" alt=\"\" width=\"1000\" height=\"1000\" title=\"\" data-srcset=\"https:\/\/tmay.com\/wp-content\/uploads\/2023\/12\/15-10.jpg 1000w, https:\/\/tmay.com\/wp-content\/uploads\/2023\/12\/15-10-300x300.jpg 300w, https:\/\/tmay.com\/wp-content\/uploads\/2023\/12\/15-10-150x150.jpg 150w, https:\/\/tmay.com\/wp-content\/uploads\/2023\/12\/15-10-768x768.jpg 768w, https:\/\/tmay.com\/wp-content\/uploads\/2023\/12\/15-10-144x144.jpg 144w, https:\/\/tmay.com\/wp-content\/uploads\/2023\/12\/15-10-600x600.jpg 600w, https:\/\/tmay.com\/wp-content\/uploads\/2023\/12\/15-10-100x100.jpg 100w\" data-sizes=\"(max-width: 1000px) 100vw, 1000px\" src=\"data:image\/svg+xml;base64,PHN2ZyB3aWR0aD0iMSIgaGVpZ2h0PSIxIiB4bWxucz0iaHR0cDovL3d3dy53My5vcmcvMjAwMC9zdmciPjwvc3ZnPg==\" style=\"--smush-placeholder-width: 1000px; --smush-placeholder-aspect-ratio: 1000\/1000;\" \/> <img decoding=\"async\" class=\"aligncenter size-full wp-image-1768 lazyload\" data-src=\"https:\/\/tmay.com\/wp-content\/uploads\/2023\/12\/15-11.jpg\" alt=\"\" width=\"1000\" height=\"1000\" title=\"\" data-srcset=\"https:\/\/tmay.com\/wp-content\/uploads\/2023\/12\/15-11.jpg 1000w, https:\/\/tmay.com\/wp-content\/uploads\/2023\/12\/15-11-300x300.jpg 300w, https:\/\/tmay.com\/wp-content\/uploads\/2023\/12\/15-11-150x150.jpg 150w, https:\/\/tmay.com\/wp-content\/uploads\/2023\/12\/15-11-768x768.jpg 768w, https:\/\/tmay.com\/wp-content\/uploads\/2023\/12\/15-11-144x144.jpg 144w, https:\/\/tmay.com\/wp-content\/uploads\/2023\/12\/15-11-600x600.jpg 600w, https:\/\/tmay.com\/wp-content\/uploads\/2023\/12\/15-11-100x100.jpg 100w\" data-sizes=\"(max-width: 1000px) 100vw, 1000px\" src=\"data:image\/svg+xml;base64,PHN2ZyB3aWR0aD0iMSIgaGVpZ2h0PSIxIiB4bWxucz0iaHR0cDovL3d3dy53My5vcmcvMjAwMC9zdmciPjwvc3ZnPg==\" style=\"--smush-placeholder-width: 1000px; --smush-placeholder-aspect-ratio: 1000\/1000;\" \/> <img decoding=\"async\" class=\"aligncenter size-full wp-image-1769 lazyload\" data-src=\"https:\/\/tmay.com\/wp-content\/uploads\/2023\/12\/45-18.jpg\" alt=\"\" width=\"1000\" height=\"1000\" title=\"\" data-srcset=\"https:\/\/tmay.com\/wp-content\/uploads\/2023\/12\/45-18.jpg 1000w, https:\/\/tmay.com\/wp-content\/uploads\/2023\/12\/45-18-300x300.jpg 300w, https:\/\/tmay.com\/wp-content\/uploads\/2023\/12\/45-18-150x150.jpg 150w, https:\/\/tmay.com\/wp-content\/uploads\/2023\/12\/45-18-768x768.jpg 768w, https:\/\/tmay.com\/wp-content\/uploads\/2023\/12\/45-18-144x144.jpg 144w, https:\/\/tmay.com\/wp-content\/uploads\/2023\/12\/45-18-600x600.jpg 600w, https:\/\/tmay.com\/wp-content\/uploads\/2023\/12\/45-18-100x100.jpg 100w\" data-sizes=\"(max-width: 1000px) 100vw, 1000px\" src=\"data:image\/svg+xml;base64,PHN2ZyB3aWR0aD0iMSIgaGVpZ2h0PSIxIiB4bWxucz0iaHR0cDovL3d3dy53My5vcmcvMjAwMC9zdmciPjwvc3ZnPg==\" style=\"--smush-placeholder-width: 1000px; --smush-placeholder-aspect-ratio: 1000\/1000;\" \/> <img decoding=\"async\" class=\"aligncenter size-full wp-image-1770 lazyload\" data-src=\"https:\/\/tmay.com\/wp-content\/uploads\/2023\/12\/45-19.jpg\" alt=\"\" width=\"1000\" height=\"1000\" title=\"\" data-srcset=\"https:\/\/tmay.com\/wp-content\/uploads\/2023\/12\/45-19.jpg 1000w, https:\/\/tmay.com\/wp-content\/uploads\/2023\/12\/45-19-300x300.jpg 300w, https:\/\/tmay.com\/wp-content\/uploads\/2023\/12\/45-19-150x150.jpg 150w, https:\/\/tmay.com\/wp-content\/uploads\/2023\/12\/45-19-768x768.jpg 768w, https:\/\/tmay.com\/wp-content\/uploads\/2023\/12\/45-19-144x144.jpg 144w, https:\/\/tmay.com\/wp-content\/uploads\/2023\/12\/45-19-600x600.jpg 600w, https:\/\/tmay.com\/wp-content\/uploads\/2023\/12\/45-19-100x100.jpg 100w\" data-sizes=\"(max-width: 1000px) 100vw, 1000px\" src=\"data:image\/svg+xml;base64,PHN2ZyB3aWR0aD0iMSIgaGVpZ2h0PSIxIiB4bWxucz0iaHR0cDovL3d3dy53My5vcmcvMjAwMC9zdmciPjwvc3ZnPg==\" style=\"--smush-placeholder-width: 1000px; --smush-placeholder-aspect-ratio: 1000\/1000;\" \/> <img decoding=\"async\" class=\"aligncenter size-full wp-image-1772 lazyload\" data-src=\"https:\/\/tmay.com\/wp-content\/uploads\/2023\/12\/90-15.jpg\" alt=\"\" width=\"1000\" height=\"1000\" title=\"\" data-srcset=\"https:\/\/tmay.com\/wp-content\/uploads\/2023\/12\/90-15.jpg 1000w, https:\/\/tmay.com\/wp-content\/uploads\/2023\/12\/90-15-300x300.jpg 300w, https:\/\/tmay.com\/wp-content\/uploads\/2023\/12\/90-15-150x150.jpg 150w, https:\/\/tmay.com\/wp-content\/uploads\/2023\/12\/90-15-768x768.jpg 768w, https:\/\/tmay.com\/wp-content\/uploads\/2023\/12\/90-15-144x144.jpg 144w, https:\/\/tmay.com\/wp-content\/uploads\/2023\/12\/90-15-600x600.jpg 600w, https:\/\/tmay.com\/wp-content\/uploads\/2023\/12\/90-15-100x100.jpg 100w\" data-sizes=\"(max-width: 1000px) 100vw, 1000px\" src=\"data:image\/svg+xml;base64,PHN2ZyB3aWR0aD0iMSIgaGVpZ2h0PSIxIiB4bWxucz0iaHR0cDovL3d3dy53My5vcmcvMjAwMC9zdmciPjwvc3ZnPg==\" style=\"--smush-placeholder-width: 1000px; --smush-placeholder-aspect-ratio: 1000\/1000;\" \/> <img decoding=\"async\" class=\"aligncenter size-full wp-image-1773 lazyload\" data-src=\"https:\/\/tmay.com\/wp-content\/uploads\/2023\/12\/90-16.jpg\" alt=\"\" width=\"1000\" height=\"1000\" title=\"\" data-srcset=\"https:\/\/tmay.com\/wp-content\/uploads\/2023\/12\/90-16.jpg 1000w, https:\/\/tmay.com\/wp-content\/uploads\/2023\/12\/90-16-300x300.jpg 300w, https:\/\/tmay.com\/wp-content\/uploads\/2023\/12\/90-16-150x150.jpg 150w, https:\/\/tmay.com\/wp-content\/uploads\/2023\/12\/90-16-768x768.jpg 768w, https:\/\/tmay.com\/wp-content\/uploads\/2023\/12\/90-16-144x144.jpg 144w, https:\/\/tmay.com\/wp-content\/uploads\/2023\/12\/90-16-600x600.jpg 600w, https:\/\/tmay.com\/wp-content\/uploads\/2023\/12\/90-16-100x100.jpg 100w\" data-sizes=\"(max-width: 1000px) 100vw, 1000px\" src=\"data:image\/svg+xml;base64,PHN2ZyB3aWR0aD0iMSIgaGVpZ2h0PSIxIiB4bWxucz0iaHR0cDovL3d3dy53My5vcmcvMjAwMC9zdmciPjwvc3ZnPg==\" style=\"--smush-placeholder-width: 1000px; --smush-placeholder-aspect-ratio: 1000\/1000;\" \/> <img decoding=\"async\" class=\"aligncenter size-full wp-image-1774 lazyload\" data-src=\"https:\/\/tmay.com\/wp-content\/uploads\/2023\/12\/165-14.jpg\" alt=\"\" width=\"1000\" height=\"1000\" title=\"\" data-srcset=\"https:\/\/tmay.com\/wp-content\/uploads\/2023\/12\/165-14.jpg 1000w, https:\/\/tmay.com\/wp-content\/uploads\/2023\/12\/165-14-300x300.jpg 300w, https:\/\/tmay.com\/wp-content\/uploads\/2023\/12\/165-14-150x150.jpg 150w, https:\/\/tmay.com\/wp-content\/uploads\/2023\/12\/165-14-768x768.jpg 768w, https:\/\/tmay.com\/wp-content\/uploads\/2023\/12\/165-14-144x144.jpg 144w, https:\/\/tmay.com\/wp-content\/uploads\/2023\/12\/165-14-600x600.jpg 600w, https:\/\/tmay.com\/wp-content\/uploads\/2023\/12\/165-14-100x100.jpg 100w\" data-sizes=\"(max-width: 1000px) 100vw, 1000px\" src=\"data:image\/svg+xml;base64,PHN2ZyB3aWR0aD0iMSIgaGVpZ2h0PSIxIiB4bWxucz0iaHR0cDovL3d3dy53My5vcmcvMjAwMC9zdmciPjwvc3ZnPg==\" style=\"--smush-placeholder-width: 1000px; --smush-placeholder-aspect-ratio: 1000\/1000;\" \/> <img decoding=\"async\" class=\"aligncenter size-full wp-image-1775 lazyload\" data-src=\"https:\/\/tmay.com\/wp-content\/uploads\/2023\/12\/180-9.jpg\" alt=\"\" width=\"1000\" height=\"1000\" title=\"\" data-srcset=\"https:\/\/tmay.com\/wp-content\/uploads\/2023\/12\/180-9.jpg 1000w, https:\/\/tmay.com\/wp-content\/uploads\/2023\/12\/180-9-300x300.jpg 300w, https:\/\/tmay.com\/wp-content\/uploads\/2023\/12\/180-9-150x150.jpg 150w, https:\/\/tmay.com\/wp-content\/uploads\/2023\/12\/180-9-768x768.jpg 768w, https:\/\/tmay.com\/wp-content\/uploads\/2023\/12\/180-9-144x144.jpg 144w, https:\/\/tmay.com\/wp-content\/uploads\/2023\/12\/180-9-600x600.jpg 600w, https:\/\/tmay.com\/wp-content\/uploads\/2023\/12\/180-9-100x100.jpg 100w\" data-sizes=\"(max-width: 1000px) 100vw, 1000px\" src=\"data:image\/svg+xml;base64,PHN2ZyB3aWR0aD0iMSIgaGVpZ2h0PSIxIiB4bWxucz0iaHR0cDovL3d3dy53My5vcmcvMjAwMC9zdmciPjwvc3ZnPg==\" style=\"--smush-placeholder-width: 1000px; --smush-placeholder-aspect-ratio: 1000\/1000;\" \/> <img decoding=\"async\" class=\"aligncenter size-full wp-image-1776 lazyload\" data-src=\"https:\/\/tmay.com\/wp-content\/uploads\/2023\/12\/195-4.jpg\" alt=\"\" width=\"1000\" height=\"1000\" title=\"\" data-srcset=\"https:\/\/tmay.com\/wp-content\/uploads\/2023\/12\/195-4.jpg 1000w, https:\/\/tmay.com\/wp-content\/uploads\/2023\/12\/195-4-300x300.jpg 300w, https:\/\/tmay.com\/wp-content\/uploads\/2023\/12\/195-4-150x150.jpg 150w, https:\/\/tmay.com\/wp-content\/uploads\/2023\/12\/195-4-768x768.jpg 768w, https:\/\/tmay.com\/wp-content\/uploads\/2023\/12\/195-4-144x144.jpg 144w, https:\/\/tmay.com\/wp-content\/uploads\/2023\/12\/195-4-600x600.jpg 600w, https:\/\/tmay.com\/wp-content\/uploads\/2023\/12\/195-4-100x100.jpg 100w\" data-sizes=\"(max-width: 1000px) 100vw, 1000px\" src=\"data:image\/svg+xml;base64,PHN2ZyB3aWR0aD0iMSIgaGVpZ2h0PSIxIiB4bWxucz0iaHR0cDovL3d3dy53My5vcmcvMjAwMC9zdmciPjwvc3ZnPg==\" style=\"--smush-placeholder-width: 1000px; --smush-placeholder-aspect-ratio: 1000\/1000;\" \/><\/p>\n<p><img decoding=\"async\" class=\"aligncenter size-full wp-image-137 lazyload\" data-src=\"https:\/\/tmay.com\/wp-content\/uploads\/2023\/11\/\u633a\u7f8e1-\u8be6\u60c5\u9875_13.jpg\" alt=\"\u5bb6\u7528\u51b7\u51bb\u6eb6\u8102 360 \u5ea6\u9177\u5851\u8eab\u673a\u8102\u80aa\u51b7\u51bb\u53bb\u9664\u8179\u90e8\u8102\u80aa\u6700\u4f18\u60e0\u4ef7\u683c\" width=\"750\" height=\"1314\" title=\"\" data-srcset=\"https:\/\/tmay.com\/wp-content\/uploads\/2023\/11\/\u633a\u7f8e1-\u8be6\u60c5\u9875_13.jpg 750w, https:\/\/tmay.com\/wp-content\/uploads\/2023\/11\/\u633a\u7f8e1-\u8be6\u60c5\u9875_13-171x300.jpg 171w, https:\/\/tmay.com\/wp-content\/uploads\/2023\/11\/\u633a\u7f8e1-\u8be6\u60c5\u9875_13-584x1024.jpg 584w, https:\/\/tmay.com\/wp-content\/uploads\/2023\/11\/\u633a\u7f8e1-\u8be6\u60c5\u9875_13-600x1051.jpg 600w\" data-sizes=\"(max-width: 750px) 100vw, 750px\" src=\"data:image\/svg+xml;base64,PHN2ZyB3aWR0aD0iMSIgaGVpZ2h0PSIxIiB4bWxucz0iaHR0cDovL3d3dy53My5vcmcvMjAwMC9zdmciPjwvc3ZnPg==\" style=\"--smush-placeholder-width: 750px; --smush-placeholder-aspect-ratio: 750\/1314;\" \/> <img decoding=\"async\" class=\"aligncenter size-full wp-image-138 lazyload\" data-src=\"https:\/\/tmay.com\/wp-content\/uploads\/2023\/11\/\u633a\u7f8e1-\u8be6\u60c5\u9875_14.jpg\" alt=\"\" width=\"750\" height=\"888\" title=\"\" data-srcset=\"https:\/\/tmay.com\/wp-content\/uploads\/2023\/11\/\u633a\u7f8e1-\u8be6\u60c5\u9875_14.jpg 750w, https:\/\/tmay.com\/wp-content\/uploads\/2023\/11\/\u633a\u7f8e1-\u8be6\u60c5\u9875_14-253x300.jpg 253w, https:\/\/tmay.com\/wp-content\/uploads\/2023\/11\/\u633a\u7f8e1-\u8be6\u60c5\u9875_14-600x710.jpg 600w\" data-sizes=\"(max-width: 750px) 100vw, 750px\" src=\"data:image\/svg+xml;base64,PHN2ZyB3aWR0aD0iMSIgaGVpZ2h0PSIxIiB4bWxucz0iaHR0cDovL3d3dy53My5vcmcvMjAwMC9zdmciPjwvc3ZnPg==\" style=\"--smush-placeholder-width: 750px; --smush-placeholder-aspect-ratio: 750\/888;\" \/> <img decoding=\"async\" class=\"aligncenter size-full wp-image-139 lazyload\" data-src=\"https:\/\/tmay.com\/wp-content\/uploads\/2023\/11\/\u633a\u7f8e1-\u8be6\u60c5\u9875_15.jpg\" alt=\"\" width=\"750\" height=\"624\" title=\"\" data-srcset=\"https:\/\/tmay.com\/wp-content\/uploads\/2023\/11\/\u633a\u7f8e1-\u8be6\u60c5\u9875_15.jpg 750w, https:\/\/tmay.com\/wp-content\/uploads\/2023\/11\/\u633a\u7f8e1-\u8be6\u60c5\u9875_15-300x250.jpg 300w, https:\/\/tmay.com\/wp-content\/uploads\/2023\/11\/\u633a\u7f8e1-\u8be6\u60c5\u9875_15-600x499.jpg 600w\" data-sizes=\"(max-width: 750px) 100vw, 750px\" src=\"data:image\/svg+xml;base64,PHN2ZyB3aWR0aD0iMSIgaGVpZ2h0PSIxIiB4bWxucz0iaHR0cDovL3d3dy53My5vcmcvMjAwMC9zdmciPjwvc3ZnPg==\" style=\"--smush-placeholder-width: 750px; --smush-placeholder-aspect-ratio: 750\/624;\" \/> <img decoding=\"async\" class=\"aligncenter size-full wp-image-140 lazyload\" data-src=\"https:\/\/tmay.com\/wp-content\/uploads\/2023\/11\/\u633a\u7f8e1-\u8be6\u60c5\u9875_16.jpg\" alt=\"\u51b0\u51bb\u878d\u5316 360\" width=\"750\" height=\"954\" title=\"\" data-srcset=\"https:\/\/tmay.com\/wp-content\/uploads\/2023\/11\/\u633a\u7f8e1-\u8be6\u60c5\u9875_16.jpg 750w, https:\/\/tmay.com\/wp-content\/uploads\/2023\/11\/\u633a\u7f8e1-\u8be6\u60c5\u9875_16-236x300.jpg 236w, https:\/\/tmay.com\/wp-content\/uploads\/2023\/11\/\u633a\u7f8e1-\u8be6\u60c5\u9875_16-600x763.jpg 600w\" data-sizes=\"(max-width: 750px) 100vw, 750px\" src=\"data:image\/svg+xml;base64,PHN2ZyB3aWR0aD0iMSIgaGVpZ2h0PSIxIiB4bWxucz0iaHR0cDovL3d3dy53My5vcmcvMjAwMC9zdmciPjwvc3ZnPg==\" style=\"--smush-placeholder-width: 750px; --smush-placeholder-aspect-ratio: 750\/954;\" \/> <img decoding=\"async\" class=\"aligncenter size-full wp-image-141 lazyload\" data-src=\"https:\/\/tmay.com\/wp-content\/uploads\/2023\/11\/\u633a\u7f8e1-\u8be6\u60c5\u9875_17.jpg\" alt=\"\u51b7\u51bb\u6eb6\u8102\u673a\" width=\"750\" height=\"544\" title=\"\" data-srcset=\"https:\/\/tmay.com\/wp-content\/uploads\/2023\/11\/\u633a\u7f8e1-\u8be6\u60c5\u9875_17.jpg 750w, https:\/\/tmay.com\/wp-content\/uploads\/2023\/11\/\u633a\u7f8e1-\u8be6\u60c5\u9875_17-300x218.jpg 300w, https:\/\/tmay.com\/wp-content\/uploads\/2023\/11\/\u633a\u7f8e1-\u8be6\u60c5\u9875_17-600x435.jpg 600w\" data-sizes=\"(max-width: 750px) 100vw, 750px\" src=\"data:image\/svg+xml;base64,PHN2ZyB3aWR0aD0iMSIgaGVpZ2h0PSIxIiB4bWxucz0iaHR0cDovL3d3dy53My5vcmcvMjAwMC9zdmciPjwvc3ZnPg==\" style=\"--smush-placeholder-width: 750px; --smush-placeholder-aspect-ratio: 750\/544;\" \/> <img decoding=\"async\" class=\"aligncenter size-full wp-image-142 lazyload\" data-src=\"https:\/\/tmay.com\/wp-content\/uploads\/2023\/11\/\u633a\u7f8e1-\u8be6\u60c5\u9875_18.jpg\" alt=\"\u9177\u70ab\u5851\u8eab\u673a\u8102\u80aa\u51b7\u51bb\" width=\"750\" height=\"734\" title=\"\" data-srcset=\"https:\/\/tmay.com\/wp-content\/uploads\/2023\/11\/\u633a\u7f8e1-\u8be6\u60c5\u9875_18.jpg 750w, https:\/\/tmay.com\/wp-content\/uploads\/2023\/11\/\u633a\u7f8e1-\u8be6\u60c5\u9875_18-300x294.jpg 300w, https:\/\/tmay.com\/wp-content\/uploads\/2023\/11\/\u633a\u7f8e1-\u8be6\u60c5\u9875_18-600x587.jpg 600w\" data-sizes=\"(max-width: 750px) 100vw, 750px\" src=\"data:image\/svg+xml;base64,PHN2ZyB3aWR0aD0iMSIgaGVpZ2h0PSIxIiB4bWxucz0iaHR0cDovL3d3dy53My5vcmcvMjAwMC9zdmciPjwvc3ZnPg==\" style=\"--smush-placeholder-width: 750px; --smush-placeholder-aspect-ratio: 750\/734;\" \/> <img decoding=\"async\" class=\"aligncenter size-full wp-image-143 lazyload\" data-src=\"https:\/\/tmay.com\/wp-content\/uploads\/2023\/11\/\u633a\u7f8e1-\u8be6\u60c5\u9875_19.jpg\" alt=\"\" width=\"750\" height=\"488\" title=\"\" data-srcset=\"https:\/\/tmay.com\/wp-content\/uploads\/2023\/11\/\u633a\u7f8e1-\u8be6\u60c5\u9875_19.jpg 750w, https:\/\/tmay.com\/wp-content\/uploads\/2023\/11\/\u633a\u7f8e1-\u8be6\u60c5\u9875_19-300x195.jpg 300w, https:\/\/tmay.com\/wp-content\/uploads\/2023\/11\/\u633a\u7f8e1-\u8be6\u60c5\u9875_19-600x390.jpg 600w\" data-sizes=\"(max-width: 750px) 100vw, 750px\" src=\"data:image\/svg+xml;base64,PHN2ZyB3aWR0aD0iMSIgaGVpZ2h0PSIxIiB4bWxucz0iaHR0cDovL3d3dy53My5vcmcvMjAwMC9zdmciPjwvc3ZnPg==\" style=\"--smush-placeholder-width: 750px; --smush-placeholder-aspect-ratio: 750\/488;\" \/> <img decoding=\"async\" class=\"aligncenter size-full wp-image-144 lazyload\" data-src=\"https:\/\/tmay.com\/wp-content\/uploads\/2023\/11\/\u633a\u7f8e1-\u8be6\u60c5\u9875_20.jpg\" alt=\"\" width=\"750\" height=\"540\" title=\"\" data-srcset=\"https:\/\/tmay.com\/wp-content\/uploads\/2023\/11\/\u633a\u7f8e1-\u8be6\u60c5\u9875_20.jpg 750w, https:\/\/tmay.com\/wp-content\/uploads\/2023\/11\/\u633a\u7f8e1-\u8be6\u60c5\u9875_20-300x216.jpg 300w, https:\/\/tmay.com\/wp-content\/uploads\/2023\/11\/\u633a\u7f8e1-\u8be6\u60c5\u9875_20-600x432.jpg 600w\" data-sizes=\"(max-width: 750px) 100vw, 750px\" src=\"data:image\/svg+xml;base64,PHN2ZyB3aWR0aD0iMSIgaGVpZ2h0PSIxIiB4bWxucz0iaHR0cDovL3d3dy53My5vcmcvMjAwMC9zdmciPjwvc3ZnPg==\" style=\"--smush-placeholder-width: 750px; --smush-placeholder-aspect-ratio: 750\/540;\" \/><\/p>","protected":false},"excerpt":{"rendered":"<div class=\"module_title\">\n<div class=\"product-title-container\" data-aplus-ae=\"x1_121da332\" data-spm-anchor-id=\"a2700.wholesale.0.i0.47697038sew0ov\" data-aplus-clk=\"x24_409b6ddc\">\n<ul>\n<li><strong>Soluci\u00f3n de adelgazamiento todo en uno<\/strong>: Our TM-908 portable machine combines liposuction, cryotherapy, cavitation, and criolipolysis technologies for a comprehensive and convenient home-based slimming experience.<\/li>\n<li><strong>Effective Fat Reduction<\/strong>: Experience effective fat reduction with the combination of liposuction, cryotherapy, cavitation, and criolipolysis, targeting stubborn fat cells for visible and lasting results.<\/li>\n<li><strong>Portable and Easy to Use<\/strong>: Designed for home use, the TM-908 is portable and user-friendly, allowing you to achieve your body shaping goals in the comfort of your own home.<\/li>\n<li><strong>Versatile Body Shaping<\/strong>: Achieve versatile body shaping with multiple technologies, including cryotherapy for fat freezing, cavitation for fat breakdown, and criolipolysis for targeted slimming.<\/li>\n<li><strong>Professional-Grade Technology for Home<\/strong>: The TM-908 brings professional-grade slimming technology to your home, ensuring a high-quality and effective slimming experience.<\/li>\n<\/ul>\n<\/div>\n<\/div>","protected":false},"featured_media":1768,"comment_status":"open","ping_status":"closed","template":"","meta":{"site-sidebar-layout":"default","site-content-layout":"","ast-site-content-layout":"default","site-content-style":"default","site-sidebar-style":"default","ast-global-header-display":"","ast-banner-title-visibility":"","ast-main-header-display":"","ast-hfb-above-header-display":"","ast-hfb-below-header-display":"","ast-hfb-mobile-header-display":"","site-post-title":"","ast-breadcrumbs-content":"","ast-featured-img":"","footer-sml-layout":"","ast-disable-related-posts":"","theme-transparent-header-meta":"default","adv-header-id-meta":"","stick-header-meta":"","header-above-stick-meta":"","header-main-stick-meta":"","header-below-stick-meta":"","astra-migrate-meta-layouts":"set","ast-page-background-enabled":"default","ast-page-background-meta":{"desktop":{"background-color":"var(--ast-global-color-4)","background-image":"","background-repeat":"repeat","background-position":"center center","background-size":"auto","background-attachment":"scroll","background-type":"","background-media":"","overlay-type":"","overlay-color":"","overlay-opacity":"","overlay-gradient":""},"tablet":{"background-color":"","background-image":"","background-repeat":"repeat","background-position":"center center","background-size":"auto","background-attachment":"scroll","background-type":"","background-media":"","overlay-type":"","overlay-color":"","overlay-opacity":"","overlay-gradient":""},"mobile":{"background-color":"","background-image":"","background-repeat":"repeat","background-position":"center center","background-size":"auto","background-attachment":"scroll","background-type":"","background-media":"","overlay-type":"","overlay-color":"","overlay-opacity":"","overlay-gradient":""}},"ast-content-background-meta":{"desktop":{"background-color":"var(--ast-global-color-5)","background-image":"","background-repeat":"repeat","background-position":"center center","background-size":"auto","background-attachment":"scroll","background-type":"","background-media":"","overlay-type":"","overlay-color":"","overlay-opacity":"","overlay-gradient":""},"tablet":{"background-color":"var(--ast-global-color-5)","background-image":"","background-repeat":"repeat","background-position":"center center","background-size":"auto","background-attachment":"scroll","background-type":"","background-media":"","overlay-type":"","overlay-color":"","overlay-opacity":"","overlay-gradient":""},"mobile":{"background-color":"var(--ast-global-color-5)","background-image":"","background-repeat":"repeat","background-position":"center center","background-size":"auto","background-attachment":"scroll","background-type":"","background-media":"","overlay-type":"","overlay-color":"","overlay-opacity":"","overlay-gradient":""}}},"product_brand":[],"product_cat":[23],"product_tag":[24],"class_list":{"0":"post-503","1":"product","2":"type-product","3":"status-publish","4":"has-post-thumbnail","6":"product_cat-cryolipolysis-fat-freezing","7":"product_tag-cryolipolysis-fat-freezing","8":"desktop-align-left","9":"tablet-align-left","10":"mobile-align-left","12":"first","13":"instock","14":"shipping-taxable","15":"product-type-simple"},"_links":{"self":[{"href":"https:\/\/tmay.com\/es\/wp-json\/wp\/v2\/product\/503","targetHints":{"allow":["GET"]}}],"collection":[{"href":"https:\/\/tmay.com\/es\/wp-json\/wp\/v2\/product"}],"about":[{"href":"https:\/\/tmay.com\/es\/wp-json\/wp\/v2\/types\/product"}],"replies":[{"embeddable":true,"href":"https:\/\/tmay.com\/es\/wp-json\/wp\/v2\/comments?post=503"}],"version-history":[{"count":2,"href":"https:\/\/tmay.com\/es\/wp-json\/wp\/v2\/product\/503\/revisions"}],"predecessor-version":[{"id":1777,"href":"https:\/\/tmay.com\/es\/wp-json\/wp\/v2\/product\/503\/revisions\/1777"}],"wp:featuredmedia":[{"embeddable":true,"href":"https:\/\/tmay.com\/es\/wp-json\/wp\/v2\/media\/1768"}],"wp:attachment":[{"href":"https:\/\/tmay.com\/es\/wp-json\/wp\/v2\/media?parent=503"}],"wp:term":[{"taxonomy":"product_brand","embeddable":true,"href":"https:\/\/tmay.com\/es\/wp-json\/wp\/v2\/product_brand?post=503"},{"taxonomy":"product_cat","embeddable":true,"href":"https:\/\/tmay.com\/es\/wp-json\/wp\/v2\/product_cat?post=503"},{"taxonomy":"product_tag","embeddable":true,"href":"https:\/\/tmay.com\/es\/wp-json\/wp\/v2\/product_tag?post=503"}],"curies":[{"name":"wp","href":"https:\/\/api.w.org\/{rel}","templated":true}]}}