{"id":566,"date":"2023-12-18T10:59:20","date_gmt":"2023-12-18T02:59:20","guid":{"rendered":"https:\/\/tingamy.com\/?post_type=product&#038;p=566"},"modified":"2024-03-07T16:55:10","modified_gmt":"2024-03-07T08:55:10","slug":"cryolipolysis-slimming-machine-cold-body-sculpting-fat-freezing-cryo-with-cavitation-rf-lipolaser-tm-918b","status":"publish","type":"product","link":"https:\/\/tmay.com\/es\/producto\/cryolipolysis-slimming-machine-cold-body-sculpting-fat-freezing-cryo-with-cavitation-rf-lipolaser-tm-918b\/","title":{"rendered":"criolip\u00f3lisis adelgazamiento m\u00e1quina de esculpir el cuerpo fr\u00edo congelaci\u00f3n de grasa crio con cavitaci\u00f3n rf lipolaser TM-918B"},"content":{"rendered":"<p>&nbsp;<\/p>\n<p><img fetchpriority=\"high\" decoding=\"async\" class=\"aligncenter size-full wp-image-136\" src=\"https:\/\/tmay.com\/wp-content\/uploads\/2023\/11\/\u633a\u7f8e1-\u8be6\u60c5\u9875_01.jpg\" alt=\"\u5bb6\u7528\u51b7\u51bb\u6eb6\u8102 360 \u5ea6\u9177\u5851\u8eab\u673a\u8102\u80aa\u51b7\u51bb\u53bb\u9664\u8179\u90e8\u8102\u80aa\u6700\u4f18\u60e0\u4ef7\u683c\" width=\"750\" height=\"367\" title=\"\" srcset=\"https:\/\/tmay.com\/wp-content\/uploads\/2023\/11\/\u633a\u7f8e1-\u8be6\u60c5\u9875_01.jpg 750w, https:\/\/tmay.com\/wp-content\/uploads\/2023\/11\/\u633a\u7f8e1-\u8be6\u60c5\u9875_01-300x147.jpg 300w, https:\/\/tmay.com\/wp-content\/uploads\/2023\/11\/\u633a\u7f8e1-\u8be6\u60c5\u9875_01-600x294.jpg 600w\" sizes=\"(max-width: 750px) 100vw, 750px\" \/><img decoding=\"async\" class=\"aligncenter size-full wp-image-1808 lazyload\" data-src=\"https:\/\/tmay.com\/wp-content\/uploads\/2023\/12\/0-11.jpg\" alt=\"\" width=\"1000\" height=\"1000\" title=\"\" data-srcset=\"https:\/\/tmay.com\/wp-content\/uploads\/2023\/12\/0-11.jpg 1000w, https:\/\/tmay.com\/wp-content\/uploads\/2023\/12\/0-11-300x300.jpg 300w, https:\/\/tmay.com\/wp-content\/uploads\/2023\/12\/0-11-150x150.jpg 150w, https:\/\/tmay.com\/wp-content\/uploads\/2023\/12\/0-11-768x768.jpg 768w, https:\/\/tmay.com\/wp-content\/uploads\/2023\/12\/0-11-144x144.jpg 144w, https:\/\/tmay.com\/wp-content\/uploads\/2023\/12\/0-11-600x600.jpg 600w, https:\/\/tmay.com\/wp-content\/uploads\/2023\/12\/0-11-100x100.jpg 100w\" data-sizes=\"(max-width: 1000px) 100vw, 1000px\" src=\"data:image\/svg+xml;base64,PHN2ZyB3aWR0aD0iMSIgaGVpZ2h0PSIxIiB4bWxucz0iaHR0cDovL3d3dy53My5vcmcvMjAwMC9zdmciPjwvc3ZnPg==\" style=\"--smush-placeholder-width: 1000px; --smush-placeholder-aspect-ratio: 1000\/1000;\" \/> <img decoding=\"async\" class=\"aligncenter size-full wp-image-1809 lazyload\" data-src=\"https:\/\/tmay.com\/wp-content\/uploads\/2023\/12\/20-8.jpg\" alt=\"\" width=\"1000\" height=\"1000\" title=\"\" data-srcset=\"https:\/\/tmay.com\/wp-content\/uploads\/2023\/12\/20-8.jpg 1000w, https:\/\/tmay.com\/wp-content\/uploads\/2023\/12\/20-8-300x300.jpg 300w, https:\/\/tmay.com\/wp-content\/uploads\/2023\/12\/20-8-150x150.jpg 150w, https:\/\/tmay.com\/wp-content\/uploads\/2023\/12\/20-8-768x768.jpg 768w, https:\/\/tmay.com\/wp-content\/uploads\/2023\/12\/20-8-144x144.jpg 144w, https:\/\/tmay.com\/wp-content\/uploads\/2023\/12\/20-8-600x600.jpg 600w, https:\/\/tmay.com\/wp-content\/uploads\/2023\/12\/20-8-100x100.jpg 100w\" data-sizes=\"(max-width: 1000px) 100vw, 1000px\" src=\"data:image\/svg+xml;base64,PHN2ZyB3aWR0aD0iMSIgaGVpZ2h0PSIxIiB4bWxucz0iaHR0cDovL3d3dy53My5vcmcvMjAwMC9zdmciPjwvc3ZnPg==\" style=\"--smush-placeholder-width: 1000px; --smush-placeholder-aspect-ratio: 1000\/1000;\" \/> <img decoding=\"async\" class=\"aligncenter size-full wp-image-1810 lazyload\" data-src=\"https:\/\/tmay.com\/wp-content\/uploads\/2023\/12\/20-9.jpg\" alt=\"\" width=\"1000\" height=\"1000\" title=\"\" data-srcset=\"https:\/\/tmay.com\/wp-content\/uploads\/2023\/12\/20-9.jpg 1000w, https:\/\/tmay.com\/wp-content\/uploads\/2023\/12\/20-9-300x300.jpg 300w, https:\/\/tmay.com\/wp-content\/uploads\/2023\/12\/20-9-150x150.jpg 150w, https:\/\/tmay.com\/wp-content\/uploads\/2023\/12\/20-9-768x768.jpg 768w, https:\/\/tmay.com\/wp-content\/uploads\/2023\/12\/20-9-144x144.jpg 144w, https:\/\/tmay.com\/wp-content\/uploads\/2023\/12\/20-9-600x600.jpg 600w, https:\/\/tmay.com\/wp-content\/uploads\/2023\/12\/20-9-100x100.jpg 100w\" data-sizes=\"(max-width: 1000px) 100vw, 1000px\" src=\"data:image\/svg+xml;base64,PHN2ZyB3aWR0aD0iMSIgaGVpZ2h0PSIxIiB4bWxucz0iaHR0cDovL3d3dy53My5vcmcvMjAwMC9zdmciPjwvc3ZnPg==\" style=\"--smush-placeholder-width: 1000px; --smush-placeholder-aspect-ratio: 1000\/1000;\" \/> <img decoding=\"async\" class=\"aligncenter size-full wp-image-1811 lazyload\" data-src=\"https:\/\/tmay.com\/wp-content\/uploads\/2023\/12\/45-20.jpg\" alt=\"\" width=\"1000\" height=\"1000\" title=\"\" data-srcset=\"https:\/\/tmay.com\/wp-content\/uploads\/2023\/12\/45-20.jpg 1000w, https:\/\/tmay.com\/wp-content\/uploads\/2023\/12\/45-20-300x300.jpg 300w, https:\/\/tmay.com\/wp-content\/uploads\/2023\/12\/45-20-150x150.jpg 150w, https:\/\/tmay.com\/wp-content\/uploads\/2023\/12\/45-20-768x768.jpg 768w, https:\/\/tmay.com\/wp-content\/uploads\/2023\/12\/45-20-144x144.jpg 144w, https:\/\/tmay.com\/wp-content\/uploads\/2023\/12\/45-20-600x600.jpg 600w, https:\/\/tmay.com\/wp-content\/uploads\/2023\/12\/45-20-100x100.jpg 100w\" data-sizes=\"(max-width: 1000px) 100vw, 1000px\" src=\"data:image\/svg+xml;base64,PHN2ZyB3aWR0aD0iMSIgaGVpZ2h0PSIxIiB4bWxucz0iaHR0cDovL3d3dy53My5vcmcvMjAwMC9zdmciPjwvc3ZnPg==\" style=\"--smush-placeholder-width: 1000px; --smush-placeholder-aspect-ratio: 1000\/1000;\" \/> <img decoding=\"async\" class=\"aligncenter size-full wp-image-1812 lazyload\" data-src=\"https:\/\/tmay.com\/wp-content\/uploads\/2023\/12\/45-21.jpg\" alt=\"\" width=\"1000\" height=\"1000\" title=\"\" data-srcset=\"https:\/\/tmay.com\/wp-content\/uploads\/2023\/12\/45-21.jpg 1000w, https:\/\/tmay.com\/wp-content\/uploads\/2023\/12\/45-21-300x300.jpg 300w, https:\/\/tmay.com\/wp-content\/uploads\/2023\/12\/45-21-150x150.jpg 150w, https:\/\/tmay.com\/wp-content\/uploads\/2023\/12\/45-21-768x768.jpg 768w, https:\/\/tmay.com\/wp-content\/uploads\/2023\/12\/45-21-144x144.jpg 144w, https:\/\/tmay.com\/wp-content\/uploads\/2023\/12\/45-21-600x600.jpg 600w, https:\/\/tmay.com\/wp-content\/uploads\/2023\/12\/45-21-100x100.jpg 100w\" data-sizes=\"(max-width: 1000px) 100vw, 1000px\" src=\"data:image\/svg+xml;base64,PHN2ZyB3aWR0aD0iMSIgaGVpZ2h0PSIxIiB4bWxucz0iaHR0cDovL3d3dy53My5vcmcvMjAwMC9zdmciPjwvc3ZnPg==\" style=\"--smush-placeholder-width: 1000px; --smush-placeholder-aspect-ratio: 1000\/1000;\" \/> <img decoding=\"async\" class=\"aligncenter size-full wp-image-1813 lazyload\" data-src=\"https:\/\/tmay.com\/wp-content\/uploads\/2023\/12\/90-17.jpg\" alt=\"\" width=\"1000\" height=\"1000\" title=\"\" data-srcset=\"https:\/\/tmay.com\/wp-content\/uploads\/2023\/12\/90-17.jpg 1000w, https:\/\/tmay.com\/wp-content\/uploads\/2023\/12\/90-17-300x300.jpg 300w, https:\/\/tmay.com\/wp-content\/uploads\/2023\/12\/90-17-150x150.jpg 150w, https:\/\/tmay.com\/wp-content\/uploads\/2023\/12\/90-17-768x768.jpg 768w, https:\/\/tmay.com\/wp-content\/uploads\/2023\/12\/90-17-144x144.jpg 144w, https:\/\/tmay.com\/wp-content\/uploads\/2023\/12\/90-17-600x600.jpg 600w, https:\/\/tmay.com\/wp-content\/uploads\/2023\/12\/90-17-100x100.jpg 100w\" data-sizes=\"(max-width: 1000px) 100vw, 1000px\" src=\"data:image\/svg+xml;base64,PHN2ZyB3aWR0aD0iMSIgaGVpZ2h0PSIxIiB4bWxucz0iaHR0cDovL3d3dy53My5vcmcvMjAwMC9zdmciPjwvc3ZnPg==\" style=\"--smush-placeholder-width: 1000px; --smush-placeholder-aspect-ratio: 1000\/1000;\" \/> <img decoding=\"async\" class=\"aligncenter size-full wp-image-1814 lazyload\" data-src=\"https:\/\/tmay.com\/wp-content\/uploads\/2023\/12\/165-15.jpg\" alt=\"\" width=\"1000\" height=\"1000\" title=\"\" data-srcset=\"https:\/\/tmay.com\/wp-content\/uploads\/2023\/12\/165-15.jpg 1000w, https:\/\/tmay.com\/wp-content\/uploads\/2023\/12\/165-15-300x300.jpg 300w, https:\/\/tmay.com\/wp-content\/uploads\/2023\/12\/165-15-150x150.jpg 150w, https:\/\/tmay.com\/wp-content\/uploads\/2023\/12\/165-15-768x768.jpg 768w, https:\/\/tmay.com\/wp-content\/uploads\/2023\/12\/165-15-144x144.jpg 144w, https:\/\/tmay.com\/wp-content\/uploads\/2023\/12\/165-15-600x600.jpg 600w, https:\/\/tmay.com\/wp-content\/uploads\/2023\/12\/165-15-100x100.jpg 100w\" data-sizes=\"(max-width: 1000px) 100vw, 1000px\" src=\"data:image\/svg+xml;base64,PHN2ZyB3aWR0aD0iMSIgaGVpZ2h0PSIxIiB4bWxucz0iaHR0cDovL3d3dy53My5vcmcvMjAwMC9zdmciPjwvc3ZnPg==\" style=\"--smush-placeholder-width: 1000px; --smush-placeholder-aspect-ratio: 1000\/1000;\" \/> <img decoding=\"async\" class=\"aligncenter size-full wp-image-1815 lazyload\" data-src=\"https:\/\/tmay.com\/wp-content\/uploads\/2023\/12\/165-16.jpg\" alt=\"\" width=\"1000\" height=\"1000\" title=\"\" data-srcset=\"https:\/\/tmay.com\/wp-content\/uploads\/2023\/12\/165-16.jpg 1000w, https:\/\/tmay.com\/wp-content\/uploads\/2023\/12\/165-16-300x300.jpg 300w, https:\/\/tmay.com\/wp-content\/uploads\/2023\/12\/165-16-150x150.jpg 150w, https:\/\/tmay.com\/wp-content\/uploads\/2023\/12\/165-16-768x768.jpg 768w, https:\/\/tmay.com\/wp-content\/uploads\/2023\/12\/165-16-144x144.jpg 144w, https:\/\/tmay.com\/wp-content\/uploads\/2023\/12\/165-16-600x600.jpg 600w, https:\/\/tmay.com\/wp-content\/uploads\/2023\/12\/165-16-100x100.jpg 100w\" data-sizes=\"(max-width: 1000px) 100vw, 1000px\" src=\"data:image\/svg+xml;base64,PHN2ZyB3aWR0aD0iMSIgaGVpZ2h0PSIxIiB4bWxucz0iaHR0cDovL3d3dy53My5vcmcvMjAwMC9zdmciPjwvc3ZnPg==\" style=\"--smush-placeholder-width: 1000px; --smush-placeholder-aspect-ratio: 1000\/1000;\" \/> <img decoding=\"async\" class=\"aligncenter size-full wp-image-1816 lazyload\" data-src=\"https:\/\/tmay.com\/wp-content\/uploads\/2023\/12\/180-10.jpg\" alt=\"\" width=\"1000\" height=\"1000\" title=\"\" data-srcset=\"https:\/\/tmay.com\/wp-content\/uploads\/2023\/12\/180-10.jpg 1000w, https:\/\/tmay.com\/wp-content\/uploads\/2023\/12\/180-10-300x300.jpg 300w, https:\/\/tmay.com\/wp-content\/uploads\/2023\/12\/180-10-150x150.jpg 150w, https:\/\/tmay.com\/wp-content\/uploads\/2023\/12\/180-10-768x768.jpg 768w, https:\/\/tmay.com\/wp-content\/uploads\/2023\/12\/180-10-144x144.jpg 144w, https:\/\/tmay.com\/wp-content\/uploads\/2023\/12\/180-10-600x600.jpg 600w, https:\/\/tmay.com\/wp-content\/uploads\/2023\/12\/180-10-100x100.jpg 100w\" data-sizes=\"(max-width: 1000px) 100vw, 1000px\" src=\"data:image\/svg+xml;base64,PHN2ZyB3aWR0aD0iMSIgaGVpZ2h0PSIxIiB4bWxucz0iaHR0cDovL3d3dy53My5vcmcvMjAwMC9zdmciPjwvc3ZnPg==\" style=\"--smush-placeholder-width: 1000px; --smush-placeholder-aspect-ratio: 1000\/1000;\" \/><\/p>\n<p><img decoding=\"async\" class=\"aligncenter size-full wp-image-137 lazyload\" data-src=\"https:\/\/tmay.com\/wp-content\/uploads\/2023\/11\/\u633a\u7f8e1-\u8be6\u60c5\u9875_13.jpg\" alt=\"\u5bb6\u7528\u51b7\u51bb\u6eb6\u8102 360 \u5ea6\u9177\u5851\u8eab\u673a\u8102\u80aa\u51b7\u51bb\u53bb\u9664\u8179\u90e8\u8102\u80aa\u6700\u4f18\u60e0\u4ef7\u683c\" width=\"750\" height=\"1314\" title=\"\" data-srcset=\"https:\/\/tmay.com\/wp-content\/uploads\/2023\/11\/\u633a\u7f8e1-\u8be6\u60c5\u9875_13.jpg 750w, https:\/\/tmay.com\/wp-content\/uploads\/2023\/11\/\u633a\u7f8e1-\u8be6\u60c5\u9875_13-171x300.jpg 171w, https:\/\/tmay.com\/wp-content\/uploads\/2023\/11\/\u633a\u7f8e1-\u8be6\u60c5\u9875_13-584x1024.jpg 584w, https:\/\/tmay.com\/wp-content\/uploads\/2023\/11\/\u633a\u7f8e1-\u8be6\u60c5\u9875_13-600x1051.jpg 600w\" data-sizes=\"(max-width: 750px) 100vw, 750px\" src=\"data:image\/svg+xml;base64,PHN2ZyB3aWR0aD0iMSIgaGVpZ2h0PSIxIiB4bWxucz0iaHR0cDovL3d3dy53My5vcmcvMjAwMC9zdmciPjwvc3ZnPg==\" style=\"--smush-placeholder-width: 750px; --smush-placeholder-aspect-ratio: 750\/1314;\" \/> <img decoding=\"async\" class=\"aligncenter size-full wp-image-138 lazyload\" data-src=\"https:\/\/tmay.com\/wp-content\/uploads\/2023\/11\/\u633a\u7f8e1-\u8be6\u60c5\u9875_14.jpg\" alt=\"\" width=\"750\" height=\"888\" title=\"\" data-srcset=\"https:\/\/tmay.com\/wp-content\/uploads\/2023\/11\/\u633a\u7f8e1-\u8be6\u60c5\u9875_14.jpg 750w, https:\/\/tmay.com\/wp-content\/uploads\/2023\/11\/\u633a\u7f8e1-\u8be6\u60c5\u9875_14-253x300.jpg 253w, https:\/\/tmay.com\/wp-content\/uploads\/2023\/11\/\u633a\u7f8e1-\u8be6\u60c5\u9875_14-600x710.jpg 600w\" data-sizes=\"(max-width: 750px) 100vw, 750px\" src=\"data:image\/svg+xml;base64,PHN2ZyB3aWR0aD0iMSIgaGVpZ2h0PSIxIiB4bWxucz0iaHR0cDovL3d3dy53My5vcmcvMjAwMC9zdmciPjwvc3ZnPg==\" style=\"--smush-placeholder-width: 750px; --smush-placeholder-aspect-ratio: 750\/888;\" \/> <img decoding=\"async\" class=\"aligncenter size-full wp-image-139 lazyload\" data-src=\"https:\/\/tmay.com\/wp-content\/uploads\/2023\/11\/\u633a\u7f8e1-\u8be6\u60c5\u9875_15.jpg\" alt=\"\" width=\"750\" height=\"624\" title=\"\" data-srcset=\"https:\/\/tmay.com\/wp-content\/uploads\/2023\/11\/\u633a\u7f8e1-\u8be6\u60c5\u9875_15.jpg 750w, https:\/\/tmay.com\/wp-content\/uploads\/2023\/11\/\u633a\u7f8e1-\u8be6\u60c5\u9875_15-300x250.jpg 300w, https:\/\/tmay.com\/wp-content\/uploads\/2023\/11\/\u633a\u7f8e1-\u8be6\u60c5\u9875_15-600x499.jpg 600w\" data-sizes=\"(max-width: 750px) 100vw, 750px\" src=\"data:image\/svg+xml;base64,PHN2ZyB3aWR0aD0iMSIgaGVpZ2h0PSIxIiB4bWxucz0iaHR0cDovL3d3dy53My5vcmcvMjAwMC9zdmciPjwvc3ZnPg==\" style=\"--smush-placeholder-width: 750px; --smush-placeholder-aspect-ratio: 750\/624;\" \/> <img decoding=\"async\" class=\"aligncenter size-full wp-image-140 lazyload\" data-src=\"https:\/\/tmay.com\/wp-content\/uploads\/2023\/11\/\u633a\u7f8e1-\u8be6\u60c5\u9875_16.jpg\" alt=\"\u51b0\u51bb\u878d\u5316 360\" width=\"750\" height=\"954\" title=\"\" data-srcset=\"https:\/\/tmay.com\/wp-content\/uploads\/2023\/11\/\u633a\u7f8e1-\u8be6\u60c5\u9875_16.jpg 750w, https:\/\/tmay.com\/wp-content\/uploads\/2023\/11\/\u633a\u7f8e1-\u8be6\u60c5\u9875_16-236x300.jpg 236w, https:\/\/tmay.com\/wp-content\/uploads\/2023\/11\/\u633a\u7f8e1-\u8be6\u60c5\u9875_16-600x763.jpg 600w\" data-sizes=\"(max-width: 750px) 100vw, 750px\" src=\"data:image\/svg+xml;base64,PHN2ZyB3aWR0aD0iMSIgaGVpZ2h0PSIxIiB4bWxucz0iaHR0cDovL3d3dy53My5vcmcvMjAwMC9zdmciPjwvc3ZnPg==\" style=\"--smush-placeholder-width: 750px; --smush-placeholder-aspect-ratio: 750\/954;\" \/> <img decoding=\"async\" class=\"aligncenter size-full wp-image-141 lazyload\" data-src=\"https:\/\/tmay.com\/wp-content\/uploads\/2023\/11\/\u633a\u7f8e1-\u8be6\u60c5\u9875_17.jpg\" alt=\"\u51b7\u51bb\u6eb6\u8102\u673a\" width=\"750\" height=\"544\" title=\"\" data-srcset=\"https:\/\/tmay.com\/wp-content\/uploads\/2023\/11\/\u633a\u7f8e1-\u8be6\u60c5\u9875_17.jpg 750w, https:\/\/tmay.com\/wp-content\/uploads\/2023\/11\/\u633a\u7f8e1-\u8be6\u60c5\u9875_17-300x218.jpg 300w, https:\/\/tmay.com\/wp-content\/uploads\/2023\/11\/\u633a\u7f8e1-\u8be6\u60c5\u9875_17-600x435.jpg 600w\" data-sizes=\"(max-width: 750px) 100vw, 750px\" src=\"data:image\/svg+xml;base64,PHN2ZyB3aWR0aD0iMSIgaGVpZ2h0PSIxIiB4bWxucz0iaHR0cDovL3d3dy53My5vcmcvMjAwMC9zdmciPjwvc3ZnPg==\" style=\"--smush-placeholder-width: 750px; --smush-placeholder-aspect-ratio: 750\/544;\" \/> <img decoding=\"async\" class=\"aligncenter size-full wp-image-142 lazyload\" data-src=\"https:\/\/tmay.com\/wp-content\/uploads\/2023\/11\/\u633a\u7f8e1-\u8be6\u60c5\u9875_18.jpg\" alt=\"\u9177\u70ab\u5851\u8eab\u673a\u8102\u80aa\u51b7\u51bb\" width=\"750\" height=\"734\" title=\"\" data-srcset=\"https:\/\/tmay.com\/wp-content\/uploads\/2023\/11\/\u633a\u7f8e1-\u8be6\u60c5\u9875_18.jpg 750w, https:\/\/tmay.com\/wp-content\/uploads\/2023\/11\/\u633a\u7f8e1-\u8be6\u60c5\u9875_18-300x294.jpg 300w, https:\/\/tmay.com\/wp-content\/uploads\/2023\/11\/\u633a\u7f8e1-\u8be6\u60c5\u9875_18-600x587.jpg 600w\" data-sizes=\"(max-width: 750px) 100vw, 750px\" src=\"data:image\/svg+xml;base64,PHN2ZyB3aWR0aD0iMSIgaGVpZ2h0PSIxIiB4bWxucz0iaHR0cDovL3d3dy53My5vcmcvMjAwMC9zdmciPjwvc3ZnPg==\" style=\"--smush-placeholder-width: 750px; --smush-placeholder-aspect-ratio: 750\/734;\" \/> <img decoding=\"async\" class=\"aligncenter size-full wp-image-143 lazyload\" data-src=\"https:\/\/tmay.com\/wp-content\/uploads\/2023\/11\/\u633a\u7f8e1-\u8be6\u60c5\u9875_19.jpg\" alt=\"\" width=\"750\" height=\"488\" title=\"\" data-srcset=\"https:\/\/tmay.com\/wp-content\/uploads\/2023\/11\/\u633a\u7f8e1-\u8be6\u60c5\u9875_19.jpg 750w, https:\/\/tmay.com\/wp-content\/uploads\/2023\/11\/\u633a\u7f8e1-\u8be6\u60c5\u9875_19-300x195.jpg 300w, https:\/\/tmay.com\/wp-content\/uploads\/2023\/11\/\u633a\u7f8e1-\u8be6\u60c5\u9875_19-600x390.jpg 600w\" data-sizes=\"(max-width: 750px) 100vw, 750px\" src=\"data:image\/svg+xml;base64,PHN2ZyB3aWR0aD0iMSIgaGVpZ2h0PSIxIiB4bWxucz0iaHR0cDovL3d3dy53My5vcmcvMjAwMC9zdmciPjwvc3ZnPg==\" style=\"--smush-placeholder-width: 750px; --smush-placeholder-aspect-ratio: 750\/488;\" \/> <img decoding=\"async\" class=\"aligncenter size-full wp-image-144 lazyload\" data-src=\"https:\/\/tmay.com\/wp-content\/uploads\/2023\/11\/\u633a\u7f8e1-\u8be6\u60c5\u9875_20.jpg\" alt=\"\" width=\"750\" height=\"540\" title=\"\" data-srcset=\"https:\/\/tmay.com\/wp-content\/uploads\/2023\/11\/\u633a\u7f8e1-\u8be6\u60c5\u9875_20.jpg 750w, https:\/\/tmay.com\/wp-content\/uploads\/2023\/11\/\u633a\u7f8e1-\u8be6\u60c5\u9875_20-300x216.jpg 300w, https:\/\/tmay.com\/wp-content\/uploads\/2023\/11\/\u633a\u7f8e1-\u8be6\u60c5\u9875_20-600x432.jpg 600w\" data-sizes=\"(max-width: 750px) 100vw, 750px\" src=\"data:image\/svg+xml;base64,PHN2ZyB3aWR0aD0iMSIgaGVpZ2h0PSIxIiB4bWxucz0iaHR0cDovL3d3dy53My5vcmcvMjAwMC9zdmciPjwvc3ZnPg==\" style=\"--smush-placeholder-width: 750px; --smush-placeholder-aspect-ratio: 750\/540;\" \/><\/p>","protected":false},"excerpt":{"rendered":"<div class=\"module_title\">\n<div class=\"product-title-container\" data-aplus-ae=\"x1_121da332\" data-spm-anchor-id=\"a2700.wholesale.0.i0.47697038sew0ov\" data-aplus-clk=\"x24_409b6ddc\">\n<ul>\n<li><strong>Tecnolog\u00eda avanzada de criolip\u00f3lisis<\/strong>: The TM-918B utilizes advanced cryolipolysis technology for precise and non-invasive fat reduction, allowing for targeted sculpting of the body.<\/li>\n<li><strong>Comprehensive Body Sculpting<\/strong>: Experience comprehensive body sculpting with fat freezing, cryotherapy (cryo), cavitation, radiofrequency (RF), and lipolaser technologies all in one machine.<\/li>\n<li><strong>Effective Fat Reduction<\/strong>: Achieve effective fat reduction by combining the power of cryolipolysis, cavitation, and RF, addressing different layers of fat for a sculpted and toned appearance.<\/li>\n<li><strong>Lipolaser for Enhanced Results<\/strong>: Integrated lipolaser technology enhances the slimming process, promoting the breakdown of fat cells and aiding in achieving optimal body contouring results.<\/li>\n<li><strong>User-Friendly and Professional<\/strong>: The TM-918B is designed to be user-friendly while delivering professional-grade results, making it suitable for both salon and home use.<\/li>\n<\/ul>\n<\/div>\n<\/div>","protected":false},"featured_media":1810,"comment_status":"open","ping_status":"closed","template":"","meta":{"site-sidebar-layout":"default","site-content-layout":"","ast-site-content-layout":"default","site-content-style":"default","site-sidebar-style":"default","ast-global-header-display":"","ast-banner-title-visibility":"","ast-main-header-display":"","ast-hfb-above-header-display":"","ast-hfb-below-header-display":"","ast-hfb-mobile-header-display":"","site-post-title":"","ast-breadcrumbs-content":"","ast-featured-img":"","footer-sml-layout":"","ast-disable-related-posts":"","theme-transparent-header-meta":"default","adv-header-id-meta":"","stick-header-meta":"","header-above-stick-meta":"","header-main-stick-meta":"","header-below-stick-meta":"","astra-migrate-meta-layouts":"set","ast-page-background-enabled":"default","ast-page-background-meta":{"desktop":{"background-color":"var(--ast-global-color-4)","background-image":"","background-repeat":"repeat","background-position":"center center","background-size":"auto","background-attachment":"scroll","background-type":"","background-media":"","overlay-type":"","overlay-color":"","overlay-opacity":"","overlay-gradient":""},"tablet":{"background-color":"","background-image":"","background-repeat":"repeat","background-position":"center center","background-size":"auto","background-attachment":"scroll","background-type":"","background-media":"","overlay-type":"","overlay-color":"","overlay-opacity":"","overlay-gradient":""},"mobile":{"background-color":"","background-image":"","background-repeat":"repeat","background-position":"center center","background-size":"auto","background-attachment":"scroll","background-type":"","background-media":"","overlay-type":"","overlay-color":"","overlay-opacity":"","overlay-gradient":""}},"ast-content-background-meta":{"desktop":{"background-color":"var(--ast-global-color-5)","background-image":"","background-repeat":"repeat","background-position":"center center","background-size":"auto","background-attachment":"scroll","background-type":"","background-media":"","overlay-type":"","overlay-color":"","overlay-opacity":"","overlay-gradient":""},"tablet":{"background-color":"var(--ast-global-color-5)","background-image":"","background-repeat":"repeat","background-position":"center center","background-size":"auto","background-attachment":"scroll","background-type":"","background-media":"","overlay-type":"","overlay-color":"","overlay-opacity":"","overlay-gradient":""},"mobile":{"background-color":"var(--ast-global-color-5)","background-image":"","background-repeat":"repeat","background-position":"center center","background-size":"auto","background-attachment":"scroll","background-type":"","background-media":"","overlay-type":"","overlay-color":"","overlay-opacity":"","overlay-gradient":""}}},"product_brand":[],"product_cat":[23],"product_tag":[24],"class_list":{"0":"post-566","1":"product","2":"type-product","3":"status-publish","4":"has-post-thumbnail","6":"product_cat-cryolipolysis-fat-freezing","7":"product_tag-cryolipolysis-fat-freezing","8":"desktop-align-left","9":"tablet-align-left","10":"mobile-align-left","12":"first","13":"instock","14":"shipping-taxable","15":"product-type-simple"},"_links":{"self":[{"href":"https:\/\/tmay.com\/es\/wp-json\/wp\/v2\/product\/566","targetHints":{"allow":["GET"]}}],"collection":[{"href":"https:\/\/tmay.com\/es\/wp-json\/wp\/v2\/product"}],"about":[{"href":"https:\/\/tmay.com\/es\/wp-json\/wp\/v2\/types\/product"}],"replies":[{"embeddable":true,"href":"https:\/\/tmay.com\/es\/wp-json\/wp\/v2\/comments?post=566"}],"version-history":[{"count":3,"href":"https:\/\/tmay.com\/es\/wp-json\/wp\/v2\/product\/566\/revisions"}],"predecessor-version":[{"id":1817,"href":"https:\/\/tmay.com\/es\/wp-json\/wp\/v2\/product\/566\/revisions\/1817"}],"wp:featuredmedia":[{"embeddable":true,"href":"https:\/\/tmay.com\/es\/wp-json\/wp\/v2\/media\/1810"}],"wp:attachment":[{"href":"https:\/\/tmay.com\/es\/wp-json\/wp\/v2\/media?parent=566"}],"wp:term":[{"taxonomy":"product_brand","embeddable":true,"href":"https:\/\/tmay.com\/es\/wp-json\/wp\/v2\/product_brand?post=566"},{"taxonomy":"product_cat","embeddable":true,"href":"https:\/\/tmay.com\/es\/wp-json\/wp\/v2\/product_cat?post=566"},{"taxonomy":"product_tag","embeddable":true,"href":"https:\/\/tmay.com\/es\/wp-json\/wp\/v2\/product_tag?post=566"}],"curies":[{"name":"wp","href":"https:\/\/api.w.org\/{rel}","templated":true}]}}