{"id":598,"date":"2023-12-18T14:06:04","date_gmt":"2023-12-18T06:06:04","guid":{"rendered":"https:\/\/tingamy.com\/?post_type=product&#038;p=598"},"modified":"2024-03-07T16:54:32","modified_gmt":"2024-03-07T08:54:32","slug":"tingmay-cryolipolysis-buy-fat-burning-machine-radio-frequency-40k-cavitation-and-lipolaser-weight-loss-tm-908","status":"publish","type":"product","link":"https:\/\/tmay.com\/es\/producto\/tingmay-cryolipolysis-buy-fat-burning-machine-radio-frequency-40k-cavitation-and-lipolaser-weight-loss-tm-908\/","title":{"rendered":"Tingmay criolip\u00f3lisis comprar quemador de grasa m\u00e1quina de radiofrecuencia 40k cavitaci\u00f3n y lipolaser p\u00e9rdida de peso TM-908"},"content":{"rendered":"<p><img fetchpriority=\"high\" decoding=\"async\" class=\"aligncenter wp-image-136 size-full\" src=\"http:\/\/tingamy.com\/wp-content\/uploads\/2023\/11\/\u633a\u7f8e1-\u8be6\u60c5\u9875_01.jpg\" alt=\"\" width=\"750\" height=\"367\" title=\"\" srcset=\"https:\/\/tmay.com\/wp-content\/uploads\/2023\/11\/\u633a\u7f8e1-\u8be6\u60c5\u9875_01.jpg 750w, https:\/\/tmay.com\/wp-content\/uploads\/2023\/11\/\u633a\u7f8e1-\u8be6\u60c5\u9875_01-300x147.jpg 300w, https:\/\/tmay.com\/wp-content\/uploads\/2023\/11\/\u633a\u7f8e1-\u8be6\u60c5\u9875_01-600x294.jpg 600w\" sizes=\"(max-width: 750px) 100vw, 750px\" \/><img decoding=\"async\" class=\"aligncenter size-full wp-image-609 lazyload\" data-src=\"http:\/\/tingamy.com\/wp-content\/uploads\/2023\/12\/\u4e3b\u56fe_002-4.webp\" alt=\"\" width=\"1000\" height=\"1000\" title=\"\" data-srcset=\"https:\/\/tmay.com\/wp-content\/uploads\/2023\/12\/\u4e3b\u56fe_002-4.webp 1000w, https:\/\/tmay.com\/wp-content\/uploads\/2023\/12\/\u4e3b\u56fe_002-4-300x300.webp 300w, https:\/\/tmay.com\/wp-content\/uploads\/2023\/12\/\u4e3b\u56fe_002-4-150x150.webp 150w, https:\/\/tmay.com\/wp-content\/uploads\/2023\/12\/\u4e3b\u56fe_002-4-768x768.webp 768w, https:\/\/tmay.com\/wp-content\/uploads\/2023\/12\/\u4e3b\u56fe_002-4-600x600.webp 600w, https:\/\/tmay.com\/wp-content\/uploads\/2023\/12\/\u4e3b\u56fe_002-4-100x100.webp 100w\" data-sizes=\"(max-width: 1000px) 100vw, 1000px\" src=\"data:image\/svg+xml;base64,PHN2ZyB3aWR0aD0iMSIgaGVpZ2h0PSIxIiB4bWxucz0iaHR0cDovL3d3dy53My5vcmcvMjAwMC9zdmciPjwvc3ZnPg==\" style=\"--smush-placeholder-width: 1000px; --smush-placeholder-aspect-ratio: 1000\/1000;\" \/> <img decoding=\"async\" class=\"aligncenter size-full wp-image-610 lazyload\" data-src=\"http:\/\/tingamy.com\/wp-content\/uploads\/2023\/12\/\u4e3b\u56fe_003-9.webp\" alt=\"\" width=\"1000\" height=\"1000\" title=\"\" data-srcset=\"https:\/\/tmay.com\/wp-content\/uploads\/2023\/12\/\u4e3b\u56fe_003-9.webp 1000w, https:\/\/tmay.com\/wp-content\/uploads\/2023\/12\/\u4e3b\u56fe_003-9-300x300.webp 300w, https:\/\/tmay.com\/wp-content\/uploads\/2023\/12\/\u4e3b\u56fe_003-9-150x150.webp 150w, https:\/\/tmay.com\/wp-content\/uploads\/2023\/12\/\u4e3b\u56fe_003-9-768x768.webp 768w, https:\/\/tmay.com\/wp-content\/uploads\/2023\/12\/\u4e3b\u56fe_003-9-600x600.webp 600w, https:\/\/tmay.com\/wp-content\/uploads\/2023\/12\/\u4e3b\u56fe_003-9-100x100.webp 100w\" data-sizes=\"(max-width: 1000px) 100vw, 1000px\" src=\"data:image\/svg+xml;base64,PHN2ZyB3aWR0aD0iMSIgaGVpZ2h0PSIxIiB4bWxucz0iaHR0cDovL3d3dy53My5vcmcvMjAwMC9zdmciPjwvc3ZnPg==\" style=\"--smush-placeholder-width: 1000px; --smush-placeholder-aspect-ratio: 1000\/1000;\" \/> <img decoding=\"async\" class=\"aligncenter size-full wp-image-611 lazyload\" data-src=\"http:\/\/tingamy.com\/wp-content\/uploads\/2023\/12\/\u4e3b\u56fe_004-9.webp\" alt=\"\" width=\"1000\" height=\"1000\" title=\"\" data-srcset=\"https:\/\/tmay.com\/wp-content\/uploads\/2023\/12\/\u4e3b\u56fe_004-9.webp 1000w, https:\/\/tmay.com\/wp-content\/uploads\/2023\/12\/\u4e3b\u56fe_004-9-300x300.webp 300w, https:\/\/tmay.com\/wp-content\/uploads\/2023\/12\/\u4e3b\u56fe_004-9-150x150.webp 150w, https:\/\/tmay.com\/wp-content\/uploads\/2023\/12\/\u4e3b\u56fe_004-9-768x768.webp 768w, https:\/\/tmay.com\/wp-content\/uploads\/2023\/12\/\u4e3b\u56fe_004-9-600x600.webp 600w, https:\/\/tmay.com\/wp-content\/uploads\/2023\/12\/\u4e3b\u56fe_004-9-100x100.webp 100w\" data-sizes=\"(max-width: 1000px) 100vw, 1000px\" src=\"data:image\/svg+xml;base64,PHN2ZyB3aWR0aD0iMSIgaGVpZ2h0PSIxIiB4bWxucz0iaHR0cDovL3d3dy53My5vcmcvMjAwMC9zdmciPjwvc3ZnPg==\" style=\"--smush-placeholder-width: 1000px; --smush-placeholder-aspect-ratio: 1000\/1000;\" \/> <img decoding=\"async\" class=\"aligncenter size-full wp-image-612 lazyload\" data-src=\"http:\/\/tingamy.com\/wp-content\/uploads\/2023\/12\/\u4e3b\u56fe_005-9.webp\" alt=\"\" width=\"1000\" height=\"1000\" title=\"\" data-srcset=\"https:\/\/tmay.com\/wp-content\/uploads\/2023\/12\/\u4e3b\u56fe_005-9.webp 1000w, https:\/\/tmay.com\/wp-content\/uploads\/2023\/12\/\u4e3b\u56fe_005-9-300x300.webp 300w, https:\/\/tmay.com\/wp-content\/uploads\/2023\/12\/\u4e3b\u56fe_005-9-150x150.webp 150w, https:\/\/tmay.com\/wp-content\/uploads\/2023\/12\/\u4e3b\u56fe_005-9-768x768.webp 768w, https:\/\/tmay.com\/wp-content\/uploads\/2023\/12\/\u4e3b\u56fe_005-9-600x600.webp 600w, https:\/\/tmay.com\/wp-content\/uploads\/2023\/12\/\u4e3b\u56fe_005-9-100x100.webp 100w\" data-sizes=\"(max-width: 1000px) 100vw, 1000px\" src=\"data:image\/svg+xml;base64,PHN2ZyB3aWR0aD0iMSIgaGVpZ2h0PSIxIiB4bWxucz0iaHR0cDovL3d3dy53My5vcmcvMjAwMC9zdmciPjwvc3ZnPg==\" style=\"--smush-placeholder-width: 1000px; --smush-placeholder-aspect-ratio: 1000\/1000;\" \/> <img decoding=\"async\" class=\"aligncenter size-full wp-image-613 lazyload\" data-src=\"http:\/\/tingamy.com\/wp-content\/uploads\/2023\/12\/\u4e3b\u56fe_006-8.webp\" alt=\"\" width=\"1000\" height=\"1000\" title=\"\" data-srcset=\"https:\/\/tmay.com\/wp-content\/uploads\/2023\/12\/\u4e3b\u56fe_006-8.webp 1000w, https:\/\/tmay.com\/wp-content\/uploads\/2023\/12\/\u4e3b\u56fe_006-8-300x300.webp 300w, https:\/\/tmay.com\/wp-content\/uploads\/2023\/12\/\u4e3b\u56fe_006-8-150x150.webp 150w, https:\/\/tmay.com\/wp-content\/uploads\/2023\/12\/\u4e3b\u56fe_006-8-768x768.webp 768w, https:\/\/tmay.com\/wp-content\/uploads\/2023\/12\/\u4e3b\u56fe_006-8-600x600.webp 600w, https:\/\/tmay.com\/wp-content\/uploads\/2023\/12\/\u4e3b\u56fe_006-8-100x100.webp 100w\" data-sizes=\"(max-width: 1000px) 100vw, 1000px\" src=\"data:image\/svg+xml;base64,PHN2ZyB3aWR0aD0iMSIgaGVpZ2h0PSIxIiB4bWxucz0iaHR0cDovL3d3dy53My5vcmcvMjAwMC9zdmciPjwvc3ZnPg==\" style=\"--smush-placeholder-width: 1000px; --smush-placeholder-aspect-ratio: 1000\/1000;\" \/> <img decoding=\"async\" class=\"aligncenter size-full wp-image-614 lazyload\" data-src=\"http:\/\/tingamy.com\/wp-content\/uploads\/2023\/12\/\u4e3b\u56fe_007-4.webp\" alt=\"\" width=\"1000\" height=\"1000\" title=\"\" data-srcset=\"https:\/\/tmay.com\/wp-content\/uploads\/2023\/12\/\u4e3b\u56fe_007-4.webp 1000w, https:\/\/tmay.com\/wp-content\/uploads\/2023\/12\/\u4e3b\u56fe_007-4-300x300.webp 300w, https:\/\/tmay.com\/wp-content\/uploads\/2023\/12\/\u4e3b\u56fe_007-4-150x150.webp 150w, https:\/\/tmay.com\/wp-content\/uploads\/2023\/12\/\u4e3b\u56fe_007-4-768x768.webp 768w, https:\/\/tmay.com\/wp-content\/uploads\/2023\/12\/\u4e3b\u56fe_007-4-600x600.webp 600w, https:\/\/tmay.com\/wp-content\/uploads\/2023\/12\/\u4e3b\u56fe_007-4-100x100.webp 100w\" data-sizes=\"(max-width: 1000px) 100vw, 1000px\" src=\"data:image\/svg+xml;base64,PHN2ZyB3aWR0aD0iMSIgaGVpZ2h0PSIxIiB4bWxucz0iaHR0cDovL3d3dy53My5vcmcvMjAwMC9zdmciPjwvc3ZnPg==\" style=\"--smush-placeholder-width: 1000px; --smush-placeholder-aspect-ratio: 1000\/1000;\" \/> <img decoding=\"async\" class=\"aligncenter size-full wp-image-599 lazyload\" data-src=\"http:\/\/tingamy.com\/wp-content\/uploads\/2023\/12\/\u8be6\u60c5_002-11.webp\" alt=\"\" width=\"750\" height=\"1157\" title=\"\" data-srcset=\"https:\/\/tmay.com\/wp-content\/uploads\/2023\/12\/\u8be6\u60c5_002-11.webp 750w, https:\/\/tmay.com\/wp-content\/uploads\/2023\/12\/\u8be6\u60c5_002-11-194x300.webp 194w, https:\/\/tmay.com\/wp-content\/uploads\/2023\/12\/\u8be6\u60c5_002-11-664x1024.webp 664w, https:\/\/tmay.com\/wp-content\/uploads\/2023\/12\/\u8be6\u60c5_002-11-600x926.webp 600w\" data-sizes=\"(max-width: 750px) 100vw, 750px\" src=\"data:image\/svg+xml;base64,PHN2ZyB3aWR0aD0iMSIgaGVpZ2h0PSIxIiB4bWxucz0iaHR0cDovL3d3dy53My5vcmcvMjAwMC9zdmciPjwvc3ZnPg==\" style=\"--smush-placeholder-width: 750px; --smush-placeholder-aspect-ratio: 750\/1157;\" \/> <img decoding=\"async\" class=\"aligncenter size-full wp-image-608 lazyload\" data-src=\"http:\/\/tingamy.com\/wp-content\/uploads\/2023\/12\/\u8be6\u60c5_011-3.webp\" alt=\"\" width=\"600\" height=\"800\" title=\"\" data-srcset=\"https:\/\/tmay.com\/wp-content\/uploads\/2023\/12\/\u8be6\u60c5_011-3.webp 600w, https:\/\/tmay.com\/wp-content\/uploads\/2023\/12\/\u8be6\u60c5_011-3-225x300.webp 225w\" data-sizes=\"(max-width: 600px) 100vw, 600px\" src=\"data:image\/svg+xml;base64,PHN2ZyB3aWR0aD0iMSIgaGVpZ2h0PSIxIiB4bWxucz0iaHR0cDovL3d3dy53My5vcmcvMjAwMC9zdmciPjwvc3ZnPg==\" style=\"--smush-placeholder-width: 600px; --smush-placeholder-aspect-ratio: 600\/800;\" \/> <img decoding=\"async\" class=\"aligncenter size-full wp-image-607 lazyload\" data-src=\"http:\/\/tingamy.com\/wp-content\/uploads\/2023\/12\/\u8be6\u60c5_010-5.webp\" alt=\"\" width=\"600\" height=\"800\" title=\"\" data-srcset=\"https:\/\/tmay.com\/wp-content\/uploads\/2023\/12\/\u8be6\u60c5_010-5.webp 600w, https:\/\/tmay.com\/wp-content\/uploads\/2023\/12\/\u8be6\u60c5_010-5-225x300.webp 225w\" data-sizes=\"(max-width: 600px) 100vw, 600px\" src=\"data:image\/svg+xml;base64,PHN2ZyB3aWR0aD0iMSIgaGVpZ2h0PSIxIiB4bWxucz0iaHR0cDovL3d3dy53My5vcmcvMjAwMC9zdmciPjwvc3ZnPg==\" style=\"--smush-placeholder-width: 600px; --smush-placeholder-aspect-ratio: 600\/800;\" \/> <img decoding=\"async\" class=\"aligncenter size-full wp-image-606 lazyload\" data-src=\"http:\/\/tingamy.com\/wp-content\/uploads\/2023\/12\/\u8be6\u60c5_009-5.webp\" alt=\"\" width=\"600\" height=\"800\" title=\"\" data-srcset=\"https:\/\/tmay.com\/wp-content\/uploads\/2023\/12\/\u8be6\u60c5_009-5.webp 600w, https:\/\/tmay.com\/wp-content\/uploads\/2023\/12\/\u8be6\u60c5_009-5-225x300.webp 225w\" data-sizes=\"(max-width: 600px) 100vw, 600px\" src=\"data:image\/svg+xml;base64,PHN2ZyB3aWR0aD0iMSIgaGVpZ2h0PSIxIiB4bWxucz0iaHR0cDovL3d3dy53My5vcmcvMjAwMC9zdmciPjwvc3ZnPg==\" style=\"--smush-placeholder-width: 600px; --smush-placeholder-aspect-ratio: 600\/800;\" \/> <img decoding=\"async\" class=\"aligncenter size-full wp-image-605 lazyload\" data-src=\"http:\/\/tingamy.com\/wp-content\/uploads\/2023\/12\/\u8be6\u60c5_008-6.webp\" alt=\"\" width=\"600\" height=\"480\" title=\"\" data-srcset=\"https:\/\/tmay.com\/wp-content\/uploads\/2023\/12\/\u8be6\u60c5_008-6.webp 600w, https:\/\/tmay.com\/wp-content\/uploads\/2023\/12\/\u8be6\u60c5_008-6-300x240.webp 300w\" data-sizes=\"(max-width: 600px) 100vw, 600px\" src=\"data:image\/svg+xml;base64,PHN2ZyB3aWR0aD0iMSIgaGVpZ2h0PSIxIiB4bWxucz0iaHR0cDovL3d3dy53My5vcmcvMjAwMC9zdmciPjwvc3ZnPg==\" style=\"--smush-placeholder-width: 600px; --smush-placeholder-aspect-ratio: 600\/480;\" \/> <img decoding=\"async\" class=\"aligncenter size-full wp-image-604 lazyload\" data-src=\"http:\/\/tingamy.com\/wp-content\/uploads\/2023\/12\/\u8be6\u60c5_007-6.webp\" alt=\"\" width=\"600\" height=\"465\" title=\"\" data-srcset=\"https:\/\/tmay.com\/wp-content\/uploads\/2023\/12\/\u8be6\u60c5_007-6.webp 600w, https:\/\/tmay.com\/wp-content\/uploads\/2023\/12\/\u8be6\u60c5_007-6-300x233.webp 300w\" data-sizes=\"(max-width: 600px) 100vw, 600px\" src=\"data:image\/svg+xml;base64,PHN2ZyB3aWR0aD0iMSIgaGVpZ2h0PSIxIiB4bWxucz0iaHR0cDovL3d3dy53My5vcmcvMjAwMC9zdmciPjwvc3ZnPg==\" style=\"--smush-placeholder-width: 600px; --smush-placeholder-aspect-ratio: 600\/465;\" \/> <img decoding=\"async\" class=\"aligncenter size-full wp-image-603 lazyload\" data-src=\"http:\/\/tingamy.com\/wp-content\/uploads\/2023\/12\/\u8be6\u60c5_006-8.webp\" alt=\"\" width=\"600\" height=\"535\" title=\"\" data-srcset=\"https:\/\/tmay.com\/wp-content\/uploads\/2023\/12\/\u8be6\u60c5_006-8.webp 600w, https:\/\/tmay.com\/wp-content\/uploads\/2023\/12\/\u8be6\u60c5_006-8-300x268.webp 300w\" data-sizes=\"(max-width: 600px) 100vw, 600px\" src=\"data:image\/svg+xml;base64,PHN2ZyB3aWR0aD0iMSIgaGVpZ2h0PSIxIiB4bWxucz0iaHR0cDovL3d3dy53My5vcmcvMjAwMC9zdmciPjwvc3ZnPg==\" style=\"--smush-placeholder-width: 600px; --smush-placeholder-aspect-ratio: 600\/535;\" \/> <img decoding=\"async\" class=\"aligncenter size-full wp-image-602 lazyload\" data-src=\"http:\/\/tingamy.com\/wp-content\/uploads\/2023\/12\/\u8be6\u60c5_005-10.webp\" alt=\"\" width=\"600\" height=\"463\" title=\"\" data-srcset=\"https:\/\/tmay.com\/wp-content\/uploads\/2023\/12\/\u8be6\u60c5_005-10.webp 600w, https:\/\/tmay.com\/wp-content\/uploads\/2023\/12\/\u8be6\u60c5_005-10-300x232.webp 300w\" data-sizes=\"(max-width: 600px) 100vw, 600px\" src=\"data:image\/svg+xml;base64,PHN2ZyB3aWR0aD0iMSIgaGVpZ2h0PSIxIiB4bWxucz0iaHR0cDovL3d3dy53My5vcmcvMjAwMC9zdmciPjwvc3ZnPg==\" style=\"--smush-placeholder-width: 600px; --smush-placeholder-aspect-ratio: 600\/463;\" \/> <img decoding=\"async\" class=\"aligncenter size-full wp-image-601 lazyload\" data-src=\"http:\/\/tingamy.com\/wp-content\/uploads\/2023\/12\/\u8be6\u60c5_004-11.webp\" alt=\"\" width=\"600\" height=\"427\" title=\"\" data-srcset=\"https:\/\/tmay.com\/wp-content\/uploads\/2023\/12\/\u8be6\u60c5_004-11.webp 600w, https:\/\/tmay.com\/wp-content\/uploads\/2023\/12\/\u8be6\u60c5_004-11-300x214.webp 300w\" data-sizes=\"(max-width: 600px) 100vw, 600px\" src=\"data:image\/svg+xml;base64,PHN2ZyB3aWR0aD0iMSIgaGVpZ2h0PSIxIiB4bWxucz0iaHR0cDovL3d3dy53My5vcmcvMjAwMC9zdmciPjwvc3ZnPg==\" style=\"--smush-placeholder-width: 600px; --smush-placeholder-aspect-ratio: 600\/427;\" \/> <img decoding=\"async\" class=\"aligncenter size-full wp-image-600 lazyload\" data-src=\"http:\/\/tingamy.com\/wp-content\/uploads\/2023\/12\/\u8be6\u60c5_003-11.webp\" alt=\"\" width=\"600\" height=\"446\" title=\"\" data-srcset=\"https:\/\/tmay.com\/wp-content\/uploads\/2023\/12\/\u8be6\u60c5_003-11.webp 600w, https:\/\/tmay.com\/wp-content\/uploads\/2023\/12\/\u8be6\u60c5_003-11-300x223.webp 300w\" data-sizes=\"(max-width: 600px) 100vw, 600px\" src=\"data:image\/svg+xml;base64,PHN2ZyB3aWR0aD0iMSIgaGVpZ2h0PSIxIiB4bWxucz0iaHR0cDovL3d3dy53My5vcmcvMjAwMC9zdmciPjwvc3ZnPg==\" style=\"--smush-placeholder-width: 600px; --smush-placeholder-aspect-ratio: 600\/446;\" \/><\/p>\n<p><img decoding=\"async\" class=\"aligncenter wp-image-137 size-full lazyload\" data-src=\"http:\/\/tingamy.com\/wp-content\/uploads\/2023\/11\/\u633a\u7f8e1-\u8be6\u60c5\u9875_13.jpg\" alt=\"\" width=\"750\" height=\"1314\" title=\"\" data-srcset=\"https:\/\/tmay.com\/wp-content\/uploads\/2023\/11\/\u633a\u7f8e1-\u8be6\u60c5\u9875_13.jpg 750w, https:\/\/tmay.com\/wp-content\/uploads\/2023\/11\/\u633a\u7f8e1-\u8be6\u60c5\u9875_13-171x300.jpg 171w, https:\/\/tmay.com\/wp-content\/uploads\/2023\/11\/\u633a\u7f8e1-\u8be6\u60c5\u9875_13-584x1024.jpg 584w, https:\/\/tmay.com\/wp-content\/uploads\/2023\/11\/\u633a\u7f8e1-\u8be6\u60c5\u9875_13-600x1051.jpg 600w\" data-sizes=\"(max-width: 750px) 100vw, 750px\" src=\"data:image\/svg+xml;base64,PHN2ZyB3aWR0aD0iMSIgaGVpZ2h0PSIxIiB4bWxucz0iaHR0cDovL3d3dy53My5vcmcvMjAwMC9zdmciPjwvc3ZnPg==\" style=\"--smush-placeholder-width: 750px; --smush-placeholder-aspect-ratio: 750\/1314;\" \/><img decoding=\"async\" class=\"aligncenter wp-image-138 size-full lazyload\" data-src=\"http:\/\/tingamy.com\/wp-content\/uploads\/2023\/11\/\u633a\u7f8e1-\u8be6\u60c5\u9875_14.jpg\" alt=\"\" width=\"750\" height=\"888\" title=\"\" data-srcset=\"https:\/\/tmay.com\/wp-content\/uploads\/2023\/11\/\u633a\u7f8e1-\u8be6\u60c5\u9875_14.jpg 750w, https:\/\/tmay.com\/wp-content\/uploads\/2023\/11\/\u633a\u7f8e1-\u8be6\u60c5\u9875_14-253x300.jpg 253w, https:\/\/tmay.com\/wp-content\/uploads\/2023\/11\/\u633a\u7f8e1-\u8be6\u60c5\u9875_14-600x710.jpg 600w\" data-sizes=\"(max-width: 750px) 100vw, 750px\" src=\"data:image\/svg+xml;base64,PHN2ZyB3aWR0aD0iMSIgaGVpZ2h0PSIxIiB4bWxucz0iaHR0cDovL3d3dy53My5vcmcvMjAwMC9zdmciPjwvc3ZnPg==\" style=\"--smush-placeholder-width: 750px; --smush-placeholder-aspect-ratio: 750\/888;\" \/><\/p>\n<p><img decoding=\"async\" class=\"aligncenter wp-image-139 size-full lazyload\" data-src=\"http:\/\/tingamy.com\/wp-content\/uploads\/2023\/11\/\u633a\u7f8e1-\u8be6\u60c5\u9875_15.jpg\" alt=\"\" width=\"750\" height=\"624\" title=\"\" data-srcset=\"https:\/\/tmay.com\/wp-content\/uploads\/2023\/11\/\u633a\u7f8e1-\u8be6\u60c5\u9875_15.jpg 750w, https:\/\/tmay.com\/wp-content\/uploads\/2023\/11\/\u633a\u7f8e1-\u8be6\u60c5\u9875_15-300x250.jpg 300w, https:\/\/tmay.com\/wp-content\/uploads\/2023\/11\/\u633a\u7f8e1-\u8be6\u60c5\u9875_15-600x499.jpg 600w\" data-sizes=\"(max-width: 750px) 100vw, 750px\" src=\"data:image\/svg+xml;base64,PHN2ZyB3aWR0aD0iMSIgaGVpZ2h0PSIxIiB4bWxucz0iaHR0cDovL3d3dy53My5vcmcvMjAwMC9zdmciPjwvc3ZnPg==\" style=\"--smush-placeholder-width: 750px; --smush-placeholder-aspect-ratio: 750\/624;\" \/><\/p>\n<p><img decoding=\"async\" class=\"aligncenter wp-image-140 size-full lazyload\" data-src=\"http:\/\/tingamy.com\/wp-content\/uploads\/2023\/11\/\u633a\u7f8e1-\u8be6\u60c5\u9875_16.jpg\" alt=\"\" width=\"750\" height=\"954\" title=\"\" data-srcset=\"https:\/\/tmay.com\/wp-content\/uploads\/2023\/11\/\u633a\u7f8e1-\u8be6\u60c5\u9875_16.jpg 750w, https:\/\/tmay.com\/wp-content\/uploads\/2023\/11\/\u633a\u7f8e1-\u8be6\u60c5\u9875_16-236x300.jpg 236w, https:\/\/tmay.com\/wp-content\/uploads\/2023\/11\/\u633a\u7f8e1-\u8be6\u60c5\u9875_16-600x763.jpg 600w\" data-sizes=\"(max-width: 750px) 100vw, 750px\" src=\"data:image\/svg+xml;base64,PHN2ZyB3aWR0aD0iMSIgaGVpZ2h0PSIxIiB4bWxucz0iaHR0cDovL3d3dy53My5vcmcvMjAwMC9zdmciPjwvc3ZnPg==\" style=\"--smush-placeholder-width: 750px; --smush-placeholder-aspect-ratio: 750\/954;\" \/><img decoding=\"async\" class=\"aligncenter wp-image-141 size-full lazyload\" data-src=\"http:\/\/tingamy.com\/wp-content\/uploads\/2023\/11\/\u633a\u7f8e1-\u8be6\u60c5\u9875_17.jpg\" alt=\"\" width=\"750\" height=\"544\" title=\"\" data-srcset=\"https:\/\/tmay.com\/wp-content\/uploads\/2023\/11\/\u633a\u7f8e1-\u8be6\u60c5\u9875_17.jpg 750w, https:\/\/tmay.com\/wp-content\/uploads\/2023\/11\/\u633a\u7f8e1-\u8be6\u60c5\u9875_17-300x218.jpg 300w, https:\/\/tmay.com\/wp-content\/uploads\/2023\/11\/\u633a\u7f8e1-\u8be6\u60c5\u9875_17-600x435.jpg 600w\" data-sizes=\"(max-width: 750px) 100vw, 750px\" src=\"data:image\/svg+xml;base64,PHN2ZyB3aWR0aD0iMSIgaGVpZ2h0PSIxIiB4bWxucz0iaHR0cDovL3d3dy53My5vcmcvMjAwMC9zdmciPjwvc3ZnPg==\" style=\"--smush-placeholder-width: 750px; --smush-placeholder-aspect-ratio: 750\/544;\" \/><img decoding=\"async\" class=\"aligncenter wp-image-142 size-full lazyload\" data-src=\"http:\/\/tingamy.com\/wp-content\/uploads\/2023\/11\/\u633a\u7f8e1-\u8be6\u60c5\u9875_18.jpg\" alt=\"\" width=\"750\" height=\"734\" title=\"\" data-srcset=\"https:\/\/tmay.com\/wp-content\/uploads\/2023\/11\/\u633a\u7f8e1-\u8be6\u60c5\u9875_18.jpg 750w, https:\/\/tmay.com\/wp-content\/uploads\/2023\/11\/\u633a\u7f8e1-\u8be6\u60c5\u9875_18-300x294.jpg 300w, https:\/\/tmay.com\/wp-content\/uploads\/2023\/11\/\u633a\u7f8e1-\u8be6\u60c5\u9875_18-600x587.jpg 600w\" data-sizes=\"(max-width: 750px) 100vw, 750px\" src=\"data:image\/svg+xml;base64,PHN2ZyB3aWR0aD0iMSIgaGVpZ2h0PSIxIiB4bWxucz0iaHR0cDovL3d3dy53My5vcmcvMjAwMC9zdmciPjwvc3ZnPg==\" style=\"--smush-placeholder-width: 750px; --smush-placeholder-aspect-ratio: 750\/734;\" \/><img decoding=\"async\" class=\"aligncenter size-full wp-image-143 lazyload\" data-src=\"http:\/\/tingamy.com\/wp-content\/uploads\/2023\/11\/\u633a\u7f8e1-\u8be6\u60c5\u9875_19.jpg\" alt=\"\" width=\"750\" height=\"488\" title=\"\" data-srcset=\"https:\/\/tmay.com\/wp-content\/uploads\/2023\/11\/\u633a\u7f8e1-\u8be6\u60c5\u9875_19.jpg 750w, https:\/\/tmay.com\/wp-content\/uploads\/2023\/11\/\u633a\u7f8e1-\u8be6\u60c5\u9875_19-300x195.jpg 300w, https:\/\/tmay.com\/wp-content\/uploads\/2023\/11\/\u633a\u7f8e1-\u8be6\u60c5\u9875_19-600x390.jpg 600w\" data-sizes=\"(max-width: 750px) 100vw, 750px\" src=\"data:image\/svg+xml;base64,PHN2ZyB3aWR0aD0iMSIgaGVpZ2h0PSIxIiB4bWxucz0iaHR0cDovL3d3dy53My5vcmcvMjAwMC9zdmciPjwvc3ZnPg==\" style=\"--smush-placeholder-width: 750px; --smush-placeholder-aspect-ratio: 750\/488;\" \/><img decoding=\"async\" class=\"aligncenter size-full wp-image-144 lazyload\" data-src=\"http:\/\/tingamy.com\/wp-content\/uploads\/2023\/11\/\u633a\u7f8e1-\u8be6\u60c5\u9875_20.jpg\" alt=\"\" width=\"750\" height=\"540\" title=\"\" data-srcset=\"https:\/\/tmay.com\/wp-content\/uploads\/2023\/11\/\u633a\u7f8e1-\u8be6\u60c5\u9875_20.jpg 750w, https:\/\/tmay.com\/wp-content\/uploads\/2023\/11\/\u633a\u7f8e1-\u8be6\u60c5\u9875_20-300x216.jpg 300w, https:\/\/tmay.com\/wp-content\/uploads\/2023\/11\/\u633a\u7f8e1-\u8be6\u60c5\u9875_20-600x432.jpg 600w\" data-sizes=\"(max-width: 750px) 100vw, 750px\" src=\"data:image\/svg+xml;base64,PHN2ZyB3aWR0aD0iMSIgaGVpZ2h0PSIxIiB4bWxucz0iaHR0cDovL3d3dy53My5vcmcvMjAwMC9zdmciPjwvc3ZnPg==\" style=\"--smush-placeholder-width: 750px; --smush-placeholder-aspect-ratio: 750\/540;\" \/><\/p>\n<p>&nbsp;<\/p>","protected":false},"excerpt":{"rendered":"<div class=\"module_title\">\n<div class=\"product-title-container\" data-aplus-ae=\"x1_121da332\" data-spm-anchor-id=\"a2700.wholesale.0.i0.47697038sew0ov\" data-aplus-clk=\"x24_409b6ddc\">\n<ul>\n<li><strong>Comprehensive Weight Loss Solution<\/strong>: TM-908 offers a comprehensive weight loss solution with cryolipolysis, radio frequency, 40k cavitation, and lipolaser technologies all in one machine.<\/li>\n<li><strong>Targeted Fat Burning<\/strong>: Experience targeted fat burning with advanced cryolipolysis, addressing specific areas for effective and non-invasive weight loss.<\/li>\n<li><strong>Skin Tightening with Radio Frequency<\/strong>: Integrated radio frequency technology promotes skin tightening, enhancing the overall results of your weight loss and body sculpting journey.<\/li>\n<li><strong>40k Cavitation for Cellulite Reduction<\/strong>: Utilize 40k cavitation for cellulite reduction, achieving a smoother and more toned skin texture.<\/li>\n<li><strong>Lipolaser Enhancement<\/strong>: The inclusion of lipolaser technology enhances the weight loss process, promoting the breakdown of fat cells for optimal results.<\/li>\n<\/ul>\n<\/div>\n<\/div>","protected":false},"featured_media":609,"comment_status":"open","ping_status":"closed","template":"","meta":{"site-sidebar-layout":"default","site-content-layout":"","ast-site-content-layout":"default","site-content-style":"default","site-sidebar-style":"default","ast-global-header-display":"","ast-banner-title-visibility":"","ast-main-header-display":"","ast-hfb-above-header-display":"","ast-hfb-below-header-display":"","ast-hfb-mobile-header-display":"","site-post-title":"","ast-breadcrumbs-content":"","ast-featured-img":"","footer-sml-layout":"","ast-disable-related-posts":"","theme-transparent-header-meta":"default","adv-header-id-meta":"","stick-header-meta":"","header-above-stick-meta":"","header-main-stick-meta":"","header-below-stick-meta":"","astra-migrate-meta-layouts":"set","ast-page-background-enabled":"default","ast-page-background-meta":{"desktop":{"background-color":"var(--ast-global-color-4)","background-image":"","background-repeat":"repeat","background-position":"center center","background-size":"auto","background-attachment":"scroll","background-type":"","background-media":"","overlay-type":"","overlay-color":"","overlay-opacity":"","overlay-gradient":""},"tablet":{"background-color":"","background-image":"","background-repeat":"repeat","background-position":"center center","background-size":"auto","background-attachment":"scroll","background-type":"","background-media":"","overlay-type":"","overlay-color":"","overlay-opacity":"","overlay-gradient":""},"mobile":{"background-color":"","background-image":"","background-repeat":"repeat","background-position":"center center","background-size":"auto","background-attachment":"scroll","background-type":"","background-media":"","overlay-type":"","overlay-color":"","overlay-opacity":"","overlay-gradient":""}},"ast-content-background-meta":{"desktop":{"background-color":"var(--ast-global-color-5)","background-image":"","background-repeat":"repeat","background-position":"center center","background-size":"auto","background-attachment":"scroll","background-type":"","background-media":"","overlay-type":"","overlay-color":"","overlay-opacity":"","overlay-gradient":""},"tablet":{"background-color":"var(--ast-global-color-5)","background-image":"","background-repeat":"repeat","background-position":"center center","background-size":"auto","background-attachment":"scroll","background-type":"","background-media":"","overlay-type":"","overlay-color":"","overlay-opacity":"","overlay-gradient":""},"mobile":{"background-color":"var(--ast-global-color-5)","background-image":"","background-repeat":"repeat","background-position":"center center","background-size":"auto","background-attachment":"scroll","background-type":"","background-media":"","overlay-type":"","overlay-color":"","overlay-opacity":"","overlay-gradient":""}}},"product_brand":[],"product_cat":[23],"product_tag":[24],"class_list":{"0":"post-598","1":"product","2":"type-product","3":"status-publish","4":"has-post-thumbnail","6":"product_cat-cryolipolysis-fat-freezing","7":"product_tag-cryolipolysis-fat-freezing","8":"desktop-align-left","9":"tablet-align-left","10":"mobile-align-left","12":"first","13":"instock","14":"shipping-taxable","15":"product-type-simple"},"_links":{"self":[{"href":"https:\/\/tmay.com\/es\/wp-json\/wp\/v2\/product\/598","targetHints":{"allow":["GET"]}}],"collection":[{"href":"https:\/\/tmay.com\/es\/wp-json\/wp\/v2\/product"}],"about":[{"href":"https:\/\/tmay.com\/es\/wp-json\/wp\/v2\/types\/product"}],"replies":[{"embeddable":true,"href":"https:\/\/tmay.com\/es\/wp-json\/wp\/v2\/comments?post=598"}],"version-history":[{"count":1,"href":"https:\/\/tmay.com\/es\/wp-json\/wp\/v2\/product\/598\/revisions"}],"predecessor-version":[{"id":2501,"href":"https:\/\/tmay.com\/es\/wp-json\/wp\/v2\/product\/598\/revisions\/2501"}],"wp:featuredmedia":[{"embeddable":true,"href":"https:\/\/tmay.com\/es\/wp-json\/wp\/v2\/media\/609"}],"wp:attachment":[{"href":"https:\/\/tmay.com\/es\/wp-json\/wp\/v2\/media?parent=598"}],"wp:term":[{"taxonomy":"product_brand","embeddable":true,"href":"https:\/\/tmay.com\/es\/wp-json\/wp\/v2\/product_brand?post=598"},{"taxonomy":"product_cat","embeddable":true,"href":"https:\/\/tmay.com\/es\/wp-json\/wp\/v2\/product_cat?post=598"},{"taxonomy":"product_tag","embeddable":true,"href":"https:\/\/tmay.com\/es\/wp-json\/wp\/v2\/product_tag?post=598"}],"curies":[{"name":"wp","href":"https:\/\/api.w.org\/{rel}","templated":true}]}}