{"id":1213,"date":"2024-01-12T10:42:03","date_gmt":"2024-01-12T02:42:03","guid":{"rendered":"https:\/\/tmay.com\/?post_type=product&#038;p=1213"},"modified":"2024-03-07T16:47:09","modified_gmt":"2024-03-07T08:47:09","slug":"1320nm-1064nm-532nm-picosecond-laser-tattoo-removal-machine-black-doll-skin-beauty-equipment-tm-j109","status":"publish","type":"product","link":"https:\/\/tmay.com\/fr\/produit\/1320nm-1064nm-532nm-picosecond-laser-tattoo-removal-machine-black-doll-skin-beauty-equipment-tm-j109\/","title":{"rendered":"1320nm 1064nm 532nm picoseconde laser machine \u00e0 enlever les tatouages poup\u00e9e noire \u00e9quipement de beaut\u00e9 de la peau TM-J109"},"content":{"rendered":"<p><img fetchpriority=\"high\" decoding=\"async\" class=\"aligncenter size-full wp-image-136\" src=\"https:\/\/tmay.com\/wp-content\/uploads\/2023\/11\/\u633a\u7f8e1-\u8be6\u60c5\u9875_01.jpg\" alt=\"home use cryolipolisis 360 cool body sculpt machines fat freezing For Belly Fat Removal with Best Price\" width=\"750\" height=\"367\" title=\"\" srcset=\"https:\/\/tmay.com\/wp-content\/uploads\/2023\/11\/\u633a\u7f8e1-\u8be6\u60c5\u9875_01.jpg 750w, https:\/\/tmay.com\/wp-content\/uploads\/2023\/11\/\u633a\u7f8e1-\u8be6\u60c5\u9875_01-300x147.jpg 300w, https:\/\/tmay.com\/wp-content\/uploads\/2023\/11\/\u633a\u7f8e1-\u8be6\u60c5\u9875_01-600x294.jpg 600w\" sizes=\"(max-width: 750px) 100vw, 750px\" \/><\/p>\n<p><img decoding=\"async\" class=\"aligncenter size-full wp-image-1218 lazyload\" data-src=\"https:\/\/tmay.com\/wp-content\/uploads\/2024\/01\/\u4e3b\u56fe_003-4.jpeg\" alt=\"\" width=\"1000\" height=\"1000\" title=\"\" data-srcset=\"https:\/\/tmay.com\/wp-content\/uploads\/2024\/01\/\u4e3b\u56fe_003-4.jpeg 1000w, https:\/\/tmay.com\/wp-content\/uploads\/2024\/01\/\u4e3b\u56fe_003-4-300x300.jpeg 300w, https:\/\/tmay.com\/wp-content\/uploads\/2024\/01\/\u4e3b\u56fe_003-4-150x150.jpeg 150w, https:\/\/tmay.com\/wp-content\/uploads\/2024\/01\/\u4e3b\u56fe_003-4-768x768.jpeg 768w, https:\/\/tmay.com\/wp-content\/uploads\/2024\/01\/\u4e3b\u56fe_003-4-144x144.jpeg 144w, https:\/\/tmay.com\/wp-content\/uploads\/2024\/01\/\u4e3b\u56fe_003-4-600x600.jpeg 600w, https:\/\/tmay.com\/wp-content\/uploads\/2024\/01\/\u4e3b\u56fe_003-4-100x100.jpeg 100w\" data-sizes=\"(max-width: 1000px) 100vw, 1000px\" src=\"data:image\/svg+xml;base64,PHN2ZyB3aWR0aD0iMSIgaGVpZ2h0PSIxIiB4bWxucz0iaHR0cDovL3d3dy53My5vcmcvMjAwMC9zdmciPjwvc3ZnPg==\" style=\"--smush-placeholder-width: 1000px; --smush-placeholder-aspect-ratio: 1000\/1000;\" \/> <img decoding=\"async\" class=\"aligncenter size-full wp-image-1217 lazyload\" data-src=\"https:\/\/tmay.com\/wp-content\/uploads\/2024\/01\/\u4e3b\u56fe_001-23.jpeg\" alt=\"\" width=\"2000\" height=\"2000\" title=\"\" data-srcset=\"https:\/\/tmay.com\/wp-content\/uploads\/2024\/01\/\u4e3b\u56fe_001-23.jpeg 2000w, https:\/\/tmay.com\/wp-content\/uploads\/2024\/01\/\u4e3b\u56fe_001-23-300x300.jpeg 300w, https:\/\/tmay.com\/wp-content\/uploads\/2024\/01\/\u4e3b\u56fe_001-23-1024x1024.jpeg 1024w, https:\/\/tmay.com\/wp-content\/uploads\/2024\/01\/\u4e3b\u56fe_001-23-150x150.jpeg 150w, https:\/\/tmay.com\/wp-content\/uploads\/2024\/01\/\u4e3b\u56fe_001-23-768x768.jpeg 768w, https:\/\/tmay.com\/wp-content\/uploads\/2024\/01\/\u4e3b\u56fe_001-23-1536x1536.jpeg 1536w, https:\/\/tmay.com\/wp-content\/uploads\/2024\/01\/\u4e3b\u56fe_001-23-144x144.jpeg 144w, https:\/\/tmay.com\/wp-content\/uploads\/2024\/01\/\u4e3b\u56fe_001-23-1320x1320.jpeg 1320w, https:\/\/tmay.com\/wp-content\/uploads\/2024\/01\/\u4e3b\u56fe_001-23-600x600.jpeg 600w, https:\/\/tmay.com\/wp-content\/uploads\/2024\/01\/\u4e3b\u56fe_001-23-100x100.jpeg 100w\" data-sizes=\"(max-width: 2000px) 100vw, 2000px\" src=\"data:image\/svg+xml;base64,PHN2ZyB3aWR0aD0iMSIgaGVpZ2h0PSIxIiB4bWxucz0iaHR0cDovL3d3dy53My5vcmcvMjAwMC9zdmciPjwvc3ZnPg==\" style=\"--smush-placeholder-width: 2000px; --smush-placeholder-aspect-ratio: 2000\/2000;\" \/> <img decoding=\"async\" class=\"aligncenter size-full wp-image-1219 lazyload\" data-src=\"https:\/\/tmay.com\/wp-content\/uploads\/2024\/01\/\u4e3b\u56fe_004-4.jpeg\" alt=\"\" width=\"2000\" height=\"2000\" title=\"\" data-srcset=\"https:\/\/tmay.com\/wp-content\/uploads\/2024\/01\/\u4e3b\u56fe_004-4.jpeg 2000w, https:\/\/tmay.com\/wp-content\/uploads\/2024\/01\/\u4e3b\u56fe_004-4-300x300.jpeg 300w, https:\/\/tmay.com\/wp-content\/uploads\/2024\/01\/\u4e3b\u56fe_004-4-1024x1024.jpeg 1024w, https:\/\/tmay.com\/wp-content\/uploads\/2024\/01\/\u4e3b\u56fe_004-4-150x150.jpeg 150w, https:\/\/tmay.com\/wp-content\/uploads\/2024\/01\/\u4e3b\u56fe_004-4-768x768.jpeg 768w, https:\/\/tmay.com\/wp-content\/uploads\/2024\/01\/\u4e3b\u56fe_004-4-1536x1536.jpeg 1536w, https:\/\/tmay.com\/wp-content\/uploads\/2024\/01\/\u4e3b\u56fe_004-4-144x144.jpeg 144w, https:\/\/tmay.com\/wp-content\/uploads\/2024\/01\/\u4e3b\u56fe_004-4-1320x1320.jpeg 1320w, https:\/\/tmay.com\/wp-content\/uploads\/2024\/01\/\u4e3b\u56fe_004-4-600x600.jpeg 600w, https:\/\/tmay.com\/wp-content\/uploads\/2024\/01\/\u4e3b\u56fe_004-4-100x100.jpeg 100w\" data-sizes=\"(max-width: 2000px) 100vw, 2000px\" src=\"data:image\/svg+xml;base64,PHN2ZyB3aWR0aD0iMSIgaGVpZ2h0PSIxIiB4bWxucz0iaHR0cDovL3d3dy53My5vcmcvMjAwMC9zdmciPjwvc3ZnPg==\" style=\"--smush-placeholder-width: 2000px; --smush-placeholder-aspect-ratio: 2000\/2000;\" \/> <img decoding=\"async\" class=\"aligncenter size-full wp-image-1220 lazyload\" data-src=\"https:\/\/tmay.com\/wp-content\/uploads\/2024\/01\/\u4e3b\u56fe_005-3-scaled.jpeg\" alt=\"\" width=\"1920\" height=\"2560\" title=\"\" data-srcset=\"https:\/\/tmay.com\/wp-content\/uploads\/2024\/01\/\u4e3b\u56fe_005-3-scaled.jpeg 1920w, https:\/\/tmay.com\/wp-content\/uploads\/2024\/01\/\u4e3b\u56fe_005-3-225x300.jpeg 225w, https:\/\/tmay.com\/wp-content\/uploads\/2024\/01\/\u4e3b\u56fe_005-3-768x1024.jpeg 768w, https:\/\/tmay.com\/wp-content\/uploads\/2024\/01\/\u4e3b\u56fe_005-3-1152x1536.jpeg 1152w, https:\/\/tmay.com\/wp-content\/uploads\/2024\/01\/\u4e3b\u56fe_005-3-1536x2048.jpeg 1536w, https:\/\/tmay.com\/wp-content\/uploads\/2024\/01\/\u4e3b\u56fe_005-3-1320x1760.jpeg 1320w, https:\/\/tmay.com\/wp-content\/uploads\/2024\/01\/\u4e3b\u56fe_005-3-600x800.jpeg 600w\" data-sizes=\"(max-width: 1920px) 100vw, 1920px\" src=\"data:image\/svg+xml;base64,PHN2ZyB3aWR0aD0iMSIgaGVpZ2h0PSIxIiB4bWxucz0iaHR0cDovL3d3dy53My5vcmcvMjAwMC9zdmciPjwvc3ZnPg==\" style=\"--smush-placeholder-width: 1920px; --smush-placeholder-aspect-ratio: 1920\/2560;\" \/> <img decoding=\"async\" class=\"aligncenter size-full wp-image-1221 lazyload\" data-src=\"https:\/\/tmay.com\/wp-content\/uploads\/2024\/01\/\u4e3b\u56fe_006-4-scaled.jpeg\" alt=\"\" width=\"1920\" height=\"2560\" title=\"\" data-srcset=\"https:\/\/tmay.com\/wp-content\/uploads\/2024\/01\/\u4e3b\u56fe_006-4-scaled.jpeg 1920w, https:\/\/tmay.com\/wp-content\/uploads\/2024\/01\/\u4e3b\u56fe_006-4-225x300.jpeg 225w, https:\/\/tmay.com\/wp-content\/uploads\/2024\/01\/\u4e3b\u56fe_006-4-768x1024.jpeg 768w, https:\/\/tmay.com\/wp-content\/uploads\/2024\/01\/\u4e3b\u56fe_006-4-1152x1536.jpeg 1152w, https:\/\/tmay.com\/wp-content\/uploads\/2024\/01\/\u4e3b\u56fe_006-4-1536x2048.jpeg 1536w, https:\/\/tmay.com\/wp-content\/uploads\/2024\/01\/\u4e3b\u56fe_006-4-1320x1760.jpeg 1320w, https:\/\/tmay.com\/wp-content\/uploads\/2024\/01\/\u4e3b\u56fe_006-4-600x800.jpeg 600w\" data-sizes=\"(max-width: 1920px) 100vw, 1920px\" src=\"data:image\/svg+xml;base64,PHN2ZyB3aWR0aD0iMSIgaGVpZ2h0PSIxIiB4bWxucz0iaHR0cDovL3d3dy53My5vcmcvMjAwMC9zdmciPjwvc3ZnPg==\" style=\"--smush-placeholder-width: 1920px; --smush-placeholder-aspect-ratio: 1920\/2560;\" \/> <img decoding=\"async\" class=\"aligncenter size-full wp-image-1222 lazyload\" data-src=\"https:\/\/tmay.com\/wp-content\/uploads\/2024\/01\/\u4e3b\u56fe_007-3.jpeg\" alt=\"\" width=\"850\" height=\"1133\" title=\"\" data-srcset=\"https:\/\/tmay.com\/wp-content\/uploads\/2024\/01\/\u4e3b\u56fe_007-3.jpeg 850w, https:\/\/tmay.com\/wp-content\/uploads\/2024\/01\/\u4e3b\u56fe_007-3-225x300.jpeg 225w, https:\/\/tmay.com\/wp-content\/uploads\/2024\/01\/\u4e3b\u56fe_007-3-768x1024.jpeg 768w, https:\/\/tmay.com\/wp-content\/uploads\/2024\/01\/\u4e3b\u56fe_007-3-600x800.jpeg 600w\" data-sizes=\"(max-width: 850px) 100vw, 850px\" src=\"data:image\/svg+xml;base64,PHN2ZyB3aWR0aD0iMSIgaGVpZ2h0PSIxIiB4bWxucz0iaHR0cDovL3d3dy53My5vcmcvMjAwMC9zdmciPjwvc3ZnPg==\" style=\"--smush-placeholder-width: 850px; --smush-placeholder-aspect-ratio: 850\/1133;\" \/> <img decoding=\"async\" class=\"aligncenter size-full wp-image-1216 lazyload\" data-src=\"https:\/\/tmay.com\/wp-content\/uploads\/2024\/01\/\u8be6\u60c5_005-1.jpeg\" alt=\"\" width=\"1000\" height=\"666\" title=\"\" data-srcset=\"https:\/\/tmay.com\/wp-content\/uploads\/2024\/01\/\u8be6\u60c5_005-1.jpeg 1000w, https:\/\/tmay.com\/wp-content\/uploads\/2024\/01\/\u8be6\u60c5_005-1-300x200.jpeg 300w, https:\/\/tmay.com\/wp-content\/uploads\/2024\/01\/\u8be6\u60c5_005-1-768x511.jpeg 768w, https:\/\/tmay.com\/wp-content\/uploads\/2024\/01\/\u8be6\u60c5_005-1-600x400.jpeg 600w\" data-sizes=\"(max-width: 1000px) 100vw, 1000px\" src=\"data:image\/svg+xml;base64,PHN2ZyB3aWR0aD0iMSIgaGVpZ2h0PSIxIiB4bWxucz0iaHR0cDovL3d3dy53My5vcmcvMjAwMC9zdmciPjwvc3ZnPg==\" style=\"--smush-placeholder-width: 1000px; --smush-placeholder-aspect-ratio: 1000\/666;\" \/> <img decoding=\"async\" class=\"aligncenter size-full wp-image-1215 lazyload\" data-src=\"https:\/\/tmay.com\/wp-content\/uploads\/2024\/01\/\u8be6\u60c5_004-1.jpeg\" alt=\"\" width=\"1000\" height=\"665\" title=\"\" data-srcset=\"https:\/\/tmay.com\/wp-content\/uploads\/2024\/01\/\u8be6\u60c5_004-1.jpeg 1000w, https:\/\/tmay.com\/wp-content\/uploads\/2024\/01\/\u8be6\u60c5_004-1-300x200.jpeg 300w, https:\/\/tmay.com\/wp-content\/uploads\/2024\/01\/\u8be6\u60c5_004-1-768x511.jpeg 768w, https:\/\/tmay.com\/wp-content\/uploads\/2024\/01\/\u8be6\u60c5_004-1-600x399.jpeg 600w\" data-sizes=\"(max-width: 1000px) 100vw, 1000px\" src=\"data:image\/svg+xml;base64,PHN2ZyB3aWR0aD0iMSIgaGVpZ2h0PSIxIiB4bWxucz0iaHR0cDovL3d3dy53My5vcmcvMjAwMC9zdmciPjwvc3ZnPg==\" style=\"--smush-placeholder-width: 1000px; --smush-placeholder-aspect-ratio: 1000\/665;\" \/> <img decoding=\"async\" class=\"aligncenter size-full wp-image-1214 lazyload\" data-src=\"https:\/\/tmay.com\/wp-content\/uploads\/2024\/01\/\u8be6\u60c5_003-1.jpeg\" alt=\"\" width=\"747\" height=\"408\" title=\"\" data-srcset=\"https:\/\/tmay.com\/wp-content\/uploads\/2024\/01\/\u8be6\u60c5_003-1.jpeg 747w, https:\/\/tmay.com\/wp-content\/uploads\/2024\/01\/\u8be6\u60c5_003-1-300x164.jpeg 300w, https:\/\/tmay.com\/wp-content\/uploads\/2024\/01\/\u8be6\u60c5_003-1-600x328.jpeg 600w\" data-sizes=\"(max-width: 747px) 100vw, 747px\" src=\"data:image\/svg+xml;base64,PHN2ZyB3aWR0aD0iMSIgaGVpZ2h0PSIxIiB4bWxucz0iaHR0cDovL3d3dy53My5vcmcvMjAwMC9zdmciPjwvc3ZnPg==\" style=\"--smush-placeholder-width: 747px; --smush-placeholder-aspect-ratio: 747\/408;\" \/><img decoding=\"async\" class=\"aligncenter size-full wp-image-137 lazyload\" data-src=\"https:\/\/tmay.com\/wp-content\/uploads\/2023\/11\/\u633a\u7f8e1-\u8be6\u60c5\u9875_13.jpg\" alt=\"home use cryolipolisis 360 cool body sculpt machines fat freezing For Belly Fat Removal with Best Price\" width=\"750\" height=\"1314\" title=\"\" data-srcset=\"https:\/\/tmay.com\/wp-content\/uploads\/2023\/11\/\u633a\u7f8e1-\u8be6\u60c5\u9875_13.jpg 750w, https:\/\/tmay.com\/wp-content\/uploads\/2023\/11\/\u633a\u7f8e1-\u8be6\u60c5\u9875_13-171x300.jpg 171w, https:\/\/tmay.com\/wp-content\/uploads\/2023\/11\/\u633a\u7f8e1-\u8be6\u60c5\u9875_13-584x1024.jpg 584w, https:\/\/tmay.com\/wp-content\/uploads\/2023\/11\/\u633a\u7f8e1-\u8be6\u60c5\u9875_13-600x1051.jpg 600w\" data-sizes=\"(max-width: 750px) 100vw, 750px\" src=\"data:image\/svg+xml;base64,PHN2ZyB3aWR0aD0iMSIgaGVpZ2h0PSIxIiB4bWxucz0iaHR0cDovL3d3dy53My5vcmcvMjAwMC9zdmciPjwvc3ZnPg==\" style=\"--smush-placeholder-width: 750px; --smush-placeholder-aspect-ratio: 750\/1314;\" \/> <img decoding=\"async\" class=\"aligncenter size-full wp-image-138 lazyload\" data-src=\"https:\/\/tmay.com\/wp-content\/uploads\/2023\/11\/\u633a\u7f8e1-\u8be6\u60c5\u9875_14.jpg\" alt=\"\" width=\"750\" height=\"888\" title=\"\" data-srcset=\"https:\/\/tmay.com\/wp-content\/uploads\/2023\/11\/\u633a\u7f8e1-\u8be6\u60c5\u9875_14.jpg 750w, https:\/\/tmay.com\/wp-content\/uploads\/2023\/11\/\u633a\u7f8e1-\u8be6\u60c5\u9875_14-253x300.jpg 253w, https:\/\/tmay.com\/wp-content\/uploads\/2023\/11\/\u633a\u7f8e1-\u8be6\u60c5\u9875_14-600x710.jpg 600w\" data-sizes=\"(max-width: 750px) 100vw, 750px\" src=\"data:image\/svg+xml;base64,PHN2ZyB3aWR0aD0iMSIgaGVpZ2h0PSIxIiB4bWxucz0iaHR0cDovL3d3dy53My5vcmcvMjAwMC9zdmciPjwvc3ZnPg==\" style=\"--smush-placeholder-width: 750px; --smush-placeholder-aspect-ratio: 750\/888;\" \/> <img decoding=\"async\" class=\"aligncenter size-full wp-image-139 lazyload\" data-src=\"https:\/\/tmay.com\/wp-content\/uploads\/2023\/11\/\u633a\u7f8e1-\u8be6\u60c5\u9875_15.jpg\" alt=\"\" width=\"750\" height=\"624\" title=\"\" data-srcset=\"https:\/\/tmay.com\/wp-content\/uploads\/2023\/11\/\u633a\u7f8e1-\u8be6\u60c5\u9875_15.jpg 750w, https:\/\/tmay.com\/wp-content\/uploads\/2023\/11\/\u633a\u7f8e1-\u8be6\u60c5\u9875_15-300x250.jpg 300w, https:\/\/tmay.com\/wp-content\/uploads\/2023\/11\/\u633a\u7f8e1-\u8be6\u60c5\u9875_15-600x499.jpg 600w\" data-sizes=\"(max-width: 750px) 100vw, 750px\" src=\"data:image\/svg+xml;base64,PHN2ZyB3aWR0aD0iMSIgaGVpZ2h0PSIxIiB4bWxucz0iaHR0cDovL3d3dy53My5vcmcvMjAwMC9zdmciPjwvc3ZnPg==\" style=\"--smush-placeholder-width: 750px; --smush-placeholder-aspect-ratio: 750\/624;\" \/> <img decoding=\"async\" class=\"aligncenter size-full wp-image-140 lazyload\" data-src=\"https:\/\/tmay.com\/wp-content\/uploads\/2023\/11\/\u633a\u7f8e1-\u8be6\u60c5\u9875_16.jpg\" alt=\"Cryolipolisis 360\" width=\"750\" height=\"954\" title=\"\" data-srcset=\"https:\/\/tmay.com\/wp-content\/uploads\/2023\/11\/\u633a\u7f8e1-\u8be6\u60c5\u9875_16.jpg 750w, https:\/\/tmay.com\/wp-content\/uploads\/2023\/11\/\u633a\u7f8e1-\u8be6\u60c5\u9875_16-236x300.jpg 236w, https:\/\/tmay.com\/wp-content\/uploads\/2023\/11\/\u633a\u7f8e1-\u8be6\u60c5\u9875_16-600x763.jpg 600w\" data-sizes=\"(max-width: 750px) 100vw, 750px\" src=\"data:image\/svg+xml;base64,PHN2ZyB3aWR0aD0iMSIgaGVpZ2h0PSIxIiB4bWxucz0iaHR0cDovL3d3dy53My5vcmcvMjAwMC9zdmciPjwvc3ZnPg==\" style=\"--smush-placeholder-width: 750px; --smush-placeholder-aspect-ratio: 750\/954;\" \/> <img decoding=\"async\" class=\"aligncenter size-full wp-image-141 lazyload\" data-src=\"https:\/\/tmay.com\/wp-content\/uploads\/2023\/11\/\u633a\u7f8e1-\u8be6\u60c5\u9875_17.jpg\" alt=\"Cryolipolysis Machine\" width=\"750\" height=\"544\" title=\"\" data-srcset=\"https:\/\/tmay.com\/wp-content\/uploads\/2023\/11\/\u633a\u7f8e1-\u8be6\u60c5\u9875_17.jpg 750w, https:\/\/tmay.com\/wp-content\/uploads\/2023\/11\/\u633a\u7f8e1-\u8be6\u60c5\u9875_17-300x218.jpg 300w, https:\/\/tmay.com\/wp-content\/uploads\/2023\/11\/\u633a\u7f8e1-\u8be6\u60c5\u9875_17-600x435.jpg 600w\" data-sizes=\"(max-width: 750px) 100vw, 750px\" src=\"data:image\/svg+xml;base64,PHN2ZyB3aWR0aD0iMSIgaGVpZ2h0PSIxIiB4bWxucz0iaHR0cDovL3d3dy53My5vcmcvMjAwMC9zdmciPjwvc3ZnPg==\" style=\"--smush-placeholder-width: 750px; --smush-placeholder-aspect-ratio: 750\/544;\" \/> <img decoding=\"async\" class=\"aligncenter size-full wp-image-142 lazyload\" data-src=\"https:\/\/tmay.com\/wp-content\/uploads\/2023\/11\/\u633a\u7f8e1-\u8be6\u60c5\u9875_18.jpg\" alt=\"Cool Body Sculpt Machines Fat Freezing\" width=\"750\" height=\"734\" title=\"\" data-srcset=\"https:\/\/tmay.com\/wp-content\/uploads\/2023\/11\/\u633a\u7f8e1-\u8be6\u60c5\u9875_18.jpg 750w, https:\/\/tmay.com\/wp-content\/uploads\/2023\/11\/\u633a\u7f8e1-\u8be6\u60c5\u9875_18-300x294.jpg 300w, https:\/\/tmay.com\/wp-content\/uploads\/2023\/11\/\u633a\u7f8e1-\u8be6\u60c5\u9875_18-600x587.jpg 600w\" data-sizes=\"(max-width: 750px) 100vw, 750px\" src=\"data:image\/svg+xml;base64,PHN2ZyB3aWR0aD0iMSIgaGVpZ2h0PSIxIiB4bWxucz0iaHR0cDovL3d3dy53My5vcmcvMjAwMC9zdmciPjwvc3ZnPg==\" style=\"--smush-placeholder-width: 750px; --smush-placeholder-aspect-ratio: 750\/734;\" \/> <img decoding=\"async\" class=\"aligncenter size-full wp-image-143 lazyload\" data-src=\"https:\/\/tmay.com\/wp-content\/uploads\/2023\/11\/\u633a\u7f8e1-\u8be6\u60c5\u9875_19.jpg\" alt=\"\" width=\"750\" height=\"488\" title=\"\" data-srcset=\"https:\/\/tmay.com\/wp-content\/uploads\/2023\/11\/\u633a\u7f8e1-\u8be6\u60c5\u9875_19.jpg 750w, https:\/\/tmay.com\/wp-content\/uploads\/2023\/11\/\u633a\u7f8e1-\u8be6\u60c5\u9875_19-300x195.jpg 300w, https:\/\/tmay.com\/wp-content\/uploads\/2023\/11\/\u633a\u7f8e1-\u8be6\u60c5\u9875_19-600x390.jpg 600w\" data-sizes=\"(max-width: 750px) 100vw, 750px\" src=\"data:image\/svg+xml;base64,PHN2ZyB3aWR0aD0iMSIgaGVpZ2h0PSIxIiB4bWxucz0iaHR0cDovL3d3dy53My5vcmcvMjAwMC9zdmciPjwvc3ZnPg==\" style=\"--smush-placeholder-width: 750px; --smush-placeholder-aspect-ratio: 750\/488;\" \/> <img decoding=\"async\" class=\"aligncenter size-full wp-image-144 lazyload\" data-src=\"https:\/\/tmay.com\/wp-content\/uploads\/2023\/11\/\u633a\u7f8e1-\u8be6\u60c5\u9875_20.jpg\" alt=\"\" width=\"750\" height=\"540\" title=\"\" data-srcset=\"https:\/\/tmay.com\/wp-content\/uploads\/2023\/11\/\u633a\u7f8e1-\u8be6\u60c5\u9875_20.jpg 750w, https:\/\/tmay.com\/wp-content\/uploads\/2023\/11\/\u633a\u7f8e1-\u8be6\u60c5\u9875_20-300x216.jpg 300w, https:\/\/tmay.com\/wp-content\/uploads\/2023\/11\/\u633a\u7f8e1-\u8be6\u60c5\u9875_20-600x432.jpg 600w\" data-sizes=\"(max-width: 750px) 100vw, 750px\" src=\"data:image\/svg+xml;base64,PHN2ZyB3aWR0aD0iMSIgaGVpZ2h0PSIxIiB4bWxucz0iaHR0cDovL3d3dy53My5vcmcvMjAwMC9zdmciPjwvc3ZnPg==\" style=\"--smush-placeholder-width: 750px; --smush-placeholder-aspect-ratio: 750\/540;\" \/><\/p>","protected":false},"excerpt":{"rendered":"<ol>\n<li>\n<ol>\n<li>\n<ul>\n<li><strong>Picosecond Laser Technology:<\/strong>\n<ul>\n<li>Utilizes picosecond laser pulses for precise and efficient tattoo removal.<\/li>\n<li>Wavelengths include 1320nm, 1064nm, and 532nm for versatile applications.<\/li>\n<\/ul>\n<\/li>\n<li><strong>Tattoo Removal:<\/strong>\n<ul>\n<li>Designed to target and break down tattoo pigments into smaller particles.<\/li>\n<li>Suitable for removing tattoos of different colors and sizes.<\/li>\n<\/ul>\n<\/li>\n<li><strong>Skin Rejuvenation:<\/strong>\n<ul>\n<li>The 1320nm wavelength is often used for skin rejuvenation and the treatment of pigmented lesions.<\/li>\n<li>Promotes collagen production for improved skin texture.<\/li>\n<\/ul>\n<\/li>\n<li><strong>Black Doll Skin Beauty Equipment:<\/strong>\n<ul>\n<li>May include additional features for skin brightening and overall complexion improvement.<\/li>\n<li>Param\u00e8tres personnalisables pour des traitements personnalis\u00e9s.<\/li>\n<\/ul>\n<\/li>\n<\/ul>\n<\/li>\n<\/ol>\n<\/li>\n<\/ol>","protected":false},"featured_media":1218,"comment_status":"open","ping_status":"closed","template":"","meta":{"site-sidebar-layout":"default","site-content-layout":"","ast-site-content-layout":"default","site-content-style":"default","site-sidebar-style":"default","ast-global-header-display":"","ast-banner-title-visibility":"","ast-main-header-display":"","ast-hfb-above-header-display":"","ast-hfb-below-header-display":"","ast-hfb-mobile-header-display":"","site-post-title":"","ast-breadcrumbs-content":"","ast-featured-img":"","footer-sml-layout":"","ast-disable-related-posts":"","theme-transparent-header-meta":"default","adv-header-id-meta":"","stick-header-meta":"","header-above-stick-meta":"","header-main-stick-meta":"","header-below-stick-meta":"","astra-migrate-meta-layouts":"set","ast-page-background-enabled":"default","ast-page-background-meta":{"desktop":{"background-color":"var(--ast-global-color-4)","background-image":"","background-repeat":"repeat","background-position":"center center","background-size":"auto","background-attachment":"scroll","background-type":"","background-media":"","overlay-type":"","overlay-color":"","overlay-opacity":"","overlay-gradient":""},"tablet":{"background-color":"","background-image":"","background-repeat":"repeat","background-position":"center center","background-size":"auto","background-attachment":"scroll","background-type":"","background-media":"","overlay-type":"","overlay-color":"","overlay-opacity":"","overlay-gradient":""},"mobile":{"background-color":"","background-image":"","background-repeat":"repeat","background-position":"center center","background-size":"auto","background-attachment":"scroll","background-type":"","background-media":"","overlay-type":"","overlay-color":"","overlay-opacity":"","overlay-gradient":""}},"ast-content-background-meta":{"desktop":{"background-color":"var(--ast-global-color-5)","background-image":"","background-repeat":"repeat","background-position":"center center","background-size":"auto","background-attachment":"scroll","background-type":"","background-media":"","overlay-type":"","overlay-color":"","overlay-opacity":"","overlay-gradient":""},"tablet":{"background-color":"var(--ast-global-color-5)","background-image":"","background-repeat":"repeat","background-position":"center center","background-size":"auto","background-attachment":"scroll","background-type":"","background-media":"","overlay-type":"","overlay-color":"","overlay-opacity":"","overlay-gradient":""},"mobile":{"background-color":"var(--ast-global-color-5)","background-image":"","background-repeat":"repeat","background-position":"center center","background-size":"auto","background-attachment":"scroll","background-type":"","background-media":"","overlay-type":"","overlay-color":"","overlay-opacity":"","overlay-gradient":""}}},"product_brand":[],"product_cat":[43],"product_tag":[79],"class_list":{"0":"post-1213","1":"product","2":"type-product","3":"status-publish","4":"has-post-thumbnail","6":"product_cat-nd-yag-laser","7":"product_tag-nd-yag-laser","8":"desktop-align-left","9":"tablet-align-left","10":"mobile-align-left","12":"first","13":"instock","14":"shipping-taxable","15":"product-type-simple"},"_links":{"self":[{"href":"https:\/\/tmay.com\/fr\/wp-json\/wp\/v2\/product\/1213","targetHints":{"allow":["GET"]}}],"collection":[{"href":"https:\/\/tmay.com\/fr\/wp-json\/wp\/v2\/product"}],"about":[{"href":"https:\/\/tmay.com\/fr\/wp-json\/wp\/v2\/types\/product"}],"replies":[{"embeddable":true,"href":"https:\/\/tmay.com\/fr\/wp-json\/wp\/v2\/comments?post=1213"}],"version-history":[{"count":2,"href":"https:\/\/tmay.com\/fr\/wp-json\/wp\/v2\/product\/1213\/revisions"}],"predecessor-version":[{"id":1829,"href":"https:\/\/tmay.com\/fr\/wp-json\/wp\/v2\/product\/1213\/revisions\/1829"}],"wp:featuredmedia":[{"embeddable":true,"href":"https:\/\/tmay.com\/fr\/wp-json\/wp\/v2\/media\/1218"}],"wp:attachment":[{"href":"https:\/\/tmay.com\/fr\/wp-json\/wp\/v2\/media?parent=1213"}],"wp:term":[{"taxonomy":"product_brand","embeddable":true,"href":"https:\/\/tmay.com\/fr\/wp-json\/wp\/v2\/product_brand?post=1213"},{"taxonomy":"product_cat","embeddable":true,"href":"https:\/\/tmay.com\/fr\/wp-json\/wp\/v2\/product_cat?post=1213"},{"taxonomy":"product_tag","embeddable":true,"href":"https:\/\/tmay.com\/fr\/wp-json\/wp\/v2\/product_tag?post=1213"}],"curies":[{"name":"wp","href":"https:\/\/api.w.org\/{rel}","templated":true}]}}