{"id":1278,"date":"2024-01-12T14:21:25","date_gmt":"2024-01-12T06:21:25","guid":{"rendered":"https:\/\/tmay.com\/?post_type=product&#038;p=1278"},"modified":"2024-07-24T16:55:30","modified_gmt":"2024-07-24T08:55:30","slug":"new-beauty-equipment-rf-microneedling-machine-fractional-rf-lifting-machine-wrinkle-removal","status":"publish","type":"product","link":"https:\/\/tmay.com\/fr\/produit\/new-beauty-equipment-rf-microneedling-machine-fractional-rf-lifting-machine-wrinkle-removal\/","title":{"rendered":"Nouvel \u00e9quipement de beaut\u00e9 machine de microneedling par radiofr\u00e9quence machine de lifting par radiofr\u00e9quence fractionn\u00e9e machine d'\u00e9limination des rides"},"content":{"rendered":"<p><img fetchpriority=\"high\" decoding=\"async\" class=\"aligncenter size-full wp-image-136\" src=\"https:\/\/tmay.com\/wp-content\/uploads\/2023\/11\/\u633a\u7f8e1-\u8be6\u60c5\u9875_01.jpg\" alt=\"home use cryolipolisis 360 cool body sculpt machines fat freezing For Belly Fat Removal with Best Price\" width=\"750\" height=\"367\" title=\"\" srcset=\"https:\/\/tmay.com\/wp-content\/uploads\/2023\/11\/\u633a\u7f8e1-\u8be6\u60c5\u9875_01.jpg 750w, https:\/\/tmay.com\/wp-content\/uploads\/2023\/11\/\u633a\u7f8e1-\u8be6\u60c5\u9875_01-300x147.jpg 300w, https:\/\/tmay.com\/wp-content\/uploads\/2023\/11\/\u633a\u7f8e1-\u8be6\u60c5\u9875_01-600x294.jpg 600w\" sizes=\"(max-width: 750px) 100vw, 750px\" \/><img decoding=\"async\" class=\"aligncenter size-full wp-image-1286 lazyload\" data-src=\"https:\/\/tmay.com\/wp-content\/uploads\/2024\/01\/\u4e3b\u56fe_001-25.jpeg\" alt=\"\" width=\"900\" height=\"900\" title=\"\" data-srcset=\"https:\/\/tmay.com\/wp-content\/uploads\/2024\/01\/\u4e3b\u56fe_001-25.jpeg 900w, https:\/\/tmay.com\/wp-content\/uploads\/2024\/01\/\u4e3b\u56fe_001-25-300x300.jpeg 300w, https:\/\/tmay.com\/wp-content\/uploads\/2024\/01\/\u4e3b\u56fe_001-25-150x150.jpeg 150w, https:\/\/tmay.com\/wp-content\/uploads\/2024\/01\/\u4e3b\u56fe_001-25-768x768.jpeg 768w, https:\/\/tmay.com\/wp-content\/uploads\/2024\/01\/\u4e3b\u56fe_001-25-144x144.jpeg 144w, https:\/\/tmay.com\/wp-content\/uploads\/2024\/01\/\u4e3b\u56fe_001-25-600x600.jpeg 600w, https:\/\/tmay.com\/wp-content\/uploads\/2024\/01\/\u4e3b\u56fe_001-25-100x100.jpeg 100w\" data-sizes=\"(max-width: 900px) 100vw, 900px\" src=\"data:image\/svg+xml;base64,PHN2ZyB3aWR0aD0iMSIgaGVpZ2h0PSIxIiB4bWxucz0iaHR0cDovL3d3dy53My5vcmcvMjAwMC9zdmciPjwvc3ZnPg==\" style=\"--smush-placeholder-width: 900px; --smush-placeholder-aspect-ratio: 900\/900;\" \/> <img decoding=\"async\" class=\"aligncenter size-full wp-image-1287 lazyload\" data-src=\"https:\/\/tmay.com\/wp-content\/uploads\/2024\/01\/\u4e3b\u56fe_002-3.jpeg\" alt=\"\" width=\"900\" height=\"900\" title=\"\" data-srcset=\"https:\/\/tmay.com\/wp-content\/uploads\/2024\/01\/\u4e3b\u56fe_002-3.jpeg 900w, https:\/\/tmay.com\/wp-content\/uploads\/2024\/01\/\u4e3b\u56fe_002-3-300x300.jpeg 300w, https:\/\/tmay.com\/wp-content\/uploads\/2024\/01\/\u4e3b\u56fe_002-3-150x150.jpeg 150w, https:\/\/tmay.com\/wp-content\/uploads\/2024\/01\/\u4e3b\u56fe_002-3-768x768.jpeg 768w, https:\/\/tmay.com\/wp-content\/uploads\/2024\/01\/\u4e3b\u56fe_002-3-144x144.jpeg 144w, https:\/\/tmay.com\/wp-content\/uploads\/2024\/01\/\u4e3b\u56fe_002-3-600x600.jpeg 600w, https:\/\/tmay.com\/wp-content\/uploads\/2024\/01\/\u4e3b\u56fe_002-3-100x100.jpeg 100w\" data-sizes=\"(max-width: 900px) 100vw, 900px\" src=\"data:image\/svg+xml;base64,PHN2ZyB3aWR0aD0iMSIgaGVpZ2h0PSIxIiB4bWxucz0iaHR0cDovL3d3dy53My5vcmcvMjAwMC9zdmciPjwvc3ZnPg==\" style=\"--smush-placeholder-width: 900px; --smush-placeholder-aspect-ratio: 900\/900;\" \/> <img decoding=\"async\" class=\"aligncenter size-full wp-image-1288 lazyload\" data-src=\"https:\/\/tmay.com\/wp-content\/uploads\/2024\/01\/\u4e3b\u56fe_003-7.jpeg\" alt=\"\" width=\"750\" height=\"750\" title=\"\" data-srcset=\"https:\/\/tmay.com\/wp-content\/uploads\/2024\/01\/\u4e3b\u56fe_003-7.jpeg 750w, https:\/\/tmay.com\/wp-content\/uploads\/2024\/01\/\u4e3b\u56fe_003-7-300x300.jpeg 300w, https:\/\/tmay.com\/wp-content\/uploads\/2024\/01\/\u4e3b\u56fe_003-7-150x150.jpeg 150w, https:\/\/tmay.com\/wp-content\/uploads\/2024\/01\/\u4e3b\u56fe_003-7-144x144.jpeg 144w, https:\/\/tmay.com\/wp-content\/uploads\/2024\/01\/\u4e3b\u56fe_003-7-600x600.jpeg 600w, https:\/\/tmay.com\/wp-content\/uploads\/2024\/01\/\u4e3b\u56fe_003-7-100x100.jpeg 100w\" data-sizes=\"(max-width: 750px) 100vw, 750px\" src=\"data:image\/svg+xml;base64,PHN2ZyB3aWR0aD0iMSIgaGVpZ2h0PSIxIiB4bWxucz0iaHR0cDovL3d3dy53My5vcmcvMjAwMC9zdmciPjwvc3ZnPg==\" style=\"--smush-placeholder-width: 750px; --smush-placeholder-aspect-ratio: 750\/750;\" \/> <img decoding=\"async\" class=\"aligncenter size-full wp-image-1289 lazyload\" data-src=\"https:\/\/tmay.com\/wp-content\/uploads\/2024\/01\/\u4e3b\u56fe_004-6.jpeg\" alt=\"\" width=\"900\" height=\"900\" title=\"\" data-srcset=\"https:\/\/tmay.com\/wp-content\/uploads\/2024\/01\/\u4e3b\u56fe_004-6.jpeg 900w, https:\/\/tmay.com\/wp-content\/uploads\/2024\/01\/\u4e3b\u56fe_004-6-300x300.jpeg 300w, https:\/\/tmay.com\/wp-content\/uploads\/2024\/01\/\u4e3b\u56fe_004-6-150x150.jpeg 150w, https:\/\/tmay.com\/wp-content\/uploads\/2024\/01\/\u4e3b\u56fe_004-6-768x768.jpeg 768w, https:\/\/tmay.com\/wp-content\/uploads\/2024\/01\/\u4e3b\u56fe_004-6-144x144.jpeg 144w, https:\/\/tmay.com\/wp-content\/uploads\/2024\/01\/\u4e3b\u56fe_004-6-600x600.jpeg 600w, https:\/\/tmay.com\/wp-content\/uploads\/2024\/01\/\u4e3b\u56fe_004-6-100x100.jpeg 100w\" data-sizes=\"(max-width: 900px) 100vw, 900px\" src=\"data:image\/svg+xml;base64,PHN2ZyB3aWR0aD0iMSIgaGVpZ2h0PSIxIiB4bWxucz0iaHR0cDovL3d3dy53My5vcmcvMjAwMC9zdmciPjwvc3ZnPg==\" style=\"--smush-placeholder-width: 900px; --smush-placeholder-aspect-ratio: 900\/900;\" \/> <img decoding=\"async\" class=\"aligncenter size-full wp-image-1290 lazyload\" data-src=\"https:\/\/tmay.com\/wp-content\/uploads\/2024\/01\/\u4e3b\u56fe_005-5.jpeg\" alt=\"\" width=\"900\" height=\"900\" title=\"\" data-srcset=\"https:\/\/tmay.com\/wp-content\/uploads\/2024\/01\/\u4e3b\u56fe_005-5.jpeg 900w, https:\/\/tmay.com\/wp-content\/uploads\/2024\/01\/\u4e3b\u56fe_005-5-300x300.jpeg 300w, https:\/\/tmay.com\/wp-content\/uploads\/2024\/01\/\u4e3b\u56fe_005-5-150x150.jpeg 150w, https:\/\/tmay.com\/wp-content\/uploads\/2024\/01\/\u4e3b\u56fe_005-5-768x768.jpeg 768w, https:\/\/tmay.com\/wp-content\/uploads\/2024\/01\/\u4e3b\u56fe_005-5-144x144.jpeg 144w, https:\/\/tmay.com\/wp-content\/uploads\/2024\/01\/\u4e3b\u56fe_005-5-600x600.jpeg 600w, https:\/\/tmay.com\/wp-content\/uploads\/2024\/01\/\u4e3b\u56fe_005-5-100x100.jpeg 100w\" data-sizes=\"(max-width: 900px) 100vw, 900px\" src=\"data:image\/svg+xml;base64,PHN2ZyB3aWR0aD0iMSIgaGVpZ2h0PSIxIiB4bWxucz0iaHR0cDovL3d3dy53My5vcmcvMjAwMC9zdmciPjwvc3ZnPg==\" style=\"--smush-placeholder-width: 900px; --smush-placeholder-aspect-ratio: 900\/900;\" \/> <img decoding=\"async\" class=\"aligncenter size-full wp-image-1291 lazyload\" data-src=\"https:\/\/tmay.com\/wp-content\/uploads\/2024\/01\/\u4e3b\u56fe_006-7.jpeg\" alt=\"\" width=\"750\" height=\"750\" title=\"\" data-srcset=\"https:\/\/tmay.com\/wp-content\/uploads\/2024\/01\/\u4e3b\u56fe_006-7.jpeg 750w, https:\/\/tmay.com\/wp-content\/uploads\/2024\/01\/\u4e3b\u56fe_006-7-300x300.jpeg 300w, https:\/\/tmay.com\/wp-content\/uploads\/2024\/01\/\u4e3b\u56fe_006-7-150x150.jpeg 150w, https:\/\/tmay.com\/wp-content\/uploads\/2024\/01\/\u4e3b\u56fe_006-7-144x144.jpeg 144w, https:\/\/tmay.com\/wp-content\/uploads\/2024\/01\/\u4e3b\u56fe_006-7-600x600.jpeg 600w, https:\/\/tmay.com\/wp-content\/uploads\/2024\/01\/\u4e3b\u56fe_006-7-100x100.jpeg 100w\" data-sizes=\"(max-width: 750px) 100vw, 750px\" src=\"data:image\/svg+xml;base64,PHN2ZyB3aWR0aD0iMSIgaGVpZ2h0PSIxIiB4bWxucz0iaHR0cDovL3d3dy53My5vcmcvMjAwMC9zdmciPjwvc3ZnPg==\" style=\"--smush-placeholder-width: 750px; --smush-placeholder-aspect-ratio: 750\/750;\" \/> <img decoding=\"async\" class=\"aligncenter size-full wp-image-1282 lazyload\" data-src=\"https:\/\/tmay.com\/wp-content\/uploads\/2024\/01\/\u8be6\u60c5_007-2.jpeg\" alt=\"\" width=\"780\" height=\"708\" title=\"\" data-srcset=\"https:\/\/tmay.com\/wp-content\/uploads\/2024\/01\/\u8be6\u60c5_007-2.jpeg 780w, https:\/\/tmay.com\/wp-content\/uploads\/2024\/01\/\u8be6\u60c5_007-2-300x272.jpeg 300w, https:\/\/tmay.com\/wp-content\/uploads\/2024\/01\/\u8be6\u60c5_007-2-768x697.jpeg 768w, https:\/\/tmay.com\/wp-content\/uploads\/2024\/01\/\u8be6\u60c5_007-2-600x545.jpeg 600w\" data-sizes=\"(max-width: 780px) 100vw, 780px\" src=\"data:image\/svg+xml;base64,PHN2ZyB3aWR0aD0iMSIgaGVpZ2h0PSIxIiB4bWxucz0iaHR0cDovL3d3dy53My5vcmcvMjAwMC9zdmciPjwvc3ZnPg==\" style=\"--smush-placeholder-width: 780px; --smush-placeholder-aspect-ratio: 780\/708;\" \/> <img decoding=\"async\" class=\"aligncenter size-full wp-image-1285 lazyload\" data-src=\"https:\/\/tmay.com\/wp-content\/uploads\/2024\/01\/\u8be6\u60c5_010.png\" alt=\"\" width=\"800\" height=\"600\" title=\"\" data-srcset=\"https:\/\/tmay.com\/wp-content\/uploads\/2024\/01\/\u8be6\u60c5_010.png 800w, https:\/\/tmay.com\/wp-content\/uploads\/2024\/01\/\u8be6\u60c5_010-300x225.png 300w, https:\/\/tmay.com\/wp-content\/uploads\/2024\/01\/\u8be6\u60c5_010-768x576.png 768w, https:\/\/tmay.com\/wp-content\/uploads\/2024\/01\/\u8be6\u60c5_010-600x450.png 600w\" data-sizes=\"(max-width: 800px) 100vw, 800px\" src=\"data:image\/svg+xml;base64,PHN2ZyB3aWR0aD0iMSIgaGVpZ2h0PSIxIiB4bWxucz0iaHR0cDovL3d3dy53My5vcmcvMjAwMC9zdmciPjwvc3ZnPg==\" style=\"--smush-placeholder-width: 800px; --smush-placeholder-aspect-ratio: 800\/600;\" \/> <img decoding=\"async\" class=\"aligncenter size-full wp-image-1284 lazyload\" data-src=\"https:\/\/tmay.com\/wp-content\/uploads\/2024\/01\/\u8be6\u60c5_009.png\" alt=\"\" width=\"800\" height=\"600\" title=\"\" data-srcset=\"https:\/\/tmay.com\/wp-content\/uploads\/2024\/01\/\u8be6\u60c5_009.png 800w, https:\/\/tmay.com\/wp-content\/uploads\/2024\/01\/\u8be6\u60c5_009-300x225.png 300w, https:\/\/tmay.com\/wp-content\/uploads\/2024\/01\/\u8be6\u60c5_009-768x576.png 768w, https:\/\/tmay.com\/wp-content\/uploads\/2024\/01\/\u8be6\u60c5_009-600x450.png 600w\" data-sizes=\"(max-width: 800px) 100vw, 800px\" src=\"data:image\/svg+xml;base64,PHN2ZyB3aWR0aD0iMSIgaGVpZ2h0PSIxIiB4bWxucz0iaHR0cDovL3d3dy53My5vcmcvMjAwMC9zdmciPjwvc3ZnPg==\" style=\"--smush-placeholder-width: 800px; --smush-placeholder-aspect-ratio: 800\/600;\" \/> <img decoding=\"async\" class=\"aligncenter size-full wp-image-1283 lazyload\" data-src=\"https:\/\/tmay.com\/wp-content\/uploads\/2024\/01\/\u8be6\u60c5_008.png\" alt=\"\" width=\"800\" height=\"600\" title=\"\" data-srcset=\"https:\/\/tmay.com\/wp-content\/uploads\/2024\/01\/\u8be6\u60c5_008.png 800w, https:\/\/tmay.com\/wp-content\/uploads\/2024\/01\/\u8be6\u60c5_008-300x225.png 300w, https:\/\/tmay.com\/wp-content\/uploads\/2024\/01\/\u8be6\u60c5_008-768x576.png 768w, https:\/\/tmay.com\/wp-content\/uploads\/2024\/01\/\u8be6\u60c5_008-600x450.png 600w\" data-sizes=\"(max-width: 800px) 100vw, 800px\" src=\"data:image\/svg+xml;base64,PHN2ZyB3aWR0aD0iMSIgaGVpZ2h0PSIxIiB4bWxucz0iaHR0cDovL3d3dy53My5vcmcvMjAwMC9zdmciPjwvc3ZnPg==\" style=\"--smush-placeholder-width: 800px; --smush-placeholder-aspect-ratio: 800\/600;\" \/> <img decoding=\"async\" class=\"aligncenter size-full wp-image-1281 lazyload\" data-src=\"https:\/\/tmay.com\/wp-content\/uploads\/2024\/01\/\u8be6\u60c5_006-2.jpeg\" alt=\"\" width=\"780\" height=\"784\" title=\"\" data-srcset=\"https:\/\/tmay.com\/wp-content\/uploads\/2024\/01\/\u8be6\u60c5_006-2.jpeg 780w, https:\/\/tmay.com\/wp-content\/uploads\/2024\/01\/\u8be6\u60c5_006-2-298x300.jpeg 298w, https:\/\/tmay.com\/wp-content\/uploads\/2024\/01\/\u8be6\u60c5_006-2-150x150.jpeg 150w, https:\/\/tmay.com\/wp-content\/uploads\/2024\/01\/\u8be6\u60c5_006-2-768x772.jpeg 768w, https:\/\/tmay.com\/wp-content\/uploads\/2024\/01\/\u8be6\u60c5_006-2-144x144.jpeg 144w, https:\/\/tmay.com\/wp-content\/uploads\/2024\/01\/\u8be6\u60c5_006-2-600x603.jpeg 600w, https:\/\/tmay.com\/wp-content\/uploads\/2024\/01\/\u8be6\u60c5_006-2-100x100.jpeg 100w\" data-sizes=\"(max-width: 780px) 100vw, 780px\" src=\"data:image\/svg+xml;base64,PHN2ZyB3aWR0aD0iMSIgaGVpZ2h0PSIxIiB4bWxucz0iaHR0cDovL3d3dy53My5vcmcvMjAwMC9zdmciPjwvc3ZnPg==\" style=\"--smush-placeholder-width: 780px; --smush-placeholder-aspect-ratio: 780\/784;\" \/> <img decoding=\"async\" class=\"aligncenter size-full wp-image-1280 lazyload\" data-src=\"https:\/\/tmay.com\/wp-content\/uploads\/2024\/01\/\u8be6\u60c5_005-3.jpeg\" alt=\"\" width=\"790\" height=\"825\" title=\"\" data-srcset=\"https:\/\/tmay.com\/wp-content\/uploads\/2024\/01\/\u8be6\u60c5_005-3.jpeg 790w, https:\/\/tmay.com\/wp-content\/uploads\/2024\/01\/\u8be6\u60c5_005-3-287x300.jpeg 287w, https:\/\/tmay.com\/wp-content\/uploads\/2024\/01\/\u8be6\u60c5_005-3-768x802.jpeg 768w, https:\/\/tmay.com\/wp-content\/uploads\/2024\/01\/\u8be6\u60c5_005-3-600x627.jpeg 600w\" data-sizes=\"(max-width: 790px) 100vw, 790px\" src=\"data:image\/svg+xml;base64,PHN2ZyB3aWR0aD0iMSIgaGVpZ2h0PSIxIiB4bWxucz0iaHR0cDovL3d3dy53My5vcmcvMjAwMC9zdmciPjwvc3ZnPg==\" style=\"--smush-placeholder-width: 790px; --smush-placeholder-aspect-ratio: 790\/825;\" \/> <img decoding=\"async\" class=\"aligncenter size-full wp-image-1279 lazyload\" data-src=\"https:\/\/tmay.com\/wp-content\/uploads\/2024\/01\/\u8be6\u60c5_004-3.jpeg\" alt=\"\" width=\"747\" height=\"456\" title=\"\" data-srcset=\"https:\/\/tmay.com\/wp-content\/uploads\/2024\/01\/\u8be6\u60c5_004-3.jpeg 747w, https:\/\/tmay.com\/wp-content\/uploads\/2024\/01\/\u8be6\u60c5_004-3-300x183.jpeg 300w, https:\/\/tmay.com\/wp-content\/uploads\/2024\/01\/\u8be6\u60c5_004-3-600x366.jpeg 600w\" data-sizes=\"(max-width: 747px) 100vw, 747px\" src=\"data:image\/svg+xml;base64,PHN2ZyB3aWR0aD0iMSIgaGVpZ2h0PSIxIiB4bWxucz0iaHR0cDovL3d3dy53My5vcmcvMjAwMC9zdmciPjwvc3ZnPg==\" style=\"--smush-placeholder-width: 747px; --smush-placeholder-aspect-ratio: 747\/456;\" \/><\/p>\n<p><img decoding=\"async\" class=\"aligncenter size-full wp-image-137 lazyload\" data-src=\"https:\/\/tmay.com\/wp-content\/uploads\/2023\/11\/\u633a\u7f8e1-\u8be6\u60c5\u9875_13.jpg\" alt=\"home use cryolipolisis 360 cool body sculpt machines fat freezing For Belly Fat Removal with Best Price\" width=\"750\" height=\"1314\" title=\"\" data-srcset=\"https:\/\/tmay.com\/wp-content\/uploads\/2023\/11\/\u633a\u7f8e1-\u8be6\u60c5\u9875_13.jpg 750w, https:\/\/tmay.com\/wp-content\/uploads\/2023\/11\/\u633a\u7f8e1-\u8be6\u60c5\u9875_13-171x300.jpg 171w, https:\/\/tmay.com\/wp-content\/uploads\/2023\/11\/\u633a\u7f8e1-\u8be6\u60c5\u9875_13-584x1024.jpg 584w, https:\/\/tmay.com\/wp-content\/uploads\/2023\/11\/\u633a\u7f8e1-\u8be6\u60c5\u9875_13-600x1051.jpg 600w\" data-sizes=\"(max-width: 750px) 100vw, 750px\" src=\"data:image\/svg+xml;base64,PHN2ZyB3aWR0aD0iMSIgaGVpZ2h0PSIxIiB4bWxucz0iaHR0cDovL3d3dy53My5vcmcvMjAwMC9zdmciPjwvc3ZnPg==\" style=\"--smush-placeholder-width: 750px; --smush-placeholder-aspect-ratio: 750\/1314;\" \/> <img decoding=\"async\" class=\"aligncenter size-full wp-image-138 lazyload\" data-src=\"https:\/\/tmay.com\/wp-content\/uploads\/2023\/11\/\u633a\u7f8e1-\u8be6\u60c5\u9875_14.jpg\" alt=\"\" width=\"750\" height=\"888\" title=\"\" data-srcset=\"https:\/\/tmay.com\/wp-content\/uploads\/2023\/11\/\u633a\u7f8e1-\u8be6\u60c5\u9875_14.jpg 750w, https:\/\/tmay.com\/wp-content\/uploads\/2023\/11\/\u633a\u7f8e1-\u8be6\u60c5\u9875_14-253x300.jpg 253w, https:\/\/tmay.com\/wp-content\/uploads\/2023\/11\/\u633a\u7f8e1-\u8be6\u60c5\u9875_14-600x710.jpg 600w\" data-sizes=\"(max-width: 750px) 100vw, 750px\" src=\"data:image\/svg+xml;base64,PHN2ZyB3aWR0aD0iMSIgaGVpZ2h0PSIxIiB4bWxucz0iaHR0cDovL3d3dy53My5vcmcvMjAwMC9zdmciPjwvc3ZnPg==\" style=\"--smush-placeholder-width: 750px; --smush-placeholder-aspect-ratio: 750\/888;\" \/> <img decoding=\"async\" class=\"aligncenter size-full wp-image-139 lazyload\" data-src=\"https:\/\/tmay.com\/wp-content\/uploads\/2023\/11\/\u633a\u7f8e1-\u8be6\u60c5\u9875_15.jpg\" alt=\"\" width=\"750\" height=\"624\" title=\"\" data-srcset=\"https:\/\/tmay.com\/wp-content\/uploads\/2023\/11\/\u633a\u7f8e1-\u8be6\u60c5\u9875_15.jpg 750w, https:\/\/tmay.com\/wp-content\/uploads\/2023\/11\/\u633a\u7f8e1-\u8be6\u60c5\u9875_15-300x250.jpg 300w, https:\/\/tmay.com\/wp-content\/uploads\/2023\/11\/\u633a\u7f8e1-\u8be6\u60c5\u9875_15-600x499.jpg 600w\" data-sizes=\"(max-width: 750px) 100vw, 750px\" src=\"data:image\/svg+xml;base64,PHN2ZyB3aWR0aD0iMSIgaGVpZ2h0PSIxIiB4bWxucz0iaHR0cDovL3d3dy53My5vcmcvMjAwMC9zdmciPjwvc3ZnPg==\" style=\"--smush-placeholder-width: 750px; --smush-placeholder-aspect-ratio: 750\/624;\" \/> <img decoding=\"async\" class=\"aligncenter size-full wp-image-140 lazyload\" data-src=\"https:\/\/tmay.com\/wp-content\/uploads\/2023\/11\/\u633a\u7f8e1-\u8be6\u60c5\u9875_16.jpg\" alt=\"Cryolipolisis 360\" width=\"750\" height=\"954\" title=\"\" data-srcset=\"https:\/\/tmay.com\/wp-content\/uploads\/2023\/11\/\u633a\u7f8e1-\u8be6\u60c5\u9875_16.jpg 750w, https:\/\/tmay.com\/wp-content\/uploads\/2023\/11\/\u633a\u7f8e1-\u8be6\u60c5\u9875_16-236x300.jpg 236w, https:\/\/tmay.com\/wp-content\/uploads\/2023\/11\/\u633a\u7f8e1-\u8be6\u60c5\u9875_16-600x763.jpg 600w\" data-sizes=\"(max-width: 750px) 100vw, 750px\" src=\"data:image\/svg+xml;base64,PHN2ZyB3aWR0aD0iMSIgaGVpZ2h0PSIxIiB4bWxucz0iaHR0cDovL3d3dy53My5vcmcvMjAwMC9zdmciPjwvc3ZnPg==\" style=\"--smush-placeholder-width: 750px; --smush-placeholder-aspect-ratio: 750\/954;\" \/> <img decoding=\"async\" class=\"aligncenter size-full wp-image-141 lazyload\" data-src=\"https:\/\/tmay.com\/wp-content\/uploads\/2023\/11\/\u633a\u7f8e1-\u8be6\u60c5\u9875_17.jpg\" alt=\"Cryolipolysis Machine\" width=\"750\" height=\"544\" title=\"\" data-srcset=\"https:\/\/tmay.com\/wp-content\/uploads\/2023\/11\/\u633a\u7f8e1-\u8be6\u60c5\u9875_17.jpg 750w, https:\/\/tmay.com\/wp-content\/uploads\/2023\/11\/\u633a\u7f8e1-\u8be6\u60c5\u9875_17-300x218.jpg 300w, https:\/\/tmay.com\/wp-content\/uploads\/2023\/11\/\u633a\u7f8e1-\u8be6\u60c5\u9875_17-600x435.jpg 600w\" data-sizes=\"(max-width: 750px) 100vw, 750px\" src=\"data:image\/svg+xml;base64,PHN2ZyB3aWR0aD0iMSIgaGVpZ2h0PSIxIiB4bWxucz0iaHR0cDovL3d3dy53My5vcmcvMjAwMC9zdmciPjwvc3ZnPg==\" style=\"--smush-placeholder-width: 750px; --smush-placeholder-aspect-ratio: 750\/544;\" \/> <img decoding=\"async\" class=\"aligncenter size-full wp-image-142 lazyload\" data-src=\"https:\/\/tmay.com\/wp-content\/uploads\/2023\/11\/\u633a\u7f8e1-\u8be6\u60c5\u9875_18.jpg\" alt=\"Cool Body Sculpt Machines Fat Freezing\" width=\"750\" height=\"734\" title=\"\" data-srcset=\"https:\/\/tmay.com\/wp-content\/uploads\/2023\/11\/\u633a\u7f8e1-\u8be6\u60c5\u9875_18.jpg 750w, https:\/\/tmay.com\/wp-content\/uploads\/2023\/11\/\u633a\u7f8e1-\u8be6\u60c5\u9875_18-300x294.jpg 300w, https:\/\/tmay.com\/wp-content\/uploads\/2023\/11\/\u633a\u7f8e1-\u8be6\u60c5\u9875_18-600x587.jpg 600w\" data-sizes=\"(max-width: 750px) 100vw, 750px\" src=\"data:image\/svg+xml;base64,PHN2ZyB3aWR0aD0iMSIgaGVpZ2h0PSIxIiB4bWxucz0iaHR0cDovL3d3dy53My5vcmcvMjAwMC9zdmciPjwvc3ZnPg==\" style=\"--smush-placeholder-width: 750px; --smush-placeholder-aspect-ratio: 750\/734;\" \/> <img decoding=\"async\" class=\"aligncenter size-full wp-image-143 lazyload\" data-src=\"https:\/\/tmay.com\/wp-content\/uploads\/2023\/11\/\u633a\u7f8e1-\u8be6\u60c5\u9875_19.jpg\" alt=\"\" width=\"750\" height=\"488\" title=\"\" data-srcset=\"https:\/\/tmay.com\/wp-content\/uploads\/2023\/11\/\u633a\u7f8e1-\u8be6\u60c5\u9875_19.jpg 750w, https:\/\/tmay.com\/wp-content\/uploads\/2023\/11\/\u633a\u7f8e1-\u8be6\u60c5\u9875_19-300x195.jpg 300w, https:\/\/tmay.com\/wp-content\/uploads\/2023\/11\/\u633a\u7f8e1-\u8be6\u60c5\u9875_19-600x390.jpg 600w\" data-sizes=\"(max-width: 750px) 100vw, 750px\" src=\"data:image\/svg+xml;base64,PHN2ZyB3aWR0aD0iMSIgaGVpZ2h0PSIxIiB4bWxucz0iaHR0cDovL3d3dy53My5vcmcvMjAwMC9zdmciPjwvc3ZnPg==\" style=\"--smush-placeholder-width: 750px; --smush-placeholder-aspect-ratio: 750\/488;\" \/> <img decoding=\"async\" class=\"aligncenter size-full wp-image-144 lazyload\" data-src=\"https:\/\/tmay.com\/wp-content\/uploads\/2023\/11\/\u633a\u7f8e1-\u8be6\u60c5\u9875_20.jpg\" alt=\"\" width=\"750\" height=\"540\" title=\"\" data-srcset=\"https:\/\/tmay.com\/wp-content\/uploads\/2023\/11\/\u633a\u7f8e1-\u8be6\u60c5\u9875_20.jpg 750w, https:\/\/tmay.com\/wp-content\/uploads\/2023\/11\/\u633a\u7f8e1-\u8be6\u60c5\u9875_20-300x216.jpg 300w, https:\/\/tmay.com\/wp-content\/uploads\/2023\/11\/\u633a\u7f8e1-\u8be6\u60c5\u9875_20-600x432.jpg 600w\" data-sizes=\"(max-width: 750px) 100vw, 750px\" src=\"data:image\/svg+xml;base64,PHN2ZyB3aWR0aD0iMSIgaGVpZ2h0PSIxIiB4bWxucz0iaHR0cDovL3d3dy53My5vcmcvMjAwMC9zdmciPjwvc3ZnPg==\" style=\"--smush-placeholder-width: 750px; --smush-placeholder-aspect-ratio: 750\/540;\" \/><\/p>","protected":false},"excerpt":{"rendered":"<ol>\n<li><strong>Technologie de microneedling par radiofr\u00e9quence :<\/strong>\n<ul>\n<li>Utilise l'\u00e9nergie de la radiofr\u00e9quence combin\u00e9e \u00e0 des micro-aiguilles pour un traitement pr\u00e9cis de la peau.<\/li>\n<li>P\u00e9n\u00e8tre la peau \u00e0 diff\u00e9rentes profondeurs pour stimuler la production de collag\u00e8ne.<\/li>\n<\/ul>\n<\/li>\n<li><strong>Lifting par radiofr\u00e9quence fractionn\u00e9e :<\/strong>\n<ul>\n<li>Propose la technologie RF fractionn\u00e9e pour le lifting et le resserrement de la peau.<\/li>\n<li>S'attaque au rel\u00e2chement cutan\u00e9 et am\u00e9liore l'\u00e9lasticit\u00e9 g\u00e9n\u00e9rale de la peau.<\/li>\n<\/ul>\n<\/li>\n<li><strong>\u00c9limination des rides :<\/strong>\n<ul>\n<li>Cible les rides et ridules par la stimulation du collag\u00e8ne et de l'\u00e9lastine.<\/li>\n<li>Favorise un grain de peau plus lisse et plus jeune.<\/li>\n<\/ul>\n<\/li>\n<li><strong>Applications polyvalentes :<\/strong>\n<ul>\n<li>Convient \u00e0 divers probl\u00e8mes de peau, notamment les cicatrices d'acn\u00e9, les pores dilat\u00e9s et les vergetures.<\/li>\n<li>Param\u00e8tres personnalisables pour des traitements personnalis\u00e9s.<\/li>\n<\/ul>\n<\/li>\n<\/ol>","protected":false},"featured_media":1286,"comment_status":"open","ping_status":"closed","template":"","meta":{"site-sidebar-layout":"default","site-content-layout":"","ast-site-content-layout":"default","site-content-style":"default","site-sidebar-style":"default","ast-global-header-display":"","ast-banner-title-visibility":"","ast-main-header-display":"","ast-hfb-above-header-display":"","ast-hfb-below-header-display":"","ast-hfb-mobile-header-display":"","site-post-title":"","ast-breadcrumbs-content":"","ast-featured-img":"","footer-sml-layout":"","ast-disable-related-posts":"","theme-transparent-header-meta":"default","adv-header-id-meta":"","stick-header-meta":"","header-above-stick-meta":"","header-main-stick-meta":"","header-below-stick-meta":"","astra-migrate-meta-layouts":"set","ast-page-background-enabled":"default","ast-page-background-meta":{"desktop":{"background-color":"var(--ast-global-color-4)","background-image":"","background-repeat":"repeat","background-position":"center center","background-size":"auto","background-attachment":"scroll","background-type":"","background-media":"","overlay-type":"","overlay-color":"","overlay-opacity":"","overlay-gradient":""},"tablet":{"background-color":"","background-image":"","background-repeat":"repeat","background-position":"center center","background-size":"auto","background-attachment":"scroll","background-type":"","background-media":"","overlay-type":"","overlay-color":"","overlay-opacity":"","overlay-gradient":""},"mobile":{"background-color":"","background-image":"","background-repeat":"repeat","background-position":"center center","background-size":"auto","background-attachment":"scroll","background-type":"","background-media":"","overlay-type":"","overlay-color":"","overlay-opacity":"","overlay-gradient":""}},"ast-content-background-meta":{"desktop":{"background-color":"var(--ast-global-color-5)","background-image":"","background-repeat":"repeat","background-position":"center center","background-size":"auto","background-attachment":"scroll","background-type":"","background-media":"","overlay-type":"","overlay-color":"","overlay-opacity":"","overlay-gradient":""},"tablet":{"background-color":"var(--ast-global-color-5)","background-image":"","background-repeat":"repeat","background-position":"center center","background-size":"auto","background-attachment":"scroll","background-type":"","background-media":"","overlay-type":"","overlay-color":"","overlay-opacity":"","overlay-gradient":""},"mobile":{"background-color":"var(--ast-global-color-5)","background-image":"","background-repeat":"repeat","background-position":"center center","background-size":"auto","background-attachment":"scroll","background-type":"","background-media":"","overlay-type":"","overlay-color":"","overlay-opacity":"","overlay-gradient":""}}},"product_brand":[],"product_cat":[19],"product_tag":[85],"class_list":{"0":"post-1278","1":"product","2":"type-product","3":"status-publish","4":"has-post-thumbnail","6":"product_cat-hot-sale","7":"product_tag-new-machine","8":"desktop-align-left","9":"tablet-align-left","10":"mobile-align-left","12":"first","13":"instock","14":"shipping-taxable","15":"product-type-simple"},"_links":{"self":[{"href":"https:\/\/tmay.com\/fr\/wp-json\/wp\/v2\/product\/1278","targetHints":{"allow":["GET"]}}],"collection":[{"href":"https:\/\/tmay.com\/fr\/wp-json\/wp\/v2\/product"}],"about":[{"href":"https:\/\/tmay.com\/fr\/wp-json\/wp\/v2\/types\/product"}],"replies":[{"embeddable":true,"href":"https:\/\/tmay.com\/fr\/wp-json\/wp\/v2\/comments?post=1278"}],"version-history":[{"count":1,"href":"https:\/\/tmay.com\/fr\/wp-json\/wp\/v2\/product\/1278\/revisions"}],"predecessor-version":[{"id":1292,"href":"https:\/\/tmay.com\/fr\/wp-json\/wp\/v2\/product\/1278\/revisions\/1292"}],"wp:featuredmedia":[{"embeddable":true,"href":"https:\/\/tmay.com\/fr\/wp-json\/wp\/v2\/media\/1286"}],"wp:attachment":[{"href":"https:\/\/tmay.com\/fr\/wp-json\/wp\/v2\/media?parent=1278"}],"wp:term":[{"taxonomy":"product_brand","embeddable":true,"href":"https:\/\/tmay.com\/fr\/wp-json\/wp\/v2\/product_brand?post=1278"},{"taxonomy":"product_cat","embeddable":true,"href":"https:\/\/tmay.com\/fr\/wp-json\/wp\/v2\/product_cat?post=1278"},{"taxonomy":"product_tag","embeddable":true,"href":"https:\/\/tmay.com\/fr\/wp-json\/wp\/v2\/product_tag?post=1278"}],"curies":[{"name":"wp","href":"https:\/\/api.w.org\/{rel}","templated":true}]}}