{"id":1529,"date":"2024-01-16T15:25:18","date_gmt":"2024-01-16T07:25:18","guid":{"rendered":"https:\/\/tmay.com\/?post_type=product&#038;p=1529"},"modified":"2024-03-07T16:38:51","modified_gmt":"2024-03-07T08:38:51","slug":"popular-slimming-machine-three-handles-to-choose-weight-lost-cryolipolysis-slimming-equipment","status":"publish","type":"product","link":"https:\/\/tmay.com\/fr\/produit\/popular-slimming-machine-three-handles-to-choose-weight-lost-cryolipolysis-slimming-equipment\/","title":{"rendered":"Appareil d'amincissement populaire !! trois poign\u00e9es \u00e0 choisir perte de poids \u00e9quipement d'amincissement cryolipolyse"},"content":{"rendered":"<p><img fetchpriority=\"high\" decoding=\"async\" class=\"aligncenter size-full wp-image-136\" src=\"https:\/\/tmay.com\/wp-content\/uploads\/2023\/11\/\u633a\u7f8e1-\u8be6\u60c5\u9875_01.jpg\" alt=\"home use cryolipolisis 360 cool body sculpt machines fat freezing For Belly Fat Removal with Best Price\" width=\"750\" height=\"367\" title=\"\" srcset=\"https:\/\/tmay.com\/wp-content\/uploads\/2023\/11\/\u633a\u7f8e1-\u8be6\u60c5\u9875_01.jpg 750w, https:\/\/tmay.com\/wp-content\/uploads\/2023\/11\/\u633a\u7f8e1-\u8be6\u60c5\u9875_01-300x147.jpg 300w, https:\/\/tmay.com\/wp-content\/uploads\/2023\/11\/\u633a\u7f8e1-\u8be6\u60c5\u9875_01-600x294.jpg 600w\" sizes=\"(max-width: 750px) 100vw, 750px\" \/><img decoding=\"async\" class=\"aligncenter size-full wp-image-1539 lazyload\" data-src=\"https:\/\/tmay.com\/wp-content\/uploads\/2024\/01\/\u4e3b\u56fe_001-29.jpeg\" alt=\"\" width=\"800\" height=\"800\" title=\"\" data-srcset=\"https:\/\/tmay.com\/wp-content\/uploads\/2024\/01\/\u4e3b\u56fe_001-29.jpeg 800w, https:\/\/tmay.com\/wp-content\/uploads\/2024\/01\/\u4e3b\u56fe_001-29-300x300.jpeg 300w, https:\/\/tmay.com\/wp-content\/uploads\/2024\/01\/\u4e3b\u56fe_001-29-150x150.jpeg 150w, https:\/\/tmay.com\/wp-content\/uploads\/2024\/01\/\u4e3b\u56fe_001-29-768x768.jpeg 768w, https:\/\/tmay.com\/wp-content\/uploads\/2024\/01\/\u4e3b\u56fe_001-29-144x144.jpeg 144w, https:\/\/tmay.com\/wp-content\/uploads\/2024\/01\/\u4e3b\u56fe_001-29-600x600.jpeg 600w, https:\/\/tmay.com\/wp-content\/uploads\/2024\/01\/\u4e3b\u56fe_001-29-100x100.jpeg 100w\" data-sizes=\"(max-width: 800px) 100vw, 800px\" src=\"data:image\/svg+xml;base64,PHN2ZyB3aWR0aD0iMSIgaGVpZ2h0PSIxIiB4bWxucz0iaHR0cDovL3d3dy53My5vcmcvMjAwMC9zdmciPjwvc3ZnPg==\" style=\"--smush-placeholder-width: 800px; --smush-placeholder-aspect-ratio: 800\/800;\" \/> <img decoding=\"async\" class=\"aligncenter size-full wp-image-1540 lazyload\" data-src=\"https:\/\/tmay.com\/wp-content\/uploads\/2024\/01\/\u4e3b\u56fe_003-12.jpeg\" alt=\"\" width=\"800\" height=\"800\" title=\"\" data-srcset=\"https:\/\/tmay.com\/wp-content\/uploads\/2024\/01\/\u4e3b\u56fe_003-12.jpeg 800w, https:\/\/tmay.com\/wp-content\/uploads\/2024\/01\/\u4e3b\u56fe_003-12-300x300.jpeg 300w, https:\/\/tmay.com\/wp-content\/uploads\/2024\/01\/\u4e3b\u56fe_003-12-150x150.jpeg 150w, https:\/\/tmay.com\/wp-content\/uploads\/2024\/01\/\u4e3b\u56fe_003-12-768x768.jpeg 768w, https:\/\/tmay.com\/wp-content\/uploads\/2024\/01\/\u4e3b\u56fe_003-12-144x144.jpeg 144w, https:\/\/tmay.com\/wp-content\/uploads\/2024\/01\/\u4e3b\u56fe_003-12-600x600.jpeg 600w, https:\/\/tmay.com\/wp-content\/uploads\/2024\/01\/\u4e3b\u56fe_003-12-100x100.jpeg 100w\" data-sizes=\"(max-width: 800px) 100vw, 800px\" src=\"data:image\/svg+xml;base64,PHN2ZyB3aWR0aD0iMSIgaGVpZ2h0PSIxIiB4bWxucz0iaHR0cDovL3d3dy53My5vcmcvMjAwMC9zdmciPjwvc3ZnPg==\" style=\"--smush-placeholder-width: 800px; --smush-placeholder-aspect-ratio: 800\/800;\" \/> <img decoding=\"async\" class=\"aligncenter size-full wp-image-1541 lazyload\" data-src=\"https:\/\/tmay.com\/wp-content\/uploads\/2024\/01\/\u4e3b\u56fe_004-12.jpeg\" alt=\"\" width=\"600\" height=\"800\" title=\"\" data-srcset=\"https:\/\/tmay.com\/wp-content\/uploads\/2024\/01\/\u4e3b\u56fe_004-12.jpeg 600w, https:\/\/tmay.com\/wp-content\/uploads\/2024\/01\/\u4e3b\u56fe_004-12-225x300.jpeg 225w\" data-sizes=\"(max-width: 600px) 100vw, 600px\" src=\"data:image\/svg+xml;base64,PHN2ZyB3aWR0aD0iMSIgaGVpZ2h0PSIxIiB4bWxucz0iaHR0cDovL3d3dy53My5vcmcvMjAwMC9zdmciPjwvc3ZnPg==\" style=\"--smush-placeholder-width: 600px; --smush-placeholder-aspect-ratio: 600\/800;\" \/> <img decoding=\"async\" class=\"aligncenter size-full wp-image-1542 lazyload\" data-src=\"https:\/\/tmay.com\/wp-content\/uploads\/2024\/01\/\u4e3b\u56fe_005-10.jpeg\" alt=\"\" width=\"600\" height=\"800\" title=\"\" data-srcset=\"https:\/\/tmay.com\/wp-content\/uploads\/2024\/01\/\u4e3b\u56fe_005-10.jpeg 600w, https:\/\/tmay.com\/wp-content\/uploads\/2024\/01\/\u4e3b\u56fe_005-10-225x300.jpeg 225w\" data-sizes=\"(max-width: 600px) 100vw, 600px\" src=\"data:image\/svg+xml;base64,PHN2ZyB3aWR0aD0iMSIgaGVpZ2h0PSIxIiB4bWxucz0iaHR0cDovL3d3dy53My5vcmcvMjAwMC9zdmciPjwvc3ZnPg==\" style=\"--smush-placeholder-width: 600px; --smush-placeholder-aspect-ratio: 600\/800;\" \/> <img decoding=\"async\" class=\"aligncenter size-full wp-image-1543 lazyload\" data-src=\"https:\/\/tmay.com\/wp-content\/uploads\/2024\/01\/\u4e3b\u56fe_006-11.jpeg\" alt=\"\" width=\"750\" height=\"1000\" title=\"\" data-srcset=\"https:\/\/tmay.com\/wp-content\/uploads\/2024\/01\/\u4e3b\u56fe_006-11.jpeg 750w, https:\/\/tmay.com\/wp-content\/uploads\/2024\/01\/\u4e3b\u56fe_006-11-225x300.jpeg 225w, https:\/\/tmay.com\/wp-content\/uploads\/2024\/01\/\u4e3b\u56fe_006-11-600x800.jpeg 600w\" data-sizes=\"(max-width: 750px) 100vw, 750px\" src=\"data:image\/svg+xml;base64,PHN2ZyB3aWR0aD0iMSIgaGVpZ2h0PSIxIiB4bWxucz0iaHR0cDovL3d3dy53My5vcmcvMjAwMC9zdmciPjwvc3ZnPg==\" style=\"--smush-placeholder-width: 750px; --smush-placeholder-aspect-ratio: 750\/1000;\" \/> <img decoding=\"async\" class=\"aligncenter size-full wp-image-1544 lazyload\" data-src=\"https:\/\/tmay.com\/wp-content\/uploads\/2024\/01\/\u4e3b\u56fe_007-1.png\" alt=\"\" width=\"600\" height=\"598\" title=\"\" data-srcset=\"https:\/\/tmay.com\/wp-content\/uploads\/2024\/01\/\u4e3b\u56fe_007-1.png 600w, https:\/\/tmay.com\/wp-content\/uploads\/2024\/01\/\u4e3b\u56fe_007-1-300x300.png 300w, https:\/\/tmay.com\/wp-content\/uploads\/2024\/01\/\u4e3b\u56fe_007-1-150x150.png 150w, https:\/\/tmay.com\/wp-content\/uploads\/2024\/01\/\u4e3b\u56fe_007-1-144x144.png 144w, https:\/\/tmay.com\/wp-content\/uploads\/2024\/01\/\u4e3b\u56fe_007-1-100x100.png 100w\" data-sizes=\"(max-width: 600px) 100vw, 600px\" src=\"data:image\/svg+xml;base64,PHN2ZyB3aWR0aD0iMSIgaGVpZ2h0PSIxIiB4bWxucz0iaHR0cDovL3d3dy53My5vcmcvMjAwMC9zdmciPjwvc3ZnPg==\" style=\"--smush-placeholder-width: 600px; --smush-placeholder-aspect-ratio: 600\/598;\" \/> <img decoding=\"async\" class=\"aligncenter size-full wp-image-1535 lazyload\" data-src=\"https:\/\/tmay.com\/wp-content\/uploads\/2024\/01\/\u8be6\u60c5_007-6-scaled.jpeg\" alt=\"\" width=\"1920\" height=\"2560\" title=\"\" data-srcset=\"https:\/\/tmay.com\/wp-content\/uploads\/2024\/01\/\u8be6\u60c5_007-6-scaled.jpeg 1920w, https:\/\/tmay.com\/wp-content\/uploads\/2024\/01\/\u8be6\u60c5_007-6-225x300.jpeg 225w, https:\/\/tmay.com\/wp-content\/uploads\/2024\/01\/\u8be6\u60c5_007-6-768x1024.jpeg 768w, https:\/\/tmay.com\/wp-content\/uploads\/2024\/01\/\u8be6\u60c5_007-6-1152x1536.jpeg 1152w, https:\/\/tmay.com\/wp-content\/uploads\/2024\/01\/\u8be6\u60c5_007-6-1536x2048.jpeg 1536w, https:\/\/tmay.com\/wp-content\/uploads\/2024\/01\/\u8be6\u60c5_007-6-1320x1760.jpeg 1320w, https:\/\/tmay.com\/wp-content\/uploads\/2024\/01\/\u8be6\u60c5_007-6-600x800.jpeg 600w\" data-sizes=\"(max-width: 1920px) 100vw, 1920px\" src=\"data:image\/svg+xml;base64,PHN2ZyB3aWR0aD0iMSIgaGVpZ2h0PSIxIiB4bWxucz0iaHR0cDovL3d3dy53My5vcmcvMjAwMC9zdmciPjwvc3ZnPg==\" style=\"--smush-placeholder-width: 1920px; --smush-placeholder-aspect-ratio: 1920\/2560;\" \/> <img decoding=\"async\" class=\"aligncenter size-full wp-image-1538 lazyload\" data-src=\"https:\/\/tmay.com\/wp-content\/uploads\/2024\/01\/\u8be6\u60c5_010-1.png\" alt=\"\" width=\"750\" height=\"563\" title=\"\" data-srcset=\"https:\/\/tmay.com\/wp-content\/uploads\/2024\/01\/\u8be6\u60c5_010-1.png 750w, https:\/\/tmay.com\/wp-content\/uploads\/2024\/01\/\u8be6\u60c5_010-1-300x225.png 300w, https:\/\/tmay.com\/wp-content\/uploads\/2024\/01\/\u8be6\u60c5_010-1-600x450.png 600w\" data-sizes=\"(max-width: 750px) 100vw, 750px\" src=\"data:image\/svg+xml;base64,PHN2ZyB3aWR0aD0iMSIgaGVpZ2h0PSIxIiB4bWxucz0iaHR0cDovL3d3dy53My5vcmcvMjAwMC9zdmciPjwvc3ZnPg==\" style=\"--smush-placeholder-width: 750px; --smush-placeholder-aspect-ratio: 750\/563;\" \/> <img decoding=\"async\" class=\"aligncenter size-full wp-image-1537 lazyload\" data-src=\"https:\/\/tmay.com\/wp-content\/uploads\/2024\/01\/\u8be6\u60c5_009-2-scaled.jpeg\" alt=\"\" width=\"1920\" height=\"2560\" title=\"\" data-srcset=\"https:\/\/tmay.com\/wp-content\/uploads\/2024\/01\/\u8be6\u60c5_009-2-scaled.jpeg 1920w, https:\/\/tmay.com\/wp-content\/uploads\/2024\/01\/\u8be6\u60c5_009-2-225x300.jpeg 225w, https:\/\/tmay.com\/wp-content\/uploads\/2024\/01\/\u8be6\u60c5_009-2-768x1024.jpeg 768w, https:\/\/tmay.com\/wp-content\/uploads\/2024\/01\/\u8be6\u60c5_009-2-1152x1536.jpeg 1152w, https:\/\/tmay.com\/wp-content\/uploads\/2024\/01\/\u8be6\u60c5_009-2-1536x2048.jpeg 1536w, https:\/\/tmay.com\/wp-content\/uploads\/2024\/01\/\u8be6\u60c5_009-2-1320x1760.jpeg 1320w, https:\/\/tmay.com\/wp-content\/uploads\/2024\/01\/\u8be6\u60c5_009-2-600x800.jpeg 600w\" data-sizes=\"(max-width: 1920px) 100vw, 1920px\" src=\"data:image\/svg+xml;base64,PHN2ZyB3aWR0aD0iMSIgaGVpZ2h0PSIxIiB4bWxucz0iaHR0cDovL3d3dy53My5vcmcvMjAwMC9zdmciPjwvc3ZnPg==\" style=\"--smush-placeholder-width: 1920px; --smush-placeholder-aspect-ratio: 1920\/2560;\" \/> <img decoding=\"async\" class=\"aligncenter size-full wp-image-1536 lazyload\" data-src=\"https:\/\/tmay.com\/wp-content\/uploads\/2024\/01\/\u8be6\u60c5_008-4-scaled.jpeg\" alt=\"\" width=\"1920\" height=\"2560\" title=\"\" data-srcset=\"https:\/\/tmay.com\/wp-content\/uploads\/2024\/01\/\u8be6\u60c5_008-4-scaled.jpeg 1920w, https:\/\/tmay.com\/wp-content\/uploads\/2024\/01\/\u8be6\u60c5_008-4-225x300.jpeg 225w, https:\/\/tmay.com\/wp-content\/uploads\/2024\/01\/\u8be6\u60c5_008-4-768x1024.jpeg 768w, https:\/\/tmay.com\/wp-content\/uploads\/2024\/01\/\u8be6\u60c5_008-4-1152x1536.jpeg 1152w, https:\/\/tmay.com\/wp-content\/uploads\/2024\/01\/\u8be6\u60c5_008-4-1536x2048.jpeg 1536w, https:\/\/tmay.com\/wp-content\/uploads\/2024\/01\/\u8be6\u60c5_008-4-1320x1760.jpeg 1320w, https:\/\/tmay.com\/wp-content\/uploads\/2024\/01\/\u8be6\u60c5_008-4-600x800.jpeg 600w\" data-sizes=\"(max-width: 1920px) 100vw, 1920px\" src=\"data:image\/svg+xml;base64,PHN2ZyB3aWR0aD0iMSIgaGVpZ2h0PSIxIiB4bWxucz0iaHR0cDovL3d3dy53My5vcmcvMjAwMC9zdmciPjwvc3ZnPg==\" style=\"--smush-placeholder-width: 1920px; --smush-placeholder-aspect-ratio: 1920\/2560;\" \/> <img decoding=\"async\" class=\"aligncenter size-full wp-image-1531 lazyload\" data-src=\"https:\/\/tmay.com\/wp-content\/uploads\/2024\/01\/\u8be6\u60c5_003-6.jpeg\" alt=\"\" width=\"750\" height=\"956\" title=\"\" data-srcset=\"https:\/\/tmay.com\/wp-content\/uploads\/2024\/01\/\u8be6\u60c5_003-6.jpeg 750w, https:\/\/tmay.com\/wp-content\/uploads\/2024\/01\/\u8be6\u60c5_003-6-235x300.jpeg 235w, https:\/\/tmay.com\/wp-content\/uploads\/2024\/01\/\u8be6\u60c5_003-6-600x765.jpeg 600w\" data-sizes=\"(max-width: 750px) 100vw, 750px\" src=\"data:image\/svg+xml;base64,PHN2ZyB3aWR0aD0iMSIgaGVpZ2h0PSIxIiB4bWxucz0iaHR0cDovL3d3dy53My5vcmcvMjAwMC9zdmciPjwvc3ZnPg==\" style=\"--smush-placeholder-width: 750px; --smush-placeholder-aspect-ratio: 750\/956;\" \/> <img decoding=\"async\" class=\"aligncenter size-full wp-image-1532 lazyload\" data-src=\"https:\/\/tmay.com\/wp-content\/uploads\/2024\/01\/\u8be6\u60c5_004-6.jpeg\" alt=\"\" width=\"750\" height=\"584\" title=\"\" data-srcset=\"https:\/\/tmay.com\/wp-content\/uploads\/2024\/01\/\u8be6\u60c5_004-6.jpeg 750w, https:\/\/tmay.com\/wp-content\/uploads\/2024\/01\/\u8be6\u60c5_004-6-300x234.jpeg 300w, https:\/\/tmay.com\/wp-content\/uploads\/2024\/01\/\u8be6\u60c5_004-6-600x467.jpeg 600w\" data-sizes=\"(max-width: 750px) 100vw, 750px\" src=\"data:image\/svg+xml;base64,PHN2ZyB3aWR0aD0iMSIgaGVpZ2h0PSIxIiB4bWxucz0iaHR0cDovL3d3dy53My5vcmcvMjAwMC9zdmciPjwvc3ZnPg==\" style=\"--smush-placeholder-width: 750px; --smush-placeholder-aspect-ratio: 750\/584;\" \/> <img decoding=\"async\" class=\"aligncenter size-full wp-image-1533 lazyload\" data-src=\"https:\/\/tmay.com\/wp-content\/uploads\/2024\/01\/\u8be6\u60c5_005-6.jpeg\" alt=\"\" width=\"800\" height=\"600\" title=\"\" data-srcset=\"https:\/\/tmay.com\/wp-content\/uploads\/2024\/01\/\u8be6\u60c5_005-6.jpeg 800w, https:\/\/tmay.com\/wp-content\/uploads\/2024\/01\/\u8be6\u60c5_005-6-300x225.jpeg 300w, https:\/\/tmay.com\/wp-content\/uploads\/2024\/01\/\u8be6\u60c5_005-6-768x576.jpeg 768w, https:\/\/tmay.com\/wp-content\/uploads\/2024\/01\/\u8be6\u60c5_005-6-600x450.jpeg 600w\" data-sizes=\"(max-width: 800px) 100vw, 800px\" src=\"data:image\/svg+xml;base64,PHN2ZyB3aWR0aD0iMSIgaGVpZ2h0PSIxIiB4bWxucz0iaHR0cDovL3d3dy53My5vcmcvMjAwMC9zdmciPjwvc3ZnPg==\" style=\"--smush-placeholder-width: 800px; --smush-placeholder-aspect-ratio: 800\/600;\" \/> <img decoding=\"async\" class=\"aligncenter size-full wp-image-1534 lazyload\" data-src=\"https:\/\/tmay.com\/wp-content\/uploads\/2024\/01\/\u8be6\u60c5_006-4.jpeg\" alt=\"\" width=\"800\" height=\"600\" title=\"\" data-srcset=\"https:\/\/tmay.com\/wp-content\/uploads\/2024\/01\/\u8be6\u60c5_006-4.jpeg 800w, https:\/\/tmay.com\/wp-content\/uploads\/2024\/01\/\u8be6\u60c5_006-4-300x225.jpeg 300w, https:\/\/tmay.com\/wp-content\/uploads\/2024\/01\/\u8be6\u60c5_006-4-768x576.jpeg 768w, https:\/\/tmay.com\/wp-content\/uploads\/2024\/01\/\u8be6\u60c5_006-4-600x450.jpeg 600w\" data-sizes=\"(max-width: 800px) 100vw, 800px\" src=\"data:image\/svg+xml;base64,PHN2ZyB3aWR0aD0iMSIgaGVpZ2h0PSIxIiB4bWxucz0iaHR0cDovL3d3dy53My5vcmcvMjAwMC9zdmciPjwvc3ZnPg==\" style=\"--smush-placeholder-width: 800px; --smush-placeholder-aspect-ratio: 800\/600;\" \/><\/p>\n<p><img decoding=\"async\" class=\"aligncenter size-full wp-image-137 lazyload\" data-src=\"https:\/\/tmay.com\/wp-content\/uploads\/2023\/11\/\u633a\u7f8e1-\u8be6\u60c5\u9875_13.jpg\" alt=\"home use cryolipolisis 360 cool body sculpt machines fat freezing For Belly Fat Removal with Best Price\" width=\"750\" height=\"1314\" title=\"\" data-srcset=\"https:\/\/tmay.com\/wp-content\/uploads\/2023\/11\/\u633a\u7f8e1-\u8be6\u60c5\u9875_13.jpg 750w, https:\/\/tmay.com\/wp-content\/uploads\/2023\/11\/\u633a\u7f8e1-\u8be6\u60c5\u9875_13-171x300.jpg 171w, https:\/\/tmay.com\/wp-content\/uploads\/2023\/11\/\u633a\u7f8e1-\u8be6\u60c5\u9875_13-584x1024.jpg 584w, https:\/\/tmay.com\/wp-content\/uploads\/2023\/11\/\u633a\u7f8e1-\u8be6\u60c5\u9875_13-600x1051.jpg 600w\" data-sizes=\"(max-width: 750px) 100vw, 750px\" src=\"data:image\/svg+xml;base64,PHN2ZyB3aWR0aD0iMSIgaGVpZ2h0PSIxIiB4bWxucz0iaHR0cDovL3d3dy53My5vcmcvMjAwMC9zdmciPjwvc3ZnPg==\" style=\"--smush-placeholder-width: 750px; --smush-placeholder-aspect-ratio: 750\/1314;\" \/> <img decoding=\"async\" class=\"aligncenter size-full wp-image-138 lazyload\" data-src=\"https:\/\/tmay.com\/wp-content\/uploads\/2023\/11\/\u633a\u7f8e1-\u8be6\u60c5\u9875_14.jpg\" alt=\"\" width=\"750\" height=\"888\" title=\"\" data-srcset=\"https:\/\/tmay.com\/wp-content\/uploads\/2023\/11\/\u633a\u7f8e1-\u8be6\u60c5\u9875_14.jpg 750w, https:\/\/tmay.com\/wp-content\/uploads\/2023\/11\/\u633a\u7f8e1-\u8be6\u60c5\u9875_14-253x300.jpg 253w, https:\/\/tmay.com\/wp-content\/uploads\/2023\/11\/\u633a\u7f8e1-\u8be6\u60c5\u9875_14-600x710.jpg 600w\" data-sizes=\"(max-width: 750px) 100vw, 750px\" src=\"data:image\/svg+xml;base64,PHN2ZyB3aWR0aD0iMSIgaGVpZ2h0PSIxIiB4bWxucz0iaHR0cDovL3d3dy53My5vcmcvMjAwMC9zdmciPjwvc3ZnPg==\" style=\"--smush-placeholder-width: 750px; --smush-placeholder-aspect-ratio: 750\/888;\" \/> <img decoding=\"async\" class=\"aligncenter size-full wp-image-139 lazyload\" data-src=\"https:\/\/tmay.com\/wp-content\/uploads\/2023\/11\/\u633a\u7f8e1-\u8be6\u60c5\u9875_15.jpg\" alt=\"\" width=\"750\" height=\"624\" title=\"\" data-srcset=\"https:\/\/tmay.com\/wp-content\/uploads\/2023\/11\/\u633a\u7f8e1-\u8be6\u60c5\u9875_15.jpg 750w, https:\/\/tmay.com\/wp-content\/uploads\/2023\/11\/\u633a\u7f8e1-\u8be6\u60c5\u9875_15-300x250.jpg 300w, https:\/\/tmay.com\/wp-content\/uploads\/2023\/11\/\u633a\u7f8e1-\u8be6\u60c5\u9875_15-600x499.jpg 600w\" data-sizes=\"(max-width: 750px) 100vw, 750px\" src=\"data:image\/svg+xml;base64,PHN2ZyB3aWR0aD0iMSIgaGVpZ2h0PSIxIiB4bWxucz0iaHR0cDovL3d3dy53My5vcmcvMjAwMC9zdmciPjwvc3ZnPg==\" style=\"--smush-placeholder-width: 750px; --smush-placeholder-aspect-ratio: 750\/624;\" \/> <img decoding=\"async\" class=\"aligncenter size-full wp-image-140 lazyload\" data-src=\"https:\/\/tmay.com\/wp-content\/uploads\/2023\/11\/\u633a\u7f8e1-\u8be6\u60c5\u9875_16.jpg\" alt=\"Cryolipolisis 360\" width=\"750\" height=\"954\" title=\"\" data-srcset=\"https:\/\/tmay.com\/wp-content\/uploads\/2023\/11\/\u633a\u7f8e1-\u8be6\u60c5\u9875_16.jpg 750w, https:\/\/tmay.com\/wp-content\/uploads\/2023\/11\/\u633a\u7f8e1-\u8be6\u60c5\u9875_16-236x300.jpg 236w, https:\/\/tmay.com\/wp-content\/uploads\/2023\/11\/\u633a\u7f8e1-\u8be6\u60c5\u9875_16-600x763.jpg 600w\" data-sizes=\"(max-width: 750px) 100vw, 750px\" src=\"data:image\/svg+xml;base64,PHN2ZyB3aWR0aD0iMSIgaGVpZ2h0PSIxIiB4bWxucz0iaHR0cDovL3d3dy53My5vcmcvMjAwMC9zdmciPjwvc3ZnPg==\" style=\"--smush-placeholder-width: 750px; --smush-placeholder-aspect-ratio: 750\/954;\" \/> <img decoding=\"async\" class=\"aligncenter size-full wp-image-141 lazyload\" data-src=\"https:\/\/tmay.com\/wp-content\/uploads\/2023\/11\/\u633a\u7f8e1-\u8be6\u60c5\u9875_17.jpg\" alt=\"Cryolipolysis Machine\" width=\"750\" height=\"544\" title=\"\" data-srcset=\"https:\/\/tmay.com\/wp-content\/uploads\/2023\/11\/\u633a\u7f8e1-\u8be6\u60c5\u9875_17.jpg 750w, https:\/\/tmay.com\/wp-content\/uploads\/2023\/11\/\u633a\u7f8e1-\u8be6\u60c5\u9875_17-300x218.jpg 300w, https:\/\/tmay.com\/wp-content\/uploads\/2023\/11\/\u633a\u7f8e1-\u8be6\u60c5\u9875_17-600x435.jpg 600w\" data-sizes=\"(max-width: 750px) 100vw, 750px\" src=\"data:image\/svg+xml;base64,PHN2ZyB3aWR0aD0iMSIgaGVpZ2h0PSIxIiB4bWxucz0iaHR0cDovL3d3dy53My5vcmcvMjAwMC9zdmciPjwvc3ZnPg==\" style=\"--smush-placeholder-width: 750px; --smush-placeholder-aspect-ratio: 750\/544;\" \/> <img decoding=\"async\" class=\"aligncenter size-full wp-image-142 lazyload\" data-src=\"https:\/\/tmay.com\/wp-content\/uploads\/2023\/11\/\u633a\u7f8e1-\u8be6\u60c5\u9875_18.jpg\" alt=\"Cool Body Sculpt Machines Fat Freezing\" width=\"750\" height=\"734\" title=\"\" data-srcset=\"https:\/\/tmay.com\/wp-content\/uploads\/2023\/11\/\u633a\u7f8e1-\u8be6\u60c5\u9875_18.jpg 750w, https:\/\/tmay.com\/wp-content\/uploads\/2023\/11\/\u633a\u7f8e1-\u8be6\u60c5\u9875_18-300x294.jpg 300w, https:\/\/tmay.com\/wp-content\/uploads\/2023\/11\/\u633a\u7f8e1-\u8be6\u60c5\u9875_18-600x587.jpg 600w\" data-sizes=\"(max-width: 750px) 100vw, 750px\" src=\"data:image\/svg+xml;base64,PHN2ZyB3aWR0aD0iMSIgaGVpZ2h0PSIxIiB4bWxucz0iaHR0cDovL3d3dy53My5vcmcvMjAwMC9zdmciPjwvc3ZnPg==\" style=\"--smush-placeholder-width: 750px; --smush-placeholder-aspect-ratio: 750\/734;\" \/> <img decoding=\"async\" class=\"aligncenter size-full wp-image-143 lazyload\" data-src=\"https:\/\/tmay.com\/wp-content\/uploads\/2023\/11\/\u633a\u7f8e1-\u8be6\u60c5\u9875_19.jpg\" alt=\"\" width=\"750\" height=\"488\" title=\"\" data-srcset=\"https:\/\/tmay.com\/wp-content\/uploads\/2023\/11\/\u633a\u7f8e1-\u8be6\u60c5\u9875_19.jpg 750w, https:\/\/tmay.com\/wp-content\/uploads\/2023\/11\/\u633a\u7f8e1-\u8be6\u60c5\u9875_19-300x195.jpg 300w, https:\/\/tmay.com\/wp-content\/uploads\/2023\/11\/\u633a\u7f8e1-\u8be6\u60c5\u9875_19-600x390.jpg 600w\" data-sizes=\"(max-width: 750px) 100vw, 750px\" src=\"data:image\/svg+xml;base64,PHN2ZyB3aWR0aD0iMSIgaGVpZ2h0PSIxIiB4bWxucz0iaHR0cDovL3d3dy53My5vcmcvMjAwMC9zdmciPjwvc3ZnPg==\" style=\"--smush-placeholder-width: 750px; --smush-placeholder-aspect-ratio: 750\/488;\" \/> <img decoding=\"async\" class=\"aligncenter size-full wp-image-144 lazyload\" data-src=\"https:\/\/tmay.com\/wp-content\/uploads\/2023\/11\/\u633a\u7f8e1-\u8be6\u60c5\u9875_20.jpg\" alt=\"\" width=\"750\" height=\"540\" title=\"\" data-srcset=\"https:\/\/tmay.com\/wp-content\/uploads\/2023\/11\/\u633a\u7f8e1-\u8be6\u60c5\u9875_20.jpg 750w, https:\/\/tmay.com\/wp-content\/uploads\/2023\/11\/\u633a\u7f8e1-\u8be6\u60c5\u9875_20-300x216.jpg 300w, https:\/\/tmay.com\/wp-content\/uploads\/2023\/11\/\u633a\u7f8e1-\u8be6\u60c5\u9875_20-600x432.jpg 600w\" data-sizes=\"(max-width: 750px) 100vw, 750px\" src=\"data:image\/svg+xml;base64,PHN2ZyB3aWR0aD0iMSIgaGVpZ2h0PSIxIiB4bWxucz0iaHR0cDovL3d3dy53My5vcmcvMjAwMC9zdmciPjwvc3ZnPg==\" style=\"--smush-placeholder-width: 750px; --smush-placeholder-aspect-ratio: 750\/540;\" \/><\/p>","protected":false},"excerpt":{"rendered":"<ol>\n<li><strong>Cryolipolysis Technology:<\/strong>\n<ul>\n<li>Uses controlled cooling to freeze and eliminate fat cells.<\/li>\n<li>Non-invasive method for reducing localized fat deposits.<\/li>\n<\/ul>\n<\/li>\n<li><strong>Three Handles for Versatility:<\/strong>\n<ul>\n<li>Multiple handles allow for targeted treatment on various body areas simultaneously.<\/li>\n<li>Enhances flexibility in addressing diverse aesthetic concerns.<\/li>\n<\/ul>\n<\/li>\n<\/ol>","protected":false},"featured_media":1540,"comment_status":"open","ping_status":"closed","template":"","meta":{"site-sidebar-layout":"default","site-content-layout":"","ast-site-content-layout":"default","site-content-style":"default","site-sidebar-style":"default","ast-global-header-display":"","ast-banner-title-visibility":"","ast-main-header-display":"","ast-hfb-above-header-display":"","ast-hfb-below-header-display":"","ast-hfb-mobile-header-display":"","site-post-title":"","ast-breadcrumbs-content":"","ast-featured-img":"","footer-sml-layout":"","ast-disable-related-posts":"","theme-transparent-header-meta":"default","adv-header-id-meta":"","stick-header-meta":"","header-above-stick-meta":"","header-main-stick-meta":"","header-below-stick-meta":"","astra-migrate-meta-layouts":"set","ast-page-background-enabled":"default","ast-page-background-meta":{"desktop":{"background-color":"var(--ast-global-color-4)","background-image":"","background-repeat":"repeat","background-position":"center center","background-size":"auto","background-attachment":"scroll","background-type":"","background-media":"","overlay-type":"","overlay-color":"","overlay-opacity":"","overlay-gradient":""},"tablet":{"background-color":"","background-image":"","background-repeat":"repeat","background-position":"center center","background-size":"auto","background-attachment":"scroll","background-type":"","background-media":"","overlay-type":"","overlay-color":"","overlay-opacity":"","overlay-gradient":""},"mobile":{"background-color":"","background-image":"","background-repeat":"repeat","background-position":"center center","background-size":"auto","background-attachment":"scroll","background-type":"","background-media":"","overlay-type":"","overlay-color":"","overlay-opacity":"","overlay-gradient":""}},"ast-content-background-meta":{"desktop":{"background-color":"var(--ast-global-color-5)","background-image":"","background-repeat":"repeat","background-position":"center center","background-size":"auto","background-attachment":"scroll","background-type":"","background-media":"","overlay-type":"","overlay-color":"","overlay-opacity":"","overlay-gradient":""},"tablet":{"background-color":"var(--ast-global-color-5)","background-image":"","background-repeat":"repeat","background-position":"center center","background-size":"auto","background-attachment":"scroll","background-type":"","background-media":"","overlay-type":"","overlay-color":"","overlay-opacity":"","overlay-gradient":""},"mobile":{"background-color":"var(--ast-global-color-5)","background-image":"","background-repeat":"repeat","background-position":"center center","background-size":"auto","background-attachment":"scroll","background-type":"","background-media":"","overlay-type":"","overlay-color":"","overlay-opacity":"","overlay-gradient":""}}},"product_brand":[],"product_cat":[50],"product_tag":[86],"class_list":{"0":"post-1529","1":"product","2":"type-product","3":"status-publish","4":"has-post-thumbnail","6":"product_cat-others","7":"product_tag-others","8":"desktop-align-left","9":"tablet-align-left","10":"mobile-align-left","12":"first","13":"instock","14":"shipping-taxable","15":"product-type-simple"},"_links":{"self":[{"href":"https:\/\/tmay.com\/fr\/wp-json\/wp\/v2\/product\/1529","targetHints":{"allow":["GET"]}}],"collection":[{"href":"https:\/\/tmay.com\/fr\/wp-json\/wp\/v2\/product"}],"about":[{"href":"https:\/\/tmay.com\/fr\/wp-json\/wp\/v2\/types\/product"}],"replies":[{"embeddable":true,"href":"https:\/\/tmay.com\/fr\/wp-json\/wp\/v2\/comments?post=1529"}],"version-history":[{"count":1,"href":"https:\/\/tmay.com\/fr\/wp-json\/wp\/v2\/product\/1529\/revisions"}],"predecessor-version":[{"id":1545,"href":"https:\/\/tmay.com\/fr\/wp-json\/wp\/v2\/product\/1529\/revisions\/1545"}],"wp:featuredmedia":[{"embeddable":true,"href":"https:\/\/tmay.com\/fr\/wp-json\/wp\/v2\/media\/1540"}],"wp:attachment":[{"href":"https:\/\/tmay.com\/fr\/wp-json\/wp\/v2\/media?parent=1529"}],"wp:term":[{"taxonomy":"product_brand","embeddable":true,"href":"https:\/\/tmay.com\/fr\/wp-json\/wp\/v2\/product_brand?post=1529"},{"taxonomy":"product_cat","embeddable":true,"href":"https:\/\/tmay.com\/fr\/wp-json\/wp\/v2\/product_cat?post=1529"},{"taxonomy":"product_tag","embeddable":true,"href":"https:\/\/tmay.com\/fr\/wp-json\/wp\/v2\/product_tag?post=1529"}],"curies":[{"name":"wp","href":"https:\/\/api.w.org\/{rel}","templated":true}]}}