{"id":218,"date":"2023-12-06T16:15:31","date_gmt":"2023-12-06T08:15:31","guid":{"rendered":"https:\/\/tingamy.com\/?post_type=product&#038;p=218"},"modified":"2024-03-07T16:59:53","modified_gmt":"2024-03-07T08:59:53","slug":"fat-freezing-therapy-fat-loss-fast-slimming-beauty-cryo-fat-effective-machine","status":"publish","type":"product","link":"https:\/\/tmay.com\/fr\/produit\/fat-freezing-therapy-fat-loss-fast-slimming-beauty-cryo-fat-effective-machine\/","title":{"rendered":"La th\u00e9rapie de cong\u00e9lation des graisses perte de graisse amaigrissement rapide beaut\u00e9 cryo machine efficace de la graisse"},"content":{"rendered":"<p><img fetchpriority=\"high\" decoding=\"async\" class=\"aligncenter wp-image-136 size-full\" src=\"http:\/\/tingamy.com\/wp-content\/uploads\/2023\/11\/\u633a\u7f8e1-\u8be6\u60c5\u9875_01.jpg\" alt=\"\" width=\"750\" height=\"367\" title=\"\" srcset=\"https:\/\/tmay.com\/wp-content\/uploads\/2023\/11\/\u633a\u7f8e1-\u8be6\u60c5\u9875_01.jpg 750w, https:\/\/tmay.com\/wp-content\/uploads\/2023\/11\/\u633a\u7f8e1-\u8be6\u60c5\u9875_01-300x147.jpg 300w, https:\/\/tmay.com\/wp-content\/uploads\/2023\/11\/\u633a\u7f8e1-\u8be6\u60c5\u9875_01-600x294.jpg 600w\" sizes=\"(max-width: 750px) 100vw, 750px\" \/><img decoding=\"async\" class=\"aligncenter size-full wp-image-228 lazyload\" data-src=\"http:\/\/tingamy.com\/wp-content\/uploads\/2023\/12\/\u4e3b\u56fe_001.webp\" alt=\"\" width=\"1000\" height=\"1000\" title=\"\" data-srcset=\"https:\/\/tmay.com\/wp-content\/uploads\/2023\/12\/\u4e3b\u56fe_001.webp 1000w, https:\/\/tmay.com\/wp-content\/uploads\/2023\/12\/\u4e3b\u56fe_001-300x300.webp 300w, https:\/\/tmay.com\/wp-content\/uploads\/2023\/12\/\u4e3b\u56fe_001-150x150.webp 150w, https:\/\/tmay.com\/wp-content\/uploads\/2023\/12\/\u4e3b\u56fe_001-768x768.webp 768w, https:\/\/tmay.com\/wp-content\/uploads\/2023\/12\/\u4e3b\u56fe_001-600x600.webp 600w, https:\/\/tmay.com\/wp-content\/uploads\/2023\/12\/\u4e3b\u56fe_001-100x100.webp 100w\" data-sizes=\"(max-width: 1000px) 100vw, 1000px\" src=\"data:image\/svg+xml;base64,PHN2ZyB3aWR0aD0iMSIgaGVpZ2h0PSIxIiB4bWxucz0iaHR0cDovL3d3dy53My5vcmcvMjAwMC9zdmciPjwvc3ZnPg==\" style=\"--smush-placeholder-width: 1000px; --smush-placeholder-aspect-ratio: 1000\/1000;\" \/> <img decoding=\"async\" class=\"aligncenter size-full wp-image-227 lazyload\" data-src=\"http:\/\/tingamy.com\/wp-content\/uploads\/2023\/12\/\u8be6\u60c5_009.webp\" alt=\"\" width=\"750\" height=\"490\" title=\"\" data-srcset=\"https:\/\/tmay.com\/wp-content\/uploads\/2023\/12\/\u8be6\u60c5_009.webp 750w, https:\/\/tmay.com\/wp-content\/uploads\/2023\/12\/\u8be6\u60c5_009-300x196.webp 300w, https:\/\/tmay.com\/wp-content\/uploads\/2023\/12\/\u8be6\u60c5_009-600x392.webp 600w\" data-sizes=\"(max-width: 750px) 100vw, 750px\" src=\"data:image\/svg+xml;base64,PHN2ZyB3aWR0aD0iMSIgaGVpZ2h0PSIxIiB4bWxucz0iaHR0cDovL3d3dy53My5vcmcvMjAwMC9zdmciPjwvc3ZnPg==\" style=\"--smush-placeholder-width: 750px; --smush-placeholder-aspect-ratio: 750\/490;\" \/> <img decoding=\"async\" class=\"aligncenter size-full wp-image-226 lazyload\" data-src=\"http:\/\/tingamy.com\/wp-content\/uploads\/2023\/12\/\u8be6\u60c5_008.webp\" alt=\"\" width=\"750\" height=\"691\" title=\"\" data-srcset=\"https:\/\/tmay.com\/wp-content\/uploads\/2023\/12\/\u8be6\u60c5_008.webp 750w, https:\/\/tmay.com\/wp-content\/uploads\/2023\/12\/\u8be6\u60c5_008-300x276.webp 300w, https:\/\/tmay.com\/wp-content\/uploads\/2023\/12\/\u8be6\u60c5_008-600x553.webp 600w\" data-sizes=\"(max-width: 750px) 100vw, 750px\" src=\"data:image\/svg+xml;base64,PHN2ZyB3aWR0aD0iMSIgaGVpZ2h0PSIxIiB4bWxucz0iaHR0cDovL3d3dy53My5vcmcvMjAwMC9zdmciPjwvc3ZnPg==\" style=\"--smush-placeholder-width: 750px; --smush-placeholder-aspect-ratio: 750\/691;\" \/> <img decoding=\"async\" class=\"aligncenter size-full wp-image-224 lazyload\" data-src=\"http:\/\/tingamy.com\/wp-content\/uploads\/2023\/12\/\u8be6\u60c5_006.webp\" alt=\"\" width=\"850\" height=\"300\" title=\"\" data-srcset=\"https:\/\/tmay.com\/wp-content\/uploads\/2023\/12\/\u8be6\u60c5_006.webp 850w, https:\/\/tmay.com\/wp-content\/uploads\/2023\/12\/\u8be6\u60c5_006-300x106.webp 300w, https:\/\/tmay.com\/wp-content\/uploads\/2023\/12\/\u8be6\u60c5_006-768x271.webp 768w, https:\/\/tmay.com\/wp-content\/uploads\/2023\/12\/\u8be6\u60c5_006-600x212.webp 600w\" data-sizes=\"(max-width: 850px) 100vw, 850px\" src=\"data:image\/svg+xml;base64,PHN2ZyB3aWR0aD0iMSIgaGVpZ2h0PSIxIiB4bWxucz0iaHR0cDovL3d3dy53My5vcmcvMjAwMC9zdmciPjwvc3ZnPg==\" style=\"--smush-placeholder-width: 850px; --smush-placeholder-aspect-ratio: 850\/300;\" \/> <img decoding=\"async\" class=\"aligncenter size-full wp-image-223 lazyload\" data-src=\"http:\/\/tingamy.com\/wp-content\/uploads\/2023\/12\/\u8be6\u60c5_005.webp\" alt=\"\" width=\"850\" height=\"300\" title=\"\" data-srcset=\"https:\/\/tmay.com\/wp-content\/uploads\/2023\/12\/\u8be6\u60c5_005.webp 850w, https:\/\/tmay.com\/wp-content\/uploads\/2023\/12\/\u8be6\u60c5_005-300x106.webp 300w, https:\/\/tmay.com\/wp-content\/uploads\/2023\/12\/\u8be6\u60c5_005-768x271.webp 768w, https:\/\/tmay.com\/wp-content\/uploads\/2023\/12\/\u8be6\u60c5_005-600x212.webp 600w\" data-sizes=\"(max-width: 850px) 100vw, 850px\" src=\"data:image\/svg+xml;base64,PHN2ZyB3aWR0aD0iMSIgaGVpZ2h0PSIxIiB4bWxucz0iaHR0cDovL3d3dy53My5vcmcvMjAwMC9zdmciPjwvc3ZnPg==\" style=\"--smush-placeholder-width: 850px; --smush-placeholder-aspect-ratio: 850\/300;\" \/> <img decoding=\"async\" class=\"aligncenter size-full wp-image-222 lazyload\" data-src=\"http:\/\/tingamy.com\/wp-content\/uploads\/2023\/12\/\u8be6\u60c5_004.webp\" alt=\"\" width=\"850\" height=\"282\" title=\"\" data-srcset=\"https:\/\/tmay.com\/wp-content\/uploads\/2023\/12\/\u8be6\u60c5_004.webp 850w, https:\/\/tmay.com\/wp-content\/uploads\/2023\/12\/\u8be6\u60c5_004-300x100.webp 300w, https:\/\/tmay.com\/wp-content\/uploads\/2023\/12\/\u8be6\u60c5_004-768x255.webp 768w, https:\/\/tmay.com\/wp-content\/uploads\/2023\/12\/\u8be6\u60c5_004-600x199.webp 600w\" data-sizes=\"(max-width: 850px) 100vw, 850px\" src=\"data:image\/svg+xml;base64,PHN2ZyB3aWR0aD0iMSIgaGVpZ2h0PSIxIiB4bWxucz0iaHR0cDovL3d3dy53My5vcmcvMjAwMC9zdmciPjwvc3ZnPg==\" style=\"--smush-placeholder-width: 850px; --smush-placeholder-aspect-ratio: 850\/282;\" \/> <img decoding=\"async\" class=\"aligncenter size-full wp-image-221 lazyload\" data-src=\"http:\/\/tingamy.com\/wp-content\/uploads\/2023\/12\/\u8be6\u60c5_003.webp\" alt=\"\" width=\"850\" height=\"348\" title=\"\" data-srcset=\"https:\/\/tmay.com\/wp-content\/uploads\/2023\/12\/\u8be6\u60c5_003.webp 850w, https:\/\/tmay.com\/wp-content\/uploads\/2023\/12\/\u8be6\u60c5_003-300x123.webp 300w, https:\/\/tmay.com\/wp-content\/uploads\/2023\/12\/\u8be6\u60c5_003-768x314.webp 768w, https:\/\/tmay.com\/wp-content\/uploads\/2023\/12\/\u8be6\u60c5_003-600x246.webp 600w\" data-sizes=\"(max-width: 850px) 100vw, 850px\" src=\"data:image\/svg+xml;base64,PHN2ZyB3aWR0aD0iMSIgaGVpZ2h0PSIxIiB4bWxucz0iaHR0cDovL3d3dy53My5vcmcvMjAwMC9zdmciPjwvc3ZnPg==\" style=\"--smush-placeholder-width: 850px; --smush-placeholder-aspect-ratio: 850\/348;\" \/> <img decoding=\"async\" class=\"aligncenter size-full wp-image-225 lazyload\" data-src=\"http:\/\/tingamy.com\/wp-content\/uploads\/2023\/12\/\u8be6\u60c5_007.webp\" alt=\"\" width=\"850\" height=\"637\" title=\"\" data-srcset=\"https:\/\/tmay.com\/wp-content\/uploads\/2023\/12\/\u8be6\u60c5_007.webp 850w, https:\/\/tmay.com\/wp-content\/uploads\/2023\/12\/\u8be6\u60c5_007-300x225.webp 300w, https:\/\/tmay.com\/wp-content\/uploads\/2023\/12\/\u8be6\u60c5_007-768x576.webp 768w, https:\/\/tmay.com\/wp-content\/uploads\/2023\/12\/\u8be6\u60c5_007-600x450.webp 600w\" data-sizes=\"(max-width: 850px) 100vw, 850px\" src=\"data:image\/svg+xml;base64,PHN2ZyB3aWR0aD0iMSIgaGVpZ2h0PSIxIiB4bWxucz0iaHR0cDovL3d3dy53My5vcmcvMjAwMC9zdmciPjwvc3ZnPg==\" style=\"--smush-placeholder-width: 850px; --smush-placeholder-aspect-ratio: 850\/637;\" \/> <img decoding=\"async\" class=\"aligncenter size-full wp-image-219 lazyload\" data-src=\"http:\/\/tingamy.com\/wp-content\/uploads\/2023\/12\/\u8be6\u60c5_001.webp\" alt=\"\" width=\"750\" height=\"1000\" title=\"\" data-srcset=\"https:\/\/tmay.com\/wp-content\/uploads\/2023\/12\/\u8be6\u60c5_001.webp 750w, https:\/\/tmay.com\/wp-content\/uploads\/2023\/12\/\u8be6\u60c5_001-225x300.webp 225w, https:\/\/tmay.com\/wp-content\/uploads\/2023\/12\/\u8be6\u60c5_001-600x800.webp 600w\" data-sizes=\"(max-width: 750px) 100vw, 750px\" src=\"data:image\/svg+xml;base64,PHN2ZyB3aWR0aD0iMSIgaGVpZ2h0PSIxIiB4bWxucz0iaHR0cDovL3d3dy53My5vcmcvMjAwMC9zdmciPjwvc3ZnPg==\" style=\"--smush-placeholder-width: 750px; --smush-placeholder-aspect-ratio: 750\/1000;\" \/><\/p>\n<p><img decoding=\"async\" class=\"aligncenter wp-image-137 size-full lazyload\" data-src=\"http:\/\/tingamy.com\/wp-content\/uploads\/2023\/11\/\u633a\u7f8e1-\u8be6\u60c5\u9875_13.jpg\" alt=\"\" width=\"750\" height=\"1314\" title=\"\" data-srcset=\"https:\/\/tmay.com\/wp-content\/uploads\/2023\/11\/\u633a\u7f8e1-\u8be6\u60c5\u9875_13.jpg 750w, https:\/\/tmay.com\/wp-content\/uploads\/2023\/11\/\u633a\u7f8e1-\u8be6\u60c5\u9875_13-171x300.jpg 171w, https:\/\/tmay.com\/wp-content\/uploads\/2023\/11\/\u633a\u7f8e1-\u8be6\u60c5\u9875_13-584x1024.jpg 584w, https:\/\/tmay.com\/wp-content\/uploads\/2023\/11\/\u633a\u7f8e1-\u8be6\u60c5\u9875_13-600x1051.jpg 600w\" data-sizes=\"(max-width: 750px) 100vw, 750px\" src=\"data:image\/svg+xml;base64,PHN2ZyB3aWR0aD0iMSIgaGVpZ2h0PSIxIiB4bWxucz0iaHR0cDovL3d3dy53My5vcmcvMjAwMC9zdmciPjwvc3ZnPg==\" style=\"--smush-placeholder-width: 750px; --smush-placeholder-aspect-ratio: 750\/1314;\" \/><img decoding=\"async\" class=\"aligncenter wp-image-138 size-full lazyload\" data-src=\"http:\/\/tingamy.com\/wp-content\/uploads\/2023\/11\/\u633a\u7f8e1-\u8be6\u60c5\u9875_14.jpg\" alt=\"\" width=\"750\" height=\"888\" title=\"\" data-srcset=\"https:\/\/tmay.com\/wp-content\/uploads\/2023\/11\/\u633a\u7f8e1-\u8be6\u60c5\u9875_14.jpg 750w, https:\/\/tmay.com\/wp-content\/uploads\/2023\/11\/\u633a\u7f8e1-\u8be6\u60c5\u9875_14-253x300.jpg 253w, https:\/\/tmay.com\/wp-content\/uploads\/2023\/11\/\u633a\u7f8e1-\u8be6\u60c5\u9875_14-600x710.jpg 600w\" data-sizes=\"(max-width: 750px) 100vw, 750px\" src=\"data:image\/svg+xml;base64,PHN2ZyB3aWR0aD0iMSIgaGVpZ2h0PSIxIiB4bWxucz0iaHR0cDovL3d3dy53My5vcmcvMjAwMC9zdmciPjwvc3ZnPg==\" style=\"--smush-placeholder-width: 750px; --smush-placeholder-aspect-ratio: 750\/888;\" \/><\/p>\n<p><img decoding=\"async\" class=\"aligncenter wp-image-139 size-full lazyload\" data-src=\"http:\/\/tingamy.com\/wp-content\/uploads\/2023\/11\/\u633a\u7f8e1-\u8be6\u60c5\u9875_15.jpg\" alt=\"\" width=\"750\" height=\"624\" title=\"\" data-srcset=\"https:\/\/tmay.com\/wp-content\/uploads\/2023\/11\/\u633a\u7f8e1-\u8be6\u60c5\u9875_15.jpg 750w, https:\/\/tmay.com\/wp-content\/uploads\/2023\/11\/\u633a\u7f8e1-\u8be6\u60c5\u9875_15-300x250.jpg 300w, https:\/\/tmay.com\/wp-content\/uploads\/2023\/11\/\u633a\u7f8e1-\u8be6\u60c5\u9875_15-600x499.jpg 600w\" data-sizes=\"(max-width: 750px) 100vw, 750px\" src=\"data:image\/svg+xml;base64,PHN2ZyB3aWR0aD0iMSIgaGVpZ2h0PSIxIiB4bWxucz0iaHR0cDovL3d3dy53My5vcmcvMjAwMC9zdmciPjwvc3ZnPg==\" style=\"--smush-placeholder-width: 750px; --smush-placeholder-aspect-ratio: 750\/624;\" \/><\/p>\n<p><img decoding=\"async\" class=\"aligncenter wp-image-140 size-full lazyload\" data-src=\"http:\/\/tingamy.com\/wp-content\/uploads\/2023\/11\/\u633a\u7f8e1-\u8be6\u60c5\u9875_16.jpg\" alt=\"\" width=\"750\" height=\"954\" title=\"\" data-srcset=\"https:\/\/tmay.com\/wp-content\/uploads\/2023\/11\/\u633a\u7f8e1-\u8be6\u60c5\u9875_16.jpg 750w, https:\/\/tmay.com\/wp-content\/uploads\/2023\/11\/\u633a\u7f8e1-\u8be6\u60c5\u9875_16-236x300.jpg 236w, https:\/\/tmay.com\/wp-content\/uploads\/2023\/11\/\u633a\u7f8e1-\u8be6\u60c5\u9875_16-600x763.jpg 600w\" data-sizes=\"(max-width: 750px) 100vw, 750px\" src=\"data:image\/svg+xml;base64,PHN2ZyB3aWR0aD0iMSIgaGVpZ2h0PSIxIiB4bWxucz0iaHR0cDovL3d3dy53My5vcmcvMjAwMC9zdmciPjwvc3ZnPg==\" style=\"--smush-placeholder-width: 750px; --smush-placeholder-aspect-ratio: 750\/954;\" \/><img decoding=\"async\" class=\"aligncenter wp-image-141 size-full lazyload\" data-src=\"http:\/\/tingamy.com\/wp-content\/uploads\/2023\/11\/\u633a\u7f8e1-\u8be6\u60c5\u9875_17.jpg\" alt=\"\" width=\"750\" height=\"544\" title=\"\" data-srcset=\"https:\/\/tmay.com\/wp-content\/uploads\/2023\/11\/\u633a\u7f8e1-\u8be6\u60c5\u9875_17.jpg 750w, https:\/\/tmay.com\/wp-content\/uploads\/2023\/11\/\u633a\u7f8e1-\u8be6\u60c5\u9875_17-300x218.jpg 300w, https:\/\/tmay.com\/wp-content\/uploads\/2023\/11\/\u633a\u7f8e1-\u8be6\u60c5\u9875_17-600x435.jpg 600w\" data-sizes=\"(max-width: 750px) 100vw, 750px\" src=\"data:image\/svg+xml;base64,PHN2ZyB3aWR0aD0iMSIgaGVpZ2h0PSIxIiB4bWxucz0iaHR0cDovL3d3dy53My5vcmcvMjAwMC9zdmciPjwvc3ZnPg==\" style=\"--smush-placeholder-width: 750px; --smush-placeholder-aspect-ratio: 750\/544;\" \/><img decoding=\"async\" class=\"aligncenter wp-image-142 size-full lazyload\" data-src=\"http:\/\/tingamy.com\/wp-content\/uploads\/2023\/11\/\u633a\u7f8e1-\u8be6\u60c5\u9875_18.jpg\" alt=\"\" width=\"750\" height=\"734\" title=\"\" data-srcset=\"https:\/\/tmay.com\/wp-content\/uploads\/2023\/11\/\u633a\u7f8e1-\u8be6\u60c5\u9875_18.jpg 750w, https:\/\/tmay.com\/wp-content\/uploads\/2023\/11\/\u633a\u7f8e1-\u8be6\u60c5\u9875_18-300x294.jpg 300w, https:\/\/tmay.com\/wp-content\/uploads\/2023\/11\/\u633a\u7f8e1-\u8be6\u60c5\u9875_18-600x587.jpg 600w\" data-sizes=\"(max-width: 750px) 100vw, 750px\" src=\"data:image\/svg+xml;base64,PHN2ZyB3aWR0aD0iMSIgaGVpZ2h0PSIxIiB4bWxucz0iaHR0cDovL3d3dy53My5vcmcvMjAwMC9zdmciPjwvc3ZnPg==\" style=\"--smush-placeholder-width: 750px; --smush-placeholder-aspect-ratio: 750\/734;\" \/><img decoding=\"async\" class=\"aligncenter size-full wp-image-143 lazyload\" data-src=\"http:\/\/tingamy.com\/wp-content\/uploads\/2023\/11\/\u633a\u7f8e1-\u8be6\u60c5\u9875_19.jpg\" alt=\"\" width=\"750\" height=\"488\" title=\"\" data-srcset=\"https:\/\/tmay.com\/wp-content\/uploads\/2023\/11\/\u633a\u7f8e1-\u8be6\u60c5\u9875_19.jpg 750w, https:\/\/tmay.com\/wp-content\/uploads\/2023\/11\/\u633a\u7f8e1-\u8be6\u60c5\u9875_19-300x195.jpg 300w, https:\/\/tmay.com\/wp-content\/uploads\/2023\/11\/\u633a\u7f8e1-\u8be6\u60c5\u9875_19-600x390.jpg 600w\" data-sizes=\"(max-width: 750px) 100vw, 750px\" src=\"data:image\/svg+xml;base64,PHN2ZyB3aWR0aD0iMSIgaGVpZ2h0PSIxIiB4bWxucz0iaHR0cDovL3d3dy53My5vcmcvMjAwMC9zdmciPjwvc3ZnPg==\" style=\"--smush-placeholder-width: 750px; --smush-placeholder-aspect-ratio: 750\/488;\" \/><img decoding=\"async\" class=\"aligncenter size-full wp-image-144 lazyload\" data-src=\"http:\/\/tingamy.com\/wp-content\/uploads\/2023\/11\/\u633a\u7f8e1-\u8be6\u60c5\u9875_20.jpg\" alt=\"\" width=\"750\" height=\"540\" title=\"\" data-srcset=\"https:\/\/tmay.com\/wp-content\/uploads\/2023\/11\/\u633a\u7f8e1-\u8be6\u60c5\u9875_20.jpg 750w, https:\/\/tmay.com\/wp-content\/uploads\/2023\/11\/\u633a\u7f8e1-\u8be6\u60c5\u9875_20-300x216.jpg 300w, https:\/\/tmay.com\/wp-content\/uploads\/2023\/11\/\u633a\u7f8e1-\u8be6\u60c5\u9875_20-600x432.jpg 600w\" data-sizes=\"(max-width: 750px) 100vw, 750px\" src=\"data:image\/svg+xml;base64,PHN2ZyB3aWR0aD0iMSIgaGVpZ2h0PSIxIiB4bWxucz0iaHR0cDovL3d3dy53My5vcmcvMjAwMC9zdmciPjwvc3ZnPg==\" style=\"--smush-placeholder-width: 750px; --smush-placeholder-aspect-ratio: 750\/540;\" \/><\/p>\n<p>&nbsp;<\/p>","protected":false},"excerpt":{"rendered":"<div class=\"module_title\">\n<div class=\"product-title-container\" data-aplus-ae=\"x1_121da332\" data-spm-anchor-id=\"a2700.wholesale.0.i0.47697038sew0ov\" data-aplus-clk=\"x24_409b6ddc\">\n<ul>\n<li><strong>Innovative Fat Freezing Therapy<\/strong>: Embrace the innovation of fat freezing therapy for effective and natural fat loss, providing fast and visible slimming results.<\/li>\n<li><strong>Rapid Fat Loss<\/strong>: Experience the benefits of fast and targeted fat loss with our advanced cryo fat effective machine, shaping your body according to your desired contours.<\/li>\n<li><strong>Beauty Cryo Technology<\/strong>: Harness the power of beauty cryo technology to enhance your slimming journey, promoting a more sculpted and toned appearance.<\/li>\n<li><strong>Effective Slimming<\/strong>: Achieve effective slimming results by targeting stubborn fat cells, allowing for a more streamlined and confident you.<\/li>\n<li><strong>User-Friendly Design<\/strong>: Enjoy the simplicity and user-friendly design of our fat effective machine, making your slimming routine convenient and accessible.<\/li>\n<\/ul>\n<\/div>\n<\/div>","protected":false},"featured_media":228,"comment_status":"open","ping_status":"closed","template":"","meta":{"site-sidebar-layout":"default","site-content-layout":"","ast-site-content-layout":"default","site-content-style":"default","site-sidebar-style":"default","ast-global-header-display":"","ast-banner-title-visibility":"","ast-main-header-display":"","ast-hfb-above-header-display":"","ast-hfb-below-header-display":"","ast-hfb-mobile-header-display":"","site-post-title":"","ast-breadcrumbs-content":"","ast-featured-img":"","footer-sml-layout":"","ast-disable-related-posts":"","theme-transparent-header-meta":"default","adv-header-id-meta":"","stick-header-meta":"","header-above-stick-meta":"","header-main-stick-meta":"","header-below-stick-meta":"","astra-migrate-meta-layouts":"set","ast-page-background-enabled":"default","ast-page-background-meta":{"desktop":{"background-color":"var(--ast-global-color-4)","background-image":"","background-repeat":"repeat","background-position":"center center","background-size":"auto","background-attachment":"scroll","background-type":"","background-media":"","overlay-type":"","overlay-color":"","overlay-opacity":"","overlay-gradient":""},"tablet":{"background-color":"","background-image":"","background-repeat":"repeat","background-position":"center center","background-size":"auto","background-attachment":"scroll","background-type":"","background-media":"","overlay-type":"","overlay-color":"","overlay-opacity":"","overlay-gradient":""},"mobile":{"background-color":"","background-image":"","background-repeat":"repeat","background-position":"center center","background-size":"auto","background-attachment":"scroll","background-type":"","background-media":"","overlay-type":"","overlay-color":"","overlay-opacity":"","overlay-gradient":""}},"ast-content-background-meta":{"desktop":{"background-color":"var(--ast-global-color-5)","background-image":"","background-repeat":"repeat","background-position":"center center","background-size":"auto","background-attachment":"scroll","background-type":"","background-media":"","overlay-type":"","overlay-color":"","overlay-opacity":"","overlay-gradient":""},"tablet":{"background-color":"var(--ast-global-color-5)","background-image":"","background-repeat":"repeat","background-position":"center center","background-size":"auto","background-attachment":"scroll","background-type":"","background-media":"","overlay-type":"","overlay-color":"","overlay-opacity":"","overlay-gradient":""},"mobile":{"background-color":"var(--ast-global-color-5)","background-image":"","background-repeat":"repeat","background-position":"center center","background-size":"auto","background-attachment":"scroll","background-type":"","background-media":"","overlay-type":"","overlay-color":"","overlay-opacity":"","overlay-gradient":""}}},"product_brand":[],"product_cat":[23],"product_tag":[24],"class_list":{"0":"post-218","1":"product","2":"type-product","3":"status-publish","4":"has-post-thumbnail","6":"product_cat-cryolipolysis-fat-freezing","7":"product_tag-cryolipolysis-fat-freezing","8":"desktop-align-left","9":"tablet-align-left","10":"mobile-align-left","12":"first","13":"instock","14":"shipping-taxable","15":"product-type-simple"},"_links":{"self":[{"href":"https:\/\/tmay.com\/fr\/wp-json\/wp\/v2\/product\/218","targetHints":{"allow":["GET"]}}],"collection":[{"href":"https:\/\/tmay.com\/fr\/wp-json\/wp\/v2\/product"}],"about":[{"href":"https:\/\/tmay.com\/fr\/wp-json\/wp\/v2\/types\/product"}],"replies":[{"embeddable":true,"href":"https:\/\/tmay.com\/fr\/wp-json\/wp\/v2\/comments?post=218"}],"version-history":[{"count":1,"href":"https:\/\/tmay.com\/fr\/wp-json\/wp\/v2\/product\/218\/revisions"}],"predecessor-version":[{"id":2515,"href":"https:\/\/tmay.com\/fr\/wp-json\/wp\/v2\/product\/218\/revisions\/2515"}],"wp:featuredmedia":[{"embeddable":true,"href":"https:\/\/tmay.com\/fr\/wp-json\/wp\/v2\/media\/228"}],"wp:attachment":[{"href":"https:\/\/tmay.com\/fr\/wp-json\/wp\/v2\/media?parent=218"}],"wp:term":[{"taxonomy":"product_brand","embeddable":true,"href":"https:\/\/tmay.com\/fr\/wp-json\/wp\/v2\/product_brand?post=218"},{"taxonomy":"product_cat","embeddable":true,"href":"https:\/\/tmay.com\/fr\/wp-json\/wp\/v2\/product_cat?post=218"},{"taxonomy":"product_tag","embeddable":true,"href":"https:\/\/tmay.com\/fr\/wp-json\/wp\/v2\/product_tag?post=218"}],"curies":[{"name":"wp","href":"https:\/\/api.w.org\/{rel}","templated":true}]}}