{"id":2952,"date":"2024-06-12T16:37:03","date_gmt":"2024-06-12T08:37:03","guid":{"rendered":"https:\/\/tmay.com\/?post_type=product&#038;p=2952"},"modified":"2024-06-12T17:10:22","modified_gmt":"2024-06-12T09:10:22","slug":"tm-921-hot-sale-2024-cryolipolysis-360cryo-vacuum-therapy-equipment-body-sculpting-machines-for-slimming","status":"publish","type":"product","link":"https:\/\/tmay.com\/fr\/produit\/tm-921-hot-sale-2024-cryolipolysis-360cryo-vacuum-therapy-equipment-body-sculpting-machines-for-slimming\/","title":{"rendered":"TM-921 Vente \u00e0 chaud 2024 cryolipolyse 360cryo appareil de th\u00e9rapie par le vide machines \u00e0 sculpter le corps pour l'amincissement"},"content":{"rendered":"<p style=\"text-align: left;\"><img fetchpriority=\"high\" decoding=\"async\" class=\"aligncenter size-full wp-image-136\" src=\"https:\/\/tmay.com\/wp-content\/uploads\/2023\/11\/\u633a\u7f8e1-\u8be6\u60c5\u9875_01.jpg\" alt=\"home use cryolipolisis 360 cool body sculpt machines fat freezing For Belly Fat Removal with Best Price\" width=\"750\" height=\"367\" title=\"\" srcset=\"https:\/\/tmay.com\/wp-content\/uploads\/2023\/11\/\u633a\u7f8e1-\u8be6\u60c5\u9875_01.jpg 750w, https:\/\/tmay.com\/wp-content\/uploads\/2023\/11\/\u633a\u7f8e1-\u8be6\u60c5\u9875_01-300x147.jpg 300w, https:\/\/tmay.com\/wp-content\/uploads\/2023\/11\/\u633a\u7f8e1-\u8be6\u60c5\u9875_01-600x294.jpg 600w\" sizes=\"(max-width: 750px) 100vw, 750px\" \/><\/p>\n<p><img decoding=\"async\" class=\"aligncenter size-full wp-image-2953 lazyload\" data-src=\"https:\/\/tmay.com\/wp-content\/uploads\/2024\/06\/0-scaled.webp\" alt=\"\" width=\"2560\" height=\"1920\" title=\"\" data-srcset=\"https:\/\/tmay.com\/wp-content\/uploads\/2024\/06\/0-scaled.webp 2560w, https:\/\/tmay.com\/wp-content\/uploads\/2024\/06\/0-300x225.webp 300w, https:\/\/tmay.com\/wp-content\/uploads\/2024\/06\/0-1024x768.webp 1024w, https:\/\/tmay.com\/wp-content\/uploads\/2024\/06\/0-768x576.webp 768w, https:\/\/tmay.com\/wp-content\/uploads\/2024\/06\/0-1536x1152.webp 1536w, https:\/\/tmay.com\/wp-content\/uploads\/2024\/06\/0-2048x1536.webp 2048w, https:\/\/tmay.com\/wp-content\/uploads\/2024\/06\/0-1320x990.webp 1320w, https:\/\/tmay.com\/wp-content\/uploads\/2024\/06\/0-600x450.webp 600w\" data-sizes=\"(max-width: 2560px) 100vw, 2560px\" src=\"data:image\/svg+xml;base64,PHN2ZyB3aWR0aD0iMSIgaGVpZ2h0PSIxIiB4bWxucz0iaHR0cDovL3d3dy53My5vcmcvMjAwMC9zdmciPjwvc3ZnPg==\" style=\"--smush-placeholder-width: 2560px; --smush-placeholder-aspect-ratio: 2560\/1920;\" \/> <img decoding=\"async\" class=\"aligncenter size-full wp-image-2954 lazyload\" data-src=\"https:\/\/tmay.com\/wp-content\/uploads\/2024\/06\/15-scaled.webp\" alt=\"\" width=\"2560\" height=\"1920\" title=\"\" data-srcset=\"https:\/\/tmay.com\/wp-content\/uploads\/2024\/06\/15-scaled.webp 2560w, https:\/\/tmay.com\/wp-content\/uploads\/2024\/06\/15-300x225.webp 300w, https:\/\/tmay.com\/wp-content\/uploads\/2024\/06\/15-1024x768.webp 1024w, https:\/\/tmay.com\/wp-content\/uploads\/2024\/06\/15-768x576.webp 768w, https:\/\/tmay.com\/wp-content\/uploads\/2024\/06\/15-1536x1152.webp 1536w, https:\/\/tmay.com\/wp-content\/uploads\/2024\/06\/15-2048x1536.webp 2048w, https:\/\/tmay.com\/wp-content\/uploads\/2024\/06\/15-1320x990.webp 1320w, https:\/\/tmay.com\/wp-content\/uploads\/2024\/06\/15-600x450.webp 600w\" data-sizes=\"(max-width: 2560px) 100vw, 2560px\" src=\"data:image\/svg+xml;base64,PHN2ZyB3aWR0aD0iMSIgaGVpZ2h0PSIxIiB4bWxucz0iaHR0cDovL3d3dy53My5vcmcvMjAwMC9zdmciPjwvc3ZnPg==\" style=\"--smush-placeholder-width: 2560px; --smush-placeholder-aspect-ratio: 2560\/1920;\" \/> <img decoding=\"async\" class=\"aligncenter size-full wp-image-2955 lazyload\" data-src=\"https:\/\/tmay.com\/wp-content\/uploads\/2024\/06\/20-scaled.webp\" alt=\"\" width=\"2560\" height=\"1920\" title=\"\" data-srcset=\"https:\/\/tmay.com\/wp-content\/uploads\/2024\/06\/20-scaled.webp 2560w, https:\/\/tmay.com\/wp-content\/uploads\/2024\/06\/20-300x225.webp 300w, https:\/\/tmay.com\/wp-content\/uploads\/2024\/06\/20-1024x768.webp 1024w, https:\/\/tmay.com\/wp-content\/uploads\/2024\/06\/20-768x576.webp 768w, https:\/\/tmay.com\/wp-content\/uploads\/2024\/06\/20-1536x1152.webp 1536w, https:\/\/tmay.com\/wp-content\/uploads\/2024\/06\/20-2048x1536.webp 2048w, https:\/\/tmay.com\/wp-content\/uploads\/2024\/06\/20-1320x990.webp 1320w, https:\/\/tmay.com\/wp-content\/uploads\/2024\/06\/20-600x450.webp 600w\" data-sizes=\"(max-width: 2560px) 100vw, 2560px\" src=\"data:image\/svg+xml;base64,PHN2ZyB3aWR0aD0iMSIgaGVpZ2h0PSIxIiB4bWxucz0iaHR0cDovL3d3dy53My5vcmcvMjAwMC9zdmciPjwvc3ZnPg==\" style=\"--smush-placeholder-width: 2560px; --smush-placeholder-aspect-ratio: 2560\/1920;\" \/> <img decoding=\"async\" class=\"aligncenter size-full wp-image-2956 lazyload\" data-src=\"https:\/\/tmay.com\/wp-content\/uploads\/2024\/06\/45-scaled.webp\" alt=\"\" width=\"2560\" height=\"1920\" title=\"\" data-srcset=\"https:\/\/tmay.com\/wp-content\/uploads\/2024\/06\/45-scaled.webp 2560w, https:\/\/tmay.com\/wp-content\/uploads\/2024\/06\/45-300x225.webp 300w, https:\/\/tmay.com\/wp-content\/uploads\/2024\/06\/45-1024x768.webp 1024w, https:\/\/tmay.com\/wp-content\/uploads\/2024\/06\/45-768x576.webp 768w, https:\/\/tmay.com\/wp-content\/uploads\/2024\/06\/45-1536x1152.webp 1536w, https:\/\/tmay.com\/wp-content\/uploads\/2024\/06\/45-2048x1536.webp 2048w, https:\/\/tmay.com\/wp-content\/uploads\/2024\/06\/45-1320x990.webp 1320w, https:\/\/tmay.com\/wp-content\/uploads\/2024\/06\/45-600x450.webp 600w\" data-sizes=\"(max-width: 2560px) 100vw, 2560px\" src=\"data:image\/svg+xml;base64,PHN2ZyB3aWR0aD0iMSIgaGVpZ2h0PSIxIiB4bWxucz0iaHR0cDovL3d3dy53My5vcmcvMjAwMC9zdmciPjwvc3ZnPg==\" style=\"--smush-placeholder-width: 2560px; --smush-placeholder-aspect-ratio: 2560\/1920;\" \/> <img decoding=\"async\" class=\"aligncenter size-full wp-image-2957 lazyload\" data-src=\"https:\/\/tmay.com\/wp-content\/uploads\/2024\/06\/45-1-scaled.webp\" alt=\"\" width=\"2560\" height=\"1920\" title=\"\" data-srcset=\"https:\/\/tmay.com\/wp-content\/uploads\/2024\/06\/45-1-scaled.webp 2560w, https:\/\/tmay.com\/wp-content\/uploads\/2024\/06\/45-1-300x225.webp 300w, https:\/\/tmay.com\/wp-content\/uploads\/2024\/06\/45-1-1024x768.webp 1024w, https:\/\/tmay.com\/wp-content\/uploads\/2024\/06\/45-1-768x576.webp 768w, https:\/\/tmay.com\/wp-content\/uploads\/2024\/06\/45-1-1536x1152.webp 1536w, https:\/\/tmay.com\/wp-content\/uploads\/2024\/06\/45-1-2048x1536.webp 2048w, https:\/\/tmay.com\/wp-content\/uploads\/2024\/06\/45-1-1320x990.webp 1320w, https:\/\/tmay.com\/wp-content\/uploads\/2024\/06\/45-1-600x450.webp 600w\" data-sizes=\"(max-width: 2560px) 100vw, 2560px\" src=\"data:image\/svg+xml;base64,PHN2ZyB3aWR0aD0iMSIgaGVpZ2h0PSIxIiB4bWxucz0iaHR0cDovL3d3dy53My5vcmcvMjAwMC9zdmciPjwvc3ZnPg==\" style=\"--smush-placeholder-width: 2560px; --smush-placeholder-aspect-ratio: 2560\/1920;\" \/><\/p>\n<p><img decoding=\"async\" class=\"aligncenter size-full wp-image-141 lazyload\" data-src=\"https:\/\/tmay.com\/wp-content\/uploads\/2023\/11\/\u633a\u7f8e1-\u8be6\u60c5\u9875_17.jpg\" alt=\"Cryolipolysis Machine\" width=\"750\" height=\"544\" title=\"\" data-srcset=\"https:\/\/tmay.com\/wp-content\/uploads\/2023\/11\/\u633a\u7f8e1-\u8be6\u60c5\u9875_17.jpg 750w, https:\/\/tmay.com\/wp-content\/uploads\/2023\/11\/\u633a\u7f8e1-\u8be6\u60c5\u9875_17-300x218.jpg 300w, https:\/\/tmay.com\/wp-content\/uploads\/2023\/11\/\u633a\u7f8e1-\u8be6\u60c5\u9875_17-600x435.jpg 600w\" data-sizes=\"(max-width: 750px) 100vw, 750px\" src=\"data:image\/svg+xml;base64,PHN2ZyB3aWR0aD0iMSIgaGVpZ2h0PSIxIiB4bWxucz0iaHR0cDovL3d3dy53My5vcmcvMjAwMC9zdmciPjwvc3ZnPg==\" style=\"--smush-placeholder-width: 750px; --smush-placeholder-aspect-ratio: 750\/544;\" \/> <img decoding=\"async\" class=\"aligncenter size-full wp-image-142 lazyload\" data-src=\"https:\/\/tmay.com\/wp-content\/uploads\/2023\/11\/\u633a\u7f8e1-\u8be6\u60c5\u9875_18.jpg\" alt=\"Cool Body Sculpt Machines Fat Freezing\" width=\"750\" height=\"734\" title=\"\" data-srcset=\"https:\/\/tmay.com\/wp-content\/uploads\/2023\/11\/\u633a\u7f8e1-\u8be6\u60c5\u9875_18.jpg 750w, https:\/\/tmay.com\/wp-content\/uploads\/2023\/11\/\u633a\u7f8e1-\u8be6\u60c5\u9875_18-300x294.jpg 300w, https:\/\/tmay.com\/wp-content\/uploads\/2023\/11\/\u633a\u7f8e1-\u8be6\u60c5\u9875_18-600x587.jpg 600w\" data-sizes=\"(max-width: 750px) 100vw, 750px\" src=\"data:image\/svg+xml;base64,PHN2ZyB3aWR0aD0iMSIgaGVpZ2h0PSIxIiB4bWxucz0iaHR0cDovL3d3dy53My5vcmcvMjAwMC9zdmciPjwvc3ZnPg==\" style=\"--smush-placeholder-width: 750px; --smush-placeholder-aspect-ratio: 750\/734;\" \/> <img decoding=\"async\" class=\"aligncenter size-full wp-image-143 lazyload\" data-src=\"https:\/\/tmay.com\/wp-content\/uploads\/2023\/11\/\u633a\u7f8e1-\u8be6\u60c5\u9875_19.jpg\" alt=\"\" width=\"750\" height=\"488\" title=\"\" data-srcset=\"https:\/\/tmay.com\/wp-content\/uploads\/2023\/11\/\u633a\u7f8e1-\u8be6\u60c5\u9875_19.jpg 750w, https:\/\/tmay.com\/wp-content\/uploads\/2023\/11\/\u633a\u7f8e1-\u8be6\u60c5\u9875_19-300x195.jpg 300w, https:\/\/tmay.com\/wp-content\/uploads\/2023\/11\/\u633a\u7f8e1-\u8be6\u60c5\u9875_19-600x390.jpg 600w\" data-sizes=\"(max-width: 750px) 100vw, 750px\" src=\"data:image\/svg+xml;base64,PHN2ZyB3aWR0aD0iMSIgaGVpZ2h0PSIxIiB4bWxucz0iaHR0cDovL3d3dy53My5vcmcvMjAwMC9zdmciPjwvc3ZnPg==\" style=\"--smush-placeholder-width: 750px; --smush-placeholder-aspect-ratio: 750\/488;\" \/> <img decoding=\"async\" class=\"aligncenter size-full wp-image-144 lazyload\" data-src=\"https:\/\/tmay.com\/wp-content\/uploads\/2023\/11\/\u633a\u7f8e1-\u8be6\u60c5\u9875_20.jpg\" alt=\"\" width=\"750\" height=\"540\" title=\"\" data-srcset=\"https:\/\/tmay.com\/wp-content\/uploads\/2023\/11\/\u633a\u7f8e1-\u8be6\u60c5\u9875_20.jpg 750w, https:\/\/tmay.com\/wp-content\/uploads\/2023\/11\/\u633a\u7f8e1-\u8be6\u60c5\u9875_20-300x216.jpg 300w, https:\/\/tmay.com\/wp-content\/uploads\/2023\/11\/\u633a\u7f8e1-\u8be6\u60c5\u9875_20-600x432.jpg 600w\" data-sizes=\"(max-width: 750px) 100vw, 750px\" src=\"data:image\/svg+xml;base64,PHN2ZyB3aWR0aD0iMSIgaGVpZ2h0PSIxIiB4bWxucz0iaHR0cDovL3d3dy53My5vcmcvMjAwMC9zdmciPjwvc3ZnPg==\" style=\"--smush-placeholder-width: 750px; --smush-placeholder-aspect-ratio: 750\/540;\" \/><\/p>","protected":false},"excerpt":{"rendered":"<p>&nbsp;<\/p>\n<div><b><span style=\"color: #a158b3;\" data-spm-anchor-id=\"a2700.pc-decorate.0.i2.73ed3333zPfhbk\">Feature:<\/span><\/b><\/div>\n<p><b>There are three 360\u00b0 cryolipolysis handles to choose: Big cryo handle;Small Cryo handle;Chin Cryo handle,the big and small handle each along with four pcs bell mouth plates of different size.<\/b><\/p>\n<div><b>Fitting for different parts of different clients.<\/b><\/div>\n<div><b><span style=\"color: #a158b3;\">General Structure :<\/span><br \/>\nBig size vacuum cup with silicone frame,for abdomen.<br \/>\nSelection of different size handle for abdomen,waist,leg,butt,arm and chin.<\/b><\/div>\n<p>&nbsp;<\/p>","protected":false},"featured_media":2954,"comment_status":"open","ping_status":"closed","template":"","meta":{"site-sidebar-layout":"default","site-content-layout":"","ast-site-content-layout":"default","site-content-style":"default","site-sidebar-style":"default","ast-global-header-display":"","ast-banner-title-visibility":"","ast-main-header-display":"","ast-hfb-above-header-display":"","ast-hfb-below-header-display":"","ast-hfb-mobile-header-display":"","site-post-title":"","ast-breadcrumbs-content":"","ast-featured-img":"","footer-sml-layout":"","ast-disable-related-posts":"","theme-transparent-header-meta":"default","adv-header-id-meta":"","stick-header-meta":"","header-above-stick-meta":"","header-main-stick-meta":"","header-below-stick-meta":"","astra-migrate-meta-layouts":"set","ast-page-background-enabled":"default","ast-page-background-meta":{"desktop":{"background-color":"var(--ast-global-color-4)","background-image":"","background-repeat":"repeat","background-position":"center center","background-size":"auto","background-attachment":"scroll","background-type":"","background-media":"","overlay-type":"","overlay-color":"","overlay-opacity":"","overlay-gradient":""},"tablet":{"background-color":"","background-image":"","background-repeat":"repeat","background-position":"center center","background-size":"auto","background-attachment":"scroll","background-type":"","background-media":"","overlay-type":"","overlay-color":"","overlay-opacity":"","overlay-gradient":""},"mobile":{"background-color":"","background-image":"","background-repeat":"repeat","background-position":"center center","background-size":"auto","background-attachment":"scroll","background-type":"","background-media":"","overlay-type":"","overlay-color":"","overlay-opacity":"","overlay-gradient":""}},"ast-content-background-meta":{"desktop":{"background-color":"var(--ast-global-color-5)","background-image":"","background-repeat":"repeat","background-position":"center center","background-size":"auto","background-attachment":"scroll","background-type":"","background-media":"","overlay-type":"","overlay-color":"","overlay-opacity":"","overlay-gradient":""},"tablet":{"background-color":"var(--ast-global-color-5)","background-image":"","background-repeat":"repeat","background-position":"center center","background-size":"auto","background-attachment":"scroll","background-type":"","background-media":"","overlay-type":"","overlay-color":"","overlay-opacity":"","overlay-gradient":""},"mobile":{"background-color":"var(--ast-global-color-5)","background-image":"","background-repeat":"repeat","background-position":"center center","background-size":"auto","background-attachment":"scroll","background-type":"","background-media":"","overlay-type":"","overlay-color":"","overlay-opacity":"","overlay-gradient":""}}},"product_brand":[],"product_cat":[23,19],"product_tag":[85],"class_list":{"0":"post-2952","1":"product","2":"type-product","3":"status-publish","4":"has-post-thumbnail","6":"product_cat-cryolipolysis-fat-freezing","7":"product_cat-hot-sale","8":"product_tag-new-machine","9":"desktop-align-left","10":"tablet-align-left","11":"mobile-align-left","13":"first","14":"instock","15":"shipping-taxable","16":"product-type-simple"},"_links":{"self":[{"href":"https:\/\/tmay.com\/fr\/wp-json\/wp\/v2\/product\/2952","targetHints":{"allow":["GET"]}}],"collection":[{"href":"https:\/\/tmay.com\/fr\/wp-json\/wp\/v2\/product"}],"about":[{"href":"https:\/\/tmay.com\/fr\/wp-json\/wp\/v2\/types\/product"}],"replies":[{"embeddable":true,"href":"https:\/\/tmay.com\/fr\/wp-json\/wp\/v2\/comments?post=2952"}],"version-history":[{"count":1,"href":"https:\/\/tmay.com\/fr\/wp-json\/wp\/v2\/product\/2952\/revisions"}],"predecessor-version":[{"id":2958,"href":"https:\/\/tmay.com\/fr\/wp-json\/wp\/v2\/product\/2952\/revisions\/2958"}],"wp:featuredmedia":[{"embeddable":true,"href":"https:\/\/tmay.com\/fr\/wp-json\/wp\/v2\/media\/2954"}],"wp:attachment":[{"href":"https:\/\/tmay.com\/fr\/wp-json\/wp\/v2\/media?parent=2952"}],"wp:term":[{"taxonomy":"product_brand","embeddable":true,"href":"https:\/\/tmay.com\/fr\/wp-json\/wp\/v2\/product_brand?post=2952"},{"taxonomy":"product_cat","embeddable":true,"href":"https:\/\/tmay.com\/fr\/wp-json\/wp\/v2\/product_cat?post=2952"},{"taxonomy":"product_tag","embeddable":true,"href":"https:\/\/tmay.com\/fr\/wp-json\/wp\/v2\/product_tag?post=2952"}],"curies":[{"name":"wp","href":"https:\/\/api.w.org\/{rel}","templated":true}]}}