{"id":3064,"date":"2024-06-20T15:58:11","date_gmt":"2024-06-20T07:58:11","guid":{"rendered":"https:\/\/tmay.com\/?post_type=product&#038;p=3064"},"modified":"2024-06-20T15:59:50","modified_gmt":"2024-06-20T07:59:50","slug":"tm-929a-professional-cryolipolysis-fat-freezing-sculpting-cryo-slimming-cavitation-rf-machine-cryotherapy-device","status":"publish","type":"product","link":"https:\/\/tmay.com\/fr\/produit\/tm-929a-professional-cryolipolysis-fat-freezing-sculpting-cryo-slimming-cavitation-rf-machine-cryotherapy-device\/","title":{"rendered":"TM-929A Appareil professionnel de cryolipolyse, de cong\u00e9lation des graisses, de sculpture et d'amincissement, appareil de cryoth\u00e9rapie \u00e0 cavitation et \u00e0 radiofr\u00e9quence"},"content":{"rendered":"<p style=\"text-align: left;\"><img fetchpriority=\"high\" decoding=\"async\" class=\"aligncenter size-full wp-image-136\" src=\"https:\/\/tmay.com\/wp-content\/uploads\/2023\/11\/\u633a\u7f8e1-\u8be6\u60c5\u9875_01.jpg\" alt=\"home use cryolipolisis 360 cool body sculpt machines fat freezing For Belly Fat Removal with Best Price\" width=\"750\" height=\"367\" title=\"\" srcset=\"https:\/\/tmay.com\/wp-content\/uploads\/2023\/11\/\u633a\u7f8e1-\u8be6\u60c5\u9875_01.jpg 750w, https:\/\/tmay.com\/wp-content\/uploads\/2023\/11\/\u633a\u7f8e1-\u8be6\u60c5\u9875_01-300x147.jpg 300w, https:\/\/tmay.com\/wp-content\/uploads\/2023\/11\/\u633a\u7f8e1-\u8be6\u60c5\u9875_01-600x294.jpg 600w\" sizes=\"(max-width: 750px) 100vw, 750px\" \/><\/p>\n<p><img decoding=\"async\" class=\"aligncenter size-full wp-image-3063 lazyload\" data-src=\"https:\/\/tmay.com\/wp-content\/uploads\/2024\/06\/180-3-scaled.webp\" alt=\"\" width=\"2560\" height=\"2560\" title=\"\" data-srcset=\"https:\/\/tmay.com\/wp-content\/uploads\/2024\/06\/180-3-scaled.webp 2560w, https:\/\/tmay.com\/wp-content\/uploads\/2024\/06\/180-3-300x300.webp 300w, https:\/\/tmay.com\/wp-content\/uploads\/2024\/06\/180-3-1024x1024.webp 1024w, https:\/\/tmay.com\/wp-content\/uploads\/2024\/06\/180-3-150x150.webp 150w, https:\/\/tmay.com\/wp-content\/uploads\/2024\/06\/180-3-768x768.webp 768w, https:\/\/tmay.com\/wp-content\/uploads\/2024\/06\/180-3-1536x1536.webp 1536w, https:\/\/tmay.com\/wp-content\/uploads\/2024\/06\/180-3-2048x2048.webp 2048w, https:\/\/tmay.com\/wp-content\/uploads\/2024\/06\/180-3-144x144.webp 144w, https:\/\/tmay.com\/wp-content\/uploads\/2024\/06\/180-3-1320x1320.webp 1320w, https:\/\/tmay.com\/wp-content\/uploads\/2024\/06\/180-3-600x600.webp 600w, https:\/\/tmay.com\/wp-content\/uploads\/2024\/06\/180-3-100x100.webp 100w\" data-sizes=\"(max-width: 2560px) 100vw, 2560px\" src=\"data:image\/svg+xml;base64,PHN2ZyB3aWR0aD0iMSIgaGVpZ2h0PSIxIiB4bWxucz0iaHR0cDovL3d3dy53My5vcmcvMjAwMC9zdmciPjwvc3ZnPg==\" style=\"--smush-placeholder-width: 2560px; --smush-placeholder-aspect-ratio: 2560\/2560;\" \/> <img decoding=\"async\" class=\"aligncenter size-full wp-image-3062 lazyload\" data-src=\"https:\/\/tmay.com\/wp-content\/uploads\/2024\/06\/165-8-scaled.webp\" alt=\"\" width=\"2560\" height=\"2560\" title=\"\" data-srcset=\"https:\/\/tmay.com\/wp-content\/uploads\/2024\/06\/165-8-scaled.webp 2560w, https:\/\/tmay.com\/wp-content\/uploads\/2024\/06\/165-8-300x300.webp 300w, https:\/\/tmay.com\/wp-content\/uploads\/2024\/06\/165-8-1024x1024.webp 1024w, https:\/\/tmay.com\/wp-content\/uploads\/2024\/06\/165-8-150x150.webp 150w, https:\/\/tmay.com\/wp-content\/uploads\/2024\/06\/165-8-768x768.webp 768w, https:\/\/tmay.com\/wp-content\/uploads\/2024\/06\/165-8-1536x1536.webp 1536w, https:\/\/tmay.com\/wp-content\/uploads\/2024\/06\/165-8-2048x2048.webp 2048w, https:\/\/tmay.com\/wp-content\/uploads\/2024\/06\/165-8-144x144.webp 144w, https:\/\/tmay.com\/wp-content\/uploads\/2024\/06\/165-8-1320x1320.webp 1320w, https:\/\/tmay.com\/wp-content\/uploads\/2024\/06\/165-8-600x600.webp 600w, https:\/\/tmay.com\/wp-content\/uploads\/2024\/06\/165-8-100x100.webp 100w\" data-sizes=\"(max-width: 2560px) 100vw, 2560px\" src=\"data:image\/svg+xml;base64,PHN2ZyB3aWR0aD0iMSIgaGVpZ2h0PSIxIiB4bWxucz0iaHR0cDovL3d3dy53My5vcmcvMjAwMC9zdmciPjwvc3ZnPg==\" style=\"--smush-placeholder-width: 2560px; --smush-placeholder-aspect-ratio: 2560\/2560;\" \/> <img decoding=\"async\" class=\"aligncenter size-full wp-image-3061 lazyload\" data-src=\"https:\/\/tmay.com\/wp-content\/uploads\/2024\/06\/165-7-scaled.webp\" alt=\"\" width=\"2560\" height=\"2560\" title=\"\" data-srcset=\"https:\/\/tmay.com\/wp-content\/uploads\/2024\/06\/165-7-scaled.webp 2560w, https:\/\/tmay.com\/wp-content\/uploads\/2024\/06\/165-7-300x300.webp 300w, https:\/\/tmay.com\/wp-content\/uploads\/2024\/06\/165-7-1024x1024.webp 1024w, https:\/\/tmay.com\/wp-content\/uploads\/2024\/06\/165-7-150x150.webp 150w, https:\/\/tmay.com\/wp-content\/uploads\/2024\/06\/165-7-768x768.webp 768w, https:\/\/tmay.com\/wp-content\/uploads\/2024\/06\/165-7-1536x1536.webp 1536w, https:\/\/tmay.com\/wp-content\/uploads\/2024\/06\/165-7-2048x2048.webp 2048w, https:\/\/tmay.com\/wp-content\/uploads\/2024\/06\/165-7-144x144.webp 144w, https:\/\/tmay.com\/wp-content\/uploads\/2024\/06\/165-7-1320x1320.webp 1320w, https:\/\/tmay.com\/wp-content\/uploads\/2024\/06\/165-7-600x600.webp 600w, https:\/\/tmay.com\/wp-content\/uploads\/2024\/06\/165-7-100x100.webp 100w\" data-sizes=\"(max-width: 2560px) 100vw, 2560px\" src=\"data:image\/svg+xml;base64,PHN2ZyB3aWR0aD0iMSIgaGVpZ2h0PSIxIiB4bWxucz0iaHR0cDovL3d3dy53My5vcmcvMjAwMC9zdmciPjwvc3ZnPg==\" style=\"--smush-placeholder-width: 2560px; --smush-placeholder-aspect-ratio: 2560\/2560;\" \/> <img decoding=\"async\" class=\"aligncenter size-full wp-image-3060 lazyload\" data-src=\"https:\/\/tmay.com\/wp-content\/uploads\/2024\/06\/90-9-scaled.webp\" alt=\"\" width=\"2560\" height=\"2560\" title=\"\" data-srcset=\"https:\/\/tmay.com\/wp-content\/uploads\/2024\/06\/90-9-scaled.webp 2560w, https:\/\/tmay.com\/wp-content\/uploads\/2024\/06\/90-9-300x300.webp 300w, https:\/\/tmay.com\/wp-content\/uploads\/2024\/06\/90-9-1024x1024.webp 1024w, https:\/\/tmay.com\/wp-content\/uploads\/2024\/06\/90-9-150x150.webp 150w, https:\/\/tmay.com\/wp-content\/uploads\/2024\/06\/90-9-768x768.webp 768w, https:\/\/tmay.com\/wp-content\/uploads\/2024\/06\/90-9-1536x1536.webp 1536w, https:\/\/tmay.com\/wp-content\/uploads\/2024\/06\/90-9-2048x2048.webp 2048w, https:\/\/tmay.com\/wp-content\/uploads\/2024\/06\/90-9-144x144.webp 144w, https:\/\/tmay.com\/wp-content\/uploads\/2024\/06\/90-9-1320x1320.webp 1320w, https:\/\/tmay.com\/wp-content\/uploads\/2024\/06\/90-9-600x600.webp 600w, https:\/\/tmay.com\/wp-content\/uploads\/2024\/06\/90-9-100x100.webp 100w\" data-sizes=\"(max-width: 2560px) 100vw, 2560px\" src=\"data:image\/svg+xml;base64,PHN2ZyB3aWR0aD0iMSIgaGVpZ2h0PSIxIiB4bWxucz0iaHR0cDovL3d3dy53My5vcmcvMjAwMC9zdmciPjwvc3ZnPg==\" style=\"--smush-placeholder-width: 2560px; --smush-placeholder-aspect-ratio: 2560\/2560;\" \/> <img decoding=\"async\" class=\"aligncenter size-full wp-image-3059 lazyload\" data-src=\"https:\/\/tmay.com\/wp-content\/uploads\/2024\/06\/90-8-scaled.webp\" alt=\"\" width=\"2560\" height=\"2560\" title=\"\" data-srcset=\"https:\/\/tmay.com\/wp-content\/uploads\/2024\/06\/90-8-scaled.webp 2560w, https:\/\/tmay.com\/wp-content\/uploads\/2024\/06\/90-8-300x300.webp 300w, https:\/\/tmay.com\/wp-content\/uploads\/2024\/06\/90-8-1024x1024.webp 1024w, https:\/\/tmay.com\/wp-content\/uploads\/2024\/06\/90-8-150x150.webp 150w, https:\/\/tmay.com\/wp-content\/uploads\/2024\/06\/90-8-768x768.webp 768w, https:\/\/tmay.com\/wp-content\/uploads\/2024\/06\/90-8-1536x1536.webp 1536w, https:\/\/tmay.com\/wp-content\/uploads\/2024\/06\/90-8-2048x2048.webp 2048w, https:\/\/tmay.com\/wp-content\/uploads\/2024\/06\/90-8-144x144.webp 144w, https:\/\/tmay.com\/wp-content\/uploads\/2024\/06\/90-8-1320x1320.webp 1320w, https:\/\/tmay.com\/wp-content\/uploads\/2024\/06\/90-8-600x600.webp 600w, https:\/\/tmay.com\/wp-content\/uploads\/2024\/06\/90-8-100x100.webp 100w\" data-sizes=\"(max-width: 2560px) 100vw, 2560px\" src=\"data:image\/svg+xml;base64,PHN2ZyB3aWR0aD0iMSIgaGVpZ2h0PSIxIiB4bWxucz0iaHR0cDovL3d3dy53My5vcmcvMjAwMC9zdmciPjwvc3ZnPg==\" style=\"--smush-placeholder-width: 2560px; --smush-placeholder-aspect-ratio: 2560\/2560;\" \/> <img decoding=\"async\" class=\"aligncenter size-full wp-image-3058 lazyload\" data-src=\"https:\/\/tmay.com\/wp-content\/uploads\/2024\/06\/45-11-scaled.webp\" alt=\"\" width=\"2560\" height=\"2560\" title=\"\" data-srcset=\"https:\/\/tmay.com\/wp-content\/uploads\/2024\/06\/45-11-scaled.webp 2560w, https:\/\/tmay.com\/wp-content\/uploads\/2024\/06\/45-11-300x300.webp 300w, https:\/\/tmay.com\/wp-content\/uploads\/2024\/06\/45-11-1024x1024.webp 1024w, https:\/\/tmay.com\/wp-content\/uploads\/2024\/06\/45-11-150x150.webp 150w, https:\/\/tmay.com\/wp-content\/uploads\/2024\/06\/45-11-768x768.webp 768w, https:\/\/tmay.com\/wp-content\/uploads\/2024\/06\/45-11-1536x1536.webp 1536w, https:\/\/tmay.com\/wp-content\/uploads\/2024\/06\/45-11-2048x2048.webp 2048w, https:\/\/tmay.com\/wp-content\/uploads\/2024\/06\/45-11-144x144.webp 144w, https:\/\/tmay.com\/wp-content\/uploads\/2024\/06\/45-11-1320x1320.webp 1320w, https:\/\/tmay.com\/wp-content\/uploads\/2024\/06\/45-11-600x600.webp 600w, https:\/\/tmay.com\/wp-content\/uploads\/2024\/06\/45-11-100x100.webp 100w\" data-sizes=\"(max-width: 2560px) 100vw, 2560px\" src=\"data:image\/svg+xml;base64,PHN2ZyB3aWR0aD0iMSIgaGVpZ2h0PSIxIiB4bWxucz0iaHR0cDovL3d3dy53My5vcmcvMjAwMC9zdmciPjwvc3ZnPg==\" style=\"--smush-placeholder-width: 2560px; --smush-placeholder-aspect-ratio: 2560\/2560;\" \/> <img decoding=\"async\" class=\"aligncenter size-full wp-image-3057 lazyload\" data-src=\"https:\/\/tmay.com\/wp-content\/uploads\/2024\/06\/45-10-scaled.webp\" alt=\"\" width=\"2560\" height=\"2560\" title=\"\" data-srcset=\"https:\/\/tmay.com\/wp-content\/uploads\/2024\/06\/45-10-scaled.webp 2560w, https:\/\/tmay.com\/wp-content\/uploads\/2024\/06\/45-10-300x300.webp 300w, https:\/\/tmay.com\/wp-content\/uploads\/2024\/06\/45-10-1024x1024.webp 1024w, https:\/\/tmay.com\/wp-content\/uploads\/2024\/06\/45-10-150x150.webp 150w, https:\/\/tmay.com\/wp-content\/uploads\/2024\/06\/45-10-768x768.webp 768w, https:\/\/tmay.com\/wp-content\/uploads\/2024\/06\/45-10-1536x1536.webp 1536w, https:\/\/tmay.com\/wp-content\/uploads\/2024\/06\/45-10-2048x2048.webp 2048w, https:\/\/tmay.com\/wp-content\/uploads\/2024\/06\/45-10-144x144.webp 144w, https:\/\/tmay.com\/wp-content\/uploads\/2024\/06\/45-10-1320x1320.webp 1320w, https:\/\/tmay.com\/wp-content\/uploads\/2024\/06\/45-10-600x600.webp 600w, https:\/\/tmay.com\/wp-content\/uploads\/2024\/06\/45-10-100x100.webp 100w\" data-sizes=\"(max-width: 2560px) 100vw, 2560px\" src=\"data:image\/svg+xml;base64,PHN2ZyB3aWR0aD0iMSIgaGVpZ2h0PSIxIiB4bWxucz0iaHR0cDovL3d3dy53My5vcmcvMjAwMC9zdmciPjwvc3ZnPg==\" style=\"--smush-placeholder-width: 2560px; --smush-placeholder-aspect-ratio: 2560\/2560;\" \/> <img decoding=\"async\" class=\"aligncenter size-full wp-image-3056 lazyload\" data-src=\"https:\/\/tmay.com\/wp-content\/uploads\/2024\/06\/20-4-scaled.webp\" alt=\"\" width=\"2560\" height=\"2560\" title=\"\" data-srcset=\"https:\/\/tmay.com\/wp-content\/uploads\/2024\/06\/20-4-scaled.webp 2560w, https:\/\/tmay.com\/wp-content\/uploads\/2024\/06\/20-4-300x300.webp 300w, https:\/\/tmay.com\/wp-content\/uploads\/2024\/06\/20-4-1024x1024.webp 1024w, https:\/\/tmay.com\/wp-content\/uploads\/2024\/06\/20-4-150x150.webp 150w, https:\/\/tmay.com\/wp-content\/uploads\/2024\/06\/20-4-768x768.webp 768w, https:\/\/tmay.com\/wp-content\/uploads\/2024\/06\/20-4-1536x1536.webp 1536w, https:\/\/tmay.com\/wp-content\/uploads\/2024\/06\/20-4-2048x2048.webp 2048w, https:\/\/tmay.com\/wp-content\/uploads\/2024\/06\/20-4-144x144.webp 144w, https:\/\/tmay.com\/wp-content\/uploads\/2024\/06\/20-4-1320x1320.webp 1320w, https:\/\/tmay.com\/wp-content\/uploads\/2024\/06\/20-4-600x600.webp 600w, https:\/\/tmay.com\/wp-content\/uploads\/2024\/06\/20-4-100x100.webp 100w\" data-sizes=\"(max-width: 2560px) 100vw, 2560px\" src=\"data:image\/svg+xml;base64,PHN2ZyB3aWR0aD0iMSIgaGVpZ2h0PSIxIiB4bWxucz0iaHR0cDovL3d3dy53My5vcmcvMjAwMC9zdmciPjwvc3ZnPg==\" style=\"--smush-placeholder-width: 2560px; --smush-placeholder-aspect-ratio: 2560\/2560;\" \/> <img decoding=\"async\" class=\"aligncenter size-full wp-image-3053 lazyload\" data-src=\"https:\/\/tmay.com\/wp-content\/uploads\/2024\/06\/0-5-scaled.webp\" alt=\"\" width=\"2560\" height=\"2560\" title=\"\" data-srcset=\"https:\/\/tmay.com\/wp-content\/uploads\/2024\/06\/0-5-scaled.webp 2560w, https:\/\/tmay.com\/wp-content\/uploads\/2024\/06\/0-5-300x300.webp 300w, https:\/\/tmay.com\/wp-content\/uploads\/2024\/06\/0-5-1024x1024.webp 1024w, https:\/\/tmay.com\/wp-content\/uploads\/2024\/06\/0-5-150x150.webp 150w, https:\/\/tmay.com\/wp-content\/uploads\/2024\/06\/0-5-768x768.webp 768w, https:\/\/tmay.com\/wp-content\/uploads\/2024\/06\/0-5-1536x1536.webp 1536w, https:\/\/tmay.com\/wp-content\/uploads\/2024\/06\/0-5-2048x2048.webp 2048w, https:\/\/tmay.com\/wp-content\/uploads\/2024\/06\/0-5-144x144.webp 144w, https:\/\/tmay.com\/wp-content\/uploads\/2024\/06\/0-5-1320x1320.webp 1320w, https:\/\/tmay.com\/wp-content\/uploads\/2024\/06\/0-5-600x600.webp 600w, https:\/\/tmay.com\/wp-content\/uploads\/2024\/06\/0-5-100x100.webp 100w\" data-sizes=\"(max-width: 2560px) 100vw, 2560px\" src=\"data:image\/svg+xml;base64,PHN2ZyB3aWR0aD0iMSIgaGVpZ2h0PSIxIiB4bWxucz0iaHR0cDovL3d3dy53My5vcmcvMjAwMC9zdmciPjwvc3ZnPg==\" style=\"--smush-placeholder-width: 2560px; --smush-placeholder-aspect-ratio: 2560\/2560;\" \/><\/p>\n<p><img decoding=\"async\" class=\"aligncenter size-full wp-image-141 lazyload\" data-src=\"https:\/\/tmay.com\/wp-content\/uploads\/2023\/11\/\u633a\u7f8e1-\u8be6\u60c5\u9875_17.jpg\" alt=\"Cryolipolysis Machine\" width=\"750\" height=\"544\" title=\"\" data-srcset=\"https:\/\/tmay.com\/wp-content\/uploads\/2023\/11\/\u633a\u7f8e1-\u8be6\u60c5\u9875_17.jpg 750w, https:\/\/tmay.com\/wp-content\/uploads\/2023\/11\/\u633a\u7f8e1-\u8be6\u60c5\u9875_17-300x218.jpg 300w, https:\/\/tmay.com\/wp-content\/uploads\/2023\/11\/\u633a\u7f8e1-\u8be6\u60c5\u9875_17-600x435.jpg 600w\" data-sizes=\"(max-width: 750px) 100vw, 750px\" src=\"data:image\/svg+xml;base64,PHN2ZyB3aWR0aD0iMSIgaGVpZ2h0PSIxIiB4bWxucz0iaHR0cDovL3d3dy53My5vcmcvMjAwMC9zdmciPjwvc3ZnPg==\" style=\"--smush-placeholder-width: 750px; --smush-placeholder-aspect-ratio: 750\/544;\" \/> <img decoding=\"async\" class=\"aligncenter size-full wp-image-142 lazyload\" data-src=\"https:\/\/tmay.com\/wp-content\/uploads\/2023\/11\/\u633a\u7f8e1-\u8be6\u60c5\u9875_18.jpg\" alt=\"Cool Body Sculpt Machines Fat Freezing\" width=\"750\" height=\"734\" title=\"\" data-srcset=\"https:\/\/tmay.com\/wp-content\/uploads\/2023\/11\/\u633a\u7f8e1-\u8be6\u60c5\u9875_18.jpg 750w, https:\/\/tmay.com\/wp-content\/uploads\/2023\/11\/\u633a\u7f8e1-\u8be6\u60c5\u9875_18-300x294.jpg 300w, https:\/\/tmay.com\/wp-content\/uploads\/2023\/11\/\u633a\u7f8e1-\u8be6\u60c5\u9875_18-600x587.jpg 600w\" data-sizes=\"(max-width: 750px) 100vw, 750px\" src=\"data:image\/svg+xml;base64,PHN2ZyB3aWR0aD0iMSIgaGVpZ2h0PSIxIiB4bWxucz0iaHR0cDovL3d3dy53My5vcmcvMjAwMC9zdmciPjwvc3ZnPg==\" style=\"--smush-placeholder-width: 750px; --smush-placeholder-aspect-ratio: 750\/734;\" \/> <img decoding=\"async\" class=\"aligncenter size-full wp-image-143 lazyload\" data-src=\"https:\/\/tmay.com\/wp-content\/uploads\/2023\/11\/\u633a\u7f8e1-\u8be6\u60c5\u9875_19.jpg\" alt=\"\" width=\"750\" height=\"488\" title=\"\" data-srcset=\"https:\/\/tmay.com\/wp-content\/uploads\/2023\/11\/\u633a\u7f8e1-\u8be6\u60c5\u9875_19.jpg 750w, https:\/\/tmay.com\/wp-content\/uploads\/2023\/11\/\u633a\u7f8e1-\u8be6\u60c5\u9875_19-300x195.jpg 300w, https:\/\/tmay.com\/wp-content\/uploads\/2023\/11\/\u633a\u7f8e1-\u8be6\u60c5\u9875_19-600x390.jpg 600w\" data-sizes=\"(max-width: 750px) 100vw, 750px\" src=\"data:image\/svg+xml;base64,PHN2ZyB3aWR0aD0iMSIgaGVpZ2h0PSIxIiB4bWxucz0iaHR0cDovL3d3dy53My5vcmcvMjAwMC9zdmciPjwvc3ZnPg==\" style=\"--smush-placeholder-width: 750px; --smush-placeholder-aspect-ratio: 750\/488;\" \/> <img decoding=\"async\" class=\"aligncenter size-full wp-image-144 lazyload\" data-src=\"https:\/\/tmay.com\/wp-content\/uploads\/2023\/11\/\u633a\u7f8e1-\u8be6\u60c5\u9875_20.jpg\" alt=\"\" width=\"750\" height=\"540\" title=\"\" data-srcset=\"https:\/\/tmay.com\/wp-content\/uploads\/2023\/11\/\u633a\u7f8e1-\u8be6\u60c5\u9875_20.jpg 750w, https:\/\/tmay.com\/wp-content\/uploads\/2023\/11\/\u633a\u7f8e1-\u8be6\u60c5\u9875_20-300x216.jpg 300w, https:\/\/tmay.com\/wp-content\/uploads\/2023\/11\/\u633a\u7f8e1-\u8be6\u60c5\u9875_20-600x432.jpg 600w\" data-sizes=\"(max-width: 750px) 100vw, 750px\" src=\"data:image\/svg+xml;base64,PHN2ZyB3aWR0aD0iMSIgaGVpZ2h0PSIxIiB4bWxucz0iaHR0cDovL3d3dy53My5vcmcvMjAwMC9zdmciPjwvc3ZnPg==\" style=\"--smush-placeholder-width: 750px; --smush-placeholder-aspect-ratio: 750\/540;\" \/><\/p>","protected":false},"excerpt":{"rendered":"","protected":false},"featured_media":3055,"comment_status":"open","ping_status":"closed","template":"","meta":{"site-sidebar-layout":"default","site-content-layout":"","ast-site-content-layout":"default","site-content-style":"default","site-sidebar-style":"default","ast-global-header-display":"","ast-banner-title-visibility":"","ast-main-header-display":"","ast-hfb-above-header-display":"","ast-hfb-below-header-display":"","ast-hfb-mobile-header-display":"","site-post-title":"","ast-breadcrumbs-content":"","ast-featured-img":"","footer-sml-layout":"","ast-disable-related-posts":"","theme-transparent-header-meta":"default","adv-header-id-meta":"","stick-header-meta":"","header-above-stick-meta":"","header-main-stick-meta":"","header-below-stick-meta":"","astra-migrate-meta-layouts":"set","ast-page-background-enabled":"default","ast-page-background-meta":{"desktop":{"background-color":"var(--ast-global-color-4)","background-image":"","background-repeat":"repeat","background-position":"center center","background-size":"auto","background-attachment":"scroll","background-type":"","background-media":"","overlay-type":"","overlay-color":"","overlay-opacity":"","overlay-gradient":""},"tablet":{"background-color":"","background-image":"","background-repeat":"repeat","background-position":"center center","background-size":"auto","background-attachment":"scroll","background-type":"","background-media":"","overlay-type":"","overlay-color":"","overlay-opacity":"","overlay-gradient":""},"mobile":{"background-color":"","background-image":"","background-repeat":"repeat","background-position":"center center","background-size":"auto","background-attachment":"scroll","background-type":"","background-media":"","overlay-type":"","overlay-color":"","overlay-opacity":"","overlay-gradient":""}},"ast-content-background-meta":{"desktop":{"background-color":"var(--ast-global-color-5)","background-image":"","background-repeat":"repeat","background-position":"center center","background-size":"auto","background-attachment":"scroll","background-type":"","background-media":"","overlay-type":"","overlay-color":"","overlay-opacity":"","overlay-gradient":""},"tablet":{"background-color":"var(--ast-global-color-5)","background-image":"","background-repeat":"repeat","background-position":"center center","background-size":"auto","background-attachment":"scroll","background-type":"","background-media":"","overlay-type":"","overlay-color":"","overlay-opacity":"","overlay-gradient":""},"mobile":{"background-color":"var(--ast-global-color-5)","background-image":"","background-repeat":"repeat","background-position":"center center","background-size":"auto","background-attachment":"scroll","background-type":"","background-media":"","overlay-type":"","overlay-color":"","overlay-opacity":"","overlay-gradient":""}}},"product_brand":[],"product_cat":[23],"product_tag":[111,85],"class_list":{"0":"post-3064","1":"product","2":"type-product","3":"status-publish","4":"has-post-thumbnail","6":"product_cat-cryolipolysis-fat-freezing","7":"product_tag-cryolipolysis-fat-freezing-machine","8":"product_tag-new-machine","9":"desktop-align-left","10":"tablet-align-left","11":"mobile-align-left","13":"first","14":"instock","15":"shipping-taxable","16":"product-type-simple"},"_links":{"self":[{"href":"https:\/\/tmay.com\/fr\/wp-json\/wp\/v2\/product\/3064","targetHints":{"allow":["GET"]}}],"collection":[{"href":"https:\/\/tmay.com\/fr\/wp-json\/wp\/v2\/product"}],"about":[{"href":"https:\/\/tmay.com\/fr\/wp-json\/wp\/v2\/types\/product"}],"replies":[{"embeddable":true,"href":"https:\/\/tmay.com\/fr\/wp-json\/wp\/v2\/comments?post=3064"}],"version-history":[{"count":1,"href":"https:\/\/tmay.com\/fr\/wp-json\/wp\/v2\/product\/3064\/revisions"}],"predecessor-version":[{"id":3065,"href":"https:\/\/tmay.com\/fr\/wp-json\/wp\/v2\/product\/3064\/revisions\/3065"}],"wp:featuredmedia":[{"embeddable":true,"href":"https:\/\/tmay.com\/fr\/wp-json\/wp\/v2\/media\/3055"}],"wp:attachment":[{"href":"https:\/\/tmay.com\/fr\/wp-json\/wp\/v2\/media?parent=3064"}],"wp:term":[{"taxonomy":"product_brand","embeddable":true,"href":"https:\/\/tmay.com\/fr\/wp-json\/wp\/v2\/product_brand?post=3064"},{"taxonomy":"product_cat","embeddable":true,"href":"https:\/\/tmay.com\/fr\/wp-json\/wp\/v2\/product_cat?post=3064"},{"taxonomy":"product_tag","embeddable":true,"href":"https:\/\/tmay.com\/fr\/wp-json\/wp\/v2\/product_tag?post=3064"}],"curies":[{"name":"wp","href":"https:\/\/api.w.org\/{rel}","templated":true}]}}