{"id":443,"date":"2023-12-11T10:41:10","date_gmt":"2023-12-11T02:41:10","guid":{"rendered":"https:\/\/tingamy.com\/?post_type=product&#038;p=443"},"modified":"2024-03-07T16:56:26","modified_gmt":"2024-03-07T08:56:26","slug":"factory-price-6-handles-fat-freeze-cryolipolysis-vacuum-machine-cryotherapy-weight-loss-tm-928d","status":"publish","type":"product","link":"https:\/\/tmay.com\/fr\/produit\/factory-price-6-handles-fat-freeze-cryolipolysis-vacuum-machine-cryotherapy-weight-loss-tm-928d\/","title":{"rendered":"Prix d'usine 6 poign\u00e9es Machine \u00e0 vide pour cryoth\u00e9rapie Perte de poids TM-928D"},"content":{"rendered":"<p><img fetchpriority=\"high\" decoding=\"async\" class=\"aligncenter wp-image-136 size-full\" src=\"http:\/\/tingamy.com\/wp-content\/uploads\/2023\/11\/\u633a\u7f8e1-\u8be6\u60c5\u9875_01.jpg\" alt=\"\" width=\"750\" height=\"367\" title=\"\" srcset=\"https:\/\/tmay.com\/wp-content\/uploads\/2023\/11\/\u633a\u7f8e1-\u8be6\u60c5\u9875_01.jpg 750w, https:\/\/tmay.com\/wp-content\/uploads\/2023\/11\/\u633a\u7f8e1-\u8be6\u60c5\u9875_01-300x147.jpg 300w, https:\/\/tmay.com\/wp-content\/uploads\/2023\/11\/\u633a\u7f8e1-\u8be6\u60c5\u9875_01-600x294.jpg 600w\" sizes=\"(max-width: 750px) 100vw, 750px\" \/><img decoding=\"async\" class=\"aligncenter size-full wp-image-444 lazyload\" data-src=\"http:\/\/tingamy.com\/wp-content\/uploads\/2023\/12\/\u8be6\u60c5_002-2.png\" alt=\"\" width=\"800\" height=\"600\" title=\"\" data-srcset=\"https:\/\/tmay.com\/wp-content\/uploads\/2023\/12\/\u8be6\u60c5_002-2.png 800w, https:\/\/tmay.com\/wp-content\/uploads\/2023\/12\/\u8be6\u60c5_002-2-300x225.png 300w, https:\/\/tmay.com\/wp-content\/uploads\/2023\/12\/\u8be6\u60c5_002-2-768x576.png 768w, https:\/\/tmay.com\/wp-content\/uploads\/2023\/12\/\u8be6\u60c5_002-2-600x450.png 600w\" data-sizes=\"(max-width: 800px) 100vw, 800px\" src=\"data:image\/svg+xml;base64,PHN2ZyB3aWR0aD0iMSIgaGVpZ2h0PSIxIiB4bWxucz0iaHR0cDovL3d3dy53My5vcmcvMjAwMC9zdmciPjwvc3ZnPg==\" style=\"--smush-placeholder-width: 800px; --smush-placeholder-aspect-ratio: 800\/600;\" \/> <img decoding=\"async\" class=\"aligncenter size-full wp-image-445 lazyload\" data-src=\"http:\/\/tingamy.com\/wp-content\/uploads\/2023\/12\/\u8be6\u60c5_003-1.png\" alt=\"\" width=\"864\" height=\"716\" title=\"\" data-srcset=\"https:\/\/tmay.com\/wp-content\/uploads\/2023\/12\/\u8be6\u60c5_003-1.png 864w, https:\/\/tmay.com\/wp-content\/uploads\/2023\/12\/\u8be6\u60c5_003-1-300x249.png 300w, https:\/\/tmay.com\/wp-content\/uploads\/2023\/12\/\u8be6\u60c5_003-1-768x636.png 768w, https:\/\/tmay.com\/wp-content\/uploads\/2023\/12\/\u8be6\u60c5_003-1-600x497.png 600w\" data-sizes=\"(max-width: 864px) 100vw, 864px\" src=\"data:image\/svg+xml;base64,PHN2ZyB3aWR0aD0iMSIgaGVpZ2h0PSIxIiB4bWxucz0iaHR0cDovL3d3dy53My5vcmcvMjAwMC9zdmciPjwvc3ZnPg==\" style=\"--smush-placeholder-width: 864px; --smush-placeholder-aspect-ratio: 864\/716;\" \/> <img decoding=\"async\" class=\"aligncenter size-full wp-image-446 lazyload\" data-src=\"http:\/\/tingamy.com\/wp-content\/uploads\/2023\/12\/\u8be6\u60c5_004-3.png\" alt=\"\" width=\"800\" height=\"600\" title=\"\" data-srcset=\"https:\/\/tmay.com\/wp-content\/uploads\/2023\/12\/\u8be6\u60c5_004-3.png 800w, https:\/\/tmay.com\/wp-content\/uploads\/2023\/12\/\u8be6\u60c5_004-3-300x225.png 300w, https:\/\/tmay.com\/wp-content\/uploads\/2023\/12\/\u8be6\u60c5_004-3-768x576.png 768w, https:\/\/tmay.com\/wp-content\/uploads\/2023\/12\/\u8be6\u60c5_004-3-600x450.png 600w\" data-sizes=\"(max-width: 800px) 100vw, 800px\" src=\"data:image\/svg+xml;base64,PHN2ZyB3aWR0aD0iMSIgaGVpZ2h0PSIxIiB4bWxucz0iaHR0cDovL3d3dy53My5vcmcvMjAwMC9zdmciPjwvc3ZnPg==\" style=\"--smush-placeholder-width: 800px; --smush-placeholder-aspect-ratio: 800\/600;\" \/> <img decoding=\"async\" class=\"aligncenter size-full wp-image-447 lazyload\" data-src=\"http:\/\/tingamy.com\/wp-content\/uploads\/2023\/12\/\u8be6\u60c5_005.png\" alt=\"\" width=\"750\" height=\"988\" title=\"\" data-srcset=\"https:\/\/tmay.com\/wp-content\/uploads\/2023\/12\/\u8be6\u60c5_005.png 750w, https:\/\/tmay.com\/wp-content\/uploads\/2023\/12\/\u8be6\u60c5_005-228x300.png 228w, https:\/\/tmay.com\/wp-content\/uploads\/2023\/12\/\u8be6\u60c5_005-600x790.png 600w\" data-sizes=\"(max-width: 750px) 100vw, 750px\" src=\"data:image\/svg+xml;base64,PHN2ZyB3aWR0aD0iMSIgaGVpZ2h0PSIxIiB4bWxucz0iaHR0cDovL3d3dy53My5vcmcvMjAwMC9zdmciPjwvc3ZnPg==\" style=\"--smush-placeholder-width: 750px; --smush-placeholder-aspect-ratio: 750\/988;\" \/> <img decoding=\"async\" class=\"aligncenter size-full wp-image-448 lazyload\" data-src=\"http:\/\/tingamy.com\/wp-content\/uploads\/2023\/12\/\u8be6\u60c5_006-1.png\" alt=\"\" width=\"780\" height=\"836\" title=\"\" data-srcset=\"https:\/\/tmay.com\/wp-content\/uploads\/2023\/12\/\u8be6\u60c5_006-1.png 780w, https:\/\/tmay.com\/wp-content\/uploads\/2023\/12\/\u8be6\u60c5_006-1-280x300.png 280w, https:\/\/tmay.com\/wp-content\/uploads\/2023\/12\/\u8be6\u60c5_006-1-768x823.png 768w, https:\/\/tmay.com\/wp-content\/uploads\/2023\/12\/\u8be6\u60c5_006-1-600x643.png 600w\" data-sizes=\"(max-width: 780px) 100vw, 780px\" src=\"data:image\/svg+xml;base64,PHN2ZyB3aWR0aD0iMSIgaGVpZ2h0PSIxIiB4bWxucz0iaHR0cDovL3d3dy53My5vcmcvMjAwMC9zdmciPjwvc3ZnPg==\" style=\"--smush-placeholder-width: 780px; --smush-placeholder-aspect-ratio: 780\/836;\" \/> <img decoding=\"async\" class=\"aligncenter size-full wp-image-449 lazyload\" data-src=\"http:\/\/tingamy.com\/wp-content\/uploads\/2023\/12\/\u8be6\u60c5_007-2.png\" alt=\"\" width=\"300\" height=\"300\" title=\"\" data-srcset=\"https:\/\/tmay.com\/wp-content\/uploads\/2023\/12\/\u8be6\u60c5_007-2.png 300w, https:\/\/tmay.com\/wp-content\/uploads\/2023\/12\/\u8be6\u60c5_007-2-150x150.png 150w, https:\/\/tmay.com\/wp-content\/uploads\/2023\/12\/\u8be6\u60c5_007-2-100x100.png 100w\" data-sizes=\"(max-width: 300px) 100vw, 300px\" src=\"data:image\/svg+xml;base64,PHN2ZyB3aWR0aD0iMSIgaGVpZ2h0PSIxIiB4bWxucz0iaHR0cDovL3d3dy53My5vcmcvMjAwMC9zdmciPjwvc3ZnPg==\" style=\"--smush-placeholder-width: 300px; --smush-placeholder-aspect-ratio: 300\/300;\" \/> <img decoding=\"async\" class=\"aligncenter size-full wp-image-450 lazyload\" data-src=\"http:\/\/tingamy.com\/wp-content\/uploads\/2023\/12\/\u8be6\u60c5_008-1.png\" alt=\"\" width=\"600\" height=\"599\" title=\"\" data-srcset=\"https:\/\/tmay.com\/wp-content\/uploads\/2023\/12\/\u8be6\u60c5_008-1.png 600w, https:\/\/tmay.com\/wp-content\/uploads\/2023\/12\/\u8be6\u60c5_008-1-300x300.png 300w, https:\/\/tmay.com\/wp-content\/uploads\/2023\/12\/\u8be6\u60c5_008-1-150x150.png 150w, https:\/\/tmay.com\/wp-content\/uploads\/2023\/12\/\u8be6\u60c5_008-1-100x100.png 100w\" data-sizes=\"(max-width: 600px) 100vw, 600px\" src=\"data:image\/svg+xml;base64,PHN2ZyB3aWR0aD0iMSIgaGVpZ2h0PSIxIiB4bWxucz0iaHR0cDovL3d3dy53My5vcmcvMjAwMC9zdmciPjwvc3ZnPg==\" style=\"--smush-placeholder-width: 600px; --smush-placeholder-aspect-ratio: 600\/599;\" \/> <img decoding=\"async\" class=\"aligncenter size-full wp-image-451 lazyload\" data-src=\"http:\/\/tingamy.com\/wp-content\/uploads\/2023\/12\/\u8be6\u60c5_010-3-scaled.jpeg\" alt=\"\" width=\"1920\" height=\"2560\" title=\"\" data-srcset=\"https:\/\/tmay.com\/wp-content\/uploads\/2023\/12\/\u8be6\u60c5_010-3-scaled.jpeg 1920w, https:\/\/tmay.com\/wp-content\/uploads\/2023\/12\/\u8be6\u60c5_010-3-225x300.jpeg 225w, https:\/\/tmay.com\/wp-content\/uploads\/2023\/12\/\u8be6\u60c5_010-3-768x1024.jpeg 768w, https:\/\/tmay.com\/wp-content\/uploads\/2023\/12\/\u8be6\u60c5_010-3-1152x1536.jpeg 1152w, https:\/\/tmay.com\/wp-content\/uploads\/2023\/12\/\u8be6\u60c5_010-3-1536x2048.jpeg 1536w, https:\/\/tmay.com\/wp-content\/uploads\/2023\/12\/\u8be6\u60c5_010-3-1320x1760.jpeg 1320w, https:\/\/tmay.com\/wp-content\/uploads\/2023\/12\/\u8be6\u60c5_010-3-600x800.jpeg 600w\" data-sizes=\"(max-width: 1920px) 100vw, 1920px\" src=\"data:image\/svg+xml;base64,PHN2ZyB3aWR0aD0iMSIgaGVpZ2h0PSIxIiB4bWxucz0iaHR0cDovL3d3dy53My5vcmcvMjAwMC9zdmciPjwvc3ZnPg==\" style=\"--smush-placeholder-width: 1920px; --smush-placeholder-aspect-ratio: 1920\/2560;\" \/> <img decoding=\"async\" class=\"aligncenter size-full wp-image-452 lazyload\" data-src=\"http:\/\/tingamy.com\/wp-content\/uploads\/2023\/12\/\u8be6\u60c5_011-3.jpeg\" alt=\"\" width=\"600\" height=\"800\" title=\"\" data-srcset=\"https:\/\/tmay.com\/wp-content\/uploads\/2023\/12\/\u8be6\u60c5_011-3.jpeg 600w, https:\/\/tmay.com\/wp-content\/uploads\/2023\/12\/\u8be6\u60c5_011-3-225x300.jpeg 225w\" data-sizes=\"(max-width: 600px) 100vw, 600px\" src=\"data:image\/svg+xml;base64,PHN2ZyB3aWR0aD0iMSIgaGVpZ2h0PSIxIiB4bWxucz0iaHR0cDovL3d3dy53My5vcmcvMjAwMC9zdmciPjwvc3ZnPg==\" style=\"--smush-placeholder-width: 600px; --smush-placeholder-aspect-ratio: 600\/800;\" \/> <img decoding=\"async\" class=\"aligncenter size-full wp-image-453 lazyload\" data-src=\"http:\/\/tingamy.com\/wp-content\/uploads\/2023\/12\/\u4e3b\u56fe_002-9.jpeg\" alt=\"\" width=\"1000\" height=\"1000\" title=\"\" data-srcset=\"https:\/\/tmay.com\/wp-content\/uploads\/2023\/12\/\u4e3b\u56fe_002-9.jpeg 1000w, https:\/\/tmay.com\/wp-content\/uploads\/2023\/12\/\u4e3b\u56fe_002-9-300x300.jpeg 300w, https:\/\/tmay.com\/wp-content\/uploads\/2023\/12\/\u4e3b\u56fe_002-9-150x150.jpeg 150w, https:\/\/tmay.com\/wp-content\/uploads\/2023\/12\/\u4e3b\u56fe_002-9-768x768.jpeg 768w, https:\/\/tmay.com\/wp-content\/uploads\/2023\/12\/\u4e3b\u56fe_002-9-600x600.jpeg 600w, https:\/\/tmay.com\/wp-content\/uploads\/2023\/12\/\u4e3b\u56fe_002-9-100x100.jpeg 100w\" data-sizes=\"(max-width: 1000px) 100vw, 1000px\" src=\"data:image\/svg+xml;base64,PHN2ZyB3aWR0aD0iMSIgaGVpZ2h0PSIxIiB4bWxucz0iaHR0cDovL3d3dy53My5vcmcvMjAwMC9zdmciPjwvc3ZnPg==\" style=\"--smush-placeholder-width: 1000px; --smush-placeholder-aspect-ratio: 1000\/1000;\" \/> <img decoding=\"async\" class=\"aligncenter size-full wp-image-454 lazyload\" data-src=\"http:\/\/tingamy.com\/wp-content\/uploads\/2023\/12\/\u4e3b\u56fe_003-9.jpeg\" alt=\"\" width=\"1000\" height=\"1000\" title=\"\" data-srcset=\"https:\/\/tmay.com\/wp-content\/uploads\/2023\/12\/\u4e3b\u56fe_003-9.jpeg 1000w, https:\/\/tmay.com\/wp-content\/uploads\/2023\/12\/\u4e3b\u56fe_003-9-300x300.jpeg 300w, https:\/\/tmay.com\/wp-content\/uploads\/2023\/12\/\u4e3b\u56fe_003-9-150x150.jpeg 150w, https:\/\/tmay.com\/wp-content\/uploads\/2023\/12\/\u4e3b\u56fe_003-9-768x768.jpeg 768w, https:\/\/tmay.com\/wp-content\/uploads\/2023\/12\/\u4e3b\u56fe_003-9-600x600.jpeg 600w, https:\/\/tmay.com\/wp-content\/uploads\/2023\/12\/\u4e3b\u56fe_003-9-100x100.jpeg 100w\" data-sizes=\"(max-width: 1000px) 100vw, 1000px\" src=\"data:image\/svg+xml;base64,PHN2ZyB3aWR0aD0iMSIgaGVpZ2h0PSIxIiB4bWxucz0iaHR0cDovL3d3dy53My5vcmcvMjAwMC9zdmciPjwvc3ZnPg==\" style=\"--smush-placeholder-width: 1000px; --smush-placeholder-aspect-ratio: 1000\/1000;\" \/> <img decoding=\"async\" class=\"aligncenter size-full wp-image-455 lazyload\" data-src=\"http:\/\/tingamy.com\/wp-content\/uploads\/2023\/12\/\u4e3b\u56fe_004-8.jpeg\" alt=\"\" width=\"1000\" height=\"1000\" title=\"\" data-srcset=\"https:\/\/tmay.com\/wp-content\/uploads\/2023\/12\/\u4e3b\u56fe_004-8.jpeg 1000w, https:\/\/tmay.com\/wp-content\/uploads\/2023\/12\/\u4e3b\u56fe_004-8-300x300.jpeg 300w, https:\/\/tmay.com\/wp-content\/uploads\/2023\/12\/\u4e3b\u56fe_004-8-150x150.jpeg 150w, https:\/\/tmay.com\/wp-content\/uploads\/2023\/12\/\u4e3b\u56fe_004-8-768x768.jpeg 768w, https:\/\/tmay.com\/wp-content\/uploads\/2023\/12\/\u4e3b\u56fe_004-8-600x600.jpeg 600w, https:\/\/tmay.com\/wp-content\/uploads\/2023\/12\/\u4e3b\u56fe_004-8-100x100.jpeg 100w\" data-sizes=\"(max-width: 1000px) 100vw, 1000px\" src=\"data:image\/svg+xml;base64,PHN2ZyB3aWR0aD0iMSIgaGVpZ2h0PSIxIiB4bWxucz0iaHR0cDovL3d3dy53My5vcmcvMjAwMC9zdmciPjwvc3ZnPg==\" style=\"--smush-placeholder-width: 1000px; --smush-placeholder-aspect-ratio: 1000\/1000;\" \/> <img decoding=\"async\" class=\"aligncenter size-full wp-image-456 lazyload\" data-src=\"http:\/\/tingamy.com\/wp-content\/uploads\/2023\/12\/\u4e3b\u56fe_005-9.jpeg\" alt=\"\" width=\"1000\" height=\"1000\" title=\"\" data-srcset=\"https:\/\/tmay.com\/wp-content\/uploads\/2023\/12\/\u4e3b\u56fe_005-9.jpeg 1000w, https:\/\/tmay.com\/wp-content\/uploads\/2023\/12\/\u4e3b\u56fe_005-9-300x300.jpeg 300w, https:\/\/tmay.com\/wp-content\/uploads\/2023\/12\/\u4e3b\u56fe_005-9-150x150.jpeg 150w, https:\/\/tmay.com\/wp-content\/uploads\/2023\/12\/\u4e3b\u56fe_005-9-768x768.jpeg 768w, https:\/\/tmay.com\/wp-content\/uploads\/2023\/12\/\u4e3b\u56fe_005-9-600x600.jpeg 600w, https:\/\/tmay.com\/wp-content\/uploads\/2023\/12\/\u4e3b\u56fe_005-9-100x100.jpeg 100w\" data-sizes=\"(max-width: 1000px) 100vw, 1000px\" src=\"data:image\/svg+xml;base64,PHN2ZyB3aWR0aD0iMSIgaGVpZ2h0PSIxIiB4bWxucz0iaHR0cDovL3d3dy53My5vcmcvMjAwMC9zdmciPjwvc3ZnPg==\" style=\"--smush-placeholder-width: 1000px; --smush-placeholder-aspect-ratio: 1000\/1000;\" \/> <img decoding=\"async\" class=\"aligncenter size-full wp-image-457 lazyload\" data-src=\"http:\/\/tingamy.com\/wp-content\/uploads\/2023\/12\/\u4e3b\u56fe_006-9.jpeg\" alt=\"\" width=\"1000\" height=\"1000\" title=\"\" data-srcset=\"https:\/\/tmay.com\/wp-content\/uploads\/2023\/12\/\u4e3b\u56fe_006-9.jpeg 1000w, https:\/\/tmay.com\/wp-content\/uploads\/2023\/12\/\u4e3b\u56fe_006-9-300x300.jpeg 300w, https:\/\/tmay.com\/wp-content\/uploads\/2023\/12\/\u4e3b\u56fe_006-9-150x150.jpeg 150w, https:\/\/tmay.com\/wp-content\/uploads\/2023\/12\/\u4e3b\u56fe_006-9-768x768.jpeg 768w, https:\/\/tmay.com\/wp-content\/uploads\/2023\/12\/\u4e3b\u56fe_006-9-600x600.jpeg 600w, https:\/\/tmay.com\/wp-content\/uploads\/2023\/12\/\u4e3b\u56fe_006-9-100x100.jpeg 100w\" data-sizes=\"(max-width: 1000px) 100vw, 1000px\" src=\"data:image\/svg+xml;base64,PHN2ZyB3aWR0aD0iMSIgaGVpZ2h0PSIxIiB4bWxucz0iaHR0cDovL3d3dy53My5vcmcvMjAwMC9zdmciPjwvc3ZnPg==\" style=\"--smush-placeholder-width: 1000px; --smush-placeholder-aspect-ratio: 1000\/1000;\" \/><\/p>\n<p><img decoding=\"async\" class=\"aligncenter wp-image-137 size-full lazyload\" data-src=\"http:\/\/tingamy.com\/wp-content\/uploads\/2023\/11\/\u633a\u7f8e1-\u8be6\u60c5\u9875_13.jpg\" alt=\"\" width=\"750\" height=\"1314\" title=\"\" data-srcset=\"https:\/\/tmay.com\/wp-content\/uploads\/2023\/11\/\u633a\u7f8e1-\u8be6\u60c5\u9875_13.jpg 750w, https:\/\/tmay.com\/wp-content\/uploads\/2023\/11\/\u633a\u7f8e1-\u8be6\u60c5\u9875_13-171x300.jpg 171w, https:\/\/tmay.com\/wp-content\/uploads\/2023\/11\/\u633a\u7f8e1-\u8be6\u60c5\u9875_13-584x1024.jpg 584w, https:\/\/tmay.com\/wp-content\/uploads\/2023\/11\/\u633a\u7f8e1-\u8be6\u60c5\u9875_13-600x1051.jpg 600w\" data-sizes=\"(max-width: 750px) 100vw, 750px\" src=\"data:image\/svg+xml;base64,PHN2ZyB3aWR0aD0iMSIgaGVpZ2h0PSIxIiB4bWxucz0iaHR0cDovL3d3dy53My5vcmcvMjAwMC9zdmciPjwvc3ZnPg==\" style=\"--smush-placeholder-width: 750px; --smush-placeholder-aspect-ratio: 750\/1314;\" \/><img decoding=\"async\" class=\"aligncenter wp-image-138 size-full lazyload\" data-src=\"http:\/\/tingamy.com\/wp-content\/uploads\/2023\/11\/\u633a\u7f8e1-\u8be6\u60c5\u9875_14.jpg\" alt=\"\" width=\"750\" height=\"888\" title=\"\" data-srcset=\"https:\/\/tmay.com\/wp-content\/uploads\/2023\/11\/\u633a\u7f8e1-\u8be6\u60c5\u9875_14.jpg 750w, https:\/\/tmay.com\/wp-content\/uploads\/2023\/11\/\u633a\u7f8e1-\u8be6\u60c5\u9875_14-253x300.jpg 253w, https:\/\/tmay.com\/wp-content\/uploads\/2023\/11\/\u633a\u7f8e1-\u8be6\u60c5\u9875_14-600x710.jpg 600w\" data-sizes=\"(max-width: 750px) 100vw, 750px\" src=\"data:image\/svg+xml;base64,PHN2ZyB3aWR0aD0iMSIgaGVpZ2h0PSIxIiB4bWxucz0iaHR0cDovL3d3dy53My5vcmcvMjAwMC9zdmciPjwvc3ZnPg==\" style=\"--smush-placeholder-width: 750px; --smush-placeholder-aspect-ratio: 750\/888;\" \/><\/p>\n<p><img decoding=\"async\" class=\"aligncenter wp-image-139 size-full lazyload\" data-src=\"http:\/\/tingamy.com\/wp-content\/uploads\/2023\/11\/\u633a\u7f8e1-\u8be6\u60c5\u9875_15.jpg\" alt=\"\" width=\"750\" height=\"624\" title=\"\" data-srcset=\"https:\/\/tmay.com\/wp-content\/uploads\/2023\/11\/\u633a\u7f8e1-\u8be6\u60c5\u9875_15.jpg 750w, https:\/\/tmay.com\/wp-content\/uploads\/2023\/11\/\u633a\u7f8e1-\u8be6\u60c5\u9875_15-300x250.jpg 300w, https:\/\/tmay.com\/wp-content\/uploads\/2023\/11\/\u633a\u7f8e1-\u8be6\u60c5\u9875_15-600x499.jpg 600w\" data-sizes=\"(max-width: 750px) 100vw, 750px\" src=\"data:image\/svg+xml;base64,PHN2ZyB3aWR0aD0iMSIgaGVpZ2h0PSIxIiB4bWxucz0iaHR0cDovL3d3dy53My5vcmcvMjAwMC9zdmciPjwvc3ZnPg==\" style=\"--smush-placeholder-width: 750px; --smush-placeholder-aspect-ratio: 750\/624;\" \/><\/p>\n<p><img decoding=\"async\" class=\"aligncenter wp-image-140 size-full lazyload\" data-src=\"http:\/\/tingamy.com\/wp-content\/uploads\/2023\/11\/\u633a\u7f8e1-\u8be6\u60c5\u9875_16.jpg\" alt=\"\" width=\"750\" height=\"954\" title=\"\" data-srcset=\"https:\/\/tmay.com\/wp-content\/uploads\/2023\/11\/\u633a\u7f8e1-\u8be6\u60c5\u9875_16.jpg 750w, https:\/\/tmay.com\/wp-content\/uploads\/2023\/11\/\u633a\u7f8e1-\u8be6\u60c5\u9875_16-236x300.jpg 236w, https:\/\/tmay.com\/wp-content\/uploads\/2023\/11\/\u633a\u7f8e1-\u8be6\u60c5\u9875_16-600x763.jpg 600w\" data-sizes=\"(max-width: 750px) 100vw, 750px\" src=\"data:image\/svg+xml;base64,PHN2ZyB3aWR0aD0iMSIgaGVpZ2h0PSIxIiB4bWxucz0iaHR0cDovL3d3dy53My5vcmcvMjAwMC9zdmciPjwvc3ZnPg==\" style=\"--smush-placeholder-width: 750px; --smush-placeholder-aspect-ratio: 750\/954;\" \/><img decoding=\"async\" class=\"aligncenter wp-image-141 size-full lazyload\" data-src=\"http:\/\/tingamy.com\/wp-content\/uploads\/2023\/11\/\u633a\u7f8e1-\u8be6\u60c5\u9875_17.jpg\" alt=\"\" width=\"750\" height=\"544\" title=\"\" data-srcset=\"https:\/\/tmay.com\/wp-content\/uploads\/2023\/11\/\u633a\u7f8e1-\u8be6\u60c5\u9875_17.jpg 750w, https:\/\/tmay.com\/wp-content\/uploads\/2023\/11\/\u633a\u7f8e1-\u8be6\u60c5\u9875_17-300x218.jpg 300w, https:\/\/tmay.com\/wp-content\/uploads\/2023\/11\/\u633a\u7f8e1-\u8be6\u60c5\u9875_17-600x435.jpg 600w\" data-sizes=\"(max-width: 750px) 100vw, 750px\" src=\"data:image\/svg+xml;base64,PHN2ZyB3aWR0aD0iMSIgaGVpZ2h0PSIxIiB4bWxucz0iaHR0cDovL3d3dy53My5vcmcvMjAwMC9zdmciPjwvc3ZnPg==\" style=\"--smush-placeholder-width: 750px; --smush-placeholder-aspect-ratio: 750\/544;\" \/><img decoding=\"async\" class=\"aligncenter wp-image-142 size-full lazyload\" data-src=\"http:\/\/tingamy.com\/wp-content\/uploads\/2023\/11\/\u633a\u7f8e1-\u8be6\u60c5\u9875_18.jpg\" alt=\"\" width=\"750\" height=\"734\" title=\"\" data-srcset=\"https:\/\/tmay.com\/wp-content\/uploads\/2023\/11\/\u633a\u7f8e1-\u8be6\u60c5\u9875_18.jpg 750w, https:\/\/tmay.com\/wp-content\/uploads\/2023\/11\/\u633a\u7f8e1-\u8be6\u60c5\u9875_18-300x294.jpg 300w, https:\/\/tmay.com\/wp-content\/uploads\/2023\/11\/\u633a\u7f8e1-\u8be6\u60c5\u9875_18-600x587.jpg 600w\" data-sizes=\"(max-width: 750px) 100vw, 750px\" src=\"data:image\/svg+xml;base64,PHN2ZyB3aWR0aD0iMSIgaGVpZ2h0PSIxIiB4bWxucz0iaHR0cDovL3d3dy53My5vcmcvMjAwMC9zdmciPjwvc3ZnPg==\" style=\"--smush-placeholder-width: 750px; --smush-placeholder-aspect-ratio: 750\/734;\" \/><img decoding=\"async\" class=\"aligncenter size-full wp-image-143 lazyload\" data-src=\"http:\/\/tingamy.com\/wp-content\/uploads\/2023\/11\/\u633a\u7f8e1-\u8be6\u60c5\u9875_19.jpg\" alt=\"\" width=\"750\" height=\"488\" title=\"\" data-srcset=\"https:\/\/tmay.com\/wp-content\/uploads\/2023\/11\/\u633a\u7f8e1-\u8be6\u60c5\u9875_19.jpg 750w, https:\/\/tmay.com\/wp-content\/uploads\/2023\/11\/\u633a\u7f8e1-\u8be6\u60c5\u9875_19-300x195.jpg 300w, https:\/\/tmay.com\/wp-content\/uploads\/2023\/11\/\u633a\u7f8e1-\u8be6\u60c5\u9875_19-600x390.jpg 600w\" data-sizes=\"(max-width: 750px) 100vw, 750px\" src=\"data:image\/svg+xml;base64,PHN2ZyB3aWR0aD0iMSIgaGVpZ2h0PSIxIiB4bWxucz0iaHR0cDovL3d3dy53My5vcmcvMjAwMC9zdmciPjwvc3ZnPg==\" style=\"--smush-placeholder-width: 750px; --smush-placeholder-aspect-ratio: 750\/488;\" \/><img decoding=\"async\" class=\"aligncenter size-full wp-image-144 lazyload\" data-src=\"http:\/\/tingamy.com\/wp-content\/uploads\/2023\/11\/\u633a\u7f8e1-\u8be6\u60c5\u9875_20.jpg\" alt=\"\" width=\"750\" height=\"540\" title=\"\" data-srcset=\"https:\/\/tmay.com\/wp-content\/uploads\/2023\/11\/\u633a\u7f8e1-\u8be6\u60c5\u9875_20.jpg 750w, https:\/\/tmay.com\/wp-content\/uploads\/2023\/11\/\u633a\u7f8e1-\u8be6\u60c5\u9875_20-300x216.jpg 300w, https:\/\/tmay.com\/wp-content\/uploads\/2023\/11\/\u633a\u7f8e1-\u8be6\u60c5\u9875_20-600x432.jpg 600w\" data-sizes=\"(max-width: 750px) 100vw, 750px\" src=\"data:image\/svg+xml;base64,PHN2ZyB3aWR0aD0iMSIgaGVpZ2h0PSIxIiB4bWxucz0iaHR0cDovL3d3dy53My5vcmcvMjAwMC9zdmciPjwvc3ZnPg==\" style=\"--smush-placeholder-width: 750px; --smush-placeholder-aspect-ratio: 750\/540;\" \/><\/p>\n<p>&nbsp;<\/p>","protected":false},"excerpt":{"rendered":"<div class=\"module_title\">\n<div class=\"product-title-container\" data-aplus-ae=\"x1_121da332\" data-spm-anchor-id=\"a2700.wholesale.0.i0.47697038sew0ov\" data-aplus-clk=\"x24_409b6ddc\">\n<ul>\n<li><strong>Efficient 6-Handle Design<\/strong>: Our TM-928D features six handles for efficient and simultaneous fat freezing, providing a comprehensive solution for weight loss and body sculpting.<\/li>\n<li><strong>Factory Price Advantage<\/strong>: Enjoy the benefits of factory pricing, making the TM-928D a cost-effective choice for beauty clinics and professionals seeking advanced cryolipolysis technology.<\/li>\n<li><strong>Cryotherapy for Effective Weight Loss<\/strong>: Experience the power of cryotherapy, as the vacuum machine targets and freezes stubborn fat cells, promoting effective weight loss and body contouring.<\/li>\n<li><strong>Une performance de niveau professionnel<\/strong>: Designed for professional use, the TM-928D ensures professional-grade performance, making it suitable for beauty clinics and professionals looking for a reliable and efficient cryotherapy machine.<\/li>\n<li><strong>Versatile Applications<\/strong>: With six handles, this machine offers versatile applications, allowing targeted fat reduction across multiple body areas for a tailored and effective slimming experience.<\/li>\n<\/ul>\n<\/div>\n<\/div>","protected":false},"featured_media":454,"comment_status":"open","ping_status":"closed","template":"","meta":{"site-sidebar-layout":"default","site-content-layout":"","ast-site-content-layout":"default","site-content-style":"default","site-sidebar-style":"default","ast-global-header-display":"","ast-banner-title-visibility":"","ast-main-header-display":"","ast-hfb-above-header-display":"","ast-hfb-below-header-display":"","ast-hfb-mobile-header-display":"","site-post-title":"","ast-breadcrumbs-content":"","ast-featured-img":"","footer-sml-layout":"","ast-disable-related-posts":"","theme-transparent-header-meta":"default","adv-header-id-meta":"","stick-header-meta":"","header-above-stick-meta":"","header-main-stick-meta":"","header-below-stick-meta":"","astra-migrate-meta-layouts":"set","ast-page-background-enabled":"default","ast-page-background-meta":{"desktop":{"background-color":"var(--ast-global-color-4)","background-image":"","background-repeat":"repeat","background-position":"center center","background-size":"auto","background-attachment":"scroll","background-type":"","background-media":"","overlay-type":"","overlay-color":"","overlay-opacity":"","overlay-gradient":""},"tablet":{"background-color":"","background-image":"","background-repeat":"repeat","background-position":"center center","background-size":"auto","background-attachment":"scroll","background-type":"","background-media":"","overlay-type":"","overlay-color":"","overlay-opacity":"","overlay-gradient":""},"mobile":{"background-color":"","background-image":"","background-repeat":"repeat","background-position":"center center","background-size":"auto","background-attachment":"scroll","background-type":"","background-media":"","overlay-type":"","overlay-color":"","overlay-opacity":"","overlay-gradient":""}},"ast-content-background-meta":{"desktop":{"background-color":"var(--ast-global-color-5)","background-image":"","background-repeat":"repeat","background-position":"center center","background-size":"auto","background-attachment":"scroll","background-type":"","background-media":"","overlay-type":"","overlay-color":"","overlay-opacity":"","overlay-gradient":""},"tablet":{"background-color":"var(--ast-global-color-5)","background-image":"","background-repeat":"repeat","background-position":"center center","background-size":"auto","background-attachment":"scroll","background-type":"","background-media":"","overlay-type":"","overlay-color":"","overlay-opacity":"","overlay-gradient":""},"mobile":{"background-color":"var(--ast-global-color-5)","background-image":"","background-repeat":"repeat","background-position":"center center","background-size":"auto","background-attachment":"scroll","background-type":"","background-media":"","overlay-type":"","overlay-color":"","overlay-opacity":"","overlay-gradient":""}}},"product_brand":[],"product_cat":[23],"product_tag":[24],"class_list":{"0":"post-443","1":"product","2":"type-product","3":"status-publish","4":"has-post-thumbnail","6":"product_cat-cryolipolysis-fat-freezing","7":"product_tag-cryolipolysis-fat-freezing","8":"desktop-align-left","9":"tablet-align-left","10":"mobile-align-left","12":"first","13":"instock","14":"shipping-taxable","15":"product-type-simple"},"_links":{"self":[{"href":"https:\/\/tmay.com\/fr\/wp-json\/wp\/v2\/product\/443","targetHints":{"allow":["GET"]}}],"collection":[{"href":"https:\/\/tmay.com\/fr\/wp-json\/wp\/v2\/product"}],"about":[{"href":"https:\/\/tmay.com\/fr\/wp-json\/wp\/v2\/types\/product"}],"replies":[{"embeddable":true,"href":"https:\/\/tmay.com\/fr\/wp-json\/wp\/v2\/comments?post=443"}],"version-history":[{"count":1,"href":"https:\/\/tmay.com\/fr\/wp-json\/wp\/v2\/product\/443\/revisions"}],"predecessor-version":[{"id":2506,"href":"https:\/\/tmay.com\/fr\/wp-json\/wp\/v2\/product\/443\/revisions\/2506"}],"wp:featuredmedia":[{"embeddable":true,"href":"https:\/\/tmay.com\/fr\/wp-json\/wp\/v2\/media\/454"}],"wp:attachment":[{"href":"https:\/\/tmay.com\/fr\/wp-json\/wp\/v2\/media?parent=443"}],"wp:term":[{"taxonomy":"product_brand","embeddable":true,"href":"https:\/\/tmay.com\/fr\/wp-json\/wp\/v2\/product_brand?post=443"},{"taxonomy":"product_cat","embeddable":true,"href":"https:\/\/tmay.com\/fr\/wp-json\/wp\/v2\/product_cat?post=443"},{"taxonomy":"product_tag","embeddable":true,"href":"https:\/\/tmay.com\/fr\/wp-json\/wp\/v2\/product_tag?post=443"}],"curies":[{"name":"wp","href":"https:\/\/api.w.org\/{rel}","templated":true}]}}